{"id":68593,"date":"2022-08-25T15:02:45","date_gmt":"2022-08-25T13:02:45","guid":{"rendered":"https:\/\/murena.com\/shop\/non%20class\u00e9\/68593\/"},"modified":"2026-03-19T10:32:00","modified_gmt":"2026-03-19T09:32:00","slug":"batterie-fairphone-4","status":"publish","type":"product","link":"https:\/\/murena.com\/fr\/boutique\/pieces-detachees\/batterie-fairphone-4\/","title":{"rendered":"Batterie du Fairphone 4"},"content":{"rendered":"","protected":false},"excerpt":{"rendered":"<p>Votre Murena Fairphone 4 a besoin d&rsquo;une nouvelle batterie ?<br \/>\nRemplacez-la par la batterie originale Fairphone 4, qui peut vous offrir toute la puissance de charge rapide dont vous avez besoin.<br \/>\nFabriqu\u00e9e avec du cobalt \u00e9quitable et du lithium responsable, cette batterie a une capacit\u00e9 de 3905mAh.<\/p>\n<p>Compatible avec le Murena Fairphone 4. <strong>Incompatible<\/strong> avec Murena Fairphone 3+, Murena Fairphone 3 et Murena Teracube.<\/p>\n","protected":false},"featured_media":68585,"comment_status":"open","ping_status":"closed","template":"","meta":{"_seopress_robots_primary_cat":"none","_seopress_titles_title":"","_seopress_titles_desc":"","_seopress_robots_index":""},"product_brand":[],"product_cat":[940],"product_tag":[],"class_list":{"0":"post-68593","1":"product","2":"type-product","3":"status-publish","4":"has-post-thumbnail","6":"product_cat-pieces-detachees","7":"wpbf-post","10":"instock","11":"taxable","12":"shipping-taxable","13":"purchasable","14":"product-type-simple"},"bundled_by":[],"bundle_stock_status":"instock","bundle_stock_quantity":26,"bundle_virtual":false,"bundle_layout":"","bundle_add_to_cart_form_location":"","bundle_editable_in_cart":false,"bundle_sold_individually_context":"","bundle_item_grouping":"","bundle_min_size":"","bundle_max_size":"","bundle_price":[],"bundled_items":[],"bundle_sell_ids":[],"supplier_id":28948,"supplier_sku":"F4BATT-1ZW-WW1","barcode":null,"atum_controlled":true,"out_stock_date":null,"out_stock_threshold":null,"inheritable":false,"inbound_stock":15,"stock_on_hold":0,"sold_today":0,"sales_last_days":0,"reserved_stock":54,"customer_returns":0,"warehouse_damage":0,"lost_in_post":0,"other_logs":10,"out_stock_days":0,"lost_sales":0,"has_location":false,"update_date":"2026-04-21T12:16:18","atum_locations":[],"atum_stock_status":"instock","restock_status":false,"low_stock_amount":"","sales_update_date":"2026-04-21T12:16:18","calc_backorders":null,"linked_bom":[],"sync_purchase_price":false,"bom_sellable":null,"minimum_threshold":null,"available_to_purchase":null,"selling_priority":null,"calculated_stock":null,"is_bom":false,"mi_inventories":[],"multi_inventory":"global","inventory_sorting_mode":"global","inventory_iteration":"global","expirable_inventories":"global","price_per_inventory":"global","show_write_off_inventories":"global","selectable_inventories":"global","selectable_inventories_mode":"global","_links":{"self":[{"href":"https:\/\/murena.com\/fr\/wp-json\/wp\/v2\/product\/68593","targetHints":{"allow":["GET"]}}],"collection":[{"href":"https:\/\/murena.com\/fr\/wp-json\/wp\/v2\/product"}],"about":[{"href":"https:\/\/murena.com\/fr\/wp-json\/wp\/v2\/types\/product"}],"replies":[{"embeddable":true,"href":"https:\/\/murena.com\/fr\/wp-json\/wp\/v2\/comments?post=68593"}],"wp:featuredmedia":[{"embeddable":true,"href":"https:\/\/murena.com\/fr\/wp-json\/wp\/v2\/media\/68585"}],"wp:attachment":[{"href":"https:\/\/murena.com\/fr\/wp-json\/wp\/v2\/media?parent=68593"}],"wp:term":[{"taxonomy":"product_brand","embeddable":true,"href":"https:\/\/murena.com\/fr\/wp-json\/wp\/v2\/product_brand?post=68593"},{"taxonomy":"product_cat","embeddable":true,"href":"https:\/\/murena.com\/fr\/wp-json\/wp\/v2\/product_cat?post=68593"},{"taxonomy":"product_tag","embeddable":true,"href":"https:\/\/murena.com\/fr\/wp-json\/wp\/v2\/product_tag?post=68593"}],"curies":[{"name":"wp","href":"https:\/\/api.w.org\/{rel}","templated":true}]}}