{"id":68146,"date":"2022-08-23T16:27:00","date_gmt":"2022-08-23T14:27:00","guid":{"rendered":"https:\/\/murena.com\/shop\/non%20class\u00e9\/murena-one-case\/"},"modified":"2026-01-15T13:12:08","modified_gmt":"2026-01-15T12:12:08","slug":"murena-one-case","status":"publish","type":"product","link":"https:\/\/murena.com\/fr\/boutique\/accessoires\/murena-one-case\/","title":{"rendered":"Murena One Case"},"content":{"rendered":"","protected":false},"excerpt":{"rendered":"<div class=\"woocommerce-product-details__short-description\">\n<p>L&rsquo;\u00e9tui protecteur Murena One offre une protection suppl\u00e9mentaire, avec une esth\u00e9tique \u00e9l\u00e9gante et lisse. Il est fabriqu\u00e9 en TPU et pr\u00e9sente une texture subtile semblable \u00e0 celle du cuir. Il est fin, l\u00e9ger et doux, mais suffisamment robuste pour r\u00e9sister aux chocs et aux chutes inattendues.  <\/p>\n<div class=\"page\" title=\"Page 2\">\n<div class=\"section\">\n<div class=\"layoutArea\">\n<div class=\"column\">\n<p>Cet \u00e9tui est con\u00e7u pour aider votre Murena One \u00e0 durer le plus longtemps possible.<\/p>\n<\/div>\n<\/div>\n<\/div>\n<\/div>\n<p>Compatible uniquement avec Murena One. <strong>Incompatible<\/strong> avec Murena Fairphone 4, Murena Fairphone 3+ ou Murena Teracube 2e.<\/p>\n<\/div>\n","protected":false},"featured_media":68180,"comment_status":"open","ping_status":"closed","template":"","meta":{"_seopress_robots_primary_cat":"none","_seopress_titles_title":"Murena One Case","_seopress_titles_desc":"L'\u00e9tui protecteur Murena One offre une protection suppl\u00e9mentaire, avec une esth\u00e9tique \u00e9l\u00e9gante et lisse. Il est fabriqu\u00e9 en TPU et pr\u00e9sente une texture subtile semblable \u00e0 celle du cuir. Il est fin, l\u00e9ger et doux, mais suffisamment robuste pour r\u00e9sister aux chocs et aux chutes inattendues.  ","_seopress_robots_index":""},"product_brand":[],"product_cat":[492],"product_tag":[],"class_list":{"0":"post-68146","1":"product","2":"type-product","3":"status-publish","4":"has-post-thumbnail","6":"product_cat-accessoires","7":"wpbf-post","10":"instock","11":"taxable","12":"shipping-taxable","13":"purchasable","14":"product-type-simple"},"bundled_by":[],"bundle_stock_status":"instock","bundle_stock_quantity":4,"bundle_virtual":false,"bundle_layout":"","bundle_add_to_cart_form_location":"","bundle_editable_in_cart":false,"bundle_sold_individually_context":"","bundle_item_grouping":"","bundle_min_size":"","bundle_max_size":"","bundle_price":[],"bundled_items":[],"bundle_sell_ids":[],"supplier_id":68079,"supplier_sku":"X2 case","barcode":null,"atum_controlled":true,"out_stock_date":null,"out_stock_threshold":null,"inheritable":false,"inbound_stock":0,"stock_on_hold":0,"sold_today":0,"sales_last_days":0,"reserved_stock":0,"customer_returns":0,"warehouse_damage":0,"lost_in_post":0,"other_logs":0,"out_stock_days":0,"lost_sales":0,"has_location":false,"update_date":"2026-04-03T12:15:33","atum_locations":[],"atum_stock_status":"instock","restock_status":false,"low_stock_amount":"","sales_update_date":"2026-04-03T12:15:33","calc_backorders":null,"linked_bom":[],"sync_purchase_price":false,"bom_sellable":null,"minimum_threshold":null,"available_to_purchase":null,"selling_priority":null,"calculated_stock":null,"is_bom":false,"mi_inventories":[],"multi_inventory":"global","inventory_sorting_mode":"global","inventory_iteration":"global","expirable_inventories":"global","price_per_inventory":"global","show_write_off_inventories":"global","selectable_inventories":"global","selectable_inventories_mode":"global","_links":{"self":[{"href":"https:\/\/murena.com\/fr\/wp-json\/wp\/v2\/product\/68146","targetHints":{"allow":["GET"]}}],"collection":[{"href":"https:\/\/murena.com\/fr\/wp-json\/wp\/v2\/product"}],"about":[{"href":"https:\/\/murena.com\/fr\/wp-json\/wp\/v2\/types\/product"}],"replies":[{"embeddable":true,"href":"https:\/\/murena.com\/fr\/wp-json\/wp\/v2\/comments?post=68146"}],"wp:featuredmedia":[{"embeddable":true,"href":"https:\/\/murena.com\/fr\/wp-json\/wp\/v2\/media\/68180"}],"wp:attachment":[{"href":"https:\/\/murena.com\/fr\/wp-json\/wp\/v2\/media?parent=68146"}],"wp:term":[{"taxonomy":"product_brand","embeddable":true,"href":"https:\/\/murena.com\/fr\/wp-json\/wp\/v2\/product_brand?post=68146"},{"taxonomy":"product_cat","embeddable":true,"href":"https:\/\/murena.com\/fr\/wp-json\/wp\/v2\/product_cat?post=68146"},{"taxonomy":"product_tag","embeddable":true,"href":"https:\/\/murena.com\/fr\/wp-json\/wp\/v2\/product_tag?post=68146"}],"curies":[{"name":"wp","href":"https:\/\/api.w.org\/{rel}","templated":true}]}}