{"id":56540,"date":"2021-12-13T18:37:21","date_gmt":"2021-12-13T17:37:21","guid":{"rendered":"https:\/\/murena.com\/shop\/murena-fairphone-4-protection-decran-avec-filtre-lumiere-bleue\/"},"modified":"2026-03-19T10:32:00","modified_gmt":"2026-03-19T09:32:00","slug":"fairphone-4-protection-decran-avec-filtre-lumiere-bleue","status":"publish","type":"product","link":"https:\/\/murena.com\/fr\/boutique\/accessoires\/fairphone-4-protection-decran-avec-filtre-lumiere-bleue\/","title":{"rendered":"Protection d&rsquo;\u00e9cran Fairphone 4 avec filtre anti-lumi\u00e8re bleue"},"content":{"rendered":"<p>Cette protection d&rsquo;\u00e9cran est con\u00e7ue pour aider votre Murena Fairphone 4 \u00e0 durer le plus longtemps possible. Le verre tremp\u00e9 9H est tr\u00e8s durable, offrant une excellente r\u00e9sistance aux rayures et prot\u00e9geant m\u00eame contre les chutes de faible niveau. Un rev\u00eatement de surface sp\u00e9cial r\u00e9duit les traces de doigts, et les bords incurv\u00e9s compl\u00e8tent le design discret.<\/p>\n<p>Cette protection d&rsquo;\u00e9cran filtre la lumi\u00e8re bleue pour offrir une triple protection : Il prot\u00e8ge votre \u00e9cran des rayures, prot\u00e8ge vos yeux de la fatigue et prot\u00e8ge votre sommeil tout en pr\u00e9servant les couleurs de votre \u00e9cran.<\/p>\n<p>Fabriqu\u00e9 \u00e0 partir du mat\u00e9riau Accessory Glass by Corning\u00ae.<\/p>\n<p>Compatible avec le Murena Fairphone 4 | <strong>Incompatible<\/strong> avec le Murena Fairphone 3+, Fairphone 3.<\/p>\n","protected":false},"excerpt":{"rendered":"<p>Cette protection d&rsquo;\u00e9cran est con\u00e7ue pour aider votre Murena Fairphone 4 \u00e0 durer le plus longtemps possible. Le verre tremp\u00e9 9H est tr\u00e8s durable, offrant une excellente r\u00e9sistance aux rayures et prot\u00e9geant m\u00eame contre les chutes de faible hauteur. Un rev\u00eatement de surface sp\u00e9cial r\u00e9duit les traces de doigts, et les bords incurv\u00e9s compl\u00e8tent le design discret.  <\/p>\n<p>Ce protecteur d&rsquo;\u00e9cran filtre la lumi\u00e8re bleue pour offrir une protection triple : Il prot\u00e8ge votre \u00e9cran des rayures, vos yeux de la fatigue et votre sommeil tout en pr\u00e9servant les couleurs de votre \u00e9cran.<\/p>\n<p>Fabriqu\u00e9 \u00e0 partir du mat\u00e9riau Accessory Glass by Corning\u00ae.<\/p>\n<p>Compatible avec Murena Fairphone 4 | <strong>Incompatible<\/strong> avec Murena Fairphone 5, Fairphone 3+ et Fairphone 3.<\/p>\n","protected":false},"featured_media":56345,"comment_status":"open","ping_status":"closed","template":"","meta":{"_seopress_robots_primary_cat":"none","_seopress_titles_title":"Protection d'\u00e9cran Fairphone 4 avec filtre anti-lumi\u00e8re bleue","_seopress_titles_desc":"Cette protection d'\u00e9cran est con\u00e7ue pour aider votre Murena Fairphone 4 \u00e0 durer le plus longtemps possible. Le verre tremp\u00e9 9H est tr\u00e8s durable, offrant une excellente r\u00e9sistance aux rayures et prot\u00e9geant m\u00eame contre les chutes de faible hauteur. Un rev\u00eatement de surface sp\u00e9cial r\u00e9duit les traces de doigts, et les bords incurv\u00e9s compl\u00e8tent le design discret.  ","_seopress_robots_index":""},"product_brand":[],"product_cat":[492],"product_tag":[800],"class_list":{"0":"post-56540","1":"product","2":"type-product","3":"status-publish","4":"has-post-thumbnail","6":"product_cat-accessoires","7":"product_tag-accessoires","8":"wpbf-post","11":"instock","12":"taxable","13":"shipping-taxable","14":"purchasable","15":"product-type-simple"},"bundled_by":[],"bundle_stock_status":"instock","bundle_stock_quantity":3,"bundle_virtual":false,"bundle_layout":"","bundle_add_to_cart_form_location":"","bundle_editable_in_cart":false,"bundle_sold_individually_context":"","bundle_item_grouping":"","bundle_min_size":"","bundle_max_size":"","bundle_price":[],"bundled_items":[],"bundle_sell_ids":[],"supplier_id":28948,"supplier_sku":"F4PRTC-1BL-WW1","barcode":null,"atum_controlled":true,"out_stock_date":null,"out_stock_threshold":null,"inheritable":false,"inbound_stock":0,"stock_on_hold":0,"sold_today":0,"sales_last_days":0,"reserved_stock":180,"customer_returns":0,"warehouse_damage":0,"lost_in_post":0,"other_logs":20,"out_stock_days":0,"lost_sales":0,"has_location":false,"update_date":"2026-04-06T12:09:41","atum_locations":[],"atum_stock_status":"instock","restock_status":false,"low_stock_amount":0,"sales_update_date":"2026-04-06T12:09:41","calc_backorders":null,"linked_bom":[],"sync_purchase_price":false,"bom_sellable":null,"minimum_threshold":null,"available_to_purchase":null,"selling_priority":null,"calculated_stock":null,"is_bom":false,"mi_inventories":[],"multi_inventory":"no","inventory_sorting_mode":"global","inventory_iteration":"global","expirable_inventories":"global","price_per_inventory":"global","show_write_off_inventories":"global","selectable_inventories":"global","selectable_inventories_mode":"global","_links":{"self":[{"href":"https:\/\/murena.com\/fr\/wp-json\/wp\/v2\/product\/56540","targetHints":{"allow":["GET"]}}],"collection":[{"href":"https:\/\/murena.com\/fr\/wp-json\/wp\/v2\/product"}],"about":[{"href":"https:\/\/murena.com\/fr\/wp-json\/wp\/v2\/types\/product"}],"replies":[{"embeddable":true,"href":"https:\/\/murena.com\/fr\/wp-json\/wp\/v2\/comments?post=56540"}],"wp:featuredmedia":[{"embeddable":true,"href":"https:\/\/murena.com\/fr\/wp-json\/wp\/v2\/media\/56345"}],"wp:attachment":[{"href":"https:\/\/murena.com\/fr\/wp-json\/wp\/v2\/media?parent=56540"}],"wp:term":[{"taxonomy":"product_brand","embeddable":true,"href":"https:\/\/murena.com\/fr\/wp-json\/wp\/v2\/product_brand?post=56540"},{"taxonomy":"product_cat","embeddable":true,"href":"https:\/\/murena.com\/fr\/wp-json\/wp\/v2\/product_cat?post=56540"},{"taxonomy":"product_tag","embeddable":true,"href":"https:\/\/murena.com\/fr\/wp-json\/wp\/v2\/product_tag?post=56540"}],"curies":[{"name":"wp","href":"https:\/\/api.w.org\/{rel}","templated":true}]}}