{"id":56511,"date":"2021-12-14T16:12:43","date_gmt":"2021-12-14T15:12:43","guid":{"rendered":"https:\/\/murena.com\/shop\/murena-fairphone-4-coque-de-protection-souple-rouge\/"},"modified":"2026-03-26T11:36:09","modified_gmt":"2026-03-26T10:36:09","slug":"fairphone-4-coque-de-protection-souple","status":"publish","type":"product","link":"https:\/\/murena.com\/fr\/boutique\/accessoires\/fairphone-4-coque-de-protection-souple\/","title":{"rendered":"Etui souple de protection pour Fairphone 4"},"content":{"rendered":"<p>Cette coque de protection bien ajust\u00e9e est fabriqu\u00e9 \u00e0 partir de mat\u00e9riaux 100 % recycl\u00e9s et offre un confort, une durabilit\u00e9 et un style suppl\u00e9mentaires \u00e0 votre Murena Fairphone 4.<\/p>\n<p>Elle est fine, l\u00e9g\u00e8re et douce, mais suffisamment solide pour r\u00e9sister aux chutes inattendues. Fabriqu\u00e9e \u00e0 partir d&rsquo;un mat\u00e9riau recycl\u00e9 non toxique 100 % pr\u00e9-consommation, elle enveloppe soigneusement les bords de votre \u00e9cran, absorbant les chocs pour une protection maximale.<\/p>\n<p>Avec des d\u00e9coupes pr\u00e9cises et des couvertures de boutons r\u00e9actives, cette coque au design subtil est con\u00e7ue pour aider votre Murena Fairphone 4 \u00e0 durer encore plus longtemps.<\/p>\n<p>Compatible avec le Murena Fairphone 4 | <strong>Incompatible<\/strong> avec le Murena Fairphone 3+, Murena Fairphone 3<\/p>\n","protected":false},"excerpt":{"rendered":"<p>Cette coque de protection ajust\u00e9e est fabriqu\u00e9e \u00e0 partir de mat\u00e9riaux 100% recycl\u00e9s et conf\u00e8re un confort, une durabilit\u00e9 et un style suppl\u00e9mentaires \u00e0 votre Murena Fairphone 4.<\/p>\n<p>Il est mince, l\u00e9ger et souple, tout en \u00e9tant suffisamment robuste pour r\u00e9sister \u00e0 des chutes inopin\u00e9es. Fabriqu\u00e9 \u00e0 partir de mat\u00e9riaux 100% recycl\u00e9s pr\u00e9-consommation non toxiques, il enveloppe soigneusement les bords de votre \u00e9cran, absorbant les chocs pour une protection maximale. <\/p>\n<p>Avec des d\u00e9coupes pr\u00e9cises et des protections de boutons r\u00e9actives, cet \u00e9tui au design subtil est sp\u00e9cialement con\u00e7u pour prolonger la dur\u00e9e de vie de votre Murena Fairphone 4.<\/p>\n<p>Compatible avec Murena Fairphone 4 | <strong>Incompatible<\/strong> avec Murena Fairphone 3+, Murena Fairphone 3<\/p>\n","protected":false},"featured_media":56590,"comment_status":"open","ping_status":"closed","template":"","meta":{"_seopress_robots_primary_cat":"none","_seopress_titles_title":"Etui souple de protection pour Fairphone 4","_seopress_titles_desc":"Cet \u00e9tui de protection bien ajust\u00e9 est fabriqu\u00e9 \u00e0 partir de mat\u00e9riaux 100 % recycl\u00e9s et offre un confort, une durabilit\u00e9 et un style suppl\u00e9mentaires \u00e0 votre Murena Fairphone 4.","_seopress_robots_index":""},"product_brand":[],"product_cat":[492],"product_tag":[800],"class_list":{"0":"post-56511","1":"product","2":"type-product","3":"status-publish","4":"has-post-thumbnail","6":"product_cat-accessoires","7":"product_tag-accessoires","8":"wpbf-post","11":"instock","12":"taxable","13":"shipping-taxable","14":"purchasable","15":"product-type-variable"},"bundled_by":[],"bundle_stock_status":"instock","bundle_stock_quantity":null,"bundle_virtual":false,"bundle_layout":"","bundle_add_to_cart_form_location":"","bundle_editable_in_cart":false,"bundle_sold_individually_context":"","bundle_item_grouping":"","bundle_min_size":"","bundle_max_size":"","bundle_price":[],"bundled_items":[],"bundle_sell_ids":[],"supplier_id":28948,"supplier_sku":"F4CASE-1RD-WW1","barcode":null,"atum_controlled":true,"out_stock_date":null,"out_stock_threshold":null,"inheritable":true,"inbound_stock":0,"stock_on_hold":0,"sold_today":0,"sales_last_days":0,"reserved_stock":300,"customer_returns":0,"warehouse_damage":0,"lost_in_post":0,"other_logs":40,"out_stock_days":0,"lost_sales":0,"has_location":false,"update_date":"2026-04-06T12:15:53","atum_locations":[],"atum_stock_status":"instock","restock_status":false,"low_stock_amount":"","sales_update_date":"2026-04-06T12:15:51","calc_backorders":null,"linked_bom":[],"sync_purchase_price":false,"bom_sellable":null,"minimum_threshold":null,"available_to_purchase":null,"selling_priority":null,"calculated_stock":null,"is_bom":false,"mi_inventories":[],"multi_inventory":"no","inventory_sorting_mode":"global","inventory_iteration":"global","expirable_inventories":"global","price_per_inventory":"global","show_write_off_inventories":"global","selectable_inventories":"global","selectable_inventories_mode":"global","_links":{"self":[{"href":"https:\/\/murena.com\/fr\/wp-json\/wp\/v2\/product\/56511","targetHints":{"allow":["GET"]}}],"collection":[{"href":"https:\/\/murena.com\/fr\/wp-json\/wp\/v2\/product"}],"about":[{"href":"https:\/\/murena.com\/fr\/wp-json\/wp\/v2\/types\/product"}],"replies":[{"embeddable":true,"href":"https:\/\/murena.com\/fr\/wp-json\/wp\/v2\/comments?post=56511"}],"wp:featuredmedia":[{"embeddable":true,"href":"https:\/\/murena.com\/fr\/wp-json\/wp\/v2\/media\/56590"}],"wp:attachment":[{"href":"https:\/\/murena.com\/fr\/wp-json\/wp\/v2\/media?parent=56511"}],"wp:term":[{"taxonomy":"product_brand","embeddable":true,"href":"https:\/\/murena.com\/fr\/wp-json\/wp\/v2\/product_brand?post=56511"},{"taxonomy":"product_cat","embeddable":true,"href":"https:\/\/murena.com\/fr\/wp-json\/wp\/v2\/product_cat?post=56511"},{"taxonomy":"product_tag","embeddable":true,"href":"https:\/\/murena.com\/fr\/wp-json\/wp\/v2\/product_tag?post=56511"}],"curies":[{"name":"wp","href":"https:\/\/api.w.org\/{rel}","templated":true}]}}