{"id":53056,"date":"2020-12-15T21:41:42","date_gmt":"2020-12-15T20:41:42","guid":{"rendered":"https:\/\/murena.com\/shop\/charger-12w-usb-milano\/"},"modified":"2025-10-12T23:35:46","modified_gmt":"2025-10-12T21:35:46","slug":"charger-12w-usb-milano","status":"publish","type":"product","link":"https:\/\/murena.com\/fr\/boutique\/accessoires\/charger-12w-usb-milano\/","title":{"rendered":"Chargeur USB UE 12W Milano"},"content":{"rendered":"<p>Ce chargeur mural USB fonctionne avec la plupart des t\u00e9l\u00e9phones r\u00e9cents et offre une puissance de 2,5 A et 12 W. Il est livr\u00e9 avec un connecteur USB-A.<\/p>\n","protected":false},"excerpt":{"rendered":"<p>Ce chargeur mural USB fonctionne avec la plupart des t\u00e9l\u00e9phones r\u00e9cents et d\u00e9livre une puissance de 2 A et 12 W. Il est livr\u00e9 avec un connecteur USB-A. <\/p>\n<p>Le c\u00e2ble de chargement <strong>n&rsquo;est pas<\/strong> inclus.<\/p>\n","protected":false},"featured_media":53057,"comment_status":"open","ping_status":"closed","template":"","meta":{"_seopress_robots_primary_cat":"none","_seopress_titles_title":"","_seopress_titles_desc":"","_seopress_robots_index":""},"product_brand":[],"product_cat":[492],"product_tag":[800],"class_list":{"0":"post-53056","1":"product","2":"type-product","3":"status-publish","4":"has-post-thumbnail","6":"product_cat-accessoires","7":"product_tag-accessoires","8":"wpbf-post","11":"outofstock","12":"taxable","13":"shipping-taxable","14":"purchasable","15":"product-type-simple"},"bundled_by":[],"bundle_stock_status":"outofstock","bundle_stock_quantity":0,"bundle_virtual":false,"bundle_layout":"","bundle_add_to_cart_form_location":"","bundle_editable_in_cart":false,"bundle_sold_individually_context":"","bundle_item_grouping":"","bundle_min_size":"","bundle_max_size":"","bundle_price":[],"bundled_items":[],"bundle_sell_ids":[],"supplier_id":43974,"supplier_sku":"FP-H02W","barcode":null,"atum_controlled":true,"out_stock_date":"2025-10-12 23:35:46","out_stock_threshold":null,"inheritable":false,"inbound_stock":0,"stock_on_hold":0,"sold_today":0,"sales_last_days":0,"reserved_stock":0,"customer_returns":0,"warehouse_damage":0,"lost_in_post":0,"other_logs":0,"out_stock_days":175,"lost_sales":0,"has_location":false,"update_date":"2026-04-06T12:12:12","atum_locations":[],"atum_stock_status":"outofstock","restock_status":false,"low_stock_amount":"","sales_update_date":"2026-04-06T12:12:11","calc_backorders":null,"linked_bom":[],"sync_purchase_price":false,"bom_sellable":null,"minimum_threshold":null,"available_to_purchase":null,"selling_priority":null,"calculated_stock":null,"is_bom":false,"mi_inventories":[],"multi_inventory":"global","inventory_sorting_mode":"global","inventory_iteration":"global","expirable_inventories":"global","price_per_inventory":"global","show_write_off_inventories":"global","selectable_inventories":"global","selectable_inventories_mode":"global","_links":{"self":[{"href":"https:\/\/murena.com\/fr\/wp-json\/wp\/v2\/product\/53056","targetHints":{"allow":["GET"]}}],"collection":[{"href":"https:\/\/murena.com\/fr\/wp-json\/wp\/v2\/product"}],"about":[{"href":"https:\/\/murena.com\/fr\/wp-json\/wp\/v2\/types\/product"}],"replies":[{"embeddable":true,"href":"https:\/\/murena.com\/fr\/wp-json\/wp\/v2\/comments?post=53056"}],"wp:featuredmedia":[{"embeddable":true,"href":"https:\/\/murena.com\/fr\/wp-json\/wp\/v2\/media\/53057"}],"wp:attachment":[{"href":"https:\/\/murena.com\/fr\/wp-json\/wp\/v2\/media?parent=53056"}],"wp:term":[{"taxonomy":"product_brand","embeddable":true,"href":"https:\/\/murena.com\/fr\/wp-json\/wp\/v2\/product_brand?post=53056"},{"taxonomy":"product_cat","embeddable":true,"href":"https:\/\/murena.com\/fr\/wp-json\/wp\/v2\/product_cat?post=53056"},{"taxonomy":"product_tag","embeddable":true,"href":"https:\/\/murena.com\/fr\/wp-json\/wp\/v2\/product_tag?post=53056"}],"curies":[{"name":"wp","href":"https:\/\/api.w.org\/{rel}","templated":true}]}}