{"id":53020,"date":"2020-12-09T14:34:40","date_gmt":"2020-12-09T13:34:40","guid":{"rendered":"https:\/\/murena.com\/shop\/coque-de-protection-fairphone-3-verte\/"},"modified":"2025-11-28T10:20:14","modified_gmt":"2025-11-28T09:20:14","slug":"fairphone-3-protective-case-green","status":"publish","type":"product","link":"https:\/\/murena.com\/fr\/boutique\/accessoires\/fairphone-3-protective-case-green\/","title":{"rendered":"Etui de protection pour Fairphone 3 Vert"},"content":{"rendered":"<p>La coque de protection du Fairphone 3 est fine, l\u00e9g\u00e8re et souple, mais suffisamment solide pour r\u00e9sister aux chocs et aux chutes inattendus. Fabriqu\u00e9e avec 37 % de biomat\u00e9riaux et de plastique non toxique, elle enveloppe soigneusement les bords de votre \u00e9cran, cr\u00e9ant un effet airbag pour une protection maximale. Avec des d\u00e9coupes pr\u00e9cises et des couvertures de boutons r\u00e9actives, cet \u00e9tui au design subtil est con\u00e7u pour aider votre Fairphone 3 \u00e0 durer aussi longtemps que possible.<\/p>\n<p>Compatible avec le Fairphone 3 et le Fairphone 3+.<\/p>\n","protected":false},"excerpt":{"rendered":"<p>L&rsquo;\u00e9tui protecteur Fairphone 3 est fin, l\u00e9ger et souple, mais suffisamment robuste pour r\u00e9sister aux chocs et aux chutes inattendues. Compos\u00e9 \u00e0 37 % de biomat\u00e9riaux et de plastique non toxique, il enveloppe soigneusement les bords de votre \u00e9cran, cr\u00e9ant un effet airbag pour une protection maximale. Avec des d\u00e9coupes pr\u00e9cises et des couvercles de boutons r\u00e9actifs, cet \u00e9tui au design subtil est con\u00e7u pour aider votre Fairphone 3 \u00e0 durer le plus longtemps possible.<\/p>\n<p>Compatible avec le Fairphone 3 et le Fairphone 3+.<\/p>\n","protected":false},"featured_media":53021,"comment_status":"open","ping_status":"closed","template":"","meta":{"_seopress_robots_primary_cat":"none","_seopress_titles_title":"","_seopress_titles_desc":"","_seopress_robots_index":""},"product_brand":[],"product_cat":[492],"product_tag":[800],"class_list":{"0":"post-53020","1":"product","2":"type-product","3":"status-publish","4":"has-post-thumbnail","6":"product_cat-accessoires","7":"product_tag-accessoires","8":"wpbf-post","11":"instock","12":"taxable","13":"shipping-taxable","14":"purchasable","15":"product-type-simple"},"bundled_by":[],"bundle_stock_status":"instock","bundle_stock_quantity":17,"bundle_virtual":false,"bundle_layout":"","bundle_add_to_cart_form_location":"","bundle_editable_in_cart":false,"bundle_sold_individually_context":"","bundle_item_grouping":"","bundle_min_size":"","bundle_max_size":"","bundle_price":[],"bundled_items":[],"bundle_sell_ids":[],"supplier_id":28948,"supplier_sku":"000-0052-000000-0003","barcode":null,"atum_controlled":true,"out_stock_date":null,"out_stock_threshold":null,"inheritable":false,"inbound_stock":0,"stock_on_hold":0,"sold_today":0,"sales_last_days":0,"reserved_stock":0,"customer_returns":0,"warehouse_damage":0,"lost_in_post":0,"other_logs":0,"out_stock_days":0,"lost_sales":0,"has_location":false,"update_date":"2026-04-22T12:22:16","atum_locations":[],"atum_stock_status":"instock","restock_status":false,"low_stock_amount":"","sales_update_date":"2026-04-22T12:22:16","calc_backorders":null,"linked_bom":[],"sync_purchase_price":false,"bom_sellable":null,"minimum_threshold":null,"available_to_purchase":null,"selling_priority":null,"calculated_stock":null,"is_bom":false,"mi_inventories":[],"multi_inventory":"global","inventory_sorting_mode":"global","inventory_iteration":"global","expirable_inventories":"global","price_per_inventory":"global","show_write_off_inventories":"global","selectable_inventories":"global","selectable_inventories_mode":"global","_links":{"self":[{"href":"https:\/\/murena.com\/fr\/wp-json\/wp\/v2\/product\/53020","targetHints":{"allow":["GET"]}}],"collection":[{"href":"https:\/\/murena.com\/fr\/wp-json\/wp\/v2\/product"}],"about":[{"href":"https:\/\/murena.com\/fr\/wp-json\/wp\/v2\/types\/product"}],"replies":[{"embeddable":true,"href":"https:\/\/murena.com\/fr\/wp-json\/wp\/v2\/comments?post=53020"}],"wp:featuredmedia":[{"embeddable":true,"href":"https:\/\/murena.com\/fr\/wp-json\/wp\/v2\/media\/53021"}],"wp:attachment":[{"href":"https:\/\/murena.com\/fr\/wp-json\/wp\/v2\/media?parent=53020"}],"wp:term":[{"taxonomy":"product_brand","embeddable":true,"href":"https:\/\/murena.com\/fr\/wp-json\/wp\/v2\/product_brand?post=53020"},{"taxonomy":"product_cat","embeddable":true,"href":"https:\/\/murena.com\/fr\/wp-json\/wp\/v2\/product_cat?post=53020"},{"taxonomy":"product_tag","embeddable":true,"href":"https:\/\/murena.com\/fr\/wp-json\/wp\/v2\/product_tag?post=53020"}],"curies":[{"name":"wp","href":"https:\/\/api.w.org\/{rel}","templated":true}]}}