{"id":146680,"date":"2026-02-10T15:42:54","date_gmt":"2026-02-10T14:42:54","guid":{"rendered":"https:\/\/murena.com\/shop\/non class\u00e9\/volla-keyboard\/"},"modified":"2026-03-29T20:38:55","modified_gmt":"2026-03-29T18:38:55","slug":"volla-keyboard","status":"publish","type":"product","link":"https:\/\/murena.com\/fr\/boutique\/brand-fr\/volla-keyboard\/","title":{"rendered":"Clavier Volla"},"content":{"rendered":"","protected":false},"excerpt":{"rendered":"<p data-start=\"0\" data-end=\"208\">Branchez la <strong>tablette Volla<\/strong> et commencez \u00e0 travailler imm\u00e9diatement. Le clavier offre une<strong>frappe nette et confortable<\/strong> avec un <strong>r\u00e9tro\u00e9clairage r\u00e9glable<\/strong>, ce qui rend les longues sessions d&rsquo;\u00e9criture pr\u00e9cises et sans effort, m\u00eame en d\u00e9placement. <\/p>\n<p data-start=\"210\" data-end=\"410\" data-is-last-node=\"\" data-is-only-node=\"\">Un pav\u00e9 tactile extra-large apporte un contr\u00f4le de niveau bloc-notes pour un travail concentr\u00e9 et professionnel. Un <strong>port USB-C int\u00e9gr\u00e9<\/strong> vous permet de connecter des accessoires suppl\u00e9mentaires, pour que votre configuration reste flexible sans ajouter d&rsquo;encombrement. <\/p>\n","protected":false},"featured_media":146678,"comment_status":"open","ping_status":"closed","template":"","meta":{"_seopress_robots_primary_cat":"none","_seopress_titles_title":"Volla KeyBoard - Murena deGoogled Phone & services","_seopress_titles_desc":"Clavier Volla Tablet avec des frappes pr\u00e9cises, un r\u00e9tro\u00e9clairage r\u00e9glable, un grand pav\u00e9 tactile et une prise en charge USB-C pour un travail efficace au quotidien.","_seopress_robots_index":""},"product_brand":[],"product_cat":[492,451],"product_tag":[],"class_list":{"0":"post-146680","1":"product","2":"type-product","3":"status-publish","4":"has-post-thumbnail","6":"product_cat-accessoires","7":"product_cat-brand-fr","8":"wpbf-post","11":"instock","12":"taxable","13":"shipping-taxable","14":"purchasable","15":"product-type-variable"},"bundled_by":[],"bundle_stock_status":"instock","bundle_stock_quantity":null,"bundle_virtual":false,"bundle_layout":"","bundle_add_to_cart_form_location":"","bundle_editable_in_cart":false,"bundle_sold_individually_context":"","bundle_item_grouping":"","bundle_min_size":"","bundle_max_size":"","bundle_price":[],"bundled_items":[],"bundle_sell_ids":[],"supplier_id":null,"supplier_sku":"","barcode":null,"atum_controlled":true,"out_stock_date":null,"out_stock_threshold":null,"inheritable":true,"inbound_stock":0,"stock_on_hold":0,"sold_today":0,"sales_last_days":0,"reserved_stock":0,"customer_returns":0,"warehouse_damage":0,"lost_in_post":0,"other_logs":0,"out_stock_days":0,"lost_sales":0,"has_location":false,"update_date":"2026-04-03T12:15:44","atum_locations":[],"atum_stock_status":"instock","restock_status":false,"low_stock_amount":"","sales_update_date":"2026-04-03T12:15:44","calc_backorders":null,"linked_bom":[],"sync_purchase_price":false,"bom_sellable":null,"minimum_threshold":null,"available_to_purchase":null,"selling_priority":null,"calculated_stock":null,"is_bom":false,"mi_inventories":[],"multi_inventory":"no","inventory_sorting_mode":"global","inventory_iteration":"global","expirable_inventories":"global","price_per_inventory":"global","show_write_off_inventories":"global","selectable_inventories":"global","selectable_inventories_mode":"global","_links":{"self":[{"href":"https:\/\/murena.com\/fr\/wp-json\/wp\/v2\/product\/146680","targetHints":{"allow":["GET"]}}],"collection":[{"href":"https:\/\/murena.com\/fr\/wp-json\/wp\/v2\/product"}],"about":[{"href":"https:\/\/murena.com\/fr\/wp-json\/wp\/v2\/types\/product"}],"replies":[{"embeddable":true,"href":"https:\/\/murena.com\/fr\/wp-json\/wp\/v2\/comments?post=146680"}],"wp:featuredmedia":[{"embeddable":true,"href":"https:\/\/murena.com\/fr\/wp-json\/wp\/v2\/media\/146678"}],"wp:attachment":[{"href":"https:\/\/murena.com\/fr\/wp-json\/wp\/v2\/media?parent=146680"}],"wp:term":[{"taxonomy":"product_brand","embeddable":true,"href":"https:\/\/murena.com\/fr\/wp-json\/wp\/v2\/product_brand?post=146680"},{"taxonomy":"product_cat","embeddable":true,"href":"https:\/\/murena.com\/fr\/wp-json\/wp\/v2\/product_cat?post=146680"},{"taxonomy":"product_tag","embeddable":true,"href":"https:\/\/murena.com\/fr\/wp-json\/wp\/v2\/product_tag?post=146680"}],"curies":[{"name":"wp","href":"https:\/\/api.w.org\/{rel}","templated":true}]}}