{"id":146049,"date":"2026-01-13T11:04:49","date_gmt":"2026-01-13T10:04:49","guid":{"rendered":"https:\/\/murena.com\/shop\/non class\u00e9\/plateau-protecteur-volla-tablette\/"},"modified":"2026-02-09T11:01:51","modified_gmt":"2026-02-09T10:01:51","slug":"plateau-protecteur-volla-tablette","status":"publish","type":"product","link":"https:\/\/murena.com\/fr\/boutique\/accessoires\/plateau-protecteur-volla-tablette\/","title":{"rendered":"Tablette Volla &#8211; Etui de protection avec logo Murena"},"content":{"rendered":"","protected":false},"excerpt":{"rendered":"<p>Une coque arri\u00e8re color\u00e9e durable con\u00e7ue avec des d\u00e9coupes pr\u00e9cises pour l&rsquo;appareil photo, la LED et les ports. Elle prot\u00e8ge votre tablette Volla contre les dommages tout en emp\u00eachant la poussi\u00e8re et la salet\u00e9 de s&rsquo;accumuler, garantissant un ajustement s\u00fbr et un aspect propre. <\/p>\n","protected":false},"featured_media":146047,"comment_status":"open","ping_status":"closed","template":"","meta":{"_seopress_robots_primary_cat":"none","_seopress_titles_title":"Etui de protection pour tablette Volla - Murena - deGoogled Phones","_seopress_titles_desc":"Prot\u00e9gez votre tablette Volla avec cette coque arri\u00e8re color\u00e9e durable, dot\u00e9e de d\u00e9coupes pr\u00e9cises, d'un ajustement s\u00fbr et d'une protection contre la poussi\u00e8re, la salet\u00e9 et l'usure quotidienne.","_seopress_robots_index":""},"product_brand":[],"product_cat":[492],"product_tag":[],"class_list":{"0":"post-146049","1":"product","2":"type-product","3":"status-publish","4":"has-post-thumbnail","6":"product_cat-accessoires","7":"wpbf-post","10":"outofstock","11":"taxable","12":"shipping-taxable","13":"purchasable","14":"product-type-simple"},"bundled_by":[],"bundle_stock_status":"outofstock","bundle_stock_quantity":0,"bundle_virtual":false,"bundle_layout":"","bundle_add_to_cart_form_location":"","bundle_editable_in_cart":false,"bundle_sold_individually_context":"","bundle_item_grouping":"","bundle_min_size":"","bundle_max_size":"","bundle_price":[],"bundled_items":[],"bundle_sell_ids":[],"supplier_id":122275,"supplier_sku":"","barcode":null,"atum_controlled":true,"out_stock_date":"2026-03-09 13:15:45","out_stock_threshold":null,"inheritable":false,"inbound_stock":0,"stock_on_hold":0,"sold_today":0,"sales_last_days":0,"reserved_stock":0,"customer_returns":0,"warehouse_damage":0,"lost_in_post":0,"other_logs":0,"out_stock_days":45,"lost_sales":0,"has_location":false,"update_date":"2026-04-24T12:17:16","atum_locations":[],"atum_stock_status":"outofstock","restock_status":false,"low_stock_amount":"","sales_update_date":"2026-04-24T12:17:16","calc_backorders":null,"linked_bom":[],"sync_purchase_price":false,"bom_sellable":null,"minimum_threshold":null,"available_to_purchase":null,"selling_priority":null,"calculated_stock":null,"is_bom":false,"mi_inventories":[],"multi_inventory":"global","inventory_sorting_mode":"global","inventory_iteration":"global","expirable_inventories":"global","price_per_inventory":"global","show_write_off_inventories":"global","selectable_inventories":"global","selectable_inventories_mode":"global","_links":{"self":[{"href":"https:\/\/murena.com\/fr\/wp-json\/wp\/v2\/product\/146049","targetHints":{"allow":["GET"]}}],"collection":[{"href":"https:\/\/murena.com\/fr\/wp-json\/wp\/v2\/product"}],"about":[{"href":"https:\/\/murena.com\/fr\/wp-json\/wp\/v2\/types\/product"}],"replies":[{"embeddable":true,"href":"https:\/\/murena.com\/fr\/wp-json\/wp\/v2\/comments?post=146049"}],"wp:featuredmedia":[{"embeddable":true,"href":"https:\/\/murena.com\/fr\/wp-json\/wp\/v2\/media\/146047"}],"wp:attachment":[{"href":"https:\/\/murena.com\/fr\/wp-json\/wp\/v2\/media?parent=146049"}],"wp:term":[{"taxonomy":"product_brand","embeddable":true,"href":"https:\/\/murena.com\/fr\/wp-json\/wp\/v2\/product_brand?post=146049"},{"taxonomy":"product_cat","embeddable":true,"href":"https:\/\/murena.com\/fr\/wp-json\/wp\/v2\/product_cat?post=146049"},{"taxonomy":"product_tag","embeddable":true,"href":"https:\/\/murena.com\/fr\/wp-json\/wp\/v2\/product_tag?post=146049"}],"curies":[{"name":"wp","href":"https:\/\/api.w.org\/{rel}","templated":true}]}}