{"id":145554,"date":"2025-12-24T10:23:07","date_gmt":"2025-12-24T09:23:07","guid":{"rendered":"https:\/\/murena.com\/shop\/non%20class\u00e9\/new-fairbuds-xl-headphones\/"},"modified":"2026-03-12T20:18:35","modified_gmt":"2026-03-12T19:18:35","slug":"new-fairbuds-xl-headphones","status":"publish","type":"product","link":"https:\/\/murena.com\/fr\/boutique\/audio-fr\/new-fairbuds-xl-headphones\/","title":{"rendered":"Nouveau casque Fairbuds XL"},"content":{"rendered":"<table class=\" alignleft\" style=\"border-collapse: collapse;width: 79.7347%;height: 120px\">\n<tbody>\n<tr style=\"height: 24px\">\n<td style=\"width: 22.2918%;height: 120px\" rowspan=\"5\"><span style=\"font-size: 14pt\"><strong>Performances audio<\/strong><\/span><\/td>\n<td style=\"width: 57.4429%;height: 24px\">Haut-parleurs dynamiques de 40 mm<\/td>\n<\/tr>\n<tr style=\"height: 24px\">\n<td style=\"width: 57.4429%;height: 24px\">R\u00e9ponse en fr\u00e9quence : 20Hz &#8211; 20kHz (couvre toute la gamme de l&rsquo;audition humaine)<\/td>\n<\/tr>\n<tr style=\"height: 24px\">\n<td style=\"width: 57.4429%;height: 24px\">Imp\u00e9dance du conducteur : 32 ohms (compatible avec la plupart des appareils)<\/td>\n<\/tr>\n<tr style=\"height: 24px\">\n<td style=\"width: 57.4429%;height: 24px\">Sensibilit\u00e9 : 99\u00b12dB \u00e0 1KHZ (niveau d&rsquo;intensit\u00e9 sonore maximale avec une puissance minimale)<\/td>\n<\/tr>\n<tr style=\"height: 24px\">\n<td style=\"width: 57.4429%;height: 24px\">Prise en charge des codecs : SBC, AAC, aptX HD<\/td>\n<\/tr>\n<\/tbody>\n<\/table>\n<p>&nbsp;<\/p>\n<table style=\"border-collapse: collapse;width: 79.661%;height: 72px\">\n<tbody>\n<tr style=\"height: 24px\">\n<td style=\"width: 22.3655%;height: 72px;text-align: left\" rowspan=\"3\"><span style=\"font-size: 14pt\"><strong>Annulation du bruit<\/strong><\/span><\/td>\n<td style=\"width: 57.2955%;height: 24px\">Annulation active du bruit<\/td>\n<\/tr>\n<tr style=\"height: 24px\">\n<td style=\"width: 57.2955%;height: 24px\">Mode son ambiant disponible<\/td>\n<\/tr>\n<tr style=\"height: 24px\">\n<td style=\"width: 57.2955%;height: 24px\">Microphone : Six micros (2 \u00e0 gauche et 4 \u00e0 droite)<\/td>\n<\/tr>\n<\/tbody>\n<\/table>\n<p>&nbsp;<\/p>\n<table style=\"border-collapse: collapse;width: 79.5861%\">\n<tbody>\n<tr>\n<td style=\"width: 22.2918%;text-align: left\" rowspan=\"6\"><span style=\"font-size: 14pt\"><strong>Batterie et chargement<\/strong><\/span><\/td>\n<td style=\"width: 57.2955%\">Jusqu&rsquo;\u00e0 30 heures de lecture (ANC d\u00e9sactiv\u00e9)<\/td>\n<\/tr>\n<tr>\n<td style=\"width: 57.2955%\">Jusqu&rsquo;\u00e0 26 heures de lecture (ANC activ\u00e9)<\/td>\n<\/tr>\n<tr>\n<td style=\"width: 57.2955%\">Chargement de 50 % en 15 minutes (charge rapide pour 15 heures de lecture)<\/td>\n<\/tr>\n<tr>\n<td style=\"width: 57.2955%\">Port de charge USB-C<\/td>\n<\/tr>\n<tr>\n<td style=\"width: 57.2955%\">Dur\u00e9e de vie de la batterie : plus de 500 cycles de charge (80% de la capacit\u00e9 est maintenue apr\u00e8s 500 charges compl\u00e8tes)<\/td>\n<\/tr>\n<tr>\n<td style=\"width: 57.2955%\">Batterie rempla\u00e7able<\/td>\n<\/tr>\n<\/tbody>\n<\/table>\n<p>&nbsp;<\/p>\n<table style=\"border-collapse: collapse;width: 79.661%;height: 97px\">\n<tbody>\n<tr style=\"height: 24px\">\n<td style=\"width: 22.5866%;height: 97px;text-align: left\" rowspan=\"4\"><span style=\"font-size: 14pt\"><strong>Connectivit\u00e9<\/strong><\/span><\/td>\n<td style=\"width: 57.0744%;height: 24px\">Bluetooth 5.1 avec double connectivit\u00e9 multipoint (connexion \u00e0 deux appareils simultan\u00e9ment)<\/td>\n<\/tr>\n<tr style=\"height: 25px\">\n<td style=\"width: 57.0744%;height: 25px\">Port USB-C pour l&rsquo;\u00e9coute filaire<\/td>\n<\/tr>\n<tr style=\"height: 24px\">\n<td style=\"width: 57.0744%;height: 24px\">Port\u00e9e sans fil : Jusqu&rsquo;\u00e0 10 m\u00e8tres<\/td>\n<\/tr>\n<tr style=\"height: 24px\">\n<td style=\"width: 57.0744%;height: 24px\">Assistants intelligents compatibles : Google Assistant, Amazon Alexa et Apple Siri<\/td>\n<\/tr>\n<\/tbody>\n<\/table>\n<p>&nbsp;<\/p>\n<table style=\"border-collapse: collapse;width: 79.5861%\">\n<tbody>\n<tr>\n<td style=\"width: 22.6603%;text-align: left\" rowspan=\"3\"><span style=\"font-size: 14pt\"><strong>Commandes et caract\u00e9ristiques<\/strong><\/span><\/td>\n<td style=\"width: 56.927%\">Joystick et bouton ANC<\/td>\n<\/tr>\n<tr>\n<td style=\"width: 56.927%\">Arr\u00eat automatique (30 minutes)<\/td>\n<\/tr>\n<tr>\n<td style=\"width: 56.927%\">\u00c9galiseur personnalisable via l&rsquo;application Fairbuds<\/td>\n<\/tr>\n<\/tbody>\n<\/table>\n<p>&nbsp;<\/p>\n<table style=\"border-collapse: collapse;width: 79.7347%;height: 144px\">\n<tbody>\n<tr style=\"height: 24px\">\n<td style=\"width: 22.8077%;height: 144px;text-align: left\" rowspan=\"6\"><span style=\"font-size: 14pt\"><strong>Mat\u00e9riaux et durabilit\u00e9<\/strong><\/span><\/td>\n<td style=\"width: 56.927%;height: 24px\">Aimants constitu\u00e9s d&rsquo;\u00e9l\u00e9ments de terres rares 100 % recycl\u00e9s<\/td>\n<\/tr>\n<tr style=\"height: 24px\">\n<td style=\"width: 56.927%;height: 24px\">Etain 100% recycl\u00e9 dans la p\u00e2te \u00e0 souder<\/td>\n<\/tr>\n<tr style=\"height: 24px\">\n<td style=\"width: 56.927%;height: 24px\">Bandeau en filet<\/td>\n<\/tr>\n<tr style=\"height: 24px\">\n<td style=\"width: 56.927%;height: 24px\">Coussins d&rsquo;oreilles en tissu maill\u00e9 de type \u00ab\u00a0\u0153il d&rsquo;oiseau\u00a0\u00bb.<\/td>\n<\/tr>\n<tr style=\"height: 24px\">\n<td style=\"width: 56.927%;height: 24px\">Cuir PU dans le serre-t\u00eate et les oreillettes<\/td>\n<\/tr>\n<tr style=\"height: 24px\">\n<td style=\"width: 56.927%;height: 24px\">Pochette de voyage fabriqu\u00e9e \u00e0 partir de tissus recycl\u00e9s<\/td>\n<\/tr>\n<\/tbody>\n<\/table>\n","protected":false},"excerpt":{"rendered":"<p data-start=\"130\" data-end=\"184\"><strong>Casque d&rsquo;\u00e9coute Fairbud XL nouveau et am\u00e9lior\u00e9 <\/strong><\/p>\n<p data-start=\"130\" data-end=\"184\"><strong data-start=\"130\" data-end=\"184\">Un son de qualit\u00e9 sup\u00e9rieure. Construit pour durer. Con\u00e7u pour le changement. <\/strong><\/p>\n<p data-start=\"186\" data-end=\"437\">Profitez d&rsquo;un son riche et immersif gr\u00e2ce aux puissants haut-parleurs de 40 mm, \u00e0 l&rsquo;annulation active du bruit et \u00e0 la qualit\u00e9 des appels. Les nouveaux Fairbuds XL combinent le confort tout au long de la journ\u00e9e avec une <strong data-start=\"345\" data-end=\"373\">autonomie de 30 heures<\/strong>, un chargement rapide et une connectivit\u00e9 Bluetooth multipoint transparente.<\/p>\n<p data-start=\"439\" data-end=\"769\">Con\u00e7us dans une optique de d\u00e9veloppement durable, ils sont dot\u00e9s d&rsquo;une <strong data-start=\"493\" data-end=\"523\">conception modulaire et r\u00e9parable<\/strong>, fabriqu\u00e9e \u00e0 partir de mat\u00e9riaux recycl\u00e9s et issus de l&rsquo;agriculture \u00e9quitable, ce qui vous permet de remplacer les pi\u00e8ces cl\u00e9s et de les conserver plus longtemps. Dot\u00e9s d&rsquo;une coupe supra-auriculaire \u00e9l\u00e9gante et de commandes intuitives, ce sont des \u00e9couteurs que vous pouvez vous sentir \u00e0 l&rsquo;aise de porter tous les jours. <a href=\"https:\/\/longtimelabel.com\/lab_product\/fairbuds-xl\/\">Certifi\u00e9 par le label LONGTIME\u00ae.<\/a><\/p>\n<p data-start=\"771\" data-end=\"814\"><strong data-start=\"771\" data-end=\"814\">Un son exceptionnel. Conception intelligente. Impact \u00e9quitable. <\/strong><\/p>\n","protected":false},"featured_media":145542,"comment_status":"open","ping_status":"closed","template":"","meta":{"_seopress_robots_primary_cat":"none","_seopress_titles_title":"Nouveaux \u00e9couteurs Fairbuds XL - Murena - DeGoogled Phones","_seopress_titles_desc":"NOUVEAUX \u00e9couteurs supra-auriculaires Fairbuds XL avec son riche, ANC, batterie de 30 heures, charge rapide, multipoint Bluetooth et conception durable et r\u00e9parable.","_seopress_robots_index":""},"product_brand":[],"product_cat":[982],"product_tag":[],"class_list":{"0":"post-145554","1":"product","2":"type-product","3":"status-publish","4":"has-post-thumbnail","6":"product_cat-audio-fr","7":"wpbf-post","10":"instock","11":"taxable","12":"shipping-taxable","13":"purchasable","14":"product-type-variable"},"bundled_by":[],"bundle_stock_status":"instock","bundle_stock_quantity":null,"bundle_virtual":false,"bundle_layout":"","bundle_add_to_cart_form_location":"","bundle_editable_in_cart":false,"bundle_sold_individually_context":"","bundle_item_grouping":"","bundle_min_size":"","bundle_max_size":"","bundle_price":[],"bundled_items":[],"bundle_sell_ids":[],"supplier_id":null,"supplier_sku":"","barcode":null,"atum_controlled":true,"out_stock_date":null,"out_stock_threshold":null,"inheritable":true,"inbound_stock":40,"stock_on_hold":0,"sold_today":0,"sales_last_days":0,"reserved_stock":0,"customer_returns":0,"warehouse_damage":0,"lost_in_post":0,"other_logs":0,"out_stock_days":0,"lost_sales":0,"has_location":false,"update_date":"2026-04-14T12:18:32","atum_locations":[],"atum_stock_status":"instock","restock_status":false,"low_stock_amount":"","sales_update_date":"2026-04-14T12:18:32","calc_backorders":null,"linked_bom":[],"sync_purchase_price":false,"bom_sellable":null,"minimum_threshold":null,"available_to_purchase":null,"selling_priority":null,"calculated_stock":null,"is_bom":false,"mi_inventories":[],"multi_inventory":"no","inventory_sorting_mode":"global","inventory_iteration":"global","expirable_inventories":"global","price_per_inventory":"global","show_write_off_inventories":"global","selectable_inventories":"global","selectable_inventories_mode":"global","_links":{"self":[{"href":"https:\/\/murena.com\/fr\/wp-json\/wp\/v2\/product\/145554","targetHints":{"allow":["GET"]}}],"collection":[{"href":"https:\/\/murena.com\/fr\/wp-json\/wp\/v2\/product"}],"about":[{"href":"https:\/\/murena.com\/fr\/wp-json\/wp\/v2\/types\/product"}],"replies":[{"embeddable":true,"href":"https:\/\/murena.com\/fr\/wp-json\/wp\/v2\/comments?post=145554"}],"wp:featuredmedia":[{"embeddable":true,"href":"https:\/\/murena.com\/fr\/wp-json\/wp\/v2\/media\/145542"}],"wp:attachment":[{"href":"https:\/\/murena.com\/fr\/wp-json\/wp\/v2\/media?parent=145554"}],"wp:term":[{"taxonomy":"product_brand","embeddable":true,"href":"https:\/\/murena.com\/fr\/wp-json\/wp\/v2\/product_brand?post=145554"},{"taxonomy":"product_cat","embeddable":true,"href":"https:\/\/murena.com\/fr\/wp-json\/wp\/v2\/product_cat?post=145554"},{"taxonomy":"product_tag","embeddable":true,"href":"https:\/\/murena.com\/fr\/wp-json\/wp\/v2\/product_tag?post=145554"}],"curies":[{"name":"wp","href":"https:\/\/api.w.org\/{rel}","templated":true}]}}