{"id":140997,"date":"2025-08-29T16:24:11","date_gmt":"2025-08-29T14:24:11","guid":{"rendered":"https:\/\/murena.com\/?post_type=product&#038;p=140997"},"modified":"2026-04-01T20:20:16","modified_gmt":"2026-04-01T18:20:16","slug":"shiftsound-sp","status":"publish","type":"product","link":"https:\/\/murena.com\/fr\/boutique\/audio-fr\/shiftsound-sp\/","title":{"rendered":"SHIFTsound SP"},"content":{"rendered":"<p><strong>Informations compl\u00e9mentaires et sp\u00e9cifications :<\/strong><\/p>\n<p><strong>Emplacement pour carte :<\/strong><br \/>\nMicroSD.<\/p>\n<p><strong>Lumi\u00e8re :<\/strong><br \/>\nLa lumi\u00e8re peut \u00eatre \u00e9teinte. Actuellement, une mise en \u0153uvre en quatre \u00e9tapes est pr\u00e9vue, qui peut \u00eatre adapt\u00e9e \u00e0 vos pr\u00e9f\u00e9rences : 1. Lumi\u00e8re RVB changeant continuellement, 2. lumi\u00e8re blanche chaude constante, 3. lumi\u00e8re blanche chaude puls\u00e9e au rythme de la musique, 4. pas de lumi\u00e8re.     <\/p>\n<p><strong>Comment fonctionne le SHIFTsound SP ?<\/strong><br \/>\nVia les boutons de l&rsquo;appareil ou via Bluetooth (une application n&rsquo;est pas pr\u00e9vue pour l&rsquo;instant).<\/p>\n<p><strong>Le SHIFTsound SP sera-t-il dot\u00e9 d&rsquo;une connectivit\u00e9 Wi-Fi ?<\/strong><br \/>\nLa connectivit\u00e9 Wi-Fi n&rsquo;est pas pr\u00e9vue pour le moment.<\/p>\n<p><strong>Le son peut-il \u00eatre ajust\u00e9 ?<\/strong><br \/>\nIl existe plusieurs modes (EQ, Bass, Standard).<\/p>\n<p><strong>Quels sont les modules interchangeables ?<\/strong><br \/>\nBatterie, haut-parleur, anneau de LED d&rsquo;ambiance, enveloppe textile ext\u00e9rieure, membrane passive sup\u00e9rieure et inf\u00e9rieure, boucle pour le bracelet et le bracelet lui-m\u00eame, enveloppe int\u00e9rieure en caoutchouc pour les boutons de volume et les LED de la batterie.<\/p>\n<p><strong>Puissance :<\/strong><br \/>\n2x 10 W de sortie.<\/p>\n<p>Port <strong>USB<\/strong><br \/>\n-C (uniquement) pour le chargement.<\/p>\n<p><strong>Options de connexion :<\/strong><br \/>\n, prise jack 3,5 mm ou Bluetooth.<\/p>\n<p><strong>Un son st\u00e9r\u00e9o est-il possible avec un seul haut-parleur ?<\/strong><br \/>\nOui (possibilit\u00e9 d&rsquo;utiliser les canaux L et R avec un seul SHIFTsound SP).<\/p>\n<p><strong>Version Bluetooth<\/strong><br \/>\n5.0<\/p>\n<p><strong>Deux enceintes peuvent-elles \u00eatre jumel\u00e9es ?<\/strong><br \/>\nOui, le SHIFTsound SP est un v\u00e9ritable haut-parleur sans fil. Deux enceintes peuvent \u00eatre connect\u00e9es.  <\/p>\n<p><strong>Quels sont les profils BT pris en charge ?<\/strong><br \/>\nA2DP \/ AVRCP \/ HFP \/ HSP \/ OPP \/ HID \/ SPPIPBAP \/ GATT \/ SM.<\/p>\n<p><strong>Y a-t-il un microphone pour les appels mains libres ?<\/strong><br \/>\nOui.<\/p>\n<p><strong>R\u00e9ponse en fr\u00e9quence mesur\u00e9e<\/strong><br \/>\nAUX : 62 &#8211; 20 kHz,<br \/>\nBT : 60 &#8211; 20 kHz<\/p>\n<p>&nbsp;<\/p>\n","protected":false},"excerpt":{"rendered":"<p data-start=\"161\" data-end=\"229\"><strong data-start=\"161\" data-end=\"227\">SHIFTsound SP &#8211; Con\u00e7u pour la durabilit\u00e9, construit pour un son pur.<\/strong><\/p>\n<p data-start=\"231\" data-end=\"499\">Con\u00e7u pour fonctionner o\u00f9 que vous l&#8217;emmeniez, le SHIFTsound SP associe une conception modulaire \u00e0 une acoustique puissante dans un bo\u00eetier compact et \u00e9tanche. Qu&rsquo;il s&rsquo;agisse de musique \u00e0 la maison, en d\u00e9placement ou \u00e0 l&rsquo;ext\u00e9rieur, ce haut-parleur est con\u00e7u pour s&rsquo;adapter, durer et suivre le rythme de votre mode de vie. <\/p>\n<p data-start=\"721\" data-end=\"740\"><strong data-start=\"721\" data-end=\"738\">Caract\u00e9ristiques principales :<\/strong><\/p>\n<ul>\n<li data-start=\"743\" data-end=\"799\"><span style=\"font-size: 10pt\">Construction modulaire pour une r\u00e9paration facile et une utilisation \u00e0 long terme<\/span><\/li>\n<li data-start=\"802\" data-end=\"859\"><span style=\"font-size: 10pt\">Indice d&rsquo;\u00e9tanch\u00e9it\u00e9 IPX7 pour des performances fiables en ext\u00e9rieur<\/span><\/li>\n<li data-start=\"862\" data-end=\"923\"><span style=\"font-size: 10pt\">Connectivit\u00e9 sans fil Bluetooth (port\u00e9e de 10 m) et entr\u00e9e AUX<\/span><\/li>\n<li data-start=\"926\" data-end=\"965\"><span style=\"font-size: 10pt\">Jusqu&rsquo;\u00e0 10 heures de lecture continue<\/span><\/li>\n<li data-start=\"968\" data-end=\"1030\"><span style=\"font-size: 10pt\">Compact et l\u00e9ger : 191 mm de haut, 78 mm de large, seulement 550 g<\/span><\/li>\n<\/ul>\n<p><span style=\"font-size: 10pt\"><strong>**Notre prix comprend un d\u00e9p\u00f4t de recyclage de 11 euros, que les clients peuvent r\u00e9cup\u00e9rer lorsqu&rsquo;ils renvoient l&rsquo;appareil \u00e0 SHIFT pour recyclage.<\/strong><\/span><\/p>\n","protected":false},"featured_media":132810,"comment_status":"open","ping_status":"closed","template":"","meta":{"_seopress_robots_primary_cat":"none","_seopress_titles_title":"SHIFTsound SP - Murena -deGoogled Phones and Services","_seopress_titles_desc":"Le SHIFTsound SP offre un son riche et clair dans une construction modulaire robuste. \u00c9tanche, portable et con\u00e7u pour durer. Un haut-parleur pour la maison, les voyages et au-del\u00e0.  ","_seopress_robots_index":""},"product_brand":[],"product_cat":[982],"product_tag":[1192,1191],"class_list":{"0":"post-140997","1":"product","2":"type-product","3":"status-publish","4":"has-post-thumbnail","6":"product_cat-audio-fr","7":"product_tag-autonomie-de-la-batterie-jusqua-10-heures","8":"product_tag-etancheite-avec-certification-ip","9":"wpbf-post","12":"instock","13":"taxable","14":"shipping-taxable","15":"purchasable","16":"product-type-simple"},"bundled_by":[],"bundle_stock_status":"instock","bundle_stock_quantity":6,"bundle_virtual":false,"bundle_layout":"","bundle_add_to_cart_form_location":"","bundle_editable_in_cart":false,"bundle_sold_individually_context":"","bundle_item_grouping":"","bundle_min_size":"","bundle_max_size":"","bundle_price":[],"bundled_items":[],"bundle_sell_ids":[],"supplier_id":122429,"supplier_sku":"","barcode":null,"atum_controlled":true,"out_stock_date":null,"out_stock_threshold":null,"inheritable":false,"inbound_stock":0,"stock_on_hold":0,"sold_today":0,"sales_last_days":0,"reserved_stock":0,"customer_returns":0,"warehouse_damage":0,"lost_in_post":0,"other_logs":0,"out_stock_days":0,"lost_sales":0,"has_location":false,"update_date":"2026-04-27T12:22:28","atum_locations":[],"atum_stock_status":"instock","restock_status":false,"low_stock_amount":"","sales_update_date":"2026-04-27T12:22:27","calc_backorders":null,"linked_bom":[],"sync_purchase_price":false,"bom_sellable":null,"minimum_threshold":null,"available_to_purchase":null,"selling_priority":null,"calculated_stock":null,"is_bom":false,"mi_inventories":[],"multi_inventory":"global","inventory_sorting_mode":"global","inventory_iteration":"global","expirable_inventories":"global","price_per_inventory":"global","show_write_off_inventories":"global","selectable_inventories":"global","selectable_inventories_mode":"global","_links":{"self":[{"href":"https:\/\/murena.com\/fr\/wp-json\/wp\/v2\/product\/140997","targetHints":{"allow":["GET"]}}],"collection":[{"href":"https:\/\/murena.com\/fr\/wp-json\/wp\/v2\/product"}],"about":[{"href":"https:\/\/murena.com\/fr\/wp-json\/wp\/v2\/types\/product"}],"replies":[{"embeddable":true,"href":"https:\/\/murena.com\/fr\/wp-json\/wp\/v2\/comments?post=140997"}],"wp:featuredmedia":[{"embeddable":true,"href":"https:\/\/murena.com\/fr\/wp-json\/wp\/v2\/media\/132810"}],"wp:attachment":[{"href":"https:\/\/murena.com\/fr\/wp-json\/wp\/v2\/media?parent=140997"}],"wp:term":[{"taxonomy":"product_brand","embeddable":true,"href":"https:\/\/murena.com\/fr\/wp-json\/wp\/v2\/product_brand?post=140997"},{"taxonomy":"product_cat","embeddable":true,"href":"https:\/\/murena.com\/fr\/wp-json\/wp\/v2\/product_cat?post=140997"},{"taxonomy":"product_tag","embeddable":true,"href":"https:\/\/murena.com\/fr\/wp-json\/wp\/v2\/product_tag?post=140997"}],"curies":[{"name":"wp","href":"https:\/\/api.w.org\/{rel}","templated":true}]}}