{"id":136238,"date":"2025-10-01T10:25:51","date_gmt":"2025-10-01T08:25:51","guid":{"rendered":"https:\/\/murena.com\/shop\/non class\u00e9\/usb-c-long-life-charging-cable\/"},"modified":"2026-04-23T10:15:53","modified_gmt":"2026-04-23T08:15:53","slug":"usb-c-long-life-charging-cable","status":"publish","type":"product","link":"https:\/\/murena.com\/fr\/boutique\/accessoires\/usb-c-long-life-charging-cable\/","title":{"rendered":"C\u00e2ble de charge USB-C \u00e0 longue dur\u00e9e de vie"},"content":{"rendered":"","protected":false},"excerpt":{"rendered":"<p><b>Ne vous souciez plus jamais des c\u00e2bles de charge.<\/p>\n<p><\/b>Une durabilit\u00e9 sur laquelle vous pouvez compter. Une \u00e9quit\u00e9 \u00e0 laquelle vous pouvez croire. <\/p>\n<p>Dure toute une vie : Con\u00e7u pour une durabilit\u00e9 ultime.<br \/>\nChoisissez votre longueur pour plus de libert\u00e9.<\/p>\n","protected":false},"featured_media":136173,"comment_status":"open","ping_status":"closed","template":"","meta":{"_seopress_robots_primary_cat":"none","_seopress_titles_title":"C\u00e2ble de charge USB-C \u00e0 longue dur\u00e9e de vie - Murena - deGoogled","_seopress_titles_desc":"Une force et des valeurs sans compromis. Con\u00e7ue pour la durabilit\u00e9, l'\u00e9quit\u00e9 et le d\u00e9veloppement durable, cette technologie respecte v\u00e9ritablement les personnes et la plan\u00e8te. ","_seopress_robots_index":""},"product_brand":[],"product_cat":[492],"product_tag":[800],"class_list":{"0":"post-136238","1":"product","2":"type-product","3":"status-publish","4":"has-post-thumbnail","6":"product_cat-accessoires","7":"product_tag-accessoires","8":"wpbf-post","11":"instock","12":"taxable","13":"shipping-taxable","14":"purchasable","15":"product-type-variable"},"bundled_by":[],"bundle_stock_status":"instock","bundle_stock_quantity":null,"bundle_virtual":false,"bundle_layout":"","bundle_add_to_cart_form_location":"","bundle_editable_in_cart":false,"bundle_sold_individually_context":"","bundle_item_grouping":"","bundle_min_size":"","bundle_max_size":"","bundle_price":[],"bundled_items":[],"bundle_sell_ids":[],"supplier_id":null,"supplier_sku":"","barcode":null,"atum_controlled":true,"out_stock_date":null,"out_stock_threshold":null,"inheritable":true,"inbound_stock":0,"stock_on_hold":1,"sold_today":1,"sales_last_days":4,"reserved_stock":0,"customer_returns":0,"warehouse_damage":0,"lost_in_post":0,"other_logs":0,"out_stock_days":0,"lost_sales":0,"has_location":false,"update_date":"2026-04-24T07:06:03","atum_locations":[],"atum_stock_status":"instock","restock_status":false,"low_stock_amount":"","sales_update_date":"2026-04-24T07:06:03","calc_backorders":null,"linked_bom":[],"sync_purchase_price":false,"bom_sellable":null,"minimum_threshold":null,"available_to_purchase":null,"selling_priority":null,"calculated_stock":null,"is_bom":false,"mi_inventories":[],"multi_inventory":"no","inventory_sorting_mode":"global","inventory_iteration":"global","expirable_inventories":"global","price_per_inventory":"global","show_write_off_inventories":"global","selectable_inventories":"global","selectable_inventories_mode":"global","_links":{"self":[{"href":"https:\/\/murena.com\/fr\/wp-json\/wp\/v2\/product\/136238","targetHints":{"allow":["GET"]}}],"collection":[{"href":"https:\/\/murena.com\/fr\/wp-json\/wp\/v2\/product"}],"about":[{"href":"https:\/\/murena.com\/fr\/wp-json\/wp\/v2\/types\/product"}],"replies":[{"embeddable":true,"href":"https:\/\/murena.com\/fr\/wp-json\/wp\/v2\/comments?post=136238"}],"wp:featuredmedia":[{"embeddable":true,"href":"https:\/\/murena.com\/fr\/wp-json\/wp\/v2\/media\/136173"}],"wp:attachment":[{"href":"https:\/\/murena.com\/fr\/wp-json\/wp\/v2\/media?parent=136238"}],"wp:term":[{"taxonomy":"product_brand","embeddable":true,"href":"https:\/\/murena.com\/fr\/wp-json\/wp\/v2\/product_brand?post=136238"},{"taxonomy":"product_cat","embeddable":true,"href":"https:\/\/murena.com\/fr\/wp-json\/wp\/v2\/product_cat?post=136238"},{"taxonomy":"product_tag","embeddable":true,"href":"https:\/\/murena.com\/fr\/wp-json\/wp\/v2\/product_tag?post=136238"}],"curies":[{"name":"wp","href":"https:\/\/api.w.org\/{rel}","templated":true}]}}