{"id":135123,"date":"2025-09-18T12:28:01","date_gmt":"2025-09-18T10:28:01","guid":{"rendered":"https:\/\/murena.com\/?post_type=product&#038;p=135123"},"modified":"2026-04-02T14:52:12","modified_gmt":"2026-04-02T12:52:12","slug":"hiroh-phone-powered-by-murena-pre-sale","status":"publish","type":"product","link":"https:\/\/murena.com\/fr\/boutique\/smartphones\/neuf\/hiroh-phone-powered-by-murena-pre-sale\/","title":{"rendered":"T\u00e9l\u00e9phone HIROH aliment\u00e9 par Murena &#8211; D\u00e9p\u00f4t de pr\u00e9vente"},"content":{"rendered":"","protected":false},"excerpt":{"rendered":"<p>HIROH phone powered by Murena avec boutons kill switch mat\u00e9riels<br \/>\n<span style=\"color: #000000;font-size: 12pt\">Confidentialit\u00e9 d\u00e8s la conception. S\u00e9curit\u00e9 par d\u00e9faut. <\/span><\/p>\n<p><span style=\"color: #000000;font-size: 12pt\"><strong>COMMANDEZ-LE D\u00c8S MAINTENANT et \u00e9conomisez 3<\/strong><strong>00<\/strong><strong>\u20ac<\/strong><strong> !<\/strong><\/span><\/p>\n<p><span style=\"color: #000000;font-size: 12pt\">Offre limit\u00e9e : <strong>Payez <\/strong><strong>99\u20ac<\/strong><strong> maintenant et recevez un <\/strong><strong>bon pour <\/strong><strong>acheter votre t\u00e9l\u00e9phone HIROH powered by Murena pour un total de seulement<\/strong><strong>899\u20ac<\/strong><strong>!<\/strong><\/span><\/p>\n<p><span style=\"color: #000000;font-size: 12pt\"><strong>Comment fonctionne la PR\u00c9VENTE pour vous :<br \/>\n<\/strong>&#8211; Payez 99\u20ac aujourd&rsquo;hui pour r\u00e9server votre appareil.<br \/>\n&#8211; Vous recevrez un coupon de 300\u20ac (99\u20ac pr\u00e9pay\u00e9s + 201\u20ac de r\u00e9duction) par email.<br \/>\n<\/span><span style=\"font-size: 12pt\">&#8211; Utilisez le coupon <\/span><span style=\"font-size: 12pt\">pour acheter le de<\/span><span style=\"color: #000000\"><span style=\"font-size: 12pt\">vice pour 899\u20ac au lieu des 1199\u20ac du prix de d\u00e9tail de l&rsquo;appareil lors de son lancement en 2026.<\/span><\/span><\/p>\n<p><span style=\"color: #000000;font-size: 12pt\">Le HIROH phone powered by Murena est con\u00e7u pour vous prot\u00e9ger. Fonctionnant sous \/e\/OS, ce smartphone est con\u00e7u pour garder votre empreinte num\u00e9rique invisible par d\u00e9faut.  <a href=\"https:\/\/murena.com\/fr\/boutique\/smartphones\/neuf\/hiroh-phone-powered-by-murena-pre-sale\/#android-without-google\"><span style=\"color: #0000ff\">En savoir plus<\/span><\/a><\/span><\/p>\n<p><span style=\"color: #000000;font-size: 12pt\">La qualit\u00e9 sup\u00e9rieure et les performances sans compromis.<strong><br \/>\n<\/strong>Le HIROH phone powered by Murena est con\u00e7u sans compromis.<\/span><\/p>\n<p><span style=\"color: #000000;font-size: 12pt\">&#8211;<strong> 16 Go de RAM<\/strong> et <strong>512 Go d&rsquo;espace de stockage<\/strong> <strong>extensible jusqu&rsquo;\u00e0 2 To, ce qui<\/strong> vous donne de la place pour tout ce qui compte.<br \/>\n<\/span><span style=\"color: #000000;font-size: 12pt\">&#8211; Un \u00e9cran <strong>AMOLED de 6,67 pouces<\/strong> et un syst\u00e8me d&rsquo;appareil photo associant un <strong>capteur Samsung de 108 m\u00e9gapixels<\/strong> \u00e0 une lentille frontale <strong>Sony de 32 m\u00e9gapixels<\/strong> pour des d\u00e9tails nets et saisissants \u00e0 chaque prise de vue.<br \/>\n&#8211; <\/span><span style=\"color: #000000;font-size: 12pt\">Un <strong>interrupteur mat\u00e9riel <\/strong>qui d\u00e9connecte le microphone et les cam\u00e9ras au niveau du circuit, ne laissant rien ouvert \u00e0 l&rsquo;intrusion.<br \/>\n<\/span><span style=\"color: #000000;font-size: 12pt\">&#8211; Un <strong>interrupteur logiciel<\/strong> pour d\u00e9sactiver facilement tous les signaux radio, Wi-Fi, Bluetooth et NFC.<\/span><br \/>\n<a href=\"https:\/\/murena.com\/fr\/boutique\/smartphones\/neuf\/hiroh-phone-powered-by-murena-pre-sale\/#tech-spec\"><span style=\"color: #0000ff;font-size: 12pt\">En savoir plus<\/span><\/a><\/p>\n<p><span style=\"color: #000000;font-size: 12pt\">Le <strong>HIROH phone powered by Murena<\/strong> n&rsquo;est pas un appareil de plus sur un march\u00e9 encombr\u00e9. C&rsquo;est un refus, un refus d&rsquo;accepter que la surveillance soit le prix \u00e0 payer pour la technologie moderne. La confidentialit\u00e9 n&rsquo;est pas ajout\u00e9e plus tard. Elle est int\u00e9gr\u00e9e d\u00e8s le d\u00e9part.   <\/span><\/p>\n","protected":false},"featured_media":148968,"comment_status":"open","ping_status":"closed","template":"","meta":{"_seopress_robots_primary_cat":"none","_seopress_titles_title":"HIROH phone powered by Murena - Pr\u00e9vente","_seopress_titles_desc":"HIROH phone powered by Murena avec boutons kill switch.\nPRE-COMMANDEZ MAINTENANT et \u00e9conomisez 200\u20ac ! Payez 99\u20ac maintenant et achetez votre t\u00e9l\u00e9phone pour seulement 999\u20ac ! ","_seopress_robots_index":""},"product_brand":[],"product_cat":[495],"product_tag":[1103,1104,1102],"class_list":{"0":"post-135123","1":"product","2":"type-product","3":"status-publish","4":"has-post-thumbnail","6":"product_cat-neuf","7":"product_tag-hiroh-alimente-par-murena","8":"product_tag-offre-de-reservation-anticipee","9":"product_tag-prevente","10":"wpbf-post","13":"outofstock","14":"taxable","15":"shipping-taxable","16":"purchasable","17":"product-type-variable"},"bundled_by":[],"bundle_stock_status":"outofstock","bundle_stock_quantity":0,"bundle_virtual":false,"bundle_layout":"","bundle_add_to_cart_form_location":"","bundle_editable_in_cart":false,"bundle_sold_individually_context":"","bundle_item_grouping":"","bundle_min_size":"","bundle_max_size":"","bundle_price":[],"bundled_items":[],"bundle_sell_ids":[],"supplier_id":null,"supplier_sku":"","barcode":null,"atum_controlled":true,"out_stock_date":null,"out_stock_threshold":null,"inheritable":true,"inbound_stock":0,"stock_on_hold":0,"sold_today":1,"sales_last_days":3,"reserved_stock":0,"customer_returns":0,"warehouse_damage":0,"lost_in_post":0,"other_logs":0,"out_stock_days":0,"lost_sales":0,"has_location":false,"update_date":"2026-04-10T15:33:18","atum_locations":[],"atum_stock_status":"outofstock","restock_status":false,"low_stock_amount":"","sales_update_date":"2026-04-10T15:33:18","calc_backorders":null,"linked_bom":[],"sync_purchase_price":false,"bom_sellable":null,"minimum_threshold":null,"available_to_purchase":null,"selling_priority":null,"calculated_stock":null,"is_bom":false,"mi_inventories":[],"multi_inventory":"no","inventory_sorting_mode":"global","inventory_iteration":"global","expirable_inventories":"global","price_per_inventory":"global","show_write_off_inventories":"global","selectable_inventories":"global","selectable_inventories_mode":"global","_links":{"self":[{"href":"https:\/\/murena.com\/fr\/wp-json\/wp\/v2\/product\/135123","targetHints":{"allow":["GET"]}}],"collection":[{"href":"https:\/\/murena.com\/fr\/wp-json\/wp\/v2\/product"}],"about":[{"href":"https:\/\/murena.com\/fr\/wp-json\/wp\/v2\/types\/product"}],"replies":[{"embeddable":true,"href":"https:\/\/murena.com\/fr\/wp-json\/wp\/v2\/comments?post=135123"}],"wp:featuredmedia":[{"embeddable":true,"href":"https:\/\/murena.com\/fr\/wp-json\/wp\/v2\/media\/148968"}],"wp:attachment":[{"href":"https:\/\/murena.com\/fr\/wp-json\/wp\/v2\/media?parent=135123"}],"wp:term":[{"taxonomy":"product_brand","embeddable":true,"href":"https:\/\/murena.com\/fr\/wp-json\/wp\/v2\/product_brand?post=135123"},{"taxonomy":"product_cat","embeddable":true,"href":"https:\/\/murena.com\/fr\/wp-json\/wp\/v2\/product_cat?post=135123"},{"taxonomy":"product_tag","embeddable":true,"href":"https:\/\/murena.com\/fr\/wp-json\/wp\/v2\/product_tag?post=135123"}],"curies":[{"name":"wp","href":"https:\/\/api.w.org\/{rel}","templated":true}]}}