{"id":133832,"date":"2025-08-29T15:54:32","date_gmt":"2025-08-29T13:54:32","guid":{"rendered":"https:\/\/murena.com\/?post_type=product&#038;p=133832"},"modified":"2026-04-13T12:24:16","modified_gmt":"2026-04-13T10:24:16","slug":"murena-shiftphone-8","status":"publish","type":"product","link":"https:\/\/murena.com\/fr\/boutique\/smartphones\/neuf\/murena-shiftphone-8\/","title":{"rendered":"Murena SHIFTphone 8"},"content":{"rendered":"","protected":false},"excerpt":{"rendered":"<p>Le Murena SHIFTphone 8 allie modularit\u00e9 et confidentialit\u00e9. Fonctionnant avec notre syst\u00e8me d&rsquo;exploitation \/e\/OS ax\u00e9 sur la protection de la vie priv\u00e9e, votre Murena SHIFTphone 8 offre une protection continue pour vous et vos donn\u00e9es.<\/p>\n<p>G\u00e9rez votre vie priv\u00e9e tout en utilisant un t\u00e9l\u00e9phone puissant et modulaire qui durera. <a href=\"https:\/\/murena.com\/fr\/boutique\/smartphones\/neuf\/murena-shiftphone-8\/#android-without-google\">En savoir plus<\/a><\/p>\n<p>Ce t\u00e9l\u00e9phone est \u00e9quip\u00e9 d&rsquo;un <strong>bouton d&rsquo;arr\u00eat mat\u00e9riel<\/strong> <strong>(Kill swhitches)* pour les cam\u00e9ras et les microphones<\/strong>, ce qui vous permet de les d\u00e9sactiver compl\u00e8tement pour plus de confidentialit\u00e9. (*Ces <strong>interrupteurs<\/strong> sont situ\u00e9s sous le couvercle de la batterie et peuvent \u00eatre activ\u00e9s \u00e0 l&rsquo;aide d&rsquo;un trombone ou d&rsquo;un outil similaire. Il n&rsquo;est donc pas facile de les activer r\u00e9guli\u00e8rement, mais ils conviennent parfaitement pour d\u00e9sactiver l&rsquo;appareil photo et le microphone pendant de longues p\u00e9riodes).<\/p>\n<p>Il offre \u00e9galement un superbe <strong>\u00e9cran AMOLED de 6,67 pouces<\/strong>.<strong> Jusqu&rsquo;\u00e0 512 Go<\/strong> de stockage extensible pour vous donner plus de vitesse et d&rsquo;espace pour stocker tout ce dont vous avez besoin sur votre t\u00e9l\u00e9phone. Il est <strong>enti\u00e8rement modulaire et r\u00e9parable<\/strong>, ce qui vous permet de remplacer facilement des pi\u00e8ces pour prolonger la dur\u00e9e de vie de votre t\u00e9l\u00e9phone. <a href=\"https:\/\/murena.com\/fr\/boutique\/smartphones\/neuf\/murena-shiftphone-8\/#tech-spec\">En savoir plus<\/a><\/p>\n<p>Le <strong>Murena SHIFTphone 8<\/strong> se distingue par sa conception enti\u00e8rement modulaire, qui permet des r\u00e9parations et des mises \u00e0 niveau faciles, combin\u00e9e \u00e0 un mat\u00e9riel puissant, \u00e0 des contr\u00f4les de confidentialit\u00e9 avanc\u00e9s et \u00e0 une production durable, ce qui en fait le choix id\u00e9al pour ceux qui recherchent la performance, la long\u00e9vit\u00e9 et la responsabilit\u00e9 environnementale dans un seul appareil !<\/p>\n<p><strong>**Remarque : le Shiftphone vendu comme Shiftphone 8 est le mod\u00e8le Shiftphone 8.1 mis \u00e0 jour.<\/strong><\/p>\n","protected":false},"featured_media":141218,"comment_status":"open","ping_status":"closed","template":"","meta":{"_seopress_robots_primary_cat":"none","_seopress_titles_title":"SHIFTphone 8 - Murena - deGoogled Phones","_seopress_titles_desc":"Murena SHIFTphone 8 : Le smartphone durable et modulaire avec \/e\/OS ax\u00e9 sur la protection de la vie priv\u00e9e et un kill switch mat\u00e9riel. Profitez d'un \u00e9cran AMOLED de 6,67\u2033 et d'un stockage extensible jusqu'\u00e0 512 Go.","_seopress_robots_index":""},"product_brand":[],"product_cat":[551,495],"product_tag":[1095,1072,1070,806,804,831,1073],"class_list":{"0":"post-133832","1":"product","2":"type-product","3":"status-publish","4":"has-post-thumbnail","6":"product_cat-smartphones","7":"product_cat-neuf","8":"product_tag-12-ram-fr","9":"product_tag-512-go-extensible","10":"product_tag-amoled-de-667-pouces","11":"product_tag-batterie-amovible","12":"product_tag-double-sim","13":"product_tag-garantie-2-ans","14":"product_tag-interrupteur-darret-physique","15":"wpbf-post","18":"instock","19":"taxable","20":"shipping-taxable","21":"purchasable","22":"product-type-simple"},"bundled_by":[],"bundle_stock_status":"instock","bundle_stock_quantity":24,"bundle_virtual":false,"bundle_layout":"","bundle_add_to_cart_form_location":"","bundle_editable_in_cart":false,"bundle_sold_individually_context":"","bundle_item_grouping":"","bundle_min_size":"","bundle_max_size":"","bundle_price":[],"bundled_items":[],"bundle_sell_ids":[],"supplier_id":122429,"supplier_sku":"","barcode":null,"atum_controlled":true,"out_stock_date":null,"out_stock_threshold":null,"inheritable":false,"inbound_stock":0,"stock_on_hold":5,"sold_today":2,"sales_last_days":15,"reserved_stock":0,"customer_returns":0,"warehouse_damage":0,"lost_in_post":0,"other_logs":0,"out_stock_days":0,"lost_sales":0,"has_location":false,"update_date":"2026-04-19T14:00:35","atum_locations":[],"atum_stock_status":"instock","restock_status":false,"low_stock_amount":"","sales_update_date":"2026-04-19T14:00:35","calc_backorders":null,"linked_bom":[],"sync_purchase_price":false,"bom_sellable":null,"minimum_threshold":null,"available_to_purchase":null,"selling_priority":null,"calculated_stock":null,"is_bom":false,"mi_inventories":[],"multi_inventory":"no","inventory_sorting_mode":"global","inventory_iteration":"global","expirable_inventories":"global","price_per_inventory":"global","show_write_off_inventories":"global","selectable_inventories":"global","selectable_inventories_mode":"global","_links":{"self":[{"href":"https:\/\/murena.com\/fr\/wp-json\/wp\/v2\/product\/133832","targetHints":{"allow":["GET"]}}],"collection":[{"href":"https:\/\/murena.com\/fr\/wp-json\/wp\/v2\/product"}],"about":[{"href":"https:\/\/murena.com\/fr\/wp-json\/wp\/v2\/types\/product"}],"replies":[{"embeddable":true,"href":"https:\/\/murena.com\/fr\/wp-json\/wp\/v2\/comments?post=133832"}],"wp:featuredmedia":[{"embeddable":true,"href":"https:\/\/murena.com\/fr\/wp-json\/wp\/v2\/media\/141218"}],"wp:attachment":[{"href":"https:\/\/murena.com\/fr\/wp-json\/wp\/v2\/media?parent=133832"}],"wp:term":[{"taxonomy":"product_brand","embeddable":true,"href":"https:\/\/murena.com\/fr\/wp-json\/wp\/v2\/product_brand?post=133832"},{"taxonomy":"product_cat","embeddable":true,"href":"https:\/\/murena.com\/fr\/wp-json\/wp\/v2\/product_cat?post=133832"},{"taxonomy":"product_tag","embeddable":true,"href":"https:\/\/murena.com\/fr\/wp-json\/wp\/v2\/product_tag?post=133832"}],"curies":[{"name":"wp","href":"https:\/\/api.w.org\/{rel}","templated":true}]}}