{"id":130192,"date":"2025-08-14T14:56:28","date_gmt":"2025-08-14T12:56:28","guid":{"rendered":"https:\/\/murena.com\/?post_type=product&#038;p=130192"},"modified":"2026-03-14T18:25:44","modified_gmt":"2026-03-14T17:25:44","slug":"fairphone-gen-6-usb-c-port","status":"publish","type":"product","link":"https:\/\/murena.com\/fr\/boutique\/pieces-detachees\/fairphone-gen-6-usb-c-port\/","title":{"rendered":"Port USB-C du Fairphone (Gen. 6)"},"content":{"rendered":"","protected":false},"excerpt":{"rendered":"<p>Vous avez des probl\u00e8mes pour recharger votre Murena Fairphone (Gen. 6) ?<\/p>\n<p>Faites durer votre t\u00e9l\u00e9phone plus longtemps et optimisez vos transferts de donn\u00e9es et vos vitesses de charge avec un nouveau port USB-C !<\/p>\n<p>Compatible uniquement avec le Murena Fairphone (Gen. 6).<br \/>\nIncompatible avec tout autre appareil comme le Murena Fairphone 5, ou le Murena Fairphone 4.<br \/>\nCompatible uniquement avec le Fairphone (Gen. 6). Incompatible avec tout autre appareil. <\/p>\n","protected":false},"featured_media":129769,"comment_status":"open","ping_status":"closed","template":"","meta":{"_seopress_robots_primary_cat":"none","_seopress_titles_title":"Le port USB-C du Fairphone (Gen. 6) - Murena - deGoogled Phones","_seopress_titles_desc":"Remplacez le port USB-C de votre Murena Fairphone (Gen. 6) par un nouveau. B\u00e9n\u00e9ficiez d'une charge efficace et de connexions fiables. Fonctionne uniquement avec le (Gen. 6) !  ","_seopress_robots_index":""},"product_brand":[],"product_cat":[940],"product_tag":[1044],"class_list":{"0":"post-130192","1":"product","2":"type-product","3":"status-publish","4":"has-post-thumbnail","6":"product_cat-pieces-detachees","7":"product_tag-pieces-detachees","8":"wpbf-post","11":"instock","12":"taxable","13":"shipping-taxable","14":"purchasable","15":"product-type-simple"},"bundled_by":[],"bundle_stock_status":"instock","bundle_stock_quantity":2,"bundle_virtual":false,"bundle_layout":"","bundle_add_to_cart_form_location":"","bundle_editable_in_cart":false,"bundle_sold_individually_context":"","bundle_item_grouping":"","bundle_min_size":"","bundle_max_size":"","bundle_price":[],"bundled_items":[],"bundle_sell_ids":[],"supplier_id":28948,"supplier_sku":"F6USBC-1ZW-WW1","barcode":null,"atum_controlled":true,"out_stock_date":null,"out_stock_threshold":null,"inheritable":false,"inbound_stock":20,"stock_on_hold":0,"sold_today":0,"sales_last_days":0,"reserved_stock":0,"customer_returns":0,"warehouse_damage":0,"lost_in_post":0,"other_logs":0,"out_stock_days":0,"lost_sales":0,"has_location":false,"update_date":"2026-04-24T12:16:33","atum_locations":[],"atum_stock_status":"instock","restock_status":false,"low_stock_amount":"","sales_update_date":"2026-04-24T12:16:32","calc_backorders":null,"linked_bom":[],"sync_purchase_price":false,"bom_sellable":null,"minimum_threshold":null,"available_to_purchase":null,"selling_priority":null,"calculated_stock":null,"is_bom":false,"mi_inventories":[],"multi_inventory":"global","inventory_sorting_mode":"global","inventory_iteration":"global","expirable_inventories":"global","price_per_inventory":"global","show_write_off_inventories":"global","selectable_inventories":"global","selectable_inventories_mode":"global","_links":{"self":[{"href":"https:\/\/murena.com\/fr\/wp-json\/wp\/v2\/product\/130192","targetHints":{"allow":["GET"]}}],"collection":[{"href":"https:\/\/murena.com\/fr\/wp-json\/wp\/v2\/product"}],"about":[{"href":"https:\/\/murena.com\/fr\/wp-json\/wp\/v2\/types\/product"}],"replies":[{"embeddable":true,"href":"https:\/\/murena.com\/fr\/wp-json\/wp\/v2\/comments?post=130192"}],"wp:featuredmedia":[{"embeddable":true,"href":"https:\/\/murena.com\/fr\/wp-json\/wp\/v2\/media\/129769"}],"wp:attachment":[{"href":"https:\/\/murena.com\/fr\/wp-json\/wp\/v2\/media?parent=130192"}],"wp:term":[{"taxonomy":"product_brand","embeddable":true,"href":"https:\/\/murena.com\/fr\/wp-json\/wp\/v2\/product_brand?post=130192"},{"taxonomy":"product_cat","embeddable":true,"href":"https:\/\/murena.com\/fr\/wp-json\/wp\/v2\/product_cat?post=130192"},{"taxonomy":"product_tag","embeddable":true,"href":"https:\/\/murena.com\/fr\/wp-json\/wp\/v2\/product_tag?post=130192"}],"curies":[{"name":"wp","href":"https:\/\/api.w.org\/{rel}","templated":true}]}}