{"id":130173,"date":"2025-08-15T11:30:25","date_gmt":"2025-08-15T09:30:25","guid":{"rendered":"https:\/\/murena.com\/?post_type=product&p=130173"},"modified":"2026-04-24T08:48:26","modified_gmt":"2026-04-24T06:48:26","slug":"chargeur-rapide-triple-port-65w-ue","status":"publish","type":"product","link":"https:\/\/murena.com\/fr\/boutique\/accessoires\/chargeur-rapide-triple-port-65w-ue\/","title":{"rendered":"Chargeur rapide triple port 65W (UE)"},"content":{"rendered":"","protected":false},"excerpt":{"rendered":"<p>Chargez votre Fairphone et plus encore avec le <strong>chargeur rapide 65W \u00e0 trois<\/strong> ports.<\/p>\n<p>Dot\u00e9 de trois ports pour alimenter plusieurs appareils simultan\u00e9ment, ce chargeur est votre meilleure solution pour une charge rapide et efficace \u00e0 tout moment.<br \/>\nCon\u00e7u pour tous les smartphones Fairphone et plus encore.<\/p>\n<p>Compatible avec Murena Fairphone (Gen. 6), Murena Fairphone 5, Murena Fairphone 4, Murena Teracube, Murena Pixel, Murena CMF.<br \/>\nC\u00e2ble de charge <strong>non<\/strong> inclus.<\/p>\n","protected":false},"featured_media":128986,"comment_status":"open","ping_status":"closed","template":"","meta":{"_seopress_robots_primary_cat":"none","_seopress_titles_title":"Chargeur rapide \u00e0 trois ports 65W (EU) -Murena - deGoogled Phone","_seopress_titles_desc":"Chargeur rapide triple port 65W pour Fairphone Gen 6, 5, 4 et plus. Chargez plusieurs appareils \u00e0 la vitesse maximale avec une puissance compacte, efficace et fiable. ","_seopress_robots_index":""},"product_brand":[],"product_cat":[492],"product_tag":[800,1051],"class_list":{"0":"post-130173","1":"product","2":"type-product","3":"status-publish","4":"has-post-thumbnail","6":"product_cat-accessoires","7":"product_tag-accessoires","8":"product_tag-chargeur-rapide","9":"wpbf-post","12":"instock","13":"taxable","14":"shipping-taxable","15":"purchasable","16":"product-type-simple"},"bundled_by":[],"bundle_stock_status":"instock","bundle_stock_quantity":5,"bundle_virtual":false,"bundle_layout":"","bundle_add_to_cart_form_location":"","bundle_editable_in_cart":false,"bundle_sold_individually_context":"","bundle_item_grouping":"","bundle_min_size":"","bundle_max_size":"","bundle_price":[],"bundled_items":[],"bundle_sell_ids":[],"supplier_id":28948,"supplier_sku":"ACCHAR-404-WW1","barcode":null,"atum_controlled":true,"out_stock_date":null,"out_stock_threshold":null,"inheritable":false,"inbound_stock":0,"stock_on_hold":3,"sold_today":0,"sales_last_days":0,"reserved_stock":0,"customer_returns":0,"warehouse_damage":0,"lost_in_post":0,"other_logs":0,"out_stock_days":0,"lost_sales":0,"has_location":false,"update_date":"2026-04-24T06:48:38","atum_locations":[],"atum_stock_status":"instock","restock_status":false,"low_stock_amount":"","sales_update_date":"2026-04-24T06:48:37","calc_backorders":null,"linked_bom":[],"sync_purchase_price":false,"bom_sellable":null,"minimum_threshold":null,"available_to_purchase":null,"selling_priority":null,"calculated_stock":null,"is_bom":false,"mi_inventories":[],"multi_inventory":"global","inventory_sorting_mode":"global","inventory_iteration":"global","expirable_inventories":"global","price_per_inventory":"global","show_write_off_inventories":"global","selectable_inventories":"global","selectable_inventories_mode":"global","_links":{"self":[{"href":"https:\/\/murena.com\/fr\/wp-json\/wp\/v2\/product\/130173","targetHints":{"allow":["GET"]}}],"collection":[{"href":"https:\/\/murena.com\/fr\/wp-json\/wp\/v2\/product"}],"about":[{"href":"https:\/\/murena.com\/fr\/wp-json\/wp\/v2\/types\/product"}],"replies":[{"embeddable":true,"href":"https:\/\/murena.com\/fr\/wp-json\/wp\/v2\/comments?post=130173"}],"wp:featuredmedia":[{"embeddable":true,"href":"https:\/\/murena.com\/fr\/wp-json\/wp\/v2\/media\/128986"}],"wp:attachment":[{"href":"https:\/\/murena.com\/fr\/wp-json\/wp\/v2\/media?parent=130173"}],"wp:term":[{"taxonomy":"product_brand","embeddable":true,"href":"https:\/\/murena.com\/fr\/wp-json\/wp\/v2\/product_brand?post=130173"},{"taxonomy":"product_cat","embeddable":true,"href":"https:\/\/murena.com\/fr\/wp-json\/wp\/v2\/product_cat?post=130173"},{"taxonomy":"product_tag","embeddable":true,"href":"https:\/\/murena.com\/fr\/wp-json\/wp\/v2\/product_tag?post=130173"}],"curies":[{"name":"wp","href":"https:\/\/api.w.org\/{rel}","templated":true}]}}