{"id":129889,"date":"2025-08-18T13:11:32","date_gmt":"2025-08-18T11:11:32","guid":{"rendered":"https:\/\/murena.com\/?post_type=product&#038;p=129889"},"modified":"2026-02-23T16:39:55","modified_gmt":"2026-02-23T15:39:55","slug":"fairphone-gen-6-main-camera","status":"publish","type":"product","link":"https:\/\/murena.com\/fr\/boutique\/pieces-detachees\/fairphone-gen-6-main-camera\/","title":{"rendered":"Appareil photo principal du Fairphone (Gen. 6)"},"content":{"rendered":"","protected":false},"excerpt":{"rendered":"<p>L&rsquo;appareil photo principal de 50 Mpx, avec OIS et enregistrement 4K, permet de r\u00e9aliser des clich\u00e9s impeccables \u00e0 chaque fois.<\/p>\n","protected":false},"featured_media":129548,"comment_status":"open","ping_status":"closed","template":"","meta":{"_seopress_robots_primary_cat":"none","_seopress_titles_title":"Fairphone (Gen. 6) Cam\u00e9ra principale - Murena - deGoogled Phones","_seopress_titles_desc":"R\u00e9alisez des clich\u00e9s d'une grande nettet\u00e9 gr\u00e2ce \u00e0 l'appareil photo principal de 50 m\u00e9gapixels, dot\u00e9 d'un syst\u00e8me OIS et d'une fonction d'enregistrement 4K. Profitez de vid\u00e9os stables, d'une clart\u00e9 nette et de r\u00e9sultats \u00e9clatants \u00e0 chaque capture. ","_seopress_robots_index":""},"product_brand":[],"product_cat":[940],"product_tag":[1044],"class_list":{"0":"post-129889","1":"product","2":"type-product","3":"status-publish","4":"has-post-thumbnail","6":"product_cat-pieces-detachees","7":"product_tag-pieces-detachees","8":"wpbf-post","11":"instock","12":"taxable","13":"shipping-taxable","14":"purchasable","15":"product-type-simple"},"bundled_by":[],"bundle_stock_status":"instock","bundle_stock_quantity":5,"bundle_virtual":false,"bundle_layout":"","bundle_add_to_cart_form_location":"","bundle_editable_in_cart":false,"bundle_sold_individually_context":"","bundle_item_grouping":"","bundle_min_size":"","bundle_max_size":"","bundle_price":[],"bundled_items":[],"bundle_sell_ids":[],"supplier_id":28948,"supplier_sku":"F6MAIN-1ZW-WW1","barcode":null,"atum_controlled":true,"out_stock_date":null,"out_stock_threshold":null,"inheritable":false,"inbound_stock":0,"stock_on_hold":0,"sold_today":0,"sales_last_days":0,"reserved_stock":0,"customer_returns":0,"warehouse_damage":0,"lost_in_post":0,"other_logs":0,"out_stock_days":0,"lost_sales":0,"has_location":false,"update_date":"2026-04-24T12:22:09","atum_locations":[],"atum_stock_status":"instock","restock_status":false,"low_stock_amount":"","sales_update_date":"2026-04-24T12:22:08","calc_backorders":null,"linked_bom":[],"sync_purchase_price":false,"bom_sellable":null,"minimum_threshold":null,"available_to_purchase":null,"selling_priority":null,"calculated_stock":null,"is_bom":false,"mi_inventories":[],"multi_inventory":"global","inventory_sorting_mode":"global","inventory_iteration":"global","expirable_inventories":"global","price_per_inventory":"global","show_write_off_inventories":"global","selectable_inventories":"global","selectable_inventories_mode":"global","_links":{"self":[{"href":"https:\/\/murena.com\/fr\/wp-json\/wp\/v2\/product\/129889","targetHints":{"allow":["GET"]}}],"collection":[{"href":"https:\/\/murena.com\/fr\/wp-json\/wp\/v2\/product"}],"about":[{"href":"https:\/\/murena.com\/fr\/wp-json\/wp\/v2\/types\/product"}],"replies":[{"embeddable":true,"href":"https:\/\/murena.com\/fr\/wp-json\/wp\/v2\/comments?post=129889"}],"wp:featuredmedia":[{"embeddable":true,"href":"https:\/\/murena.com\/fr\/wp-json\/wp\/v2\/media\/129548"}],"wp:attachment":[{"href":"https:\/\/murena.com\/fr\/wp-json\/wp\/v2\/media?parent=129889"}],"wp:term":[{"taxonomy":"product_brand","embeddable":true,"href":"https:\/\/murena.com\/fr\/wp-json\/wp\/v2\/product_brand?post=129889"},{"taxonomy":"product_cat","embeddable":true,"href":"https:\/\/murena.com\/fr\/wp-json\/wp\/v2\/product_cat?post=129889"},{"taxonomy":"product_tag","embeddable":true,"href":"https:\/\/murena.com\/fr\/wp-json\/wp\/v2\/product_tag?post=129889"}],"curies":[{"name":"wp","href":"https:\/\/api.w.org\/{rel}","templated":true}]}}