{"id":124740,"date":"2025-06-16T19:25:28","date_gmt":"2025-06-16T17:25:28","guid":{"rendered":"https:\/\/murena.com\/?post_type=product&#038;p=124740"},"modified":"2026-03-14T22:45:40","modified_gmt":"2026-03-14T21:45:40","slug":"laniere-fairphone-gen-6","status":"publish","type":"product","link":"https:\/\/murena.com\/fr\/boutique\/accessoires\/laniere-fairphone-gen-6\/","title":{"rendered":"Lani\u00e8re Fairphone (Gen. 6)"},"content":{"rendered":"","protected":false},"excerpt":{"rendered":"<p>Gardez les mains libres et en s\u00e9curit\u00e9 avec l&rsquo;accessoire de lani\u00e8re pour votre Murena Fairphone (Gen. 6) !<\/p>\n<p>Cet accessoire est con\u00e7u pour \u00eatre viss\u00e9 fermement au dos de votre t\u00e9l\u00e9phone, fournissant un point d&rsquo;ancrage solide et fiable pour votre cordon pr\u00e9f\u00e9r\u00e9.<\/p>\n<p>Que vous soyez en d\u00e9placement, en voyage ou que vous souhaitiez simplement b\u00e9n\u00e9ficier d&rsquo;une s\u00e9curit\u00e9 suppl\u00e9mentaire, l&rsquo;accessoire lanyard permet de maintenir votre t\u00e9l\u00e9phone en toute s\u00e9curit\u00e9 et de le rendre facilement accessible \u00e0 tout moment. Sa conception discr\u00e8te garantit qu&rsquo;il n&rsquo;interf\u00e8re pas avec le chargement sans fil ou les \u00e9tuis de t\u00e9l\u00e9phone, et il est fabriqu\u00e9 \u00e0 partir de mat\u00e9riaux durables pour une utilisation \u00e0 long terme. <\/p>\n<p><strong>Compatible<\/strong> avec Murena Fairphone (Gen. 6) | <strong>Incompatible<\/strong> avec Murena Fairphone 5 et Murena Fairphone 4.<\/p>\n","protected":false},"featured_media":124385,"comment_status":"open","ping_status":"closed","template":"","meta":{"_seopress_robots_primary_cat":"none","_seopress_titles_title":"Lani\u00e8re Fairphone (Gen. 6)","_seopress_titles_desc":"Gardez les mains libres et en s\u00e9curit\u00e9 avec l'accessoire de lani\u00e8re pour votre Murena Fairphone (Gen. 6) !","_seopress_robots_index":""},"product_brand":[],"product_cat":[492],"product_tag":[],"class_list":{"0":"post-124740","1":"product","2":"type-product","3":"status-publish","4":"has-post-thumbnail","6":"product_cat-accessoires","7":"wpbf-post","10":"instock","11":"taxable","12":"shipping-taxable","13":"purchasable","14":"product-type-variable"},"bundled_by":[],"bundle_stock_status":"instock","bundle_stock_quantity":null,"bundle_virtual":false,"bundle_layout":"","bundle_add_to_cart_form_location":"","bundle_editable_in_cart":false,"bundle_sold_individually_context":"","bundle_item_grouping":"","bundle_min_size":"","bundle_max_size":"","bundle_price":[],"bundled_items":[],"bundle_sell_ids":[],"supplier_id":null,"supplier_sku":"","barcode":null,"atum_controlled":true,"out_stock_date":null,"out_stock_threshold":null,"inheritable":true,"inbound_stock":0,"stock_on_hold":0,"sold_today":0,"sales_last_days":7,"reserved_stock":0,"customer_returns":0,"warehouse_damage":0,"lost_in_post":0,"other_logs":0,"out_stock_days":0,"lost_sales":0,"has_location":false,"update_date":"2026-04-08T20:33:31","atum_locations":[],"atum_stock_status":"instock","restock_status":false,"low_stock_amount":"","sales_update_date":"2026-04-08T12:17:14","calc_backorders":null,"linked_bom":[],"sync_purchase_price":false,"bom_sellable":null,"minimum_threshold":null,"available_to_purchase":null,"selling_priority":null,"calculated_stock":null,"is_bom":false,"mi_inventories":[],"multi_inventory":"no","inventory_sorting_mode":"global","inventory_iteration":"global","expirable_inventories":"global","price_per_inventory":"global","show_write_off_inventories":"global","selectable_inventories":"global","selectable_inventories_mode":"global","_links":{"self":[{"href":"https:\/\/murena.com\/fr\/wp-json\/wp\/v2\/product\/124740","targetHints":{"allow":["GET"]}}],"collection":[{"href":"https:\/\/murena.com\/fr\/wp-json\/wp\/v2\/product"}],"about":[{"href":"https:\/\/murena.com\/fr\/wp-json\/wp\/v2\/types\/product"}],"replies":[{"embeddable":true,"href":"https:\/\/murena.com\/fr\/wp-json\/wp\/v2\/comments?post=124740"}],"wp:featuredmedia":[{"embeddable":true,"href":"https:\/\/murena.com\/fr\/wp-json\/wp\/v2\/media\/124385"}],"wp:attachment":[{"href":"https:\/\/murena.com\/fr\/wp-json\/wp\/v2\/media?parent=124740"}],"wp:term":[{"taxonomy":"product_brand","embeddable":true,"href":"https:\/\/murena.com\/fr\/wp-json\/wp\/v2\/product_brand?post=124740"},{"taxonomy":"product_cat","embeddable":true,"href":"https:\/\/murena.com\/fr\/wp-json\/wp\/v2\/product_cat?post=124740"},{"taxonomy":"product_tag","embeddable":true,"href":"https:\/\/murena.com\/fr\/wp-json\/wp\/v2\/product_tag?post=124740"}],"curies":[{"name":"wp","href":"https:\/\/api.w.org\/{rel}","templated":true}]}}