{"id":124725,"date":"2025-06-16T17:46:37","date_gmt":"2025-06-16T15:46:37","guid":{"rendered":"https:\/\/murena.com\/?post_type=product&#038;p=124725"},"modified":"2026-04-05T14:23:05","modified_gmt":"2026-04-05T12:23:05","slug":"fairphone-gen-6-finger-loop","status":"publish","type":"product","link":"https:\/\/murena.com\/fr\/boutique\/accessoires\/fairphone-gen-6-finger-loop\/","title":{"rendered":"Fairphone (Gen. 6) Finger Loop"},"content":{"rendered":"<p>Gardez votre Murena Fairphone (Gen. 6) en s\u00e9curit\u00e9 et confortable avec l&rsquo;accessoire Fingerloop !<\/p>\n<p>Cette boucle innovante se visse facilement \u00e0 l&rsquo;arri\u00e8re de votre t\u00e9l\u00e9phone, offrant une prise fiable qui aide \u00e0 pr\u00e9venir les chutes accidentelles, en particulier lorsque vous \u00eates en d\u00e9placement.<br \/>\nSa conception intelligente permet \u00e0 la boucle de rester compl\u00e8tement \u00e0 plat lorsqu&rsquo;elle n&rsquo;est pas utilis\u00e9e, de sorte que votre t\u00e9l\u00e9phone reste \u00e0 port\u00e9e de main et \u00e9l\u00e9gant. Lorsque vous en avez besoin, il vous suffit de soulever la boucle pour y glisser votre doigt afin de l&rsquo;utiliser d&rsquo;une seule main, de prendre des selfies ou de b\u00e9n\u00e9ficier d&rsquo;une stabilit\u00e9 accrue lors des appels et de la navigation. <\/p>\n<p>Fabriqu\u00e9 \u00e0 partir de mat\u00e9riaux durables, le passe-doigt est id\u00e9al pour les utilisateurs qui recherchent une s\u00e9curit\u00e9 suppl\u00e9mentaire sans s&rsquo;encombrer.<\/p>\n<p><strong>Compatible<\/strong> avec Murena Fairphone (Gen. 6) | <strong>Incompatible<\/strong> avec Murena Fairphone 5 et Murena Fairphone 4.<\/p>\n","protected":false},"excerpt":{"rendered":"<p>Gardez votre Murena Fairphone (Gen. 6) en s\u00e9curit\u00e9 et confortable avec l&rsquo;accessoire Fingerloop !<\/p>\n<p>Cette boucle innovante se visse facilement \u00e0 l&rsquo;arri\u00e8re de votre t\u00e9l\u00e9phone, offrant une prise fiable qui aide \u00e0 pr\u00e9venir les chutes accidentelles, en particulier lorsque vous \u00eates en d\u00e9placement.<br \/>\nSa conception intelligente permet \u00e0 la boucle de rester compl\u00e8tement \u00e0 plat lorsqu&rsquo;elle n&rsquo;est pas utilis\u00e9e, de sorte que votre t\u00e9l\u00e9phone reste \u00e0 port\u00e9e de main et \u00e9l\u00e9gant. Lorsque vous en avez besoin, il vous suffit de soulever la boucle pour y glisser votre doigt afin de l&rsquo;utiliser d&rsquo;une seule main, de prendre des selfies ou de b\u00e9n\u00e9ficier d&rsquo;une stabilit\u00e9 accrue lors des appels et de la navigation. <\/p>\n<p>Fabriqu\u00e9 \u00e0 partir de mat\u00e9riaux durables, le passe-doigt est id\u00e9al pour les utilisateurs qui recherchent une s\u00e9curit\u00e9 suppl\u00e9mentaire sans s&rsquo;encombrer.<\/p>\n<p><strong>Compatible<\/strong> avec Murena Fairphone (Gen. 6) | <strong>Incompatible<\/strong> avec Murena Fairphone 5 et Murena Fairphone 4.<\/p>\n","protected":false},"featured_media":124853,"comment_status":"open","ping_status":"closed","template":"","meta":{"_seopress_robots_primary_cat":"none","_seopress_titles_title":"Fairphone (Gen. 6) Finger Loop","_seopress_titles_desc":"Gardez votre Murena Fairphone (Gen. 6) en s\u00e9curit\u00e9 et confortable avec l'accessoire Fingerloop !","_seopress_robots_index":""},"product_brand":[],"product_cat":[492],"product_tag":[],"class_list":{"0":"post-124725","1":"product","2":"type-product","3":"status-publish","4":"has-post-thumbnail","6":"product_cat-accessoires","7":"wpbf-post","10":"instock","11":"taxable","12":"shipping-taxable","13":"purchasable","14":"product-type-variable"},"bundled_by":[],"bundle_stock_status":"instock","bundle_stock_quantity":null,"bundle_virtual":false,"bundle_layout":"","bundle_add_to_cart_form_location":"","bundle_editable_in_cart":false,"bundle_sold_individually_context":"","bundle_item_grouping":"","bundle_min_size":"","bundle_max_size":"","bundle_price":[],"bundled_items":[],"bundle_sell_ids":[],"supplier_id":null,"supplier_sku":"","barcode":null,"atum_controlled":true,"out_stock_date":null,"out_stock_threshold":null,"inheritable":true,"inbound_stock":0,"stock_on_hold":3,"sold_today":1,"sales_last_days":1,"reserved_stock":0,"customer_returns":0,"warehouse_damage":0,"lost_in_post":0,"other_logs":0,"out_stock_days":0,"lost_sales":0,"has_location":false,"update_date":"2026-04-05T12:23:07","atum_locations":[],"atum_stock_status":"instock","restock_status":false,"low_stock_amount":"","sales_update_date":"2026-04-05T12:16:17","calc_backorders":null,"linked_bom":[],"sync_purchase_price":false,"bom_sellable":null,"minimum_threshold":null,"available_to_purchase":null,"selling_priority":null,"calculated_stock":null,"is_bom":false,"mi_inventories":[],"multi_inventory":"no","inventory_sorting_mode":"global","inventory_iteration":"global","expirable_inventories":"global","price_per_inventory":"global","show_write_off_inventories":"global","selectable_inventories":"global","selectable_inventories_mode":"global","_links":{"self":[{"href":"https:\/\/murena.com\/fr\/wp-json\/wp\/v2\/product\/124725","targetHints":{"allow":["GET"]}}],"collection":[{"href":"https:\/\/murena.com\/fr\/wp-json\/wp\/v2\/product"}],"about":[{"href":"https:\/\/murena.com\/fr\/wp-json\/wp\/v2\/types\/product"}],"replies":[{"embeddable":true,"href":"https:\/\/murena.com\/fr\/wp-json\/wp\/v2\/comments?post=124725"}],"wp:featuredmedia":[{"embeddable":true,"href":"https:\/\/murena.com\/fr\/wp-json\/wp\/v2\/media\/124853"}],"wp:attachment":[{"href":"https:\/\/murena.com\/fr\/wp-json\/wp\/v2\/media?parent=124725"}],"wp:term":[{"taxonomy":"product_brand","embeddable":true,"href":"https:\/\/murena.com\/fr\/wp-json\/wp\/v2\/product_brand?post=124725"},{"taxonomy":"product_cat","embeddable":true,"href":"https:\/\/murena.com\/fr\/wp-json\/wp\/v2\/product_cat?post=124725"},{"taxonomy":"product_tag","embeddable":true,"href":"https:\/\/murena.com\/fr\/wp-json\/wp\/v2\/product_tag?post=124725"}],"curies":[{"name":"wp","href":"https:\/\/api.w.org\/{rel}","templated":true}]}}