{"id":124701,"date":"2025-06-16T16:39:00","date_gmt":"2025-06-16T14:39:00","guid":{"rendered":"https:\/\/murena.com\/?post_type=product&p=124701"},"modified":"2026-04-04T13:31:37","modified_gmt":"2026-04-04T11:31:37","slug":"porte-cartes-fairphone-gen-6","status":"publish","type":"product","link":"https:\/\/murena.com\/fr\/boutique\/accessoires\/porte-cartes-fairphone-gen-6\/","title":{"rendered":"Porte-cartes Fairphone (Gen. 6)"},"content":{"rendered":"","protected":false},"excerpt":{"rendered":"<p>Gardez vos objets essentiels \u00e0 port\u00e9e de main avec le porte-cartes Fairphone (Gen. 6).<\/p>\n<p>Ce support fin et durable vous permet de ranger quelques cartes au dos de votre t\u00e9l\u00e9phone.<br \/>\nFabriqu\u00e9 \u00e0 partir de mat\u00e9riaux flexibles et de haute qualit\u00e9, il offre une protection suppl\u00e9mentaire contre les rayures et les chocs mineurs tout en conservant un profil bas. Parfaitement con\u00e7u pour s&rsquo;adapter aux contours de votre Fairphone, il se visse \u00e0 l&rsquo;arri\u00e8re de votre Fairphone (Gen. 6) et garde vos cartes en s\u00e9curit\u00e9 et facilement accessibles o\u00f9 que vous alliez. <\/p>\n<p><strong>Compatible<\/strong> avec Murena Fairphone (Gen. 6) | <strong>Incompatible<\/strong> avec Murena Fairphone 5 et Murena Fairphone 4.<\/p>\n","protected":false},"featured_media":124849,"comment_status":"open","ping_status":"closed","template":"","meta":{"_seopress_robots_primary_cat":"none","_seopress_titles_title":"Porte-cartes Fairphone (Gen. 6)","_seopress_titles_desc":"Gardez vos objets essentiels \u00e0 port\u00e9e de main avec le porte-cartes Fairphone (Gen. 6).\nCe porte-cartes fin et durable vous permet de ranger commod\u00e9ment quelques cartes au dos de votre t\u00e9l\u00e9phone.","_seopress_robots_index":""},"product_brand":[],"product_cat":[492],"product_tag":[],"class_list":{"0":"post-124701","1":"product","2":"type-product","3":"status-publish","4":"has-post-thumbnail","6":"product_cat-accessoires","7":"wpbf-post","10":"instock","11":"taxable","12":"shipping-taxable","13":"purchasable","14":"product-type-variable"},"bundled_by":[],"bundle_stock_status":"instock","bundle_stock_quantity":null,"bundle_virtual":false,"bundle_layout":"","bundle_add_to_cart_form_location":"","bundle_editable_in_cart":false,"bundle_sold_individually_context":"","bundle_item_grouping":"","bundle_min_size":"","bundle_max_size":"","bundle_price":[],"bundled_items":[],"bundle_sell_ids":[],"supplier_id":null,"supplier_sku":"","barcode":null,"atum_controlled":true,"out_stock_date":null,"out_stock_threshold":null,"inheritable":true,"inbound_stock":0,"stock_on_hold":3,"sold_today":1,"sales_last_days":3,"reserved_stock":0,"customer_returns":0,"warehouse_damage":0,"lost_in_post":0,"other_logs":0,"out_stock_days":0,"lost_sales":0,"has_location":false,"update_date":"2026-04-09T07:34:57","atum_locations":[],"atum_stock_status":"instock","restock_status":false,"low_stock_amount":"","sales_update_date":"2026-04-08T07:06:17","calc_backorders":null,"linked_bom":[],"sync_purchase_price":false,"bom_sellable":null,"minimum_threshold":null,"available_to_purchase":null,"selling_priority":null,"calculated_stock":null,"is_bom":false,"mi_inventories":[],"multi_inventory":"no","inventory_sorting_mode":"global","inventory_iteration":"global","expirable_inventories":"global","price_per_inventory":"global","show_write_off_inventories":"global","selectable_inventories":"global","selectable_inventories_mode":"global","_links":{"self":[{"href":"https:\/\/murena.com\/fr\/wp-json\/wp\/v2\/product\/124701","targetHints":{"allow":["GET"]}}],"collection":[{"href":"https:\/\/murena.com\/fr\/wp-json\/wp\/v2\/product"}],"about":[{"href":"https:\/\/murena.com\/fr\/wp-json\/wp\/v2\/types\/product"}],"replies":[{"embeddable":true,"href":"https:\/\/murena.com\/fr\/wp-json\/wp\/v2\/comments?post=124701"}],"wp:featuredmedia":[{"embeddable":true,"href":"https:\/\/murena.com\/fr\/wp-json\/wp\/v2\/media\/124849"}],"wp:attachment":[{"href":"https:\/\/murena.com\/fr\/wp-json\/wp\/v2\/media?parent=124701"}],"wp:term":[{"taxonomy":"product_brand","embeddable":true,"href":"https:\/\/murena.com\/fr\/wp-json\/wp\/v2\/product_brand?post=124701"},{"taxonomy":"product_cat","embeddable":true,"href":"https:\/\/murena.com\/fr\/wp-json\/wp\/v2\/product_cat?post=124701"},{"taxonomy":"product_tag","embeddable":true,"href":"https:\/\/murena.com\/fr\/wp-json\/wp\/v2\/product_tag?post=124701"}],"curies":[{"name":"wp","href":"https:\/\/api.w.org\/{rel}","templated":true}]}}