{"id":124071,"date":"2025-06-13T18:27:44","date_gmt":"2025-06-13T16:27:44","guid":{"rendered":"https:\/\/murena.com\/?post_type=product&#038;p=124071"},"modified":"2026-04-24T08:48:28","modified_gmt":"2026-04-24T06:48:28","slug":"fairphone-6-coque-de-protection","status":"publish","type":"product","link":"https:\/\/murena.com\/fr\/boutique\/accessoires\/fairphone-6-coque-de-protection\/","title":{"rendered":"Coque de protection pour Fairphone (Gen. 6)"},"content":{"rendered":"","protected":false},"excerpt":{"rendered":"<p>Prot\u00e9gez votre Murena Fairphone (Gen. 6) l\u00e0 o\u00f9 il en a le plus besoin !<\/p>\n<p>Cette coque de protection prot\u00e8ge votre t\u00e9l\u00e9phone contre les chutes tout en vous donnant la possibilit\u00e9 d&rsquo;ajouter d&rsquo;autres accessoires \u00e0 votre t\u00e9l\u00e9phone, tels qu&rsquo;un porte-carte, un passant pour doigt ou une lani\u00e8re.<\/p>\n<p>Son design est con\u00e7u pour aider votre Murena Fairphone (Gen. 6) \u00e0 durer encore plus longtemps. Son design efficace prot\u00e8ge les parties les plus sensibles de votre t\u00e9l\u00e9phone comme les c\u00f4t\u00e9s, les coins, l&rsquo;avant ou l&rsquo;appareil photo.<\/p>\n<p><strong>Compatible<\/strong> avec Murena Fairphone (Gen. 6) | <strong>Incompatible<\/strong> avec Murena Fairphone 5 et Murena Fairphone 4.<\/p>\n","protected":false},"featured_media":124845,"comment_status":"open","ping_status":"closed","template":"","meta":{"_seopress_robots_primary_cat":"none","_seopress_titles_title":"Coque de protection pour Fairphone (Gen. 6)","_seopress_titles_desc":"Prot\u00e9gez votre Murena Fairphone (Gen. 6) l\u00e0 o\u00f9 il en a le plus besoin !\r\nCette coque de protection prot\u00e8ge votre t\u00e9l\u00e9phone contre les chutes tout en vous donnant la possibilit\u00e9 d'ajouter d'autres accessoires \u00e0 votre t\u00e9l\u00e9phone, tels qu'un porte-carte, un passant pour doigt ou une lani\u00e8re.","_seopress_robots_index":""},"product_brand":[],"product_cat":[492],"product_tag":[800],"class_list":{"0":"post-124071","1":"product","2":"type-product","3":"status-publish","4":"has-post-thumbnail","6":"product_cat-accessoires","7":"product_tag-accessoires","8":"wpbf-post","11":"instock","12":"taxable","13":"shipping-taxable","14":"purchasable","15":"product-type-variable"},"bundled_by":["140581","150827"],"bundle_stock_status":"instock","bundle_stock_quantity":null,"bundle_virtual":false,"bundle_layout":"","bundle_add_to_cart_form_location":"","bundle_editable_in_cart":false,"bundle_sold_individually_context":"","bundle_item_grouping":"","bundle_min_size":"","bundle_max_size":"","bundle_price":[],"bundled_items":[],"bundle_sell_ids":[],"supplier_id":28948,"supplier_sku":"","barcode":null,"atum_controlled":true,"out_stock_date":null,"out_stock_threshold":null,"inheritable":true,"inbound_stock":0,"stock_on_hold":13,"sold_today":1,"sales_last_days":26,"reserved_stock":0,"customer_returns":0,"warehouse_damage":0,"lost_in_post":0,"other_logs":0,"out_stock_days":0,"lost_sales":0,"has_location":false,"update_date":"2026-04-24T07:06:03","atum_locations":[],"atum_stock_status":"instock","restock_status":false,"low_stock_amount":"","sales_update_date":"2026-04-24T07:06:03","calc_backorders":null,"linked_bom":[],"sync_purchase_price":false,"bom_sellable":null,"minimum_threshold":null,"available_to_purchase":null,"selling_priority":null,"calculated_stock":null,"is_bom":false,"mi_inventories":[],"multi_inventory":"no","inventory_sorting_mode":"global","inventory_iteration":"global","expirable_inventories":"global","price_per_inventory":"global","show_write_off_inventories":"global","selectable_inventories":"global","selectable_inventories_mode":"global","_links":{"self":[{"href":"https:\/\/murena.com\/fr\/wp-json\/wp\/v2\/product\/124071","targetHints":{"allow":["GET"]}}],"collection":[{"href":"https:\/\/murena.com\/fr\/wp-json\/wp\/v2\/product"}],"about":[{"href":"https:\/\/murena.com\/fr\/wp-json\/wp\/v2\/types\/product"}],"replies":[{"embeddable":true,"href":"https:\/\/murena.com\/fr\/wp-json\/wp\/v2\/comments?post=124071"}],"wp:featuredmedia":[{"embeddable":true,"href":"https:\/\/murena.com\/fr\/wp-json\/wp\/v2\/media\/124845"}],"wp:attachment":[{"href":"https:\/\/murena.com\/fr\/wp-json\/wp\/v2\/media?parent=124071"}],"wp:term":[{"taxonomy":"product_brand","embeddable":true,"href":"https:\/\/murena.com\/fr\/wp-json\/wp\/v2\/product_brand?post=124071"},{"taxonomy":"product_cat","embeddable":true,"href":"https:\/\/murena.com\/fr\/wp-json\/wp\/v2\/product_cat?post=124071"},{"taxonomy":"product_tag","embeddable":true,"href":"https:\/\/murena.com\/fr\/wp-json\/wp\/v2\/product_tag?post=124071"}],"curies":[{"name":"wp","href":"https:\/\/api.w.org\/{rel}","templated":true}]}}