{"id":123468,"date":"2025-05-02T15:57:18","date_gmt":"2025-05-02T13:57:18","guid":{"rendered":"https:\/\/murena.com\/?post_type=product&#038;p=123468"},"modified":"2026-04-07T20:50:10","modified_gmt":"2026-04-07T18:50:10","slug":"murena-teracube-2s","status":"publish","type":"product","link":"https:\/\/murena.com\/fr\/boutique\/smartphones\/neuf\/murena-teracube-2s\/","title":{"rendered":"Murena Teracube 2s"},"content":{"rendered":"","protected":false},"excerpt":{"rendered":"<div class=\"elementor-element elementor-element-7e14f113 elementor-widget elementor-widget-jet-single-excerpt\" data-id=\"7e14f113\" data-element_type=\"widget\" data-widget_type=\"jet-single-excerpt.default\">\n<div class=\"elementor-widget-container\">\n<div class=\"elementor-jet-single-excerpt jet-woo-builder\">\n<div class=\"woocommerce-product-details__short-description\">\n<p>Le Murena Teracube 2s est une excellente combinaison pour une meilleure durabilit\u00e9, gr\u00e2ce \u00e0 sa conception modulaire, sa batterie rempla\u00e7able et son \/e\/OS d\u00e9googl\u00e9.  <a href=\"https:\/\/murena.com\/fr\/boutique\/smartphones\/neuf\/murena-teracube-2s\/#android-without-google\">En savoir plus<\/a><\/p>\n<p>Il est dot\u00e9 d&rsquo;une batterie rempla\u00e7able de 4000mAh, peut \u00eatre r\u00e9par\u00e9 par les bricoleurs, est fabriqu\u00e9 \u00e0 partir de mat\u00e9riaux recycl\u00e9s et est livr\u00e9 avec un \u00e9tui solide et biod\u00e9gradable.  <a href=\"https:\/\/murena.com\/fr\/boutique\/smartphones\/neuf\/murena-teracube-2s\/#tech-spec\">En savoir plus<\/a><\/p>\n<p>Il est assorti d&rsquo;une garantie de quatre ans et d&rsquo;un forfait pour les r\u00e9parations accidentelles, car nous savons que des choses arrivent.<\/p>\n<p>Toujours aussi l\u00e9ger et d\u00e9sormais \u00e9quip\u00e9 d&rsquo;un processeur plus puissant, le nouveau Murena Teracube 2s est un excellent choix pour d\u00e9googliser votre vie !<\/p>\n<p>&nbsp;<\/p>\n<p>Note : le montant ci-dessous inclut toutes les taxes et les droits de douane pour votre pays.<\/p>\n<p><a href=\"https:\/\/murena.com\/fr\/etiquette-energetique\/\">Obtenez toutes les informations sur l&rsquo;\u00e9tiquette \u00e9nergie et la r\u00e9glementation.<\/a><\/p>\n<\/div>\n<\/div>\n<\/div>\n<\/div>\n","protected":false},"featured_media":112097,"comment_status":"open","ping_status":"closed","template":"","meta":{"_seopress_robots_primary_cat":"none","_seopress_titles_title":"","_seopress_titles_desc":"","_seopress_robots_index":""},"product_brand":[],"product_cat":[551,495],"product_tag":[805,806,807,808,803],"class_list":{"0":"post-123468","1":"product","2":"type-product","3":"status-publish","4":"has-post-thumbnail","6":"product_cat-smartphones","7":"product_cat-neuf","8":"product_tag-64-gb-fr","9":"product_tag-batterie-amovible","10":"product_tag-deverrouille-par-loperateur","11":"product_tag-garantie-de-4-ans","12":"product_tag-neuf","13":"wpbf-post","16":"instock","17":"taxable","18":"shipping-taxable","19":"purchasable","20":"product-type-simple"},"bundled_by":[],"bundle_stock_status":"instock","bundle_stock_quantity":31,"bundle_virtual":false,"bundle_layout":"","bundle_add_to_cart_form_location":"","bundle_editable_in_cart":false,"bundle_sold_individually_context":"","bundle_item_grouping":"","bundle_min_size":"","bundle_max_size":"","bundle_price":[],"bundled_items":[],"bundle_sell_ids":[],"supplier_id":50924,"supplier_sku":"","barcode":null,"atum_controlled":true,"out_stock_date":null,"out_stock_threshold":null,"inheritable":false,"inbound_stock":0,"stock_on_hold":7,"sold_today":0,"sales_last_days":0,"reserved_stock":0,"customer_returns":0,"warehouse_damage":0,"lost_in_post":0,"other_logs":0,"out_stock_days":0,"lost_sales":0,"has_location":false,"update_date":"2026-04-09T09:58:50","atum_locations":[],"atum_stock_status":"instock","restock_status":false,"low_stock_amount":"","sales_update_date":null,"calc_backorders":0,"linked_bom":[{"bom_id":52819,"bom_type":"raw_material","qty":2,"measure_unit":null},{"bom_id":56686,"bom_type":"raw_material","qty":1,"measure_unit":null},{"bom_id":56694,"bom_type":"raw_material","qty":1,"measure_unit":null},{"bom_id":65543,"bom_type":"raw_material","qty":1,"measure_unit":null}],"sync_purchase_price":false,"bom_sellable":null,"minimum_threshold":null,"available_to_purchase":null,"selling_priority":null,"calculated_stock":null,"is_bom":false,"mi_inventories":[],"multi_inventory":"no","inventory_sorting_mode":"global","inventory_iteration":"global","expirable_inventories":"global","price_per_inventory":"global","show_write_off_inventories":"global","selectable_inventories":"global","selectable_inventories_mode":"global","_links":{"self":[{"href":"https:\/\/murena.com\/fr\/wp-json\/wp\/v2\/product\/123468","targetHints":{"allow":["GET"]}}],"collection":[{"href":"https:\/\/murena.com\/fr\/wp-json\/wp\/v2\/product"}],"about":[{"href":"https:\/\/murena.com\/fr\/wp-json\/wp\/v2\/types\/product"}],"replies":[{"embeddable":true,"href":"https:\/\/murena.com\/fr\/wp-json\/wp\/v2\/comments?post=123468"}],"wp:featuredmedia":[{"embeddable":true,"href":"https:\/\/murena.com\/fr\/wp-json\/wp\/v2\/media\/112097"}],"wp:attachment":[{"href":"https:\/\/murena.com\/fr\/wp-json\/wp\/v2\/media?parent=123468"}],"wp:term":[{"taxonomy":"product_brand","embeddable":true,"href":"https:\/\/murena.com\/fr\/wp-json\/wp\/v2\/product_brand?post=123468"},{"taxonomy":"product_cat","embeddable":true,"href":"https:\/\/murena.com\/fr\/wp-json\/wp\/v2\/product_cat?post=123468"},{"taxonomy":"product_tag","embeddable":true,"href":"https:\/\/murena.com\/fr\/wp-json\/wp\/v2\/product_tag?post=123468"}],"curies":[{"name":"wp","href":"https:\/\/api.w.org\/{rel}","templated":true}]}}