{"id":121623,"date":"2025-05-09T18:26:10","date_gmt":"2025-05-09T16:26:10","guid":{"rendered":"https:\/\/murena.com\/?post_type=product&#038;p=121623"},"modified":"2026-04-14T08:16:01","modified_gmt":"2026-04-14T06:16:01","slug":"murena-fairphone-6","status":"publish","type":"product","link":"https:\/\/murena.com\/fr\/boutique\/smartphones\/neuf\/murena-fairphone-6\/","title":{"rendered":"Murena Fairphone (Gen. 6)"},"content":{"rendered":"","protected":false},"excerpt":{"rendered":"<p>Nouveau Fairphone Murena (Gen. 6) d\u00e9Googlis\u00e9!<\/p>\n<p>Le Murena Fairphone (Gen. 6) est l&rsquo;option parfaite pour allier vie priv\u00e9e et d\u00e9veloppement durable ! Aliment\u00e9 par le syst\u00e8me d&rsquo;exploitation \/e\/OS, votre Murena Fairphone (Gen. 6) vous prot\u00e8ge, vous et vos donn\u00e9es, \u00e0 tout moment, tout en prot\u00e9geant la plan\u00e8te. <\/p>\n<p>Prenez le contr\u00f4le et prot\u00e9gez vos donn\u00e9es personnelles tout en utilisant un t\u00e9l\u00e9phone \u00e9l\u00e9gant et rapide qui est \u00e9galement durable. <a href=\"https:\/\/murena.com\/fr\/boutique\/smartphones\/neuf\/murena-fairphone-6\/#android-without-google\">En savoir plus  <\/a><\/p>\n<p>Fabriqu\u00e9 \u00e0 partir de 50% de mat\u00e9riaux \u00e9quitables et recycl\u00e9s, dans des conditions \u00e9quitables et avec l&rsquo;une des plus faibles empreintes carbone du march\u00e9 !<\/p>\n<p>Conservez votre Fairphone Murena (Gen. 6) le plus longtemps possible, gr\u00e2ce \u00e0 sa conception modulaire et r\u00e9parable, vous pouvez facilement le r\u00e9parer vous-m\u00eame !<\/p>\n<p>Dot\u00e9 d&rsquo;une batterie amovible de 4415mAh, votre t\u00e9l\u00e9phone peut vous accompagner toute la journ\u00e9e, o\u00f9 que vous alliez. Prenez de superbes photos gr\u00e2ce \u00e0 son appareil photo Sony Lytia 700C de 50MP. Le Fairphone (gen.6) est \u00e9quip\u00e9 d&rsquo;un <strong>interrupteur<\/strong> qui vous permet d&rsquo;ex\u00e9cuter rapidement une fonction. Vous pouvez choisir parmi une s\u00e9rie de fonctions pratiques, comme <strong>activer\/d\u00e9sactiver votre appareil photo <\/strong>et votre<strong> microphone<\/strong> pour plus de confidentialit\u00e9, passer en mode <strong>\u00ab\u00a0Ne pas d\u00e9ranger <\/strong>\u00a0\u00bb et<strong> allumer la torche<\/strong>. <a href=\"https:\/\/murena.com\/fr\/boutique\/smartphones\/neuf\/murena-fairphone-6\/#tech-spec\">En savoir plus <\/a>    <\/p>\n<p>Si vous voulez un t\u00e9l\u00e9phone qui prot\u00e8ge votre vie priv\u00e9e et qui peut durer longtemps, le Murena Fairphone (Gen. 6) est le choix id\u00e9al pour vous !<\/p>\n<p dir=\"auto\" data-sourcepos=\"9:1-9:29\"><strong>Con\u00e7u pour vous de mani\u00e8re \u00e9quitable. . <\/strong><\/p>\n<p dir=\"auto\" data-sourcepos=\"9:1-9:29\"><a href=\"https:\/\/murena.com\/fr\/etiquette-energetique\/\">Obtenez des informations sur l&rsquo;\u00e9tiquette \u00e9nergie de cet appareil et la fiche d&rsquo;information produit correspondante.<\/a><\/p>\n","protected":false},"featured_media":144904,"comment_status":"open","ping_status":"closed","template":"","meta":{"_seopress_robots_primary_cat":"none","_seopress_titles_title":"Murena Fairphone (Gen. 6)","_seopress_titles_desc":"D\u00e9couvrez le tout nouveau Murena Fairphone 5 d\u00e9googlis\u00e9 !\r\n\r\nPlus puissant, plus durable, le Murena Fairphone 5 allie vie priv\u00e9e, \u00e9co-responsabilit\u00e9 et rapidit\u00e9 ! Le Murena Fairphone 5 fonctionne avec le syst\u00e8me d'exploitation \/e\/OS, permettant \u00e0 votre t\u00e9l\u00e9phone de vous prot\u00e9ger \u00e0 tout moment contre la collecte constante de donn\u00e9es par Google.","_seopress_robots_index":""},"product_brand":[],"product_cat":[495],"product_tag":[957,839,806,807,804,825,803],"class_list":{"0":"post-121623","1":"product","2":"type-product","3":"status-publish","4":"has-post-thumbnail","6":"product_cat-neuf","7":"product_tag-256gb-fr","8":"product_tag-5g-fr","9":"product_tag-batterie-amovible","10":"product_tag-deverrouille-par-loperateur","11":"product_tag-double-sim","12":"product_tag-garantie-etendue","13":"product_tag-neuf","14":"wpbf-post","17":"instock","18":"taxable","19":"shipping-taxable","20":"purchasable","21":"product-type-variable"},"bundled_by":["140581"],"bundle_stock_status":"instock","bundle_stock_quantity":null,"bundle_virtual":false,"bundle_layout":"","bundle_add_to_cart_form_location":"","bundle_editable_in_cart":false,"bundle_sold_individually_context":"","bundle_item_grouping":"","bundle_min_size":"","bundle_max_size":"","bundle_price":[],"bundled_items":[],"bundle_sell_ids":[],"supplier_id":null,"supplier_sku":"","barcode":null,"atum_controlled":true,"out_stock_date":null,"out_stock_threshold":null,"inheritable":true,"inbound_stock":80,"stock_on_hold":11,"sold_today":2,"sales_last_days":32,"reserved_stock":0,"customer_returns":0,"warehouse_damage":0,"lost_in_post":0,"other_logs":0,"out_stock_days":0,"lost_sales":0,"has_location":false,"update_date":"2026-04-14T14:22:03","atum_locations":[],"atum_stock_status":"instock","restock_status":false,"low_stock_amount":"","sales_update_date":"2026-04-13T11:05:13","calc_backorders":null,"linked_bom":[],"sync_purchase_price":false,"bom_sellable":null,"minimum_threshold":null,"available_to_purchase":null,"selling_priority":null,"calculated_stock":null,"is_bom":false,"mi_inventories":[],"multi_inventory":"no","inventory_sorting_mode":"global","inventory_iteration":"global","expirable_inventories":"global","price_per_inventory":"global","show_write_off_inventories":"global","selectable_inventories":"global","selectable_inventories_mode":"global","_links":{"self":[{"href":"https:\/\/murena.com\/fr\/wp-json\/wp\/v2\/product\/121623","targetHints":{"allow":["GET"]}}],"collection":[{"href":"https:\/\/murena.com\/fr\/wp-json\/wp\/v2\/product"}],"about":[{"href":"https:\/\/murena.com\/fr\/wp-json\/wp\/v2\/types\/product"}],"replies":[{"embeddable":true,"href":"https:\/\/murena.com\/fr\/wp-json\/wp\/v2\/comments?post=121623"}],"wp:featuredmedia":[{"embeddable":true,"href":"https:\/\/murena.com\/fr\/wp-json\/wp\/v2\/media\/144904"}],"wp:attachment":[{"href":"https:\/\/murena.com\/fr\/wp-json\/wp\/v2\/media?parent=121623"}],"wp:term":[{"taxonomy":"product_brand","embeddable":true,"href":"https:\/\/murena.com\/fr\/wp-json\/wp\/v2\/product_brand?post=121623"},{"taxonomy":"product_cat","embeddable":true,"href":"https:\/\/murena.com\/fr\/wp-json\/wp\/v2\/product_cat?post=121623"},{"taxonomy":"product_tag","embeddable":true,"href":"https:\/\/murena.com\/fr\/wp-json\/wp\/v2\/product_tag?post=121623"}],"curies":[{"name":"wp","href":"https:\/\/api.w.org\/{rel}","templated":true}]}}