{"id":102076,"date":"2024-04-15T18:19:41","date_gmt":"2024-04-15T16:19:41","guid":{"rendered":"https:\/\/murena.com\/?post_type=product&#038;p=102076"},"modified":"2026-03-28T17:07:09","modified_gmt":"2026-03-28T16:07:09","slug":"ecouteurs-fairbuds","status":"publish","type":"product","link":"https:\/\/murena.com\/fr\/boutique\/audio-fr\/ecouteurs-fairbuds\/","title":{"rendered":"Ecouteurs Fairbuds"},"content":{"rendered":"<p>Sp\u00e9cifications techniques<\/p>\n<table style=\"border-collapse: collapse; width: 69.7552%; height: 192px;\">\n<tbody>\n<tr style=\"height: 37px;\">\n<td style=\"width: 26.5789%; height: 33px;\"><strong>G\u00e9n\u00e9ral<\/strong><\/td>\n<td style=\"width: 23.5434%; height: 33px;\"><\/td>\n<\/tr>\n<tr style=\"height: 24px;\">\n<td style=\"width: 26.5789%; height: 24px;\">Taille<\/td>\n<td style=\"width: 23.5434%; height: 24px;\">28,7 x 24,6 x 21 mm<\/td>\n<\/tr>\n<tr style=\"height: 24px;\">\n<td style=\"width: 26.5789%; height: 24px;\"><\/td>\n<td style=\"width: 23.5434%; height: 24px;\">65 x 65 x 27 mm (bo\u00eetier)<\/td>\n<\/tr>\n<tr style=\"height: 24px;\">\n<td style=\"width: 26.5789%; height: 24px;\">Couleur<\/td>\n<td style=\"width: 23.5434%; height: 24px;\">Noir, Blanc<\/td>\n<\/tr>\n<tr style=\"height: 24px;\">\n<td style=\"width: 26.5789%; height: 24px;\">Poids<\/td>\n<td style=\"width: 23.5434%; height: 24px;\">78 g avec l&rsquo;\u00e9tui ; oreillettes ~ 5g<\/td>\n<\/tr>\n<tr style=\"height: 24px;\">\n<td style=\"width: 26.5789%; height: 24px;\">\u00c9tanch\u00e9it\u00e9<\/td>\n<td style=\"width: 23.5434%; height: 24px;\">IP54<\/td>\n<\/tr>\n<tr style=\"height: 24px;\">\n<td style=\"width: 26.5789%; height: 24px;\">Contr\u00f4le<\/td>\n<td style=\"width: 23.5434%; height: 24px;\">Commandes tactiles capacitives<\/td>\n<\/tr>\n<\/tbody>\n<\/table>\n<table style=\"border-collapse: collapse; width: 69.6727%; height: 160px;\">\n<tbody>\n<tr style=\"height: 63px;\">\n<td style=\"width: 17.316%; height: 40px;\"><strong>Son<\/strong><\/td>\n<td style=\"width: 15.1712%; height: 40px;\"><\/td>\n<\/tr>\n<tr style=\"height: 24px;\">\n<td style=\"width: 17.316%; height: 24px;\">Diam\u00e8tre du conducteur<\/td>\n<td style=\"width: 15.1712%; height: 24px;\">11 mm<\/td>\n<\/tr>\n<tr style=\"height: 24px;\">\n<td style=\"width: 17.316%; height: 24px;\">Type de haut-parleur<\/td>\n<td style=\"width: 15.1712%; height: 24px;\">Dynamique, rev\u00eatement en titane<\/td>\n<\/tr>\n<tr style=\"height: 24px;\">\n<td style=\"width: 17.316%; height: 24px;\">R\u00e9ponse en fr\u00e9quence<\/td>\n<td style=\"width: 15.1712%; height: 24px;\">20 Hz &#8211; 20 KHz<\/td>\n<\/tr>\n<tr style=\"height: 24px;\">\n<td style=\"width: 17.316%; height: 24px;\">Sensibilit\u00e9<\/td>\n<td style=\"width: 15.1712%; height: 24px;\">104 \u00b1 1dB \u00e0 1KHZ<\/td>\n<\/tr>\n<tr style=\"height: 24px;\">\n<td style=\"width: 17.316%; height: 24px;\">Imp\u00e9dance du conducteur<\/td>\n<td style=\"width: 15.1712%; height: 24px;\">16 \u03a9 \u00b1 15%<\/td>\n<\/tr>\n<\/tbody>\n<\/table>\n<table style=\"border-collapse: collapse; width: 70.2538%; height: 121px;\">\n<tbody>\n<tr style=\"height: 27px;\">\n<td style=\"width: 38.1144%; height: 49px;\"><strong>Annulation du bruit<\/strong><\/td>\n<td style=\"width: 33.8299%; height: 49px;\"><\/td>\n<\/tr>\n<tr style=\"height: 24px;\">\n<td style=\"width: 38.1144%; height: 24px;\">R\u00e9duction active du bruit<\/td>\n<td style=\"width: 33.8299%; height: 24px;\">Oui<\/td>\n<\/tr>\n<tr style=\"height: 24px;\">\n<td style=\"width: 38.1144%; height: 24px;\">Mode son ambiant<\/td>\n<td style=\"width: 33.8299%; height: 24px;\">Oui<\/td>\n<\/tr>\n<tr style=\"height: 24px;\">\n<td style=\"width: 38.1144%; height: 24px;\">Caract\u00e9ristiques sp\u00e9ciales<\/td>\n<td style=\"width: 33.8299%; height: 24px;\">ANC hybride<\/td>\n<\/tr>\n<\/tbody>\n<\/table>\n<table style=\"border-collapse: collapse; width: 70.3704%; height: 190px;\">\n<tbody>\n<tr style=\"height: 26px;\">\n<td style=\"width: 36.8875%; height: 46px;\"><strong>Batterie<\/strong><\/td>\n<td style=\"width: 33.1549%; height: 46px;\"><\/td>\n<\/tr>\n<tr style=\"height: 24px;\">\n<td style=\"width: 36.8875%; height: 24px;\">Dur\u00e9e totale d&rsquo;utilisation (avec \u00e9tui)<\/td>\n<td style=\"width: 33.1549%; height: 24px;\">\u2265 <span style=\"font-family: inherit; font-size: inherit;\">26 h<\/span><\/td>\n<\/tr>\n<tr style=\"height: 24px;\">\n<td style=\"width: 36.8875%; height: 24px;\">Dur\u00e9e de conversation ou de musique<\/td>\n<td style=\"width: 33.1549%; height: 24px;\">Dur\u00e9e d&rsquo;appel \/ de musique : \u2265 5 heures (ANC on)\/ 6 heures (ANC off)<\/td>\n<\/tr>\n<tr style=\"height: 24px;\">\n<td style=\"width: 36.8875%; height: 24px;\">Autonomie en veille<\/td>\n<td style=\"width: 33.1549%; height: 24px;\">~ 2 heures (\u00e9tui + \u00e9couteurs), 10 min pour 1,5 h de lecture<\/td>\n<\/tr>\n<tr style=\"height: 24px;\">\n<td style=\"width: 36.8875%; height: 24px;\">Temps de charge<\/td>\n<td style=\"width: 33.1549%; height: 24px;\">\u2264 3 <span style=\"font-family: inherit; font-size: inherit;\">h<\/span><\/td>\n<\/tr>\n<tr style=\"height: 24px;\">\n<td style=\"width: 36.8875%; height: 24px;\">Capacit\u00e9 de la batterie<\/td>\n<td style=\"width: 33.1549%; height: 24px;\">45 mAh (oreillettes) 500 mAh (\u00e9tui de chargement)<\/td>\n<\/tr>\n<tr style=\"height: 24px;\">\n<td style=\"width: 36.8875%; height: 24px;\">Chargement sans fil<\/td>\n<td style=\"width: 33.1549%; height: 24px;\">Non<\/td>\n<\/tr>\n<\/tbody>\n<\/table>\n<table style=\"border-collapse: collapse; width: 70.2865%; height: 229px;\">\n<tbody>\n<tr style=\"height: 29px;\">\n<td style=\"width: 35.3863%; height: 40px;\"><strong>Connectivit\u00e9<\/strong><\/td>\n<td style=\"width: 31.7213%; height: 40px;\"><\/td>\n<\/tr>\n<tr style=\"height: 24px;\">\n<td style=\"width: 35.3863%; height: 24px;\">Bluetooth<\/td>\n<td style=\"width: 31.7213%; height: 24px;\">Version 5.3<\/td>\n<\/tr>\n<tr style=\"height: 24px;\">\n<td style=\"width: 35.3863%; height: 24px;\">Connexion multipoint<\/td>\n<td style=\"width: 31.7213%; height: 24px;\">Double<\/td>\n<\/tr>\n<tr style=\"height: 24px;\">\n<td style=\"width: 35.3863%; height: 24px;\">Profils<\/td>\n<td style=\"width: 31.7213%; height: 24px;\">A2DP V1.2, AVRCP V1.5, HFP V1.8, HSP V1.2<\/td>\n<\/tr>\n<tr style=\"height: 24px;\">\n<td style=\"width: 35.3863%; height: 24px;\">Codec<\/td>\n<td style=\"width: 31.7213%; height: 24px;\">AAC \/ SBC<\/td>\n<\/tr>\n<tr style=\"height: 24px;\">\n<td style=\"width: 35.3863%; height: 24px;\">Port\u00e9e Bluetooth (en ligne de mire)<\/td>\n<td style=\"width: 31.7213%; height: 24px;\">10 m<\/td>\n<\/tr>\n<tr style=\"height: 24px;\">\n<td style=\"width: 35.3863%; height: 24px;\">Ports<\/td>\n<td style=\"width: 31.7213%; height: 24px;\">USB-C<\/td>\n<\/tr>\n<tr style=\"height: 24px;\">\n<td style=\"width: 35.3863%; height: 24px;\">Microphone<\/td>\n<td style=\"width: 31.7213%; height: 24px;\">6 micros au total : 3 \u00e0 gauche, 3 \u00e0 droite<\/td>\n<\/tr>\n<tr style=\"height: 21px;\">\n<td style=\"width: 35.3863%; height: 21px;\">Assistants intelligents<\/td>\n<td style=\"width: 31.7213%; height: 21px;\">Google Assistant, Apple Siri<\/td>\n<\/tr>\n<\/tbody>\n<\/table>\n<table style=\"border-collapse: collapse; width: 70.2217%; height: 187px;\">\n<tbody>\n<tr style=\"height: 28px;\">\n<td style=\"width: 36.3101%; height: 43px;\"><strong>Durabilit\u00e9<\/strong><\/td>\n<td style=\"width: 32.4073%; height: 43px;\"><\/td>\n<\/tr>\n<tr style=\"height: 24px;\">\n<td style=\"width: 36.3101%; height: 24px;\">Mat\u00e9riaux<\/td>\n<td style=\"width: 32.4073%; height: 24px;\">Fabriqu\u00e9 \u00e0 partir de mat\u00e9riaux recycl\u00e9s<\/td>\n<\/tr>\n<tr style=\"height: 24px;\">\n<td style=\"width: 36.3101%; height: 24px;\">Conditions de travail \u00e9quitables Respect du climat<\/td>\n<td style=\"width: 32.4073%; height: 24px;\">Oui<\/td>\n<\/tr>\n<tr style=\"height: 24px;\">\n<td style=\"width: 36.3101%; height: 24px;\">Batterie rempla\u00e7able<\/td>\n<td style=\"width: 32.4073%; height: 24px;\">Oui<\/td>\n<\/tr>\n<tr style=\"height: 24px;\">\n<td style=\"width: 36.3101%; height: 24px;\">Long\u00e9vit\u00e9<\/td>\n<td style=\"width: 32.4073%; height: 24px;\">Conception modulaire et r\u00e9parable<\/td>\n<\/tr>\n<tr style=\"height: 24px;\">\n<td style=\"width: 36.3101%; height: 24px;\">Pi\u00e8ce r\u00e9parable<\/td>\n<td style=\"width: 32.4073%; height: 24px;\">Ecouteurs (gauche \/ droite), batterie des \u00e9couteurs, embouts des \u00e9couteurs<\/td>\n<\/tr>\n<tr style=\"height: 24px;\">\n<td style=\"width: 36.3101%; height: 24px;\"><\/td>\n<td style=\"width: 32.4073%; height: 24px;\">coque ext\u00e9rieure de l&rsquo;\u00e9tui, noyau de l&rsquo;\u00e9tui, batterie de l&rsquo;\u00e9tui<\/td>\n<\/tr>\n<\/tbody>\n<\/table>\n","protected":false},"excerpt":{"rendered":"<p>Profitez d&rsquo;une chanson de bonne qualit\u00e9 avec des \u00e9couteurs sans fil r\u00e9parables et durables.<\/p>\n<p>Ces \u00e9couteurs sans fil sont faits pour durer !<br \/>\nAppr\u00e9ciez une exp\u00e9rience sonore immersive gr\u00e2ce \u00e0 l&rsquo;option de r\u00e9duction active du bruit (r\u00e9duction avanc\u00e9e du vent).<\/p>\n<p>Choisissez la forme qui vous convient le mieux gr\u00e2ce aux trois tailles diff\u00e9rentes d&#8217;embouts auriculaires.<\/p>\n<p>\u00c9coutez votre musique ou vos podcasts pr\u00e9f\u00e9r\u00e9s pendant des heures gr\u00e2ce \u00e0 sa batterie longue dur\u00e9e.<\/p>\n<p>Fairbuds est con\u00e7u \u00e0 partir de mat\u00e9riaux \u00e9quitables et recycl\u00e9s. Vous pouvez r\u00e9parer et remplacer jusqu&rsquo;\u00e0 6 pi\u00e8ces diff\u00e9rentes.<\/p>\n<p>Ce produit est disponible en noir et en blanc.<\/p>\n","protected":false},"featured_media":104207,"comment_status":"open","ping_status":"closed","template":"","meta":{"_seopress_robots_primary_cat":"none","_seopress_titles_title":"","_seopress_titles_desc":"","_seopress_robots_index":""},"product_brand":[],"product_cat":[982],"product_tag":[],"class_list":{"0":"post-102076","1":"product","2":"type-product","3":"status-publish","4":"has-post-thumbnail","6":"product_cat-audio-fr","7":"wpbf-post","10":"instock","11":"taxable","12":"shipping-taxable","13":"purchasable","14":"product-type-variable"},"bundled_by":["117217"],"bundle_stock_status":"instock","bundle_stock_quantity":null,"bundle_virtual":false,"bundle_layout":"","bundle_add_to_cart_form_location":"","bundle_editable_in_cart":false,"bundle_sold_individually_context":"","bundle_item_grouping":"","bundle_min_size":"","bundle_max_size":"","bundle_price":[],"bundled_items":[],"bundle_sell_ids":[],"supplier_id":null,"supplier_sku":"","barcode":null,"atum_controlled":true,"out_stock_date":null,"out_stock_threshold":null,"inheritable":true,"inbound_stock":40,"stock_on_hold":1,"sold_today":0,"sales_last_days":1,"reserved_stock":60,"customer_returns":0,"warehouse_damage":0,"lost_in_post":0,"other_logs":0,"out_stock_days":0,"lost_sales":0,"has_location":false,"update_date":"2026-04-04T12:09:22","atum_locations":[],"atum_stock_status":"instock","restock_status":false,"low_stock_amount":"","sales_update_date":"2026-04-04T12:09:21","calc_backorders":null,"linked_bom":[],"sync_purchase_price":false,"bom_sellable":null,"minimum_threshold":null,"available_to_purchase":null,"selling_priority":null,"calculated_stock":null,"is_bom":false,"mi_inventories":[],"multi_inventory":"no","inventory_sorting_mode":"global","inventory_iteration":"global","expirable_inventories":"global","price_per_inventory":"global","show_write_off_inventories":"global","selectable_inventories":"global","selectable_inventories_mode":"global","_links":{"self":[{"href":"https:\/\/murena.com\/fr\/wp-json\/wp\/v2\/product\/102076","targetHints":{"allow":["GET"]}}],"collection":[{"href":"https:\/\/murena.com\/fr\/wp-json\/wp\/v2\/product"}],"about":[{"href":"https:\/\/murena.com\/fr\/wp-json\/wp\/v2\/types\/product"}],"replies":[{"embeddable":true,"href":"https:\/\/murena.com\/fr\/wp-json\/wp\/v2\/comments?post=102076"}],"wp:featuredmedia":[{"embeddable":true,"href":"https:\/\/murena.com\/fr\/wp-json\/wp\/v2\/media\/104207"}],"wp:attachment":[{"href":"https:\/\/murena.com\/fr\/wp-json\/wp\/v2\/media?parent=102076"}],"wp:term":[{"taxonomy":"product_brand","embeddable":true,"href":"https:\/\/murena.com\/fr\/wp-json\/wp\/v2\/product_brand?post=102076"},{"taxonomy":"product_cat","embeddable":true,"href":"https:\/\/murena.com\/fr\/wp-json\/wp\/v2\/product_cat?post=102076"},{"taxonomy":"product_tag","embeddable":true,"href":"https:\/\/murena.com\/fr\/wp-json\/wp\/v2\/product_tag?post=102076"}],"curies":[{"name":"wp","href":"https:\/\/api.w.org\/{rel}","templated":true}]}}