{"id":78670,"date":"2023-05-16T13:40:54","date_gmt":"2023-05-16T11:40:54","guid":{"rendered":"https:\/\/murena.com\/conditions-dutilisation-du-portail-daffiliation\/"},"modified":"2024-08-26T10:56:35","modified_gmt":"2024-08-26T08:56:35","slug":"conditions-dutilisation-du-portail-daffiliation","status":"publish","type":"page","link":"https:\/\/murena.com\/fr\/conditions-dutilisation-du-portail-daffiliation\/","title":{"rendered":"Conditions d&rsquo;utilisation du portail d&rsquo;affiliation"},"content":{"rendered":"\n<p><strong>Veuillez lire l&rsquo;int\u00e9gralit\u00e9 de l&rsquo;accord (ci-apr\u00e8s \u00ab\u00a0l&rsquo;accord\u00a0\u00bb).<\/strong><\/p>\n\n<p><strong>Vous pouvez imprimer cette page pour vos archives.<\/strong><\/p>\n\n<p>Le pr\u00e9sent accord est un document juridique entre Murena Retail SAS (\u00ab\u00a0Murena\u00a0\u00bb ou \u00ab\u00a0nous\u00a0\u00bb) et l&rsquo;affili\u00e9 (\u00ab\u00a0vous\u00a0\u00bb, \u00ab\u00a0votre\u00a0\u00bb ou \u00ab\u00a0la soci\u00e9t\u00e9\u00a0\u00bb).<\/p>\n\n<p>Le \u00a0\u00bb Programme d&rsquo;affiliation de Murena Retail \u00a0\u00bb est un programme g\u00e9r\u00e9 par Murena Retail ou en son nom, dans le cadre duquel les entit\u00e9s participantes placent des liens sur leur site Web, leurs blogs ou leurs comptes de m\u00e9dias sociaux qui se connectent au site Web murena.com. Les conversions donnent lieu au versement d&rsquo;une commission de parrainage, comme indiqu\u00e9 en d\u00e9tail \u00e0 l&rsquo;adresse <a href=\"https:\/\/murena.com\/fr\/programme-de-partenariat-murena\/\">https:\/\/murena.com\/murena-partner-program\/<\/a>.<\/p>\n\n<p>En soumettant la candidature en ligne, vous reconnaissez avoir lu et compris les termes et conditions de cet accord. Vous acceptez \u00e9galement d&rsquo;\u00eatre l\u00e9galement responsable de toutes les conditions de l&rsquo;accord. Vous d\u00e9clarez explicitement \u00e0 Murena que vous \u00eates un employ\u00e9, un propri\u00e9taire, un agent ou un repr\u00e9sentant autoris\u00e9 ayant la permission et l&rsquo;autorit\u00e9 de conclure la pr\u00e9sente entente au nom de votre entreprise, de votre organisation ou de votre site Web.<\/p>\n\n<h4 class=\"wp-block-heading\">1. Vue d&rsquo;ensemble<\/h4>\n\n<p>La pr\u00e9sente entente a pour objet de d\u00e9crire les conditions qui s&rsquo;appliquent \u00e0 votre participation en tant qu&rsquo;affili\u00e9 au programme d&rsquo;affiliation de Murena. En devenant affili\u00e9, vous pourrez \u00e9tablir des liens HTML entre votre site Web et celui de Murena.<\/p>\n\n<h4 class=\"wp-block-heading\">2. Obligations des affili\u00e9s<\/h4>\n\n<p>2.1. Pour vous inscrire au programme d&rsquo;affiliation de Murena Retail, vous devez remplir et soumettre la demande en ligne disponible sur la page d&rsquo;inscription au programme d&rsquo;affiliation de Murena Retail. Nous examinerons votre demande, et vous ne pourrez participer au programme qu&rsquo;apr\u00e8s l&rsquo;avoir approuv\u00e9e. Murena Retail se r\u00e9serve le droit de rejeter votre demande ou de mettre fin \u00e0 votre statut d&rsquo;affili\u00e9 \u00e0 sa seule discr\u00e9tion. Nous pouvons \u00e9galement annuler votre demande si nous d\u00e9terminons que votre site Web ne convient pas, y compris s&rsquo;il :<\/p>\n\n<p>2.1.1. Promouvoir du mat\u00e9riel sexuellement explicite.<\/p>\n\n<p>2.1.2. Promouvoir la violence.<\/p>\n\n<p>2.1.3. encourage la discrimination fond\u00e9e sur la race, le sexe, la religion, la nationalit\u00e9, le handicap, l&rsquo;orientation sexuelle ou l&rsquo;\u00e2ge.<\/p>\n\n<p>2.1.4. Promouvoir des activit\u00e9s ill\u00e9gales ou utiliser des moyens frauduleux pour obtenir des commissions, des conversions ou du trafic.<\/p>\n\n<p>2.1.5. Incorporer des \u00e9l\u00e9ments qui enfreignent ou aident d&rsquo;autres personnes \u00e0 enfreindre des droits d&rsquo;auteur, des marques commerciales ou d&rsquo;autres droits de propri\u00e9t\u00e9 intellectuelle ou \u00e0 enfreindre la loi.<\/p>\n\n<p>2.1.6. Inclut dans son nom de domaine \u00ab\u00a0Murena\u00a0\u00bb ou ses variantes ou fautes d&rsquo;orthographe.<\/p>\n\n<p>2.1.7. est, de quelque mani\u00e8re que ce soit, ill\u00e9gal, nuisible, mena\u00e7ant, diffamatoire, obsc\u00e8ne, harcelant ou racialement, ethniquement ou autrement r\u00e9pr\u00e9hensible pour nous, \u00e0 notre seule discr\u00e9tion.<\/p>\n\n<p>2.1.8. Contient des t\u00e9l\u00e9chargements de logiciels qui permettent potentiellement de d\u00e9tourner des commissions d&rsquo;autres affili\u00e9s de notre programme.<\/p>\n\n<p>2.1.9. Cr\u00e9er ou concevoir un site Web qui ressemble explicitement ou implicitement \u00e0 notre site Web, ou cr\u00e9er un site Web qui am\u00e8ne les clients \u00e0 croire que vous \u00eates Murena ou toute autre entreprise affili\u00e9e.<\/p>\n\n<p>2.2. Apr\u00e8s approbation, vous aurez acc\u00e8s au portail d&rsquo;affiliation par l&rsquo;entremise de Solid Affiliate, o\u00f9 vous pourrez surveiller vos performances associ\u00e9es, t\u00e9l\u00e9charger le code HTML (qui fournit des liens vers des pages Web du site Web de Murena) et les cr\u00e9ations de banni\u00e8res. Pour que Murena puisse suivre avec pr\u00e9cision toutes les visites d&rsquo;invit\u00e9s de votre site au n\u00f4tre, vous devez utiliser le code HTML que nous vous fournissons pour chaque banni\u00e8re, lien textuel ou autre lien d&rsquo;affili\u00e9 que nous vous fournissons.<\/p>\n\n<p>2.3. Murena Retail se r\u00e9serve le droit, \u00e0 tout moment, d&rsquo;examiner l&#8217;emplacement de vos liens et d&rsquo;approuver leur utilisation, ou d&rsquo;exiger que vous modifiiez l&#8217;emplacement ou l&rsquo;utilisation afin de vous conformer aux lignes directrices fournies.<\/p>\n\n<p>2.4. Vous \u00eates seul responsable de la maintenance et de la mise \u00e0 jour de votre site web. Nous pouvons surveiller votre site si nous le jugeons n\u00e9cessaire pour nous assurer qu&rsquo;il est \u00e0 jour et pour vous informer de tout changement qui, selon nous, devrait am\u00e9liorer vos performances.<\/p>\n\n<p>2.5. Il vous incombe de respecter toutes les lois applicables en mati\u00e8re de propri\u00e9t\u00e9 intellectuelle et autres lois relatives \u00e0 votre site. Vous devez obtenir la permission expresse d&rsquo;utiliser le mat\u00e9riel prot\u00e9g\u00e9 par le droit d&rsquo;auteur d&rsquo;une personne, qu&rsquo;il s&rsquo;agisse d&rsquo;un \u00e9crit, d&rsquo;une image ou de toute autre \u0153uvre prot\u00e9g\u00e9e par le droit d&rsquo;auteur. Murena Retail ne sera pas responsable (et vous serez seul responsable) si vous utilisez le mat\u00e9riel prot\u00e9g\u00e9 par le droit d&rsquo;auteur d&rsquo;une autre personne ou toute autre propri\u00e9t\u00e9 intellectuelle en violation de la loi ou des droits d&rsquo;une tierce partie.<\/p>\n\n<h4 class=\"wp-block-heading\">3. Droits et obligations de Murena Retail<\/h4>\n\n<p>3.1. Murena Retail a le droit de contr\u00f4ler votre site Web en tout temps afin de d\u00e9terminer si vous respectez les modalit\u00e9s de la pr\u00e9sente entente. Murena Retail peut vous aviser de tout changement qu&rsquo;elle juge n\u00e9cessaire d&rsquo;apporter ou pour s&rsquo;assurer que vos liens vers notre site Web sont appropri\u00e9s. Si vous n&rsquo;apportez pas \u00e0 votre site Web les changements demand\u00e9s par Murena Retail, nous nous r\u00e9servons le droit de mettre fin \u00e0 votre participation au programme d&rsquo;affiliation de Murena Retail. <\/p>\n\n<p>3.2. Murena Retail se r\u00e9serve le droit de mettre fin \u00e0 la pr\u00e9sente entente et \u00e0 votre participation au programme d&rsquo;affiliation de Murena Retail imm\u00e9diatement et sans pr\u00e9avis si vous commettez une fraude dans votre utilisation du programme d&rsquo;affiliation de Murena Retail ou si vous abusez de ce programme de quelque fa\u00e7on que ce soit. Si une telle fraude ou un tel abus est d\u00e9tect\u00e9, Murena Retail ne sera pas responsable envers vous de toute commission pour de telles ventes frauduleuses. <\/p>\n\n<p>3.3. Le pr\u00e9sent accord entre en vigueur d\u00e8s que nous acceptons votre demande d&rsquo;affiliation et se poursuit jusqu&rsquo;\u00e0 ce qu&rsquo;il soit r\u00e9sili\u00e9 conform\u00e9ment aux dispositions du pr\u00e9sent accord.<\/p>\n\n<h4 class=\"wp-block-heading\">4. R\u00e9siliation<\/h4>\n\n<p>Vous ou Murena Retail pouvez mettre fin \u00e0 la pr\u00e9sente entente en tout temps, , avec ou sans motif, en donnant \u00e0 l&rsquo;autre partie un avis \u00e9crit. L&rsquo;avis \u00e9crit peut prendre la forme d&rsquo;un courriel. En outre, le pr\u00e9sent accord sera r\u00e9sili\u00e9 imm\u00e9diatement en cas de violation du pr\u00e9sent accord de votre part.<\/p>\n\n<p>Toutefois, en cas de r\u00e9siliation par Murena Retail sans motif, Murena Retail accepte de payer toutes les commissions impay\u00e9es qui vous sont dues dans les 30 jours suivant la r\u00e9siliation. De plus, si Murena Retail met fin \u00e0 la pr\u00e9sente entente en raison d&rsquo;une violation de votre part, vous perdez tout droit aux commissions impay\u00e9es. <\/p>\n\n<h4 class=\"wp-block-heading\">5. Modification<\/h4>\n\n<p>Murena Retail peut modifier les modalit\u00e9s de la pr\u00e9sente entente en tout temps et \u00e0 sa seule discr\u00e9tion. Dans un tel cas, vous serez avis\u00e9 \u00e0 l&rsquo;adresse \u00e9lectronique que vous avez fournie. Les modifications peuvent inclure des changements dans les proc\u00e9dures de paiement et les r\u00e8gles du programme d&rsquo;affiliation de Murena Retail. Si une modification est inacceptable pour vous, votre seule option est de r\u00e9silier le pr\u00e9sent accord. En continuant de participer au programme d&rsquo;affiliation de Murena Retail apr\u00e8s l&rsquo;affichage de l&rsquo;avis de modification ou de la nouvelle entente sur notre site, vous indiquez que vous acceptez les modifications.<\/p>\n\n<h4 class=\"wp-block-heading\">6. Paiement<\/h4>\n\n<p>Murena Retail utilise SolidAffiliate pour g\u00e9rer le suivi des performances des affili\u00e9s et la r\u00e9mun\u00e9ration, le suivi et le paiement associ\u00e9s. Les paiements seront effectu\u00e9s par virement bancaire ou par Paypal. Veuillez consulter les conditions de paiement de ces services.<\/p>\n\n<p>Toutes les commissions seront pay\u00e9es sur pr\u00e9sentation d&rsquo;une facture, par virement bancaire ou via PayPal, le 30 du mois suivant si le montant atteint 100\u20ac.&#13;\n&#13;\n\u00a0&#13;\n&#13;\nPour rappel, les commissions sont consid\u00e9r\u00e9es comme valables 45 jours apr\u00e8s la fin de la vente, si celle-ci a \u00e9t\u00e9 confirm\u00e9e.<\/p>\n\n<h4 class=\"wp-block-heading\">7. Acc\u00e8s \u00e0 l&rsquo;interface du compte d&rsquo;affili\u00e9<\/h4>\n\n<p>Vous cr\u00e9erez un compte et un mot de passe afin d&rsquo;acc\u00e9der \u00e0 l&rsquo;interface s\u00e9curis\u00e9e de votre compte d&rsquo;affili\u00e9, \u00e0 partir de laquelle vous pourrez consulter vos rapports qui d\u00e9criront notre calcul des commissions qui vous sont dues.<\/p>\n\n<h4 class=\"wp-block-heading\">8. Restrictions en mati\u00e8re de promotion<\/h4>\n\n<p>Les affili\u00e9s sont invit\u00e9s \u00e0 promouvoir les produits Murena par le biais de banni\u00e8res, de liens textuels, de coupons, d&rsquo;offres et de simples r\u00e9compenses de parrainage.<\/p>\n\n<p>8.1. Restrictions relatives \u00e0 la promotion : Vous reconnaissez que la r\u00e9putation de Murena Retail est de la plus haute importance et nous nous attendons \u00e0 ce que tous les affili\u00e9s repr\u00e9sentent notre marque avec int\u00e9grit\u00e9. Bien que nous vous encouragions \u00e0 faire la promotion de vos propres sites Web, toute promotion mentionnant Murena Retail peut \u00eatre per\u00e7ue comme un effort conjoint. Il est strictement interdit de se livrer \u00e0 toute forme de publicit\u00e9 jug\u00e9e inappropri\u00e9e ou pr\u00e9judiciable \u00e0 notre nom, y compris, mais sans s&rsquo;y limiter, le pollupostage, les courriels commerciaux non sollicit\u00e9s, l&rsquo;affichage dans des groupes de discussion non commerciaux, l&rsquo;affichage crois\u00e9 dans plusieurs groupes de discussion \u00e0 la fois et toute autre forme de publicit\u00e9 qui dissimule ou repr\u00e9sente faussement votre identit\u00e9, votre nom de domaine ou votre adresse de retour de courriels.<\/p>\n\n<p>Vous acceptez de vous conformer \u00e0 nos restrictions en mati\u00e8re de promotion et de ne pas vous engager dans une forme de publicit\u00e9 qui pourrait \u00eatre per\u00e7ue comme trompeuse ou inappropri\u00e9e. Vous ne pouvez afficher dans les groupes de discussion pour promouvoir Murena Retail que si le groupe de discussion accepte sp\u00e9cifiquement les messages commerciaux. Nous nous r\u00e9servons le droit de mettre fin imm\u00e9diatement \u00e0 la pr\u00e9sente entente et de retenir tout solde en souffrance qui vous est d\u00fb si nous d\u00e9couvrons que vous vous livrez \u00e0 une forme quelconque de publicit\u00e9 interdite.<\/p>\n\n<p>Nous attachons une grande importance \u00e0 nos relations avec nos affili\u00e9s et nous attendons de tous les affili\u00e9s qu&rsquo;ils se conforment \u00e0 nos restrictions en mati\u00e8re de promotion. Cette disposition survivra \u00e0 la r\u00e9siliation du pr\u00e9sent accord.<\/p>\n\n<p>8.2. Les affili\u00e9s qui soumissionnent exclusivement ou qui incluent parmi d&rsquo;autres mots cl\u00e9s le nom de marque de Murena, des d\u00e9riv\u00e9s contenant Murena ou Murena Retail, des fautes d&rsquo;orthographe ou des alt\u00e9rations similaires &#8211; que ce soit s\u00e9par\u00e9ment ou en combinaison avec d&rsquo;autres mots cl\u00e9s &#8211; seront consid\u00e9r\u00e9s comme des contrevenants \u00e0 la marque de commerce et seront bannis du programme d&rsquo;affiliation de Murena Retail. Nous ferons tout notre possible pour contacter l&rsquo;affili\u00e9 avant l&rsquo;interdiction. Cependant, nous nous r\u00e9servons le droit d&rsquo;expulser tout contrevenant \u00e0 la marque de notre programme d&rsquo;affiliation sans pr\u00e9avis, et d\u00e8s la premi\u00e8re occurrence d&rsquo;un tel comportement d&rsquo;ench\u00e8re PPC.<\/p>\n\n<p>8.3. Il est interdit aux affili\u00e9s de transmettre des \u00a0\u00bb interstitiels \u00ab\u00a0, des \u00a0\u00bb Parasiteware\u2122 \u00ab\u00a0, du \u00a0\u00bb marketing parasitaire \u00ab\u00a0, des \u00a0\u00bb applications d&rsquo;aide au magasinage \u00ab\u00a0, des \u00a0\u00bb installations de barres d&rsquo;outils et\/ou de modules compl\u00e9mentaires \u00ab\u00a0, des \u00a0\u00bb portefeuilles de magasinage \u00a0\u00bb ou tout pop-up et\/ou pop-unders trompeurs aux consommateurs \u00e0 partir du moment o\u00f9 le consommateur clique sur un lien admissible et jusqu&rsquo;\u00e0 ce qu&rsquo;il ait compl\u00e8tement quitt\u00e9 le site Web de Murena Retail. Toute application qui entra\u00eene l&rsquo;\u00e9crasement des t\u00e9moins de suivi des commissions des affili\u00e9s et des non-affili\u00e9s, qui intercepte les recherches pour rediriger le trafic, qui \u00e9tablit des t\u00e9moins de suivi des commissions par le chargement du site de Murena Retail dans des IFrames, des liens cach\u00e9s et des fen\u00eatres contextuelles automatiques, qui cible du texte sur des sites Web autres que ceux appartenant \u00e0 100 % au propri\u00e9taire de l&rsquo;application \u00e0 des fins de marketing contextuel, ou qui supprime, remplace ou bloque la visibilit\u00e9 des banni\u00e8res des affili\u00e9s par d&rsquo;autres banni\u00e8res sur des sites Web autres que ceux appartenant \u00e0 100 % au propri\u00e9taire de l&rsquo;application, sera consid\u00e9r\u00e9e comme un \u00a0\u00bb Parasiteware\u2122 \u00a0\u00bb et un \u00a0\u00bb marketing parasitaire \u00ab\u00a0.\u00a0\u00bb<\/p>\n\n<p>Tout affili\u00e9 qui enfreint cette disposition sera imm\u00e9diatement retir\u00e9 du programme d&rsquo;affiliation de Murena Retail, sans pr\u00e9avis. La pr\u00e9sente disposition survivra \u00e0 la r\u00e9siliation du pr\u00e9sent accord.<\/p>\n\n<h4 class=\"wp-block-heading\">9. Octroi de licences<\/h4>\n\n<p>9.1. Murena Retail vous accorde un droit non exclusif, incessible et r\u00e9vocable (i) d&rsquo;acc\u00e9der \u00e0 notre site au moyen de liens HTML, uniquement conform\u00e9ment aux modalit\u00e9s de la pr\u00e9sente entente et (ii) uniquement dans le cadre de ces liens, d&rsquo;utiliser nos logos, nos appellations commerciales, nos marques de commerce et tout autre mat\u00e9riel d&rsquo;identification similaire (collectivement, le \u00a0\u00bb mat\u00e9riel sous licence \u00ab\u00a0) que nous vous fournissons ou que nous autorisons \u00e0 cette fin. Vous n&rsquo;avez le droit d&rsquo;utiliser le mat\u00e9riel sous licence que dans la mesure o\u00f9 vous \u00eates un membre en r\u00e8gle du programme d&rsquo;affiliation de Murena Retail. Vous convenez que toutes les utilisations du mat\u00e9riel sous licence se feront au nom de Murena Retail et que la bonne volont\u00e9 qui y est associ\u00e9e sera \u00e0 l&rsquo;avantage exclusif de Murena Retail.<\/p>\n\n<p>9.2. Chaque partie s&rsquo;engage \u00e0 ne pas utiliser le mat\u00e9riel exclusif de l&rsquo;autre partie d&rsquo;une mani\u00e8re d\u00e9nigrante, trompeuse, obsc\u00e8ne ou qui donne une image n\u00e9gative de la partie concern\u00e9e. Chaque partie se r\u00e9serve tous ses droits respectifs sur les \u00e9l\u00e9ments propri\u00e9taires couverts par la pr\u00e9sente licence. En dehors de la licence accord\u00e9e dans le pr\u00e9sent accord, chaque partie conserve tous les droits, titres et int\u00e9r\u00eats relatifs \u00e0 ses droits respectifs, et aucun droit, titre ou int\u00e9r\u00eat n&rsquo;est transf\u00e9r\u00e9 \u00e0 l&rsquo;autre partie. Cette disposition survivra \u00e0 la r\u00e9siliation du pr\u00e9sent accord.<\/p>\n\n<h4 class=\"wp-block-heading\">10. Clause de non-responsabilit\u00e9<\/h4>\n\n<p>MURENA RETAIL NE FAIT AUCUNE D\u00c9CLARATION OU GARANTIE EXPRESSE OU IMPLICITE CONCERNANT LE SERVICE ET LE SITE WEB DE MURENA RETAIL OU LES PRODUITS OU SERVICES QUI Y SONT FOURNIS. MURENA RETAIL D\u00c9CLINE TOUTE GARANTIE IMPLICITE DE CAPACIT\u00c9, D&rsquo;AD\u00c9QUATION \u00c0 UN USAGE PARTICULIER ET D&rsquo;ABSENCE DE CONTREFA\u00c7ON. MURENA RETAIL NE GARANTIT PAS QUE LE FONCTIONNEMENT DE NOTRE SITE SERA ININTERROMPU OU EXEMPT D&rsquo;ERREURS, ET MURENA RETAIL NE SERA PAS RESPONSABLE DES CONS\u00c9QUENCES DE TOUTE INTERRUPTION OU ERREUR. CETTE DISPOSITION RESTERA EN VIGUEUR M\u00caME APR\u00c8S LA R\u00c9SILIATION DU PR\u00c9SENT ACCORD.<\/p>\n\n<h4 class=\"wp-block-heading\">11. D\u00e9clarations et garanties<\/h4>\n\n<p>Vous d\u00e9clarez et garantissez que :<\/p>\n\n<p>11.1. Le pr\u00e9sent accord a \u00e9t\u00e9 d\u00fbment et valablement sign\u00e9 et d\u00e9livr\u00e9 par vous et constitue votre obligation l\u00e9gale, valide et contraignante, qui vous est opposable conform\u00e9ment \u00e0 ses termes ;<\/p>\n\n<p>11.2. Vous avez le droit, le pouvoir et l&rsquo;autorit\u00e9 de conclure et d&rsquo;\u00eatre li\u00e9 par les termes et conditions du pr\u00e9sent accord et d&rsquo;ex\u00e9cuter les obligations qui en d\u00e9coulent, sans qu&rsquo;il soit n\u00e9cessaire d&rsquo;avoir recours \u00e0 l&rsquo;approbation ou le consentement de toute autre partie ;<\/p>\n\n<p>11.3. Vous avez suffisamment de droits, de titres et d&rsquo;int\u00e9r\u00eats dans les droits qui nous sont accord\u00e9s dans le pr\u00e9sent accord.<\/p>\n\n<h4 class=\"wp-block-heading\">12. Limites de responsabilit\u00e9<\/h4>\n\n<p>DANS LA MESURE MAXIMALE PERMISE PAR LA LOI, MURENA RETAIL NE SERA EN AUCUN CAS RESPONSABLE DES DOMMAGES INDIRECTS, SP\u00c9CIAUX, CONS\u00c9CUTIFS OU ACCESSOIRES, Y COMPRIS, SANS S&rsquo;Y LIMITER, LES PERTES DE PROFITS OU DE REVENUS, LES CO\u00dbTS DES BIENS DE REMPLACEMENT, LES PERTES OU DOMMAGES AUX DONN\u00c9ES D\u00c9COULANT DE L&rsquo;UTILISATION OU DE L&rsquo;INCAPACIT\u00c9 D&rsquo;UTILISER CE SITE WEB OU TOUT PRODUIT OU SERVICE DE MURENA RETAIL, LES DOMMAGES R\u00c9SULTANT DE L&rsquo;UTILISATION OU DE LA CONFIANCE ACCORD\u00c9E \u00c0 L&rsquo;INFORMATION PR\u00c9SENT\u00c9E, QU&rsquo;ILS SOIENT FOND\u00c9S SUR UNE GARANTIE, UN CONTRAT, UN D\u00c9LIT CIVIL OU TOUTE AUTRE TH\u00c9ORIE JURIDIQUE, M\u00caME SI MURENA RETAIL A \u00c9T\u00c9 INFORM\u00c9E DE LA POSSIBILIT\u00c9 DE TELS DOMMAGES. EN AUCUN CAS LA RESPONSABILIT\u00c9 DE MURENA RETAIL ENVERS VOUS NE D\u00c9PASSERA LE MONTANT DES FRAIS QUE VOUS AVEZ PAY\u00c9S \u00c0 MURENA RETAIL EN VERTU DE LA PR\u00c9SENTE ENTENTE.<\/p>\n\n<h4 class=\"wp-block-heading\">13. Indemnification:<\/h4>\n\n<p>Vous acceptez d&rsquo;indemniser et de d\u00e9gager de toute responsabilit\u00e9 Murena Retail, ses soci\u00e9t\u00e9s affili\u00e9es, ses dirigeants, ses administrateurs, ses employ\u00e9s, ses agents et les tiers fournisseurs de services \u00e0 l&rsquo;\u00e9gard des r\u00e9clamations, actions, demandes, dommages, co\u00fbts, responsabilit\u00e9s, pertes ou d\u00e9penses (y compris les honoraires d&rsquo;avocat raisonnables) d\u00e9coulant de ou li\u00e9s \u00e0 (i) votre utilisation du programme d&rsquo;affiliation de Murena Retail, (ii) votre violation de la pr\u00e9sente entente, (iii) tout contenu ou mat\u00e9riel que vous soumettez, affichez, transmettez ou rendez disponible par l&rsquo;entremise du programme, (iv) votre violation des droits d&rsquo;autrui, y compris, sans s&rsquo;y limiter, les droits de propri\u00e9t\u00e9 intellectuelle, ou (v) toute r\u00e9clamation selon laquelle votre site Web ou vos actions li\u00e9es au programme d&rsquo;affiliation ont caus\u00e9 des dommages \u00e0 une tierce partie. Cette obligation d&rsquo;indemnisation survivra \u00e0 la r\u00e9siliation du pr\u00e9sent accord.<\/p>\n\n<h4 class=\"wp-block-heading\">14. Confidentiality:<\/h4>\n\n<p>L&rsquo;affili\u00e9 accepte de pr\u00e9server la confidentialit\u00e9 de tous les renseignements confidentiels re\u00e7us de Murena Retail ou de ses affili\u00e9s pendant la dur\u00e9e de l&rsquo;entente. L&rsquo;affili\u00e9 n&rsquo;utilisera ni ne divulguera aucun renseignement confidentiel \u00e0 un tiers sans le consentement \u00e9crit pr\u00e9alable de Murena Retail. L&rsquo;affili\u00e9 reconna\u00eet que toute utilisation ou divulgation non autoris\u00e9e de renseignements confidentiels peut causer un pr\u00e9judice irr\u00e9parable \u00e0 Murena Retail ou \u00e0 ses affili\u00e9s et que, par cons\u00e9quent, Murena Retail peut avoir droit \u00e0 une mesure injonctive en plus de tout autre recours disponible en droit ou en \u00e9quit\u00e9.<\/p>\n\n<h4 class=\"wp-block-heading\">15. Divers et vari\u00e9s<\/h4>\n\n<p>15.1. Vous acceptez qu&rsquo;aucune disposition du pr\u00e9sent accord ne cr\u00e9e de partenariat, d&rsquo;entreprise commune, d&rsquo;agence, de franchise, de repr\u00e9sentant commercial ou de relation d&#8217;emploi entre les deux parties.<\/p>\n\n<p>15.2. Le pr\u00e9sent accord constitue l&rsquo;int\u00e9gralit\u00e9 de l&rsquo;accord entre les parties et remplace tous les accords et n\u00e9gociations ant\u00e9rieurs entre les parties concernant son objet.<\/p>\n\n<p>15.3. Le pr\u00e9sent accord ne peut \u00eatre amend\u00e9 ou modifi\u00e9 que par un \u00e9crit sign\u00e9 par les deux parties.<\/p>\n\n<p>15.4. Le pr\u00e9sent accord est r\u00e9gi et interpr\u00e9t\u00e9 conform\u00e9ment au droit fran\u00e7ais. Tout litige d\u00e9coulant du pr\u00e9sent accord ou en rapport avec celui-ci, y compris toute question relative \u00e0 son existence, sa validit\u00e9 ou sa r\u00e9siliation, sera soumis \u00e0 un arbitrage conform\u00e9ment au r\u00e8glement de la Chambre de commerce internationale (CCI), qui se tiendra \u00e0 Paris, en France, et sera men\u00e9 en langue fran\u00e7aise, et sera d\u00e9finitivement r\u00e9solu par cet arbitrage.<\/p>\n\n<p>15.5. Toute notification requise ou autoris\u00e9e en vertu du pr\u00e9sent accord doit \u00eatre faite par \u00e9crit et est r\u00e9put\u00e9e effective \u00e0 la livraison si elle est remise en personne, par courrier \u00e9lectronique ou par courrier recommand\u00e9, avec accus\u00e9 de r\u00e9ception, aux adresses fournies par les parties.<\/p>\n\n<p>15.6. La renonciation par l&rsquo;une ou l&rsquo;autre partie \u00e0 une violation ou \u00e0 un d\u00e9faut d&rsquo;ex\u00e9cution ne constitue pas une renonciation \u00e0 une violation ou \u00e0 un d\u00e9faut ult\u00e9rieur.<\/p>\n\n<p>15.7. Si l&rsquo;une des dispositions du pr\u00e9sent accord est jug\u00e9e invalide, ill\u00e9gale ou inapplicable, cette disposition sera consid\u00e9r\u00e9e comme supprim\u00e9e du pr\u00e9sent accord et les autres dispositions resteront pleinement en vigueur.<\/p>\n\n<p>15.8. Toutes les dispositions du pr\u00e9sent accord qui, de par leur nature, devraient survivre \u00e0 la r\u00e9siliation , y compris, sans s&rsquo;y limiter, la confidentialit\u00e9, l&rsquo;indemnisation et la limitation de la responsabilit\u00e9.<\/p>\n","protected":false},"excerpt":{"rendered":"<p>Veuillez lire l&rsquo;int\u00e9gralit\u00e9 de l&rsquo;accord (ci-apr\u00e8s \u00ab\u00a0l&rsquo;accord\u00a0\u00bb). Vous pouvez imprimer cette page pour vos archives&#8230;.<\/p>\n","protected":false},"author":994,"featured_media":0,"parent":0,"menu_order":0,"comment_status":"closed","ping_status":"closed","template":"","meta":{"_seopress_robots_primary_cat":"","_seopress_titles_title":"Conditions d\u2019utilisation du portail d\u2019affiliation","_seopress_titles_desc":"Le pr\u00e9sent accord est un document juridique entre Murena Retail SAS (\u00ab Murena \u00bb ou \u00ab nous \u00bb) et l\u2019affili\u00e9 (\u00ab vous \u00bb, \u00ab votre \u00bb ou \u00ab la soci\u00e9t\u00e9 \u00bb).","_seopress_robots_index":"","footnotes":""},"class_list":["post-78670","page","type-page","status-publish","hentry","wpbf-post"],"_links":{"self":[{"href":"https:\/\/murena.com\/fr\/wp-json\/wp\/v2\/pages\/78670","targetHints":{"allow":["GET"]}}],"collection":[{"href":"https:\/\/murena.com\/fr\/wp-json\/wp\/v2\/pages"}],"about":[{"href":"https:\/\/murena.com\/fr\/wp-json\/wp\/v2\/types\/page"}],"author":[{"embeddable":true,"href":"https:\/\/murena.com\/fr\/wp-json\/wp\/v2\/users\/994"}],"replies":[{"embeddable":true,"href":"https:\/\/murena.com\/fr\/wp-json\/wp\/v2\/comments?post=78670"}],"version-history":[{"count":14,"href":"https:\/\/murena.com\/fr\/wp-json\/wp\/v2\/pages\/78670\/revisions"}],"predecessor-version":[{"id":107938,"href":"https:\/\/murena.com\/fr\/wp-json\/wp\/v2\/pages\/78670\/revisions\/107938"}],"wp:attachment":[{"href":"https:\/\/murena.com\/fr\/wp-json\/wp\/v2\/media?parent=78670"}],"curies":[{"name":"wp","href":"https:\/\/api.w.org\/{rel}","templated":true}]}}