{"id":74432,"date":"2023-01-17T06:06:19","date_gmt":"2023-01-17T05:06:19","guid":{"rendered":"https:\/\/murena.com\/?page_id=74432"},"modified":"2024-03-07T19:03:33","modified_gmt":"2024-03-07T18:03:33","slug":"press-kit","status":"publish","type":"page","link":"https:\/\/murena.com\/fr\/press-kit\/","title":{"rendered":"Dossier de presse"},"content":{"rendered":"","protected":false},"excerpt":{"rendered":"","protected":false},"author":5167,"featured_media":0,"parent":0,"menu_order":0,"comment_status":"closed","ping_status":"closed","template":"press-kit.php","meta":{"_seopress_robots_primary_cat":"","_seopress_titles_title":"Outils pour les m\u00e9dias et la presse","_seopress_titles_desc":"Vous trouverez ici nos dossiers de presse, nos logos, nos vid\u00e9os, nos photos et d'autres \u00e9l\u00e9ments qui vous aideront \u00e0 r\u00e9diger un article sur nous.","_seopress_robots_index":"","footnotes":""},"class_list":["post-74432","page","type-page","status-publish","hentry","wpbf-post"],"_links":{"self":[{"href":"https:\/\/murena.com\/fr\/wp-json\/wp\/v2\/pages\/74432","targetHints":{"allow":["GET"]}}],"collection":[{"href":"https:\/\/murena.com\/fr\/wp-json\/wp\/v2\/pages"}],"about":[{"href":"https:\/\/murena.com\/fr\/wp-json\/wp\/v2\/types\/page"}],"author":[{"embeddable":true,"href":"https:\/\/murena.com\/fr\/wp-json\/wp\/v2\/users\/5167"}],"replies":[{"embeddable":true,"href":"https:\/\/murena.com\/fr\/wp-json\/wp\/v2\/comments?post=74432"}],"version-history":[{"count":2,"href":"https:\/\/murena.com\/fr\/wp-json\/wp\/v2\/pages\/74432\/revisions"}],"predecessor-version":[{"id":80043,"href":"https:\/\/murena.com\/fr\/wp-json\/wp\/v2\/pages\/74432\/revisions\/80043"}],"wp:attachment":[{"href":"https:\/\/murena.com\/fr\/wp-json\/wp\/v2\/media?parent=74432"}],"curies":[{"name":"wp","href":"https:\/\/api.w.org\/{rel}","templated":true}]}}