{"id":73392,"date":"2023-01-02T13:43:21","date_gmt":"2023-01-02T12:43:21","guid":{"rendered":"https:\/\/murena.com\/investir\/"},"modified":"2026-02-23T09:55:39","modified_gmt":"2026-02-23T08:55:39","slug":"investir","status":"publish","type":"page","link":"https:\/\/murena.com\/fr\/investir\/","title":{"rendered":"Investir"},"content":{"rendered":"\n<h2 class=\"wp-block-heading\">Opportunit\u00e9s d&rsquo;investissement chez Murena<\/h2>\n\n\n\n<p>Murena SAS est une soci\u00e9t\u00e9 priv\u00e9e bas\u00e9e dans l&rsquo;Union Europ\u00e9enne. Nous sommes r\u00e9guli\u00e8rement contact\u00e9s par des personnes et des organisations int\u00e9ress\u00e9es par un investissement dans Murena SAS. <\/p>\n\n\n\n<p>Nous acceptons actuellement des investissements. Si vous souhaitez nous faire part de votre int\u00e9r\u00eat pour un investissement, veuillez remplir le formulaire ci-dessous. <\/p>\n\n\n\n<div class=\"wp-block-columns is-layout-flex wp-container-core-columns-is-layout-28f84493 wp-block-columns-is-layout-flex\">\n<div class=\"wp-block-column is-layout-flow wp-block-column-is-layout-flow\">\n<div class=\"wpcf7 no-js\" id=\"wpcf7-f103894-o1\" lang=\"fr-FR\" dir=\"ltr\" data-wpcf7-id=\"103894\">\n<div class=\"screen-reader-response\"><p role=\"status\" aria-live=\"polite\" aria-atomic=\"true\"><\/p> <ul><\/ul><\/div>\n<form action=\"\/fr\/wp-json\/wp\/v2\/pages\/73392#wpcf7-f103894-o1\" method=\"post\" class=\"wpcf7-form init\" aria-label=\"Formulaire de contact\" novalidate=\"novalidate\" data-status=\"init\">\n<fieldset class=\"hidden-fields-container\"><input type=\"hidden\" name=\"_wpcf7\" value=\"103894\" \/><input type=\"hidden\" name=\"_wpcf7_version\" value=\"6.1.3\" \/><input type=\"hidden\" name=\"_wpcf7_locale\" value=\"fr_FR\" \/><input type=\"hidden\" name=\"_wpcf7_unit_tag\" value=\"wpcf7-f103894-o1\" \/><input type=\"hidden\" name=\"_wpcf7_container_post\" value=\"0\" \/><input type=\"hidden\" name=\"_wpcf7_posted_data_hash\" value=\"\" \/><input type=\"hidden\" name=\"_wpcf7cf_hidden_group_fields\" value=\"[]\" \/><input type=\"hidden\" name=\"_wpcf7cf_hidden_groups\" value=\"[]\" \/><input type=\"hidden\" name=\"_wpcf7cf_visible_groups\" value=\"[]\" \/><input type=\"hidden\" name=\"_wpcf7cf_repeaters\" value=\"[]\" \/><input type=\"hidden\" name=\"_wpcf7cf_steps\" value=\"{}\" \/><input type=\"hidden\" name=\"_wpcf7cf_options\" value=\"{&quot;form_id&quot;:103894,&quot;conditions&quot;:[],&quot;settings&quot;:{&quot;animation&quot;:&quot;yes&quot;,&quot;animation_intime&quot;:&quot;200&quot;,&quot;animation_outtime&quot;:&quot;200&quot;,&quot;conditions_ui&quot;:&quot;text_only&quot;,&quot;notice_dismissed&quot;:&quot;&quot;,&quot;notice_dismissed_rollback-cf7-5.9.2&quot;:true}}\" \/>\n<\/fieldset>\n<p><label> Nom et pr\u00e9nom *<br \/>\n<span class=\"wpcf7-form-control-wrap\" data-name=\"investor-name\"><input size=\"40\" maxlength=\"400\" class=\"wpcf7-form-control wpcf7-text wpcf7-validates-as-required\" aria-required=\"true\" aria-invalid=\"false\" value=\"\" type=\"text\" name=\"investor-name\" \/><\/span> <\/label>\n<\/p>\n<p><label> Votre adresse e-mail *<br \/>\n<span class=\"wpcf7-form-control-wrap\" data-name=\"investor-email\"><input size=\"40\" maxlength=\"400\" class=\"wpcf7-form-control wpcf7-email wpcf7-validates-as-required wpcf7-text wpcf7-validates-as-email\" aria-required=\"true\" aria-invalid=\"false\" value=\"\" type=\"email\" name=\"investor-email\" \/><\/span> <\/label>\n<\/p>\n<p><label> Votre pays de r\u00e9sidence *<br \/>\n<span class=\"wpcf7-form-control-wrap\" data-name=\"country-name\"><input size=\"40\" maxlength=\"400\" class=\"wpcf7-form-control wpcf7-text wpcf7-validates-as-required\" aria-required=\"true\" aria-invalid=\"false\" value=\"\" type=\"text\" name=\"country-name\" \/><\/span> <\/label>\n<\/p>\n<p><label> Votre num\u00e9ro de t\u00e9l\u00e9phone<br \/>\n<span class=\"wpcf7-form-control-wrap\" data-name=\"PhoneNumber\"><input size=\"40\" maxlength=\"400\" class=\"wpcf7-form-control wpcf7-text\" aria-invalid=\"false\" value=\"\" type=\"text\" name=\"PhoneNumber\" \/><\/span> <\/label>\n<\/p>\n<p><label> Votre adresse<br \/>\n<span class=\"wpcf7-form-control-wrap\" data-name=\"investor-address\"><textarea cols=\"40\" rows=\"2\" maxlength=\"2000\" class=\"wpcf7-form-control wpcf7-textarea\" aria-invalid=\"false\" name=\"investor-address\"><\/textarea><\/span> <\/label>\n<\/p>\n<p>Quel est le montant que vous souhaiteriez investir (pour des montants \u2265 \u20ac 2 000 l'investissement est possible directement, pour des montants < \u20ac 2 000 veuillez \u00e9galement remplir vos informations, puis nous vous contacterons la prochaine fois que nous organiserons un crowdfunding):\n<\/p>\n<p><span class=\"wpcf7-form-control-wrap\" data-name=\"amount\"><input class=\"wpcf7-form-control wpcf7-number wpcf7-validates-as-number\" aria-invalid=\"false\" value=\"\" type=\"number\" name=\"amount\" \/><\/span><span class=\"wpcf7-form-control-wrap\" data-name=\"currency-checkbox\"><span class=\"wpcf7-form-control wpcf7-checkbox wpcf7-exclusive-checkbox\"><span class=\"wpcf7-list-item first\"><label><input type=\"checkbox\" name=\"currency-checkbox\" value=\"euro\" \/><span class=\"wpcf7-list-item-label\">euro<\/span><\/label><\/span><span class=\"wpcf7-list-item last\"><label><input type=\"checkbox\" name=\"currency-checkbox\" value=\"dollar\" \/><span class=\"wpcf7-list-item-label\">dollar<\/span><\/label><\/span><\/span><\/span>\n<\/p>\n<p><label> Pouvez-vous nous en dire plus sur vous ?<br \/>\n<span class=\"wpcf7-form-control-wrap\" data-name=\"about-investor\"><textarea cols=\"40\" rows=\"2\" maxlength=\"2000\" class=\"wpcf7-form-control wpcf7-textarea\" aria-invalid=\"false\" name=\"about-investor\"><\/textarea><\/span> <\/label>\n<\/p>\n<p><span class=\"wpcf7-form-control-wrap\" data-name=\"checkbox-newsletter\"><span class=\"wpcf7-form-control wpcf7-checkbox\"><span class=\"wpcf7-list-item first last\"><label><input type=\"checkbox\" name=\"checkbox-newsletter[]\" value=\"Cochez cette case si vous acceptez de recevoir des informations sur les opportunit\u00e9s d&#039;investissement dans le futur.\" \/><span class=\"wpcf7-list-item-label\">Cochez cette case si vous acceptez de recevoir des informations sur les opportunit\u00e9s d&#039;investissement dans le futur.<\/span><\/label><\/span><\/span><\/span>\n<\/p>\n<p><label>Saisissez le Captcha<br \/>\n<input type=\"hidden\" name=\"_wpcf7_captcha_challenge_captcha-170\" value=\"1455937007\" \/><img loading=\"lazy\" decoding=\"async\" class=\"wpcf7-form-control wpcf7-captchac wpcf7-captcha-captcha-170\" width=\"72\" height=\"24\" alt=\"captcha\" src=\"https:\/\/murena.com\/wp-content\/uploads\/wpcf7_captcha\/1455937007.png\" \/><br \/>\n<span class=\"wpcf7-form-control-wrap\" data-name=\"captcha-170\"><input size=\"4\" maxlength=\"4\" class=\"wpcf7-form-control wpcf7-captchar\" autocomplete=\"off\" aria-invalid=\"false\" value=\"\" type=\"text\" name=\"captcha-170\" \/><\/span><br \/>\n<\/label>\n<\/p>\n<p><input class=\"wpcf7-form-control wpcf7-submit has-spinner\" type=\"submit\" value=\"Envoyer\" \/>\n<\/p><div class=\"wpcf7-response-output\" aria-hidden=\"true\"><\/div>\n<\/form>\n<\/div>\n\n<\/div>\n\n\n\n<div class=\"wp-block-column is-layout-flow wp-block-column-is-layout-flow\"><\/div>\n<\/div>\n","protected":false},"excerpt":{"rendered":"<p>Opportunit\u00e9s d&rsquo;investissement chez Murena Murena SAS est une soci\u00e9t\u00e9 priv\u00e9e bas\u00e9e dans l&rsquo;Union Europ\u00e9enne. Nous&#8230;<\/p>\n","protected":false},"author":5167,"featured_media":0,"parent":0,"menu_order":0,"comment_status":"closed","ping_status":"closed","template":"","meta":{"_seopress_robots_primary_cat":"","_seopress_titles_title":"Opportunit\u00e9s d'investissement chez Murena","_seopress_titles_desc":"Si vous souhaitez investir dans Murena, veuillez nous fournir vos coordonn\u00e9es. Vous pourrez alors recevoir de nouvelles informations sur les opportunit\u00e9s existantes.","_seopress_robots_index":"","footnotes":""},"class_list":["post-73392","page","type-page","status-publish","hentry","wpbf-post"],"_links":{"self":[{"href":"https:\/\/murena.com\/fr\/wp-json\/wp\/v2\/pages\/73392","targetHints":{"allow":["GET"]}}],"collection":[{"href":"https:\/\/murena.com\/fr\/wp-json\/wp\/v2\/pages"}],"about":[{"href":"https:\/\/murena.com\/fr\/wp-json\/wp\/v2\/types\/page"}],"author":[{"embeddable":true,"href":"https:\/\/murena.com\/fr\/wp-json\/wp\/v2\/users\/5167"}],"replies":[{"embeddable":true,"href":"https:\/\/murena.com\/fr\/wp-json\/wp\/v2\/comments?post=73392"}],"version-history":[{"count":14,"href":"https:\/\/murena.com\/fr\/wp-json\/wp\/v2\/pages\/73392\/revisions"}],"predecessor-version":[{"id":147001,"href":"https:\/\/murena.com\/fr\/wp-json\/wp\/v2\/pages\/73392\/revisions\/147001"}],"wp:attachment":[{"href":"https:\/\/murena.com\/fr\/wp-json\/wp\/v2\/media?parent=73392"}],"curies":[{"name":"wp","href":"https:\/\/api.w.org\/{rel}","templated":true}]}}