{"id":63193,"date":"2022-05-31T06:46:16","date_gmt":"2022-05-31T04:46:16","guid":{"rendered":"https:\/\/murena.com\/about\/"},"modified":"2024-03-07T16:12:04","modified_gmt":"2024-03-07T15:12:04","slug":"about","status":"publish","type":"page","link":"https:\/\/murena.com\/fr\/about\/","title":{"rendered":"\u00c0 propos"},"content":{"rendered":"","protected":false},"excerpt":{"rendered":"","protected":false},"author":5167,"featured_media":0,"parent":0,"menu_order":0,"comment_status":"closed","ping_status":"closed","template":"about.php","meta":{"_seopress_robots_primary_cat":"","_seopress_titles_title":"\u00c0 propos de Murena","_seopress_titles_desc":"Nous concevons des smartphones et des services cloud qui donnent la priorit\u00e9 \u00e0 la protection de la vie priv\u00e9e des utilisateurs.","_seopress_robots_index":"","footnotes":""},"class_list":["post-63193","page","type-page","status-publish","hentry","wpbf-post"],"_links":{"self":[{"href":"https:\/\/murena.com\/fr\/wp-json\/wp\/v2\/pages\/63193","targetHints":{"allow":["GET"]}}],"collection":[{"href":"https:\/\/murena.com\/fr\/wp-json\/wp\/v2\/pages"}],"about":[{"href":"https:\/\/murena.com\/fr\/wp-json\/wp\/v2\/types\/page"}],"author":[{"embeddable":true,"href":"https:\/\/murena.com\/fr\/wp-json\/wp\/v2\/users\/5167"}],"replies":[{"embeddable":true,"href":"https:\/\/murena.com\/fr\/wp-json\/wp\/v2\/comments?post=63193"}],"version-history":[{"count":2,"href":"https:\/\/murena.com\/fr\/wp-json\/wp\/v2\/pages\/63193\/revisions"}],"predecessor-version":[{"id":80027,"href":"https:\/\/murena.com\/fr\/wp-json\/wp\/v2\/pages\/63193\/revisions\/80027"}],"wp:attachment":[{"href":"https:\/\/murena.com\/fr\/wp-json\/wp\/v2\/media?parent=63193"}],"curies":[{"name":"wp","href":"https:\/\/api.w.org\/{rel}","templated":true}]}}