{"id":52628,"date":"2020-02-06T17:33:23","date_gmt":"2020-02-06T17:33:23","guid":{"rendered":"https:\/\/murena.com\/support\/"},"modified":"2024-11-04T14:18:21","modified_gmt":"2024-11-04T13:18:21","slug":"faq","status":"publish","type":"page","link":"https:\/\/murena.com\/fr\/faq\/","title":{"rendered":"Murena FAQ"},"content":{"rendered":"<h2>FAQ<\/h2>\n<p>\t\t\t\t\t\t\t\t\t\t\t\t<a href=\"\">O\u00f9 livrez-vous ?<\/a><br \/>\n\t\t\t\t\tActuellement, nous vendons et livrons dans les pays de l&#8217;Espace \u00e9conomique europ\u00e9en (y compris le Royaume-Uni), en Suisse, aux \u00c9tats-Unis d&#8217;Am\u00e9rique et au Canada.<br \/>\n\t\t\t\t\t\t\t\t\t\t\t\t<a href=\"\"> J&rsquo;ach\u00e8te depuis l&rsquo;ext\u00e9rieur de l&rsquo;Union europ\u00e9enne, y aura-t-il des frais suppl\u00e9mentaires ?<\/a><br \/>\n\t\t\t\t\tPour les consommateurs qui commandent depuis l&#8217;ext\u00e9rieur de l&#8217;Union europ\u00e9enne, nous facturons hors TVA. Certains pays ou \u00e9tats peuvent appliquer des droits de douane, de la TVA ou d&#8217;autres taxes \u00e0 la livraison, en fonction de la valeur de la commande, dont le paiement est \u00e0 votre charge exclusive.<br \/>\n\t\t\t\t\t\t\t\t\t\t\t\t<a href=\"\">Combien co\u00fbtent les frais de port ?<\/a><\/p>\n<p>Les frais de port ne sont pas inclus dans le prix des produits et seront calcul\u00e9s au moment de la commande en fonction de votre adresse de livraison.<\/p>\n<p>\t\t\t\t\t\t\t\t\t\t\t\t<a href=\"\">Vais-je recevoir un lien pour le suivi de l&rsquo;envoi de ma commande ?<\/a><\/p>\n<p>Nous vous enverrons un courriel de confirmation lorsque votre produit aura \u00e9t\u00e9 exp\u00e9di\u00e9, qui comprendra un lien de suivi de votre envoi.<\/p>\n<p>\t\t\t\t\t\t\t\t\t\t\t\t<a href=\"\">Quelle est votre politique de retour ?<\/a><\/p>\n<p>Vous pouvez retourner votre produit dans les 14 jours suivant la date de r\u00e9ception du produit, \u00e0 condition qu&#8217;il ne soit pas endommag\u00e9. Vous devrez le retourner avec tous les accessoires inclus dans la bo\u00eete, et nous vous rembourserons sur la base du mode de paiement original.<\/p>\n<p>\t\t\t\t\t\t\t\t\t\t\t\t<a href=\"\">Quel moyen de paiement acceptez-vous ?<\/a><br \/>\nVous pouvez payer par carte de d\u00e9bit, carte de cr\u00e9dit et Paypal dans la plupart des march\u00e9s.<br \/>\nNous acceptons \u00e9galement les transferts en ligne \u00e0 partir de comptes bancaires avec iDEAL pour les clients bas\u00e9s aux Pays-Bas et Giropay pour les clients bas\u00e9s en Allemagne.<br \/>\nNous envisageons d&#8217;ajouter d&#8217;autres options de paiement \u00e0 l&#8217;avenir.<br \/>\n\t\t\t\t\t\t\t\t\t\t\t\t<a href=\"\"> Le t\u00e9l\u00e9phone est-il d\u00e9bloqu\u00e9 ?<\/a><\/p>\n<p>Tous nos t\u00e9l\u00e9phones sont d\u00e9bloqu\u00e9s.<\/p>\n<p>\t\t\t\t\t\t\t\t\t\t\t\t<a href=\"\"> Le t\u00e9l\u00e9phone fonctionnera-t-il sur les r\u00e9seaux CDMA ?<\/a><br \/>\nNos t\u00e9l\u00e9phones sont bas\u00e9s sur la technologie GSM pour les r\u00e9seaux 2G et 3G. Ils ne sont pas compatibles avec le CDMA sur les r\u00e9seaux 2G et 3G.<br \/>\nTous nos t\u00e9l\u00e9phones sont compatibles avec la 4G LTE<br \/>\n\t\t\t\t\t\t\t\t\t\t\t\t<a href=\"\">Quels sont les op\u00e9rateurs europ\u00e9ens compatibles ?<\/a><\/p>\n<p>Nos t\u00e9l\u00e9phones sont compatibles avec tous les op\u00e9rateurs europ\u00e9ens. Nous n&#8217;avons pas connaissance d&#8217;une quelconque exclusion \u00e0 ce stade.<\/p>\n<p>\t\t\t\t\t\t\t\t\t\t\t\t<a href=\"\">Quels sont les op\u00e9rateurs am\u00e9ricains compatibles ?<\/a><br \/>\nPour l&#8217;instant, nos t\u00e9l\u00e9phones fonctionneront avec les op\u00e9rateurs suivants :<br \/>\nT-Mobile, Metro by T-Mobile, AT&amp;T, Simple Mobile, Speedtalk Mobile, Ultra Mobile, Red Pocket Mobile, Ting, Tempo, Walmart Family Mobile, Pure TalkUSA, Straight Talk.<br \/>\nNos t\u00e9l\u00e9phones ne figurent pas encore sur la liste approuv\u00e9e du r\u00e9seau Verizon.<br \/>\n\t\t\t\t\t\t\t\t\t\t\t\t<a href=\"\">Quels sont les op\u00e9rateurs canadiens compatibles ?<\/a><br \/>\nRogers, Telus, Shaw, BCE, Virgin Mobile, Fido, Freedom, Koodo<br \/>\n\t\t\t\t\t\t\t\t\t\t\t\t<a href=\"\">Pendant combien de temps ce t\u00e9l\u00e9phone recevra-t-il des mises \u00e0 jour de logiciels ?<\/a><br \/>\nNotre objectif est d&#8217;offrir un support avec au moins 3 ans de mises \u00e0 jour logicielles et de correctifs de s\u00e9curit\u00e9.<br \/>\n\t\t\t\t\t\t\t\t\t\t\t\t<a href=\"\">Recevrai-je r\u00e9guli\u00e8rement des mises \u00e0 jour et des correctifs de s\u00e9curit\u00e9 ?<\/a><br \/>\nNous publions des mises \u00e0 jour logicielles pour nos t\u00e9l\u00e9phones au moins tous les deux mois. Nous publions m\u00eame parfois des mises \u00e0 jour tous les mois.<br \/>\n\t\t\t\t\t\t\t\t\t\t\t\t<a href=\"\">Puis-je r\u00e9installer la version classique de Google Android ?<\/a><br \/>\nTechniquement oui, mais notez que cela annulera votre garantie et votre acc\u00e8s \u00e0 notre support client.<br \/>\n\t\t\t\t\t\t\t\t\t\t\t\t<a href=\"\">Comment puis-je obtenir de l&rsquo;aide si quelque chose ne va pas ?<\/a><br \/>\n\t\t\t\t\tVous pouvez consulter nos guides de d\u00e9pannage, nos tutoriels, vous connecter avec d&#8217;autres utilisateurs pour obtenir des conseils ou simplement \u00e9crire \u00e0 notre \u00e9quipe d&#8217;assistance qui vous aidera \u00e0 r\u00e9soudre votre probl\u00e8me ou \u00e0 faire r\u00e9parer votre t\u00e9l\u00e9phone. Toutes les options disponibles sont d\u00e9crites sur notre <a href=\"https:\/\/esolutions.shop\/fr\/support\/\">page de support<\/a>.<br \/>\n\t\t\t\t\t\t\t\t\t\t\t\t<a href=\"\">Quelles sont les applications Android compatibles avec \/e\/OS ?<\/a><br \/>\nLa plupart des applications Android peuvent \u00eatre install\u00e9es sur \/e\/OS.<br \/>\nPour l&#8217;instant, nous ne soutenons pas les applications payantes ou les achats int\u00e9gr\u00e9s \u00e0 l&#8217;application.<br \/>\nComme les services mobiles de Google ne sont pas pr\u00e9install\u00e9s sur nos t\u00e9l\u00e9phones, certaines applications qui d\u00e9pendent fortement de ces services risquent de ne pas fonctionner correctement. Nous mettons r\u00e9guli\u00e8rement \u00e0 jour notre syst\u00e8me pour prendre en charge davantage d&#8217;applications.<br \/>\nVous pouvez v\u00e9rifier si une application est d\u00e9j\u00e0 r\u00e9pertori\u00e9e dans notre magasin <a href=\"https:\/\/e.foundation\/e-os-available-applications\/\">ici<\/a>. Si une application n&#8217;est pas encore r\u00e9pertori\u00e9e dans notre magasin, vous pouvez en faire la demande directement depuis le magasin lui-m\u00eame. Nous pouvons \u00e9galement vous aider \u00e0 trouver d&#8217;autres sources d&#8217;acc\u00e8s \u00e0 des applications.<br \/>\n\t\t\t\t\t\t\t\t\t\t\t\t<a href=\"\"> Ai-je besoin d&rsquo;un compte \/e\/ avec ce t\u00e9l\u00e9phone ?<\/a><br \/>\n\t\t\t\t\tIl est optionnel, mais nous le recommandons vivement. Vous pouvez vous inscrire pour obtenir votre compte gratuit <a href=\"https:\/\/e.foundation\/e-email-invite\/\">ici<\/a>.<br \/>\nUn compte \/e\/ est une extension du syst\u00e8me \/e\/OS, avec votre adresse \u00e9lectronique personnelle, votre calendrier, vos contacts, vos notes, vos t\u00e2ches&#8230; Il s&#8217;agit d&#8217;un stockage personnel en ligne pour sauvegarder vos donn\u00e9es, entre autres choses. C&#8217;est un environnement unique qui am\u00e9liore la protection de la vie priv\u00e9e.<br \/>\nPour les utilisateurs avanc\u00e9s, nous offrons \u00e9galement la possibilit\u00e9 de s&#8217;auto-h\u00e9berger, pour plus d&#8217;informations \u00e0 ce sujet, consultez <a href=\"https:\/\/gitlab.e.foundation\/e\/infra\/ecloud-selfhosting\">cette page<\/a> sur notre espace gitlab.<br \/>\n\t\t\t\t\t\t\t\t\t\t\t\t<a href=\"\">Puis-je acheter pour mon entreprise ?<\/a><br \/>\n\t\t\t\t\tNous acceptons les ventes aux entreprises. Veuillez vous assurer de mentionner les coordonn\u00e9es de votre entreprise \u00e0 la commande et votre num\u00e9ro de TVA.<br \/>\n\t\t\t\t\t\t\t\t\t\t\t\t<a href=\"\">J&rsquo;ai un iPhone ou un t\u00e9l\u00e9phone Android. Comment puis-je transf\u00e9rer mes donn\u00e9es ?<\/a><br \/>\n\t\t\t\t\tLe plus simple est de cr\u00e9er un compte \/e\/ et de transf\u00e9rer les donn\u00e9es de votre iPhone ou de votre t\u00e9l\u00e9phone Android vers votre compte \/e\/ et ensuite de synchroniser votre compte \/e\/ sur votre t\u00e9l\u00e9phone \/e\/. De cette fa\u00e7on, vous pouvez vous assurer que vous pouvez basculer de votre ancien t\u00e9l\u00e9phone et oublier votre compte iCloud ou Gmail.<br \/>\n\t\t\t\t\t\t\t\t\t\t\t\t<a href=\"\">Qu&rsquo;est-ce que ce t\u00e9l\u00e9phone Murena avec \/e\/OS ?<\/a><br \/>\n\t\t\t\t\tMurena est la nouvelle marque des t\u00e9l\u00e9phones livr\u00e9s avec \/e\/OS pr\u00e9install\u00e9. Notre objectif \u00e9tant de toucher de maximum de personnes \u00e0 la recherche de smartphones int\u00e9grant la protection de leurs donn\u00e9es personnelles, il est important de faire en sorte que n&#8217;importe qui puisse se r\u00e9f\u00e9rer facilement \u00e0 son t\u00e9l\u00e9phone, le mentionner \u00e0 ses amis et \u00e0 ses proches, etc.<br \/>\nAu fil du temps, nous pr\u00e9voyons d&#8217;\u00e9tendre la marque Murena \u00e0 davantage de produits et de services.<br \/>\n\/e\/OS reste le nom du syst\u00e8me d&#8217;exploitation.<br \/>\n\t\t\t\t\t\t\t\t\t\t\t\t<a href=\"\">Pourquoi Murena ?<\/a><br \/>\n\t\t\t\t\tMurena est une r\u00e9f\u00e9rence au nom initial du projet, EELO, que nous avons d\u00fb abandonner il y a quelque temps.<br \/>\nEn cherchant un nouveau nom, nous avons lu cette r\u00e9f\u00e9rence sur wikipedia qui nous a beaucoup plu :<br \/>\n&#8220;Murena est un nom (cognomen) utilis\u00e9 par une famille pl\u00e9b\u00e9ienne romaine de Lanuvium appartenant \u00e0 la gens Licinia. Il est cens\u00e9 \u00eatre d\u00e9riv\u00e9 du penchant d&#8217;un membre de la famille pour les lamproies (murenae). La pl\u00e8be \u00e9tait, dans la Rome antique, le corps g\u00e9n\u00e9ral des citoyens romains libres qui n&#8217;\u00e9taient pas patriciens, tel que d\u00e9termin\u00e9 par le recensement. Les origines pr\u00e9cises du groupe et du terme ne sont pas claires, bien qu&#8217;il se peut qu&#8217;ils aient commenc\u00e9 comme un mouvement politique limit\u00e9 en opposition \u00e0 l&#8217;\u00e9lite (patriciens) qui est devenu plus r\u00e9pandu.&#8221;<br \/>\nComme ces citoyens romains libres qui se sont battus pour leur libert\u00e9, Murena vise \u00e0 lib\u00e9rer les gens du contr\u00f4le des Big Tech sur nos donn\u00e9es personnelles.<\/p>\n<h2>Support<\/h2>\n<p>\t\t\t\t\t\t\t\t\t\t\t\t<img decoding=\"async\" width=\"147\" height=\"150\" src=\"https:\/\/esolutions.shop\/wp-content\/uploads\/2020\/04\/phone-147x150.png\" alt=\"\" loading=\"lazy\" srcset=\"https:\/\/esolutions.shop\/wp-content\/uploads\/2020\/04\/phone-147x150.png 147w, https:\/\/esolutions.shop\/wp-content\/uploads\/2020\/04\/phone-32x32.png 32w, https:\/\/esolutions.shop\/wp-content\/uploads\/2020\/04\/phone.png 239w\" sizes=\"auto, (max-width: 147px) 100vw, 147px\" \/>\t\t\t\t\t\t\t\t\t\t\t\t\t\t<\/p>\n<h3>Profiter au maximum de mon t\u00e9l\u00e9phone<\/h3>\n<p>Consultez nos modes d&#8217;emploi et nos tutoriels pour apprendre \u00e0 utiliser au mieux votre t\u00e9l\u00e9phone.<\/p>\n<p>\t\t\t<a href=\"https:\/\/doc.e.foundation\/how-tos\/\" role=\"button\"><br \/>\n\t\t\t\t\t\tGo<br \/>\n\t\t\t\t\t<\/a><br \/>\n\t\t\t\t\t\t\t\t\t\t\t\t<img decoding=\"async\" width=\"147\" height=\"150\" src=\"https:\/\/esolutions.shop\/wp-content\/uploads\/2020\/04\/x-147x150.png\" alt=\"\" loading=\"lazy\" srcset=\"https:\/\/esolutions.shop\/wp-content\/uploads\/2020\/04\/x-147x150.png 147w, https:\/\/esolutions.shop\/wp-content\/uploads\/2020\/04\/x-32x32.png 32w, https:\/\/esolutions.shop\/wp-content\/uploads\/2020\/04\/x.png 239w\" sizes=\"auto, (max-width: 147px) 100vw, 147px\" \/>\t\t\t\t\t\t\t\t\t\t\t\t\t\t<\/p>\n<h5>Quelque chose ne fonctionne pas<\/h5>\n<p>D\u00e9pannez votre t\u00e9l\u00e9phone pour les probl\u00e8mes les plus courants.<\/p>\n<p>\t\t\t<a href=\"https:\/\/doc.e.foundation\/how-tos\/#troubleshooting-issues\" role=\"button\"><br \/>\n\t\t\t\t\t\tGo<br \/>\n\t\t\t\t\t<\/a><br \/>\n\t\t\t\t\t\t\t\t\t\t\t\t<img decoding=\"async\" width=\"147\" height=\"150\" src=\"https:\/\/esolutions.shop\/wp-content\/uploads\/2020\/04\/exchange-147x150.png\" alt=\"\" loading=\"lazy\" srcset=\"https:\/\/esolutions.shop\/wp-content\/uploads\/2020\/04\/exchange-147x150.png 147w, https:\/\/esolutions.shop\/wp-content\/uploads\/2020\/04\/exchange-32x32.png 32w, https:\/\/esolutions.shop\/wp-content\/uploads\/2020\/04\/exchange.png 239w\" sizes=\"auto, (max-width: 147px) 100vw, 147px\" \/>\t\t\t\t\t\t\t\t\t\t\t\t\t\t<\/p>\n<h5>J&rsquo;ai command\u00e9 quelque chose chez eCorp.<\/h5>\n<p>Contactez-nous directement en cas de probl\u00e8me avec votre commande.<\/p>\n<p>\t\t\t<a href=\"mailto:store@e.email\" role=\"button\"><br \/>\n\t\t\t\t\t\tGo<br \/>\n\t\t\t\t\t<\/a><\/p>\n<p>Demandez une assistance suppl\u00e9mentaire<\/p>\n<p>\t\t\t\t\t\t\t\t\t\t\t\t<img decoding=\"async\" width=\"147\" height=\"150\" src=\"https:\/\/esolutions.shop\/wp-content\/uploads\/2020\/04\/file-147x150.png\" alt=\"\" loading=\"lazy\" srcset=\"https:\/\/esolutions.shop\/wp-content\/uploads\/2020\/04\/file-147x150.png 147w, https:\/\/esolutions.shop\/wp-content\/uploads\/2020\/04\/file-32x32.png 32w, https:\/\/esolutions.shop\/wp-content\/uploads\/2020\/04\/file.png 239w\" sizes=\"auto, (max-width: 147px) 100vw, 147px\" \/>\t\t\t\t\t\t\t\t\t\t\t\t\t\t<\/p>\n<h3>Consultez notre forum communautaire<\/h3>\n<h6>Obtenez des conseils et des r\u00e9ponses d&rsquo;autres utilisateurs<\/h6>\n<p>\t\t\t<a href=\"https:\/\/community.e.foundation\/\" role=\"button\"><br \/>\n\t\t\t\t\t\tGo<br \/>\n\t\t\t\t\t<\/a><br \/>\n\t\t\t\t\t\t\t\t\t\t\t\t<img decoding=\"async\" width=\"147\" height=\"150\" src=\"https:\/\/esolutions.shop\/wp-content\/uploads\/2020\/04\/chat-147x150.png\" alt=\"\" loading=\"lazy\" srcset=\"https:\/\/esolutions.shop\/wp-content\/uploads\/2020\/04\/chat-147x150.png 147w, https:\/\/esolutions.shop\/wp-content\/uploads\/2020\/04\/chat-32x32.png 32w, https:\/\/esolutions.shop\/wp-content\/uploads\/2020\/04\/chat.png 239w\" sizes=\"auto, (max-width: 147px) 100vw, 147px\" \/>\t\t\t\t\t\t\t\t\t\t\t\t\t\t<\/p>\n<h3>Discutez avec d&rsquo;autres utilisateurs<\/h3>\n<h6>Engagez une conversation avec d&rsquo;autres utilisateurs<\/h6>\n<p>\t\t\t<a href=\"https:\/\/t.me\/joinchat\/D1jNSmJHKo4u70ha\" role=\"button\"><br \/>\n\t\t\t\t\t\tGo<br \/>\n\t\t\t\t\t<\/a><br \/>\n\t\t\t\t\t\t\t\t\t\t\t\t<img decoding=\"async\" width=\"147\" height=\"150\" src=\"https:\/\/esolutions.shop\/wp-content\/uploads\/2020\/04\/get-in-touch-147x150.png\" alt=\"\" loading=\"lazy\" srcset=\"https:\/\/esolutions.shop\/wp-content\/uploads\/2020\/04\/get-in-touch-147x150.png 147w, https:\/\/esolutions.shop\/wp-content\/uploads\/2020\/04\/get-in-touch-32x32.png 32w, https:\/\/esolutions.shop\/wp-content\/uploads\/2020\/04\/get-in-touch.png 239w\" sizes=\"auto, (max-width: 147px) 100vw, 147px\" \/>\t\t\t\t\t\t\t\t\t\t\t\t\t\t<\/p>\n<h3>Contactez-nous<\/h3>\n<h6>Connectez-vous avec notre \u00e9quipe officielle de support<\/h6>\n<p>\t\t\t<a href=\"mailto:ephone_support@e.email\" role=\"button\"><br \/>\n\t\t\t\t\t\tGo<br \/>\n\t\t\t\t\t<\/a><\/p>\n","protected":false},"excerpt":{"rendered":"<p>FAQ O\u00f9 livrez-vous ? Actuellement, nous vendons et livrons dans les pays de l&#8217;Espace \u00e9conomique&#8230;<\/p>\n","protected":false},"author":1509,"featured_media":0,"parent":0,"menu_order":0,"comment_status":"closed","ping_status":"closed","template":"faq-page.php","meta":{"_seopress_robots_primary_cat":"","_seopress_titles_title":"FAQ Murena","_seopress_titles_desc":"Obtenez toute l'aide dont vous avez besoin avec votre smartphone ou vos services Murena. Obtenez de l'aide, interrogez la communaut\u00e9 ou trouvez votre r\u00e9ponse dans notre FAQ.","_seopress_robots_index":"","footnotes":""},"class_list":["post-52628","page","type-page","status-publish","hentry","wpbf-post"],"_links":{"self":[{"href":"https:\/\/murena.com\/fr\/wp-json\/wp\/v2\/pages\/52628","targetHints":{"allow":["GET"]}}],"collection":[{"href":"https:\/\/murena.com\/fr\/wp-json\/wp\/v2\/pages"}],"about":[{"href":"https:\/\/murena.com\/fr\/wp-json\/wp\/v2\/types\/page"}],"author":[{"embeddable":true,"href":"https:\/\/murena.com\/fr\/wp-json\/wp\/v2\/users\/1509"}],"replies":[{"embeddable":true,"href":"https:\/\/murena.com\/fr\/wp-json\/wp\/v2\/comments?post=52628"}],"version-history":[{"count":22,"href":"https:\/\/murena.com\/fr\/wp-json\/wp\/v2\/pages\/52628\/revisions"}],"predecessor-version":[{"id":110797,"href":"https:\/\/murena.com\/fr\/wp-json\/wp\/v2\/pages\/52628\/revisions\/110797"}],"wp:attachment":[{"href":"https:\/\/murena.com\/fr\/wp-json\/wp\/v2\/media?parent=52628"}],"curies":[{"name":"wp","href":"https:\/\/api.w.org\/{rel}","templated":true}]}}