{"id":52620,"date":"2020-04-16T07:42:35","date_gmt":"2020-04-16T07:42:35","guid":{"rendered":"https:\/\/murena.com\/privacy-policy\/"},"modified":"2024-07-15T12:30:13","modified_gmt":"2024-07-15T10:30:13","slug":"privacy-policy","status":"publish","type":"page","link":"https:\/\/murena.com\/fr\/privacy-policy\/","title":{"rendered":"Politique de confidentialit\u00e9"},"content":{"rendered":"\n<h2 class=\"wp-block-heading\">murena.com Politique de confidentialit\u00e9<\/h2>\n\n<p>Comme notre projet est ax\u00e9 sur le respect des donn\u00e9es personnelles des utilisateurs, nous savons que la confidentialit\u00e9 est extr\u00eamement importante pour vous. Nous ne partageons aucune information personnelle avec qui que ce soit.<\/p>\n\n<p><strong>\u00c0 propos de ce site web<\/strong><\/p>\n\n<p>Le code source du site web se trouve<br\/>at<a style=\"color: #fc7222;\" href=\"https:\/\/github.com\/WordPress\/WordPress\"> https:\/\/github.com\/WordPress\/WordPress<\/a>. Il est sous licence GPL v2.<\/p>\n\n<p>Nous utilisons <a style=\"color: #fc7222;\" href=\"https:\/\/www.wp-slimstat.com\/\">Slimstat<\/a>\u00a0pour cr\u00e9er des statistiques sur les visiteurs pour notre usage interne. Nous utilisons ces statistiques en interne, par exemple pour mesurer les performances de notre site web ou pour savoir de quel site d\u2019information proviennent les visiteurs. Ces statistiques ne nous fournissent aucune information personnelle identifiable. Ces informations ne sont pas divulgu\u00e9es \u00e0 des tiers, sauf si la loi nous y oblige.<\/p>\n\n<p>Nous utilisons les cookies pour nous aider \u00e0 comprendre vos pr\u00e9f\u00e9rences en fonction de vos activit\u00e9s actuelles ou ant\u00e9rieures sur le site, ce qui nous permet de vous fournir des services toujours plus complets.<\/p>\n\n<p>Vous pouvez choisir d\u2019\u00eatre averti par votre ordinateur chaque fois qu\u2019un cookie est envoy\u00e9, ou vous pouvez choisir de d\u00e9sactiver tous les cookies. Vous pouvez le faire via les param\u00e8tres de votre navigateur (comme Chrome, Safari ou Firefox). Chaque navigateur \u00e9tant diff\u00e9rent, consultez le menu Aide de votre navigateur pour savoir comment modifier les param\u00e8tres de vos cookies. Si vous d\u00e9sactivez les cookies, certaines fonctionnalit\u00e9s mineures pourraient ne pas fonctionner.<\/p>\n\n<p>Nous respectons la consigne du \u00ab do-not-track \u00bb. Si cette option est activ\u00e9e,<br\/><a style=\"color: #fc7222;\" href=\"https:\/\/murena.com\/fr\/\">https:\/\/murena.com<\/a> ne cr\u00e9era aucune statistique ou cookie par visite.<\/p>\n\n<p><strong>Recueillons-nous des informations personnelles sur <a href=\"https:\/\/murena.com\/fr\/\">https:\/\/murena.com<\/a>?<\/strong><\/p>\n\n<p>Nous recueillons des donn\u00e9es lorsque vous vous abonnez \u00e0 un bulletin d\u2019information, cr\u00e9ez un compte e-commerce, remplissez un formulaire, achetez un t\u00e9l\u00e9phone, ou entrez des informations sur notre site.<\/p>\n\n<p>Lorsque vous vous inscrivez pour recevoir notre bulletin d\u2019information par courriel, vous recevrez des renseignements sur nos nouveaux produits et services. Vous pouvez vous d\u00e9sabonner de n\u2019importe laquelle de ces communications \u00e0 tout moment.<\/p>\n\n<p>Nous mettons en \u0153uvre toute une gamme de mesures de s\u00e9curit\u00e9 pour assurer la s\u00e9curit\u00e9 de vos donn\u00e9es personnelles lorsque vous passez une commande et que vous les entrez, les soumettez ou y acc\u00e9dez.<\/p>\n\n<p><strong>Qu\u2019en est-il des informations que je fournis lorsque je fais un achat?<\/strong><\/p>\n\n<p>Ces transactions sont trait\u00e9es par des tiers et non par ESolutions SAS. ESolutions SAS ne re\u00e7oit aucune information financi\u00e8re que vous transmettez \u00e0 nos fournisseurs tiers pour traitement. Le nom de la tierce partie sera affich\u00e9 au moment de la transaction.<\/p>\n\n<p>Nous utilisons Stripe, PayPal et Bitpay pour g\u00e9rer les paiements sur ce site.<\/p>\n\n<p><strong>Comment prot\u00e9geons-nous les donn\u00e9es personnelles h\u00e9berg\u00e9es sur nos serveurs?<\/strong><\/p>\n\n<p>Vos informations personnelles sont gard\u00e9es en s\u00e9curit\u00e9 chez nos partenaires. Elles ne sont accessibles qu\u2019\u00e0 un nombre limit\u00e9 de personnes qui ont des droits d\u2019acc\u00e8s sp\u00e9cifiques \u00e0 ces serveurs et qui sont tenues de garder ces informations confidentielles. De plus, toutes les informations sensibles que vous fournissez sont crypt\u00e9es via la technologie Secure Socket Layer (SSL).<\/p>\n\n<p><strong>Comment utilisons-nous les donn\u00e9es lors de la migration depuis un compte Google?<\/strong><\/p>\n\n<p>Lors de la migration, Murena Workspace aura acc\u00e8s aux donn\u00e9es des applications suivantes : Drive, Photos, Contacts et Agenda. Ces donn\u00e9es sont import\u00e9es dans Murena Workspace pour rendre la migration plus facile et seront accessibles, modifiables et supprimables depuis votre compte Murena Workspace \u00e0 tout moment et uniquement par vous.&#13;\n&#13;\n<\/p>\n\n<p>Pour plus d\u2019informations sur les politiques de confidentialit\u00e9 des services suivants :<\/p>\n\n<ul class=\"wp-block-list\">\n<li>\/e\/OS et apps<\/li>\n\n\n\n<li>@e.email compte<\/li>\n\n\n\n<li>le portail des d\u00e9veloppeurs \/e\/OS situ\u00e9 \u00e0 l&rsquo;adresse <a style=\"color: #fc7222;\" href=\"https:\/\/gitlab.e.foundation\"> https:\/\/gitlab.e.foundation<\/a><\/li>\n\n\n\n<li>le forum de la communaut\u00e9 eFoundation situ\u00e9 \u00e0 l&rsquo;adresse suivante <a style=\"color: #fc7222;\" href=\"https:\/\/community.e.foundation\"> https:\/\/community.e.foundation<\/a><\/li>\n<\/ul>\n\n<p>veuillez visiter<br\/><a style=\"color: #fc7222;\" href=\"https:\/\/e.foundation\/\"> https:\/\/e.foundation\/<\/a><\/p>\n\n<h2 class=\"wp-block-heading\">Politique de Murena Workspace<\/h2>\n\n<p>Notre logiciel ne nous transmet aucune de vos donn\u00e9es personnelles d&rsquo;utilisateur.<\/p>\n\n<p>Nous utilisons\u00a0<a href=\"http:\/\/www.nextcloud.com\/\">NextCloud<\/a>, <a href=\"https:\/\/www.onlyoffice.com\/\">OnlyOffice<\/a> et <a href=\"http:\/\/www.postfix.org\/\">Postfix<\/a> pour fournir nos services en nuage.<\/p>\n\n<p>Les applications par d\u00e9faut suivantes mail\/drive\/gallery\/calendar\/files\/tasks sont li\u00e9es \u00e0 votre compte e.email et communiquent de mani\u00e8re transparente avec votre \u00ab\u00a0propre\u00a0\u00bb serveur \/e\/ (par l&rsquo;interm\u00e9diaire de notre partenaire Nextcloud). Bien que ces applications g\u00e8rent votre courrier, votre calendrier et vos fichiers personnels, elles ne nous envoient aucune donn\u00e9e personnelle.<\/p>\n\n<p>Toutes les donn\u00e9es sur votre \u00ab\u00a0propre\u00a0\u00bb serveur \/e\/ sont crypt\u00e9es et ne sont jamais partag\u00e9es, vendues ou \u00e9chang\u00e9es avec des tiers. Nous ne divulguerons les donn\u00e9es limit\u00e9es des utilisateurs que nous poss\u00e9dons que si nous sommes l\u00e9galement oblig\u00e9s de le faire.<\/p>\n\n<h2 class=\"wp-block-heading\">Modifications de notre politique de confidentialit\u00e9<\/h2>\n\n<p>Nous pouvons modifier cette politique de confidentialit\u00e9 de temps en temps et nous vous informerons lorsque ce sera le cas. Nous encourageons \u00e9galement les visiteurs \u00e0 consulter fr\u00e9quemment cette page pour prendre connaissance des modifications \u00e9ventuelles.<\/p>\n\n<h2 class=\"wp-block-heading\">Contact<\/h2>\n\n<p>Si vous avez des questions concernant cette politique de confidentialit\u00e9, vous pouvez nous contacter en utilisant les informations ci-dessous.<\/p>\n\n<p>MURENA RETAIL SAS<\/p>\n\n<p>31 Avenue de S\u00e9gur<\/p>\n\n<p>75007 Paris<\/p>\n\n<p>France<\/p>\n","protected":false},"excerpt":{"rendered":"<p>murena.com Politique de confidentialit\u00e9 Comme notre projet est ax\u00e9 sur le respect des donn\u00e9es personnelles&#8230;<\/p>\n","protected":false},"author":1509,"featured_media":0,"parent":0,"menu_order":0,"comment_status":"closed","ping_status":"closed","template":"","meta":{"_seopress_robots_primary_cat":"","_seopress_titles_title":"murena.com Politique de confidentialit\u00e9","_seopress_titles_desc":"Comme notre projet est ax\u00e9 sur le respect des donn\u00e9es personnelles des utilisateurs, nous savons que la confidentialit\u00e9 est extr\u00eamement importante pour vous. Nous ne partageons aucune information personnelle avec qui que ce soit.","_seopress_robots_index":"","footnotes":""},"class_list":["post-52620","page","type-page","status-publish","hentry","wpbf-post"],"_links":{"self":[{"href":"https:\/\/murena.com\/fr\/wp-json\/wp\/v2\/pages\/52620","targetHints":{"allow":["GET"]}}],"collection":[{"href":"https:\/\/murena.com\/fr\/wp-json\/wp\/v2\/pages"}],"about":[{"href":"https:\/\/murena.com\/fr\/wp-json\/wp\/v2\/types\/page"}],"author":[{"embeddable":true,"href":"https:\/\/murena.com\/fr\/wp-json\/wp\/v2\/users\/1509"}],"replies":[{"embeddable":true,"href":"https:\/\/murena.com\/fr\/wp-json\/wp\/v2\/comments?post=52620"}],"version-history":[{"count":10,"href":"https:\/\/murena.com\/fr\/wp-json\/wp\/v2\/pages\/52620\/revisions"}],"predecessor-version":[{"id":106340,"href":"https:\/\/murena.com\/fr\/wp-json\/wp\/v2\/pages\/52620\/revisions\/106340"}],"wp:attachment":[{"href":"https:\/\/murena.com\/fr\/wp-json\/wp\/v2\/media?parent=52620"}],"curies":[{"name":"wp","href":"https:\/\/api.w.org\/{rel}","templated":true}]}}