{"id":52618,"date":"2020-02-04T16:38:14","date_gmt":"2020-02-04T16:38:14","guid":{"rendered":"https:\/\/murena.com\/my-account\/"},"modified":"2024-03-07T18:55:05","modified_gmt":"2024-03-07T17:55:05","slug":"my-account","status":"publish","type":"page","link":"https:\/\/murena.com\/fr\/my-account\/","title":{"rendered":"Mon compte"},"content":{"rendered":"<h2>Mon compte<\/h2>\n<p>Bienvenue sur votre compte e-commerce<\/p>\n<div class=\"woocommerce\"><\/div>\n<h2>Nos derni\u00e8res nouveaut\u00e9s<\/h2>\n","protected":false},"excerpt":{"rendered":"<p>Mon compte Bienvenue sur votre compte e-commerce Nos derni\u00e8res nouveaut\u00e9s<\/p>\n","protected":false},"author":1509,"featured_media":0,"parent":0,"menu_order":0,"comment_status":"closed","ping_status":"closed","template":"login.php","meta":{"_seopress_robots_primary_cat":"","_seopress_titles_title":"Bienvenue sur votre compte !","_seopress_titles_desc":"\u00c0 partir du tableau de bord de votre compte, vous pouvez visualiser vos commandes r\u00e9centes, g\u00e9rer vos adresses de livraison et de facturation ainsi que changer votre mot de passe et les d\u00e9tails de votre compte.","_seopress_robots_index":"","footnotes":""},"class_list":["post-52618","page","type-page","status-publish","hentry","wpbf-post"],"_links":{"self":[{"href":"https:\/\/murena.com\/fr\/wp-json\/wp\/v2\/pages\/52618","targetHints":{"allow":["GET"]}}],"collection":[{"href":"https:\/\/murena.com\/fr\/wp-json\/wp\/v2\/pages"}],"about":[{"href":"https:\/\/murena.com\/fr\/wp-json\/wp\/v2\/types\/page"}],"author":[{"embeddable":true,"href":"https:\/\/murena.com\/fr\/wp-json\/wp\/v2\/users\/1509"}],"replies":[{"embeddable":true,"href":"https:\/\/murena.com\/fr\/wp-json\/wp\/v2\/comments?post=52618"}],"version-history":[{"count":2,"href":"https:\/\/murena.com\/fr\/wp-json\/wp\/v2\/pages\/52618\/revisions"}],"predecessor-version":[{"id":53104,"href":"https:\/\/murena.com\/fr\/wp-json\/wp\/v2\/pages\/52618\/revisions\/53104"}],"wp:attachment":[{"href":"https:\/\/murena.com\/fr\/wp-json\/wp\/v2\/media?parent=52618"}],"curies":[{"name":"wp","href":"https:\/\/api.w.org\/{rel}","templated":true}]}}