{"id":52613,"date":"2020-04-16T08:42:25","date_gmt":"2020-04-16T08:42:25","guid":{"rendered":"https:\/\/murena.com\/legal-notice\/"},"modified":"2025-10-27T14:21:28","modified_gmt":"2025-10-27T13:21:28","slug":"legal-notice","status":"publish","type":"page","link":"https:\/\/murena.com\/fr\/legal-notice\/","title":{"rendered":"Mentions l\u00e9gales"},"content":{"rendered":"\n<hr \/>\r\n\n<p><strong>Editeur:<\/strong><\/p>\r\n<ul>\r\n<li>Murena Retail SAS<\/li>\r\n<li>N\u00ba Siret: 883 789 398 00012<\/li>\r\n<li>VAT Number: FR82883789398<\/li>\r\n<li>Code APE: 5829C<\/li>\r\n<\/ul>\r\n<p><strong>Si\u00e8ge social:<\/strong><\/p>\r\n<ul>\r\n<li>31 Avenue de S\u00e9gur &#8211; 75007 Paris, France<\/li>\r\n<\/ul>\r\n\n<blockquote class=\"wp-block-quote is-layout-flow wp-block-quote-is-layout-flow\">\n<p>\u26a0 Please do not return products at this address. Instead, contact our helpdesk at <a href=\"https:\/\/murena.com\/contact-us\/\">https:\/\/murena.com\/contact-us\/<\/a> to receive the right one for product returns.<\/p>\n<\/blockquote>\n\n<ul class=\"wp-block-list\">\n<li>Contact: <a href=\"mailto:contact@murena.com\">https:\/\/murena.com\/contact-us\/<\/a><\/li>\n\n\n\n<li>Legal Representative: Ga\u00ebl Duval<\/li>\n\n\n\n<li>Publishing Editor: Ga\u00ebl Duval<\/li>\n\n\n\n<li>Hosting: Hetzner Online GmbH \u2013 <a href=\"https:\/\/www.hetzner.com\/\">https:\/\/www.hetzner.com\/<\/a><\/li>\n<\/ul>\n\n<h2 class=\"wp-block-heading\">Confidentialit\u00e9<\/h2>\n\n<p>Conform\u00e9ment aux dispositions de la loi fran\u00e7aise (article 34 de la loi n\u00b0 48-87 du 6 janvier 1978), l\u2019utilisateur dispose d\u2019un droit d\u2019acc\u00e8s, de rectification ou de suppression des donn\u00e9es personnelles. Vous avez \u00e9galement le droit de d\u00e9finir des instructions permettant l\u2019acc\u00e8s \u00e0 vos donn\u00e9es en cas de d\u00e9c\u00e8s (les r\u00e8gles officielles d\u2019application de ce droit sont actuellement en cours). Les demandes concernant ces droits et le droit de radiation peuvent \u00eatre exerc\u00e9es :<\/p>\n\n<p>Requests regarding these rights and delisting right can be exercised: Sending an e-mail using the following form <a href=\"https:\/\/murena.com\/contact-us\/\">https:\/\/murena.com\/contact-us\/<\/a><\/p>\n\n<p>un courrier postal \u00e0 l&rsquo;adresse du si\u00e8ge social d&rsquo;Murena Retail SAS en indiquant votre nom ou votre raison sociale, vos coordonn\u00e9es physiques et\/ou \u00e9lectroniques. La modification interviendra dans un d\u00e9lai raisonnable \u00e0 compter de la r\u00e9ception de la demande de l&rsquo;utilisateur, conform\u00e9ment aux dispositions pr\u00e9vues par la loi n\u00b0 2004 &#8211; 575 du 21 juin 2004 relative \u00e0 la \u00ab\u00a0Confiance dans l&rsquo;\u00c9conomie Num\u00e9rique\u00a0\u00bb, notamment son article 6.<\/p>\n\n<h2 class=\"wp-block-heading\">Limitation de responsabilit\u00e9<\/h2>\n\n<p>Ce site contient des informations fournies par des soci\u00e9t\u00e9s externes ou des liens hypertextes vers d&rsquo;autres sites qui n&rsquo;ont pas \u00e9t\u00e9 d\u00e9velopp\u00e9s par Murena Retail SAS. Le contenu mis \u00e0 disposition sur le site est fourni \u00e0 titre d&rsquo;information uniquement. L&rsquo;existence d&rsquo;un lien de ce site vers un autre site ne constitue pas une approbation de ce site ou de son contenu. Il est de la responsabilit\u00e9 du visiteur d&rsquo;utiliser ces informations avec un esprit critique. e.foundation ne peut \u00eatre tenu responsable des informations, opinions et recommandations fournies par des tiers.<\/p>\n\n<p>Murena Retail SAS ne saurait \u00eatre tenue responsable de toute perte ou dommage direct, indirect, accessoire, cons\u00e9cutif ou cumulatif, quelle qu&rsquo;en soit la cause, \u00e0 moins qu&rsquo;il ne soit prouv\u00e9 que la soci\u00e9t\u00e9 a \u00e9t\u00e9 n\u00e9gligente dans ses actions et le travail ex\u00e9cut\u00e9. Nous ne serons pas tenus responsables des probl\u00e8mes ou des questions futures comme l&rsquo;effet de l&rsquo;utilisation ou de l&rsquo;incapacit\u00e9 d&rsquo;utiliser ce site web, les pages, les erreurs, les fausses d\u00e9clarations ou les omissions dans le mat\u00e9riel contenu sur ce site.<\/p>\n\n<p>Murena Retail SAS ne peut pas non plus \u00eatre tenue responsable des dommages indirects (tels que la perte de march\u00e9 ou d&rsquo;opportunit\u00e9) r\u00e9sultant de l&rsquo;utilisation du site.<\/p>\n","protected":false},"excerpt":{"rendered":"<p>Editeur: Murena Retail SAS N\u00ba Siret: 883 789 398 00012 VAT Number: FR82883789398 Code APE:&#8230;<\/p>\n","protected":false},"author":1509,"featured_media":0,"parent":0,"menu_order":0,"comment_status":"closed","ping_status":"closed","template":"","meta":{"_seopress_robots_primary_cat":"","_seopress_titles_title":"Murena.com legal notice","_seopress_titles_desc":"Mentions l\u00e9gales concernant Murena et Murena.com.","_seopress_robots_index":"","footnotes":""},"class_list":["post-52613","page","type-page","status-publish","hentry","wpbf-post"],"_links":{"self":[{"href":"https:\/\/murena.com\/fr\/wp-json\/wp\/v2\/pages\/52613","targetHints":{"allow":["GET"]}}],"collection":[{"href":"https:\/\/murena.com\/fr\/wp-json\/wp\/v2\/pages"}],"about":[{"href":"https:\/\/murena.com\/fr\/wp-json\/wp\/v2\/types\/page"}],"author":[{"embeddable":true,"href":"https:\/\/murena.com\/fr\/wp-json\/wp\/v2\/users\/1509"}],"replies":[{"embeddable":true,"href":"https:\/\/murena.com\/fr\/wp-json\/wp\/v2\/comments?post=52613"}],"version-history":[{"count":10,"href":"https:\/\/murena.com\/fr\/wp-json\/wp\/v2\/pages\/52613\/revisions"}],"predecessor-version":[{"id":80038,"href":"https:\/\/murena.com\/fr\/wp-json\/wp\/v2\/pages\/52613\/revisions\/80038"}],"wp:attachment":[{"href":"https:\/\/murena.com\/fr\/wp-json\/wp\/v2\/media?parent=52613"}],"curies":[{"name":"wp","href":"https:\/\/api.w.org\/{rel}","templated":true}]}}