{"id":141519,"date":"2025-12-15T12:39:13","date_gmt":"2025-12-15T11:39:13","guid":{"rendered":"https:\/\/murena.com\/smartphones-2\/"},"modified":"2025-12-22T11:27:24","modified_gmt":"2025-12-22T10:27:24","slug":"smartphones","status":"publish","type":"page","link":"https:\/\/murena.com\/fr\/smartphones\/","title":{"rendered":"Smartphones"},"content":{"rendered":"\n<div style=\"background-image:url(&#039;https:\/\/murena.com\/wp-content\/uploads\/2025\/12\/RIGHT.png&#039;);background-position:100% 50%;background-repeat:no-repeat;background-size:auto;background-attachment:scroll;\" class=\"wp-block-group alignfull smartphones-hero is-layout-constrained wp-block-group-is-layout-constrained has-background\">\n<div class=\"wp-block-columns alignfull is-layout-flex wp-container-core-columns-is-layout-28f84493 wp-block-columns-is-layout-flex\">\n<div class=\"wp-block-column is-layout-constrained wp-block-column-is-layout-constrained\">\n<div class=\"wp-block-columns are-vertically-aligned-center is-layout-flex wp-container-core-columns-is-layout-5fd84e40 wp-block-columns-is-layout-flex\" style=\"margin-top:-40px;padding-top:var(--wp--preset--spacing--50);padding-right:var(--wp--preset--spacing--50);padding-bottom:var(--wp--preset--spacing--50);padding-left:var(--wp--preset--spacing--50)\">\n<div class=\"wp-block-column is-vertically-aligned-center smartphones-sec1-txt is-layout-flow wp-block-column-is-layout-flow\">\n<h2 class=\"wp-block-heading\">Murena Smartphones &amp; \/e\/OS<\/h2>\n\n\n\n<hr\/>\n\n\n\n<p>Les smartphones traditionnels envoient constamment des m\u00e9gaoctets de vos donn\u00e9es \u00e0 Google, m\u00eame lorsqu&rsquo;ils sont en veille. Les smartphones Murena offrent une solution respectueuse de la vie priv\u00e9e gr\u00e2ce \u00e0 \/e\/OS, un syst\u00e8me d&rsquo;exploitation mobile open-source enti\u00e8rement d\u00e9pourvu de Google. En rempla\u00e7ant les services Google par des services \u00e9quivalents, ax\u00e9s sur la protection de la vie priv\u00e9e, et en rendant anonymes les quelques services Google absolument n\u00e9cessaires, Murena vous permet de contr\u00f4ler vos donn\u00e9es. Google n&rsquo;a pas acc\u00e8s \u00e0 vos informations personnelles, sauf si vous choisissez explicitement d&rsquo;installer ses applications. Associ\u00e9 \u00e0 des applications soigneusement s\u00e9lectionn\u00e9es et \u00e0 notre suite bureautique en ligne Murena Workspace, nous avons cr\u00e9\u00e9 un \u00e9cosyst\u00e8me complet de protection de la vie priv\u00e9e. Vous n&rsquo;avez pas \u00e0 nous croire sur parole : vous pouvez le v\u00e9rifier vous-m\u00eame, car nos produits sont open source.     <\/p>\n\n\n\n<div class=\"wp-block-buttons is-nowrap is-layout-flex wp-container-core-buttons-is-layout-6c531013 wp-block-buttons-is-layout-flex\">\n<div class=\"wp-block-button has-custom-width wp-block-button__width-75\"><a class=\"wp-block-button__link wp-element-button\" href=\"\/shop\/\"><strong>J\u2019en profite<\/strong><\/a><\/div>\n<\/div>\n<\/div>\n\n\n\n<div class=\"wp-block-column is-vertically-aligned-center smartphones-sec1-img is-layout-flow wp-block-column-is-layout-flow\">\n<figure class=\"wp-block-image aligncenter size-full\"><img loading=\"lazy\" decoding=\"async\" width=\"430\" height=\"777\" src=\"https:\/\/murena.com\/wp-content\/uploads\/2025\/12\/SMARTPHONE.png\" alt=\"Smartphone Murena fonctionnant sous \/e\/OS montrant le lanceur bliss avec les applications par d&#xE9;faut\" class=\"wp-image-141497\" srcset=\"https:\/\/murena.com\/wp-content\/uploads\/2025\/12\/SMARTPHONE.png 430w, https:\/\/murena.com\/wp-content\/uploads\/2025\/12\/SMARTPHONE-166x300.png 166w, https:\/\/murena.com\/wp-content\/uploads\/2025\/12\/SMARTPHONE-83x150.png 83w, https:\/\/murena.com\/wp-content\/uploads\/2025\/12\/SMARTPHONE-60x108.png 60w\" sizes=\"auto, (max-width: 430px) 100vw, 430px\" \/><\/figure>\n<\/div>\n<\/div>\n<\/div>\n<\/div>\n<\/div>\n\n<div class=\"wp-block-columns alignfull has-background is-layout-flex wp-container-core-columns-is-layout-f0342b05 wp-block-columns-is-layout-flex\" style=\"background-color:#f2f6fa;margin-top:0;margin-bottom:0\">\n<div class=\"wp-block-column is-layout-constrained wp-block-column-is-layout-constrained\">\n<div class=\"wp-block-columns smartphones-sec2-txt is-layout-flex wp-container-core-columns-is-layout-28f84493 wp-block-columns-is-layout-flex\">\n<div class=\"wp-block-column is-layout-flow wp-block-column-is-layout-flow\" style=\"flex-basis:10%\"><\/div>\n\n\n\n<div class=\"wp-block-column is-layout-flow wp-block-column-is-layout-flow\" style=\"flex-basis:80%\">\n<div style=\"height:50px\" aria-hidden=\"true\" class=\"wp-block-spacer\"><\/div>\n\n\n\n<h2 class=\"wp-block-heading\">Le respect de la vie priv\u00e9e d&rsquo;abord, con\u00e7u pour vous et votre vie quotidienne<\/h2>\n\n\n\n<hr\/>\n\n\n\n<p>Les services en ligne sont essentiels, c&rsquo;est pourquoi nous avons cr\u00e9\u00e9 Murena Workspace, une suite d&rsquo;outils ax\u00e9s sur la confidentialit\u00e9, comprenant un compte de messagerie priv\u00e9 s\u00e9curis\u00e9, un calendrier, une galerie, un espace de stockage crypt\u00e9 et bien plus encore. Pour encore plus d&rsquo;efficacit\u00e9, nombre de ces fonctionnalit\u00e9s peuvent \u00eatre synchronis\u00e9es entre les appareils : Notez des id\u00e9es inspirantes pendant votre temps libre sur votre smartphone et retrouvez-les sur votre bureau lorsque vous retournez au travail. Les smartphones Murena vous offrent tout ce dont vous avez besoin et ce \u00e0 quoi vous \u00eates habitu\u00e9 &#8211; sans les traqueurs.  <\/p>\n<\/div>\n\n\n\n<div class=\"wp-block-column is-layout-flow wp-block-column-is-layout-flow\" style=\"flex-basis:10%\"><\/div>\n<\/div>\n\n\n\n<div class=\"wp-block-columns smartphones-sec2-img is-layout-flex wp-container-core-columns-is-layout-28f84493 wp-block-columns-is-layout-flex\">\n<div class=\"wp-block-column is-layout-flow wp-block-column-is-layout-flow\" style=\"flex-basis:5%\"><\/div>\n\n\n\n<div class=\"wp-block-column is-layout-flow wp-block-column-is-layout-flow\" style=\"flex-basis:90%\">\n<figure class=\"wp-block-image aligncenter size-full\"><img loading=\"lazy\" decoding=\"async\" width=\"974\" height=\"707\" src=\"https:\/\/murena.com\/wp-content\/uploads\/2025\/12\/3-phones.png\" alt=\"Trois smartphones Murena fonctionnant sous \/e\/OS : L'un affichant le calendrier, l'autre l'application Galerie, l'autre l'application Courrier.\" class=\"wp-image-141501\" srcset=\"https:\/\/murena.com\/wp-content\/uploads\/2025\/12\/3-phones.png 974w, https:\/\/murena.com\/wp-content\/uploads\/2025\/12\/3-phones-300x218.png 300w, https:\/\/murena.com\/wp-content\/uploads\/2025\/12\/3-phones-150x109.png 150w, https:\/\/murena.com\/wp-content\/uploads\/2025\/12\/3-phones-768x557.png 768w, https:\/\/murena.com\/wp-content\/uploads\/2025\/12\/3-phones-60x44.png 60w, https:\/\/murena.com\/wp-content\/uploads\/2025\/12\/3-phones-800x581.png 800w\" sizes=\"auto, (max-width: 974px) 100vw, 974px\" \/><\/figure>\n\n\n\n<div class=\"wp-block-buttons is-content-justification-center is-layout-flex wp-container-core-buttons-is-layout-a89b3969 wp-block-buttons-is-layout-flex\">\n<div class=\"wp-block-button has-custom-width wp-block-button__width-75\"><a class=\"wp-block-button__link wp-element-button\" href=\"https:\/\/murena.com\/fr\/cloud-subscriptions\/\" style=\"font-style:normal;font-weight:600;text-transform:none\" rel=\"button-50-mobile\">D\u00e9couvrez Murena Workspace<\/a><\/div>\n<\/div>\n\n\n\n<p class=\"has-text-align-center has-small-font-size\">Nous ne scannons ni ne lisons vos donn\u00e9es stock\u00e9es dans votre cloud.<\/p>\n\n\n\n<div style=\"height:50px\" aria-hidden=\"true\" class=\"wp-block-spacer\"><\/div>\n<\/div>\n\n\n\n<div class=\"wp-block-column is-layout-flow wp-block-column-is-layout-flow\" style=\"flex-basis:5%\"><\/div>\n<\/div>\n<\/div>\n<\/div>\n\n<div class=\"wp-block-columns alignfull has-background is-layout-flex wp-container-core-columns-is-layout-7d874bf9 wp-block-columns-is-layout-flex\" style=\"background-color:#485363;margin-top:0;margin-bottom:0;padding-top:0;padding-bottom:0\">\n<div class=\"wp-block-column is-layout-constrained wp-block-column-is-layout-constrained\">\n<div class=\"wp-block-columns are-vertically-aligned-center is-layout-flex wp-container-core-columns-is-layout-ec2e7a44 wp-block-columns-is-layout-flex\" style=\"padding-top:0;padding-bottom:0\">\n<div class=\"wp-block-column is-vertically-aligned-center smartphones-sec3-img is-layout-flow wp-block-column-is-layout-flow\">\n<figure class=\"wp-block-image aligncenter size-full\"><img loading=\"lazy\" decoding=\"async\" width=\"568\" height=\"746\" src=\"https:\/\/murena.com\/wp-content\/uploads\/2025\/12\/FP5-Advanced-Privacy-stats-1.png\" alt=\"Le smartphone Murena pr&#xE9;sente une fonction de confidentialit&#xE9; avanc&#xE9;e qui indique 107 fuites de donn&#xE9;es bloqu&#xE9;es au cours des derni&#xE8;res 24 heures.\" class=\"wp-image-141502\" srcset=\"https:\/\/murena.com\/wp-content\/uploads\/2025\/12\/FP5-Advanced-Privacy-stats-1.png 568w, https:\/\/murena.com\/wp-content\/uploads\/2025\/12\/FP5-Advanced-Privacy-stats-1-228x300.png 228w, https:\/\/murena.com\/wp-content\/uploads\/2025\/12\/FP5-Advanced-Privacy-stats-1-114x150.png 114w, https:\/\/murena.com\/wp-content\/uploads\/2025\/12\/FP5-Advanced-Privacy-stats-1-60x79.png 60w\" sizes=\"auto, (max-width: 568px) 100vw, 568px\" \/><\/figure>\n<\/div>\n\n\n\n<div class=\"wp-block-column is-vertically-aligned-center smartphones-sec3-txt is-layout-flow wp-block-column-is-layout-flow\" style=\"padding-top:var(--wp--preset--spacing--60);padding-bottom:var(--wp--preset--spacing--60)\">\n<h2 class=\"wp-block-heading has-white-color has-text-color has-link-color wp-elements-51760c9103543fcb900accf476f7cd70\">Contr\u00f4lez les traqueurs et les publicit\u00e9s gr\u00e2ce \u00e0 la protection avanc\u00e9e de la vie priv\u00e9e<\/h2>\n\n\n\n<hr\/>\n\n\n\n<p class=\"has-white-color has-text-color has-link-color wp-elements-cfcffa10425ea85e37e12038b299a98c\">Les smartphones Murena d\u00e9tectent et bloquent les traceurs dans les applications, ce qui vous donne la possibilit\u00e9 de refuser le suivi via le widget de confidentialit\u00e9 avanc\u00e9e. Masquez votre IP, usurpez votre localisation et profitez de moins de publicit\u00e9s gr\u00e2ce \u00e0 notre bloqueur de publicit\u00e9s int\u00e9gr\u00e9, activ\u00e9 par d\u00e9faut dans le navigateur web. <\/p>\n<\/div>\n<\/div>\n<\/div>\n<\/div>\n\n<div class=\"wp-block-columns are-vertically-aligned-center is-layout-flex wp-container-core-columns-is-layout-28f84493 wp-block-columns-is-layout-flex\">\n<div class=\"wp-block-column is-layout-flow wp-block-column-is-layout-flow\">\n<div style=\"height:30px\" aria-hidden=\"true\" class=\"wp-block-spacer\"><\/div>\n\n\n\n<div class=\"wp-block-columns is-layout-flex wp-container-core-columns-is-layout-28f84493 wp-block-columns-is-layout-flex\">\n<div class=\"wp-block-column is-layout-flow wp-block-column-is-layout-flow\" style=\"flex-basis:10%\"><\/div>\n\n\n\n<div class=\"wp-block-column is-layout-flow wp-block-column-is-layout-flow\" style=\"flex-basis:80%\">\n<div class=\"wp-block-columns is-layout-flex wp-container-core-columns-is-layout-28f84493 wp-block-columns-is-layout-flex\">\n<div class=\"wp-block-column is-vertically-aligned-center smartphones-sec4-txt is-layout-flow wp-block-column-is-layout-flow\">\n<h2 class=\"wp-block-heading\">\/e\/OS est un syst\u00e8me d&rsquo;exploitation d\u00e9googlis\u00e9 dot\u00e9 de fonctions de protection de la vie priv\u00e9e<\/h2>\n\n\n\n<hr\/>\n\n\n\n<p style=\"line-height:1.5\">\/e\/OS est un <strong>syst\u00e8me \u00e0 code source ouvert<\/strong>, exempt d&rsquo;applications Google et de collecte de donn\u00e9es.<\/p>\n\n\n\n<ul style=\"line-height:1.5\" class=\"wp-block-list\">\n<li style=\"line-height:1.5\">Google Search est remplac\u00e9 par notre m\u00e9ta-moteur de recherche priv\u00e9.<\/li>\n\n\n\n<li>Une couche de compatibilit\u00e9 garantit le fonctionnement de l&rsquo;application sans les services Google.<\/li>\n\n\n\n<li>Les contr\u00f4les de connectivit\u00e9 utilisent notre infrastructure, et non les serveurs de Google.<\/li>\n\n\n\n<li>Le projet NTP Pool remplace les serveurs de temps de Google.<\/li>\n\n\n\n<li>Le DNS est par d\u00e9faut celui de votre fournisseur de r\u00e9seau, avec les options 9.9.9.9 ou 1.1.1.1.<\/li>\n\n\n\n<li>La g\u00e9olocalisation repose sur les services de localisation Mozilla et le GPS.<\/li>\n<\/ul>\n\n\n\n<div class=\"wp-block-buttons is-layout-flex wp-block-buttons-is-layout-flex\">\n<div class=\"wp-block-button has-custom-width wp-block-button__width-75\"><a class=\"wp-block-button__link wp-element-button\" href=\"https:\/\/e.foundation\/fr\/e-os\/\"><strong>En savoir plus<\/strong><\/a><\/div>\n<\/div>\n<\/div>\n\n\n\n<div class=\"wp-block-column is-vertically-aligned-center smartphones-sec5-img is-layout-flow wp-block-column-is-layout-flow\">\n<figure class=\"wp-block-image aligncenter size-full\"><img loading=\"lazy\" decoding=\"async\" width=\"315\" height=\"315\" src=\"https:\/\/murena.com\/wp-content\/uploads\/2025\/12\/BLOCKED-EYES.png\" alt=\"Yeux comiques barr&#xE9;s\" class=\"wp-image-141503\" srcset=\"https:\/\/murena.com\/wp-content\/uploads\/2025\/12\/BLOCKED-EYES.png 315w, https:\/\/murena.com\/wp-content\/uploads\/2025\/12\/BLOCKED-EYES-300x300.png 300w, https:\/\/murena.com\/wp-content\/uploads\/2025\/12\/BLOCKED-EYES-150x150.png 150w, https:\/\/murena.com\/wp-content\/uploads\/2025\/12\/BLOCKED-EYES-60x60.png 60w, https:\/\/murena.com\/wp-content\/uploads\/2025\/12\/BLOCKED-EYES-50x50.png 50w, https:\/\/murena.com\/wp-content\/uploads\/2025\/12\/BLOCKED-EYES-100x100.png 100w\" sizes=\"auto, (max-width: 315px) 100vw, 315px\" \/><\/figure>\n<\/div>\n<\/div>\n<\/div>\n\n\n\n<div class=\"wp-block-column is-layout-flow wp-block-column-is-layout-flow\" style=\"flex-basis:10%\"><\/div>\n<\/div>\n<\/div>\n<\/div>\n\n<div style=\"height:100px\" aria-hidden=\"true\" class=\"wp-block-spacer\"><\/div>\n\n<h2 class=\"wp-block-heading has-text-align-center\">Murena en bref<\/h2>\n\n<hr style=\"margin:0 auto\"\/>\n\n<div style=\"height:30px\" aria-hidden=\"true\" class=\"wp-block-spacer\"><\/div>\n\n<div class=\"wp-block-columns is-layout-flex wp-container-core-columns-is-layout-28f84493 wp-block-columns-is-layout-flex\">\n<div class=\"wp-block-column is-layout-flow wp-block-column-is-layout-flow\">\n<figure class=\"wp-block-image aligncenter size-full\"><img loading=\"lazy\" decoding=\"async\" width=\"256\" height=\"256\" src=\"https:\/\/murena.com\/wp-content\/uploads\/2025\/12\/One-Account-for-Your-Privacy.png\" alt=\"Smartphone Murena montrant un compte Murena Mail avec le logo eelo\" class=\"wp-image-141504\" srcset=\"https:\/\/murena.com\/wp-content\/uploads\/2025\/12\/One-Account-for-Your-Privacy.png 256w, https:\/\/murena.com\/wp-content\/uploads\/2025\/12\/One-Account-for-Your-Privacy-150x150.png 150w, https:\/\/murena.com\/wp-content\/uploads\/2025\/12\/One-Account-for-Your-Privacy-60x60.png 60w, https:\/\/murena.com\/wp-content\/uploads\/2025\/12\/One-Account-for-Your-Privacy-50x50.png 50w, https:\/\/murena.com\/wp-content\/uploads\/2025\/12\/One-Account-for-Your-Privacy-100x100.png 100w\" sizes=\"auto, (max-width: 256px) 100vw, 256px\" \/><\/figure>\n\n\n\n<h3 class=\"wp-block-heading has-text-align-center\">Un seul compte pour votre vie priv\u00e9e<\/h3>\n\n\n\n<p class=\"has-text-align-center\">Votre compte @murena.io s\u00e9curise vos donn\u00e9es gr\u00e2ce \u00e0 des sauvegardes crypt\u00e9es et \u00e0 un stockage dans le nuage. Il comprend 1 Go de stockage gratuit et une adresse e-mail priv\u00e9e. <\/p>\n\n\n\n<pre class=\"wp-block-preformatted has-background has-small-font-size\" style=\"border-radius:15px;background-color:#d5f9d2\">Besoin de plus d'espace ? Des plans Premium sont disponibles avec jusqu'\u00e0 2 To d'espace de stockage ! <a href=\"https:\/\/murena.com\/fr\/cloud-subscriptions\/\">En savoir plus<\/a>. <\/pre>\n<\/div>\n\n\n\n<div class=\"wp-block-column is-layout-flow wp-block-column-is-layout-flow\">\n<figure class=\"wp-block-image aligncenter size-full\"><img loading=\"lazy\" decoding=\"async\" width=\"256\" height=\"256\" src=\"https:\/\/murena.com\/wp-content\/uploads\/2025\/12\/Compatible-with-All-Apps.png\" alt=\"Divers logos d'applications avec effet 3D\" class=\"wp-image-141505\" srcset=\"https:\/\/murena.com\/wp-content\/uploads\/2025\/12\/Compatible-with-All-Apps.png 256w, https:\/\/murena.com\/wp-content\/uploads\/2025\/12\/Compatible-with-All-Apps-150x150.png 150w, https:\/\/murena.com\/wp-content\/uploads\/2025\/12\/Compatible-with-All-Apps-60x60.png 60w, https:\/\/murena.com\/wp-content\/uploads\/2025\/12\/Compatible-with-All-Apps-50x50.png 50w, https:\/\/murena.com\/wp-content\/uploads\/2025\/12\/Compatible-with-All-Apps-100x100.png 100w\" sizes=\"auto, (max-width: 256px) 100vw, 256px\" \/><\/figure>\n\n\n\n<h3 class=\"wp-block-heading has-text-align-center\">Compatible avec toutes les applications<\/h3>\n\n\n\n<p class=\"has-text-align-center\">Les smartphones Murena comprennent des applications par d\u00e9faut essentielles pour les t\u00e2ches quotidiennes telles que le courrier \u00e9lectronique, la navigation et la navigation. Avec App Lounge, vous pouvez installer la plupart des applications Android, car la protection de la vie priv\u00e9e ne doit pas \u00eatre synonyme de renoncement \u00e0 la commodit\u00e9. Acc\u00e9dez \u00e0 des millions d&rsquo;applications tout en gardant le contr\u00f4le de vos donn\u00e9es.  <\/p>\n<\/div>\n\n\n\n<div class=\"wp-block-column is-layout-flow wp-block-column-is-layout-flow\">\n<figure class=\"wp-block-image aligncenter size-full\"><img loading=\"lazy\" decoding=\"async\" width=\"284\" height=\"256\" src=\"https:\/\/murena.com\/wp-content\/uploads\/2025\/12\/Apps-with-Rated-Privacy.png\" alt=\"Smartphone Murena montrant le classement de la confidentialit&#xE9; de l'application Subway Surfers comme exemple avec 9 points sur 10.\" class=\"wp-image-141507\" srcset=\"https:\/\/murena.com\/wp-content\/uploads\/2025\/12\/Apps-with-Rated-Privacy.png 284w, https:\/\/murena.com\/wp-content\/uploads\/2025\/12\/Apps-with-Rated-Privacy-150x135.png 150w, https:\/\/murena.com\/wp-content\/uploads\/2025\/12\/Apps-with-Rated-Privacy-60x54.png 60w\" sizes=\"auto, (max-width: 284px) 100vw, 284px\" \/><\/figure>\n\n\n\n<h3 class=\"wp-block-heading has-text-align-center\">Apps avec Privacy not\u00e9<\/h3>\n\n\n\n<p class=\"has-text-align-center\">App Lounge propose \u00e0 la fois des applications open-source de F-Droid et des applications Android trouv\u00e9es sur Google Play. Chaque application est analys\u00e9e pour d\u00e9tecter les traceurs et les autorisations, ce qui vous permet d&rsquo;obtenir une note de confidentialit\u00e9 claire en un coup d&rsquo;\u0153il. Sachez quelles applications respectent vos donn\u00e9es et lesquelles \u00e9viter.  <\/p>\n<\/div>\n<\/div>\n\n<div class=\"wp-block-columns is-layout-flex wp-container-core-columns-is-layout-28f84493 wp-block-columns-is-layout-flex\">\n<div class=\"wp-block-column is-layout-flow wp-block-column-is-layout-flow\">\n<div style=\"height:30px\" aria-hidden=\"true\" class=\"wp-block-spacer\"><\/div>\n\n\n\n<div class=\"wp-block-columns is-layout-flex wp-container-core-columns-is-layout-28f84493 wp-block-columns-is-layout-flex\">\n<div class=\"wp-block-column is-layout-flow wp-block-column-is-layout-flow\">\n<div class=\"wp-block-buttons btn-center-phone is-content-justification-right is-layout-flex wp-container-core-buttons-is-layout-d445cf74 wp-block-buttons-is-layout-flex\">\n<div class=\"wp-block-button has-custom-width wp-block-button__width-75 button-50-mobile\"><a class=\"wp-block-button__link has-text-align-center wp-element-button\" href=\"\/shop\/\" style=\"font-style:normal;font-weight:600\">Acheter un Smartphone Murena<\/a><\/div>\n<\/div>\n<\/div>\n\n\n\n<div class=\"wp-block-column is-layout-flow wp-block-column-is-layout-flow\">\n<div class=\"wp-block-buttons btn-center-phone is-content-justification-left is-layout-flex wp-container-core-buttons-is-layout-fc4fd283 wp-block-buttons-is-layout-flex\">\n<div class=\"wp-block-button has-custom-width wp-block-button__width-75 button-50-mobile\"><a class=\"wp-block-button__link has-white-background-color has-text-color has-background has-link-color wp-element-button\" href=\"https:\/\/murena.com\/fr\/cloud-subscriptions\/\" style=\"border-width:1px;color:#0086ff;font-style:normal;font-weight:600\">D\u00e9couvrez Murena Workspace<\/a><\/div>\n<\/div>\n<\/div>\n<\/div>\n\n\n\n<div style=\"height:30px\" aria-hidden=\"true\" class=\"wp-block-spacer\"><\/div>\n<\/div>\n<\/div>\n\n<div class=\"wp-block-columns alignfull has-background is-layout-flex wp-container-core-columns-is-layout-e9b941a5 wp-block-columns-is-layout-flex\" style=\"background:linear-gradient(180deg,rgba(242,244,252,0) 0%,rgb(230,233,245) 100%);margin-top:0;margin-bottom:-40px;padding-top:0;padding-bottom:0\">\n<div class=\"wp-block-column is-layout-constrained wp-block-column-is-layout-constrained\">\n<div style=\"height:100px\" aria-hidden=\"true\" class=\"wp-block-spacer\"><\/div>\n\n\n\n<div class=\"wp-block-columns are-vertically-aligned-center is-layout-flex wp-container-core-columns-is-layout-28f84493 wp-block-columns-is-layout-flex\">\n<div class=\"wp-block-column is-vertically-aligned-center smartphones-sec6-txt is-layout-flow wp-block-column-is-layout-flow\">\n<h2 class=\"wp-block-heading\">Pr\u00eat pour une vie num\u00e9rique plus priv\u00e9e, sans publicit\u00e9 et plus durable ? \ud83d\ude80<\/h2>\n\n\n\n<hr\/>\n\n\n\n<p>Choisissez et achetez votre appareil Murena d\u00e8s maintenant !<\/p>\n\n\n\n<div class=\"wp-block-buttons is-layout-flex wp-block-buttons-is-layout-flex\">\n<div class=\"wp-block-button has-custom-width wp-block-button__width-75\"><a class=\"wp-block-button__link wp-element-button\" href=\"\/shop\/\"><strong>J\u2019en profite<\/strong><\/a><\/div>\n<\/div>\n\n\n\n<p class=\"has-small-font-size\">Paiement s\u00e9curis\u00e9 &#8211; Nous ne conservons pas vos coordonn\u00e9es bancaires<\/p>\n<\/div>\n\n\n\n<div class=\"wp-block-column is-vertically-aligned-center smartphones-sec6-img is-layout-flow wp-block-column-is-layout-flow\">\n<figure class=\"wp-block-image aligncenter size-full\"><img loading=\"lazy\" decoding=\"async\" width=\"714\" height=\"537\" src=\"https:\/\/murena.com\/wp-content\/uploads\/2025\/12\/DEVICES.png\" alt=\"Trois appareils Murena : Une tablette et deux smartphones fonctionnant sous \/e\/OS\" class=\"wp-image-141508\" srcset=\"https:\/\/murena.com\/wp-content\/uploads\/2025\/12\/DEVICES.png 714w, https:\/\/murena.com\/wp-content\/uploads\/2025\/12\/DEVICES-300x226.png 300w, https:\/\/murena.com\/wp-content\/uploads\/2025\/12\/DEVICES-150x113.png 150w, https:\/\/murena.com\/wp-content\/uploads\/2025\/12\/DEVICES-60x45.png 60w\" sizes=\"auto, (max-width: 714px) 100vw, 714px\" \/><\/figure>\n<\/div>\n<\/div>\n\n\n\n<div style=\"height:50px\" aria-hidden=\"true\" class=\"wp-block-spacer\"><\/div>\n<\/div>\n<\/div>\n","protected":false},"excerpt":{"rendered":"<p>Murena Smartphones &amp; \/e\/OS Les smartphones traditionnels envoient constamment des m\u00e9gaoctets de vos donn\u00e9es \u00e0&#8230;<\/p>\n","protected":false},"author":5167,"featured_media":0,"parent":0,"menu_order":0,"comment_status":"closed","ping_status":"closed","template":"","meta":{"_seopress_robots_primary_cat":"","_seopress_titles_title":"Murena Smartphones & \/e\/OS","_seopress_titles_desc":"Les smartphones Murena offrent une solution respectueuse de la vie priv\u00e9e gr\u00e2ce \u00e0 \/e\/OS, un syst\u00e8me d'exploitation mobile open-source enti\u00e8rement d\u00e9googlis\u00e9.","_seopress_robots_index":"","footnotes":""},"class_list":["post-141519","page","type-page","status-publish","hentry","wpbf-post"],"_links":{"self":[{"href":"https:\/\/murena.com\/fr\/wp-json\/wp\/v2\/pages\/141519","targetHints":{"allow":["GET"]}}],"collection":[{"href":"https:\/\/murena.com\/fr\/wp-json\/wp\/v2\/pages"}],"about":[{"href":"https:\/\/murena.com\/fr\/wp-json\/wp\/v2\/types\/page"}],"author":[{"embeddable":true,"href":"https:\/\/murena.com\/fr\/wp-json\/wp\/v2\/users\/5167"}],"replies":[{"embeddable":true,"href":"https:\/\/murena.com\/fr\/wp-json\/wp\/v2\/comments?post=141519"}],"version-history":[{"count":5,"href":"https:\/\/murena.com\/fr\/wp-json\/wp\/v2\/pages\/141519\/revisions"}],"predecessor-version":[{"id":142157,"href":"https:\/\/murena.com\/fr\/wp-json\/wp\/v2\/pages\/141519\/revisions\/142157"}],"wp:attachment":[{"href":"https:\/\/murena.com\/fr\/wp-json\/wp\/v2\/media?parent=141519"}],"curies":[{"name":"wp","href":"https:\/\/api.w.org\/{rel}","templated":true}]}}