{"id":141451,"date":"2025-12-15T11:28:27","date_gmt":"2025-12-15T10:28:27","guid":{"rendered":"https:\/\/murena.com\/?page_id=141451"},"modified":"2025-12-22T11:41:19","modified_gmt":"2025-12-22T10:41:19","slug":"smartphones-for-business","status":"publish","type":"page","link":"https:\/\/murena.com\/fr\/smartphones-for-business\/","title":{"rendered":"Smartphones pour les entreprises"},"content":{"rendered":"\n<div class=\"wp-block-columns alignfull has-background is-layout-flex wp-container-core-columns-is-layout-abd8a715 wp-block-columns-is-layout-flex\" style=\"background:linear-gradient(180deg,rgb(232,240,250) 0%,rgb(192,204,218) 100%);margin-top:-40px;margin-bottom:0;padding-top:0;padding-bottom:0\">\n<div class=\"wp-block-column is-layout-constrained wp-block-column-is-layout-constrained\">\n<div class=\"wp-block-columns are-vertically-aligned-center is-layout-flex wp-container-core-columns-is-layout-a54e0cfc wp-block-columns-is-layout-flex\" style=\"padding-top:var(--wp--preset--spacing--60);padding-bottom:var(--wp--preset--spacing--60)\">\n<div class=\"wp-block-column is-vertically-aligned-center smartphones-b2b-sec1-txt is-layout-flow wp-block-column-is-layout-flow\">\n<figure class=\"wp-block-image size-full is-resized\"><img loading=\"lazy\" decoding=\"async\" width=\"90\" height=\"72\" src=\"https:\/\/murena.com\/wp-content\/uploads\/2025\/12\/enterprise-icon.png\" alt=\"Ic&#xF4;ne d'immeuble de bureaux\" class=\"wp-image-141421\" style=\"width:80px\" srcset=\"https:\/\/murena.com\/wp-content\/uploads\/2025\/12\/enterprise-icon.png 90w, https:\/\/murena.com\/wp-content\/uploads\/2025\/12\/enterprise-icon-60x48.png 60w\" sizes=\"auto, (max-width: 90px) 100vw, 90px\" \/><\/figure>\n\n\n\n<h2 class=\"wp-block-heading\">Priv\u00e9 et durable <br\/>Smartphones pour les entreprises<\/h2>\n\n\n\n<hr\/>\n\n\n\n<p>Chez Murena, nous comprenons l&rsquo;importance de la vie priv\u00e9e, de la propri\u00e9t\u00e9 des donn\u00e9es et de la durabilit\u00e9 pour votre organisation. C&rsquo;est pourquoi les smartphones que nous proposons sont automatiquement \u00e9quip\u00e9s de notre syst\u00e8me d&rsquo;exploitation \/e\/OS qui respecte les principes de \u00ab\u00a0privacy-by-design\u00a0\u00bb (respect de la vie priv\u00e9e d\u00e8s la conception). En outre, nous nous sommes associ\u00e9s \u00e0 Fairphone, Teracube, SHIFTphone et d&rsquo;autres marques durables pour vous offrir des smartphones \u00e9thiques \u00e0 l&rsquo;int\u00e9rieur comme \u00e0 l&rsquo;ext\u00e9rieur.  <\/p>\n\n\n\n<div class=\"wp-block-buttons is-nowrap is-layout-flex wp-container-core-buttons-is-layout-6c531013 wp-block-buttons-is-layout-flex\">\n<div class=\"wp-block-button has-custom-width wp-block-button__width-75 button-50-mobile\"><a class=\"wp-block-button__link wp-element-button\" href=\"\/fr\/shop\/\" style=\"font-style:normal;font-weight:600\">Plus d&rsquo;informations sur les t\u00e9l\u00e9phones Murena  <\/a><\/div>\n<\/div>\n\n\n\n<div class=\"wp-block-buttons is-nowrap is-layout-flex wp-container-core-buttons-is-layout-6c531013 wp-block-buttons-is-layout-flex\">\n<div class=\"wp-block-button has-custom-width wp-block-button__width-75 is-style-fill\"><a class=\"wp-block-button__link has-text-color has-background has-link-color wp-element-button\" href=\"https:\/\/murena.com\/fr\/contact-for-businesses\/\" style=\"color:#0086ff;background-color:#ffffff00;font-style:normal;font-weight:600\">Contactez-nous<\/a><\/div>\n<\/div>\n<\/div>\n\n\n\n<div class=\"wp-block-column is-vertically-aligned-center smartphones-b2b-sec1-img is-layout-flow wp-block-column-is-layout-flow\">\n<figure class=\"wp-block-image aligncenter size-full\"><img loading=\"lazy\" decoding=\"async\" width=\"502\" height=\"710\" src=\"https:\/\/murena.com\/wp-content\/uploads\/2025\/12\/Smartphone-b2b.png\" alt=\"Deux Fairphones Murena noirs : Un &#xE0; l'arri&#xE8;re et un &#xE0; l'avant, fonctionnant sous \/e\/OS\" class=\"wp-image-141420\" srcset=\"https:\/\/murena.com\/wp-content\/uploads\/2025\/12\/Smartphone-b2b.png 502w, https:\/\/murena.com\/wp-content\/uploads\/2025\/12\/Smartphone-b2b-212x300.png 212w, https:\/\/murena.com\/wp-content\/uploads\/2025\/12\/Smartphone-b2b-106x150.png 106w, https:\/\/murena.com\/wp-content\/uploads\/2025\/12\/Smartphone-b2b-60x85.png 60w\" sizes=\"auto, (max-width: 502px) 100vw, 502px\" \/><\/figure>\n<\/div>\n<\/div>\n<\/div>\n<\/div>\n\n<div class=\"wp-block-columns alignfull is-layout-flex wp-container-core-columns-is-layout-92d71c5b wp-block-columns-is-layout-flex\" style=\"margin-top:0;margin-bottom:0;padding-top:var(--wp--preset--spacing--70);padding-bottom:var(--wp--preset--spacing--70)\">\n<div class=\"wp-block-column is-layout-constrained wp-container-core-column-is-layout-11c1ca01 wp-block-column-is-layout-constrained\" style=\"padding-right:var(--wp--preset--spacing--50);padding-left:var(--wp--preset--spacing--50)\">\n<div class=\"wp-block-columns smartphones-sec2-txt is-layout-flex wp-container-core-columns-is-layout-28f84493 wp-block-columns-is-layout-flex\">\n<div class=\"wp-block-column is-layout-flow wp-block-column-is-layout-flow\">\n<div style=\"height:50px\" aria-hidden=\"true\" class=\"wp-block-spacer\"><\/div>\n\n\n\n<h2 class=\"wp-block-heading\">Avantages des smartphones pour les entreprises avec \/e\/OS<\/h2>\n\n\n\n<hr\/>\n\n\n\n<p>Tous les smartphones pour entreprises que nous proposons sont pr\u00e9install\u00e9s avec \/e\/OS, qui est un d\u00e9riv\u00e9 du projet Android Open Source. Cela signifie que les applications auxquelles vos employ\u00e9s sont habitu\u00e9s fonctionneront normalement, comme sur Android de Google. Toutefois, \/e\/OS offre plusieurs avantages suppl\u00e9mentaires :  <\/p>\n\n\n\n<div style=\"height:20px\" aria-hidden=\"true\" class=\"wp-block-spacer\"><\/div>\n<\/div>\n<\/div>\n\n\n\n<div class=\"wp-block-columns are-vertically-aligned-center is-layout-flex wp-container-core-columns-is-layout-28f84493 wp-block-columns-is-layout-flex\">\n<div class=\"wp-block-column is-vertically-aligned-center smartphones-b2b-sec2-img is-layout-flow wp-block-column-is-layout-flow\">\n<figure class=\"wp-block-image aligncenter size-full\"><img loading=\"lazy\" decoding=\"async\" width=\"534\" height=\"801\" src=\"https:\/\/murena.com\/wp-content\/uploads\/2025\/12\/FP5-Advanced-Privacy-stats.png\" alt=\"Smartphone Murena montrant la fonction de confidentialit&#xE9; avanc&#xE9;e indiquant que 111019 fuites de donn&#xE9;es ont &#xE9;t&#xE9; bloqu&#xE9;es\" class=\"wp-image-141422\" srcset=\"https:\/\/murena.com\/wp-content\/uploads\/2025\/12\/FP5-Advanced-Privacy-stats.png 534w, https:\/\/murena.com\/wp-content\/uploads\/2025\/12\/FP5-Advanced-Privacy-stats-200x300.png 200w, https:\/\/murena.com\/wp-content\/uploads\/2025\/12\/FP5-Advanced-Privacy-stats-100x150.png 100w, https:\/\/murena.com\/wp-content\/uploads\/2025\/12\/FP5-Advanced-Privacy-stats-60x90.png 60w\" sizes=\"auto, (max-width: 534px) 100vw, 534px\" \/><\/figure>\n<\/div>\n\n\n\n<div class=\"wp-block-column is-vertically-aligned-center smartphones-b2b-sec2-txt is-layout-flow wp-block-column-is-layout-flow\">\n<figure class=\"wp-block-image size-full is-resized\"><img loading=\"lazy\" decoding=\"async\" width=\"182\" height=\"182\" src=\"https:\/\/murena.com\/wp-content\/uploads\/2025\/12\/ADV-Privacy-icon.png\" alt=\"Bouton d'alimentation dans un bouclier vert\" class=\"wp-image-141423\" style=\"width:170px\" srcset=\"https:\/\/murena.com\/wp-content\/uploads\/2025\/12\/ADV-Privacy-icon.png 182w, https:\/\/murena.com\/wp-content\/uploads\/2025\/12\/ADV-Privacy-icon-150x150.png 150w, https:\/\/murena.com\/wp-content\/uploads\/2025\/12\/ADV-Privacy-icon-60x60.png 60w, https:\/\/murena.com\/wp-content\/uploads\/2025\/12\/ADV-Privacy-icon-50x50.png 50w, https:\/\/murena.com\/wp-content\/uploads\/2025\/12\/ADV-Privacy-icon-100x100.png 100w\" sizes=\"auto, (max-width: 182px) 100vw, 182px\" \/><\/figure>\n\n\n\n<h2 class=\"wp-block-heading\">DeGoogled \u2192 Vie priv\u00e9e<\/h2>\n\n\n\n<hr\/>\n\n\n\n<p>\/e\/OS est un syst\u00e8me d&rsquo;exploitation open-source qui n&rsquo;envoie pas vos donn\u00e9es \u00e0 Google et qui vous aide activement, vous et vos employ\u00e9s, \u00e0 prot\u00e9ger la vie priv\u00e9e de votre organisation gr\u00e2ce \u00e0 des modules int\u00e9gr\u00e9s tels que \u00ab\u00a0Advanced Privacy\u00a0\u00bb.<\/p>\n<\/div>\n<\/div>\n<\/div>\n<\/div>\n\n<div class=\"wp-block-columns alignfull has-background is-layout-flex wp-container-core-columns-is-layout-7d874bf9 wp-block-columns-is-layout-flex\" style=\"background:linear-gradient(180deg,rgb(255,255,255) 0%,rgb(119,213,56) 100%);margin-top:0;margin-bottom:0;padding-top:0;padding-bottom:0\">\n<div class=\"wp-block-column is-layout-constrained wp-container-core-column-is-layout-8966b60a wp-block-column-is-layout-constrained\" style=\"padding-top:var(--wp--preset--spacing--80);padding-bottom:var(--wp--preset--spacing--80)\">\n<div class=\"wp-block-columns is-layout-flex wp-container-core-columns-is-layout-817ee848 wp-block-columns-is-layout-flex\" style=\"padding-top:var(--wp--preset--spacing--50);padding-right:var(--wp--preset--spacing--50);padding-bottom:var(--wp--preset--spacing--50);padding-left:var(--wp--preset--spacing--50)\">\n<div class=\"wp-block-column is-vertically-aligned-stretch has-white-background-color has-background is-layout-flow wp-block-column-is-layout-flow\" style=\"border-radius:25px;padding-top:var(--wp--preset--spacing--70);padding-right:var(--wp--preset--spacing--70);padding-bottom:var(--wp--preset--spacing--70);padding-left:var(--wp--preset--spacing--70)\">\n<figure class=\"wp-block-image size-full\"><img loading=\"lazy\" decoding=\"async\" width=\"80\" height=\"81\" src=\"https:\/\/murena.com\/wp-content\/uploads\/2025\/12\/Open-Source-icon.png\" alt=\"Symboles de l'Open Source : un cercle vert ouvert en bas de page\" class=\"wp-image-141424\" srcset=\"https:\/\/murena.com\/wp-content\/uploads\/2025\/12\/Open-Source-icon.png 80w, https:\/\/murena.com\/wp-content\/uploads\/2025\/12\/Open-Source-icon-60x61.png 60w, https:\/\/murena.com\/wp-content\/uploads\/2025\/12\/Open-Source-icon-50x50.png 50w\" sizes=\"auto, (max-width: 80px) 100vw, 80px\" \/><\/figure>\n\n\n\n<h2 class=\"wp-block-heading\">Source ouverte<\/h2>\n\n\n\n<hr\/>\n\n\n\n<p>\/e\/OS est enti\u00e8rement open source. Par cons\u00e9quent, \/e\/OS est le syst\u00e8me d&rsquo;exploitation id\u00e9al pour aider votre organisation \u00e0 s\u00e9curiser sa souverainet\u00e9 et son autonomie num\u00e9riques. De plus, parce que nous sommes une source ouverte, n&rsquo;importe qui peut auditer notre code, ce qui garantit que nos promesses en mati\u00e8re de confidentialit\u00e9 et de performance sont vraies (voir par exemple cette <a href=\"https:\/\/digitalcontentnext.org\/blog\/2018\/08\/21\/google-data-collection-research\/\" target=\"_blank\" rel=\"noreferrer noopener\">\u00e9tude ind\u00e9pendante<\/a>).  <\/p>\n<\/div>\n\n\n\n<div class=\"wp-block-column is-vertically-aligned-stretch smartphones-sec3-txt has-white-background-color has-background is-layout-flow wp-block-column-is-layout-flow\" style=\"border-radius:25px;padding-top:var(--wp--preset--spacing--70);padding-right:var(--wp--preset--spacing--70);padding-bottom:var(--wp--preset--spacing--70);padding-left:var(--wp--preset--spacing--70)\">\n<figure class=\"wp-block-image size-full\"><img loading=\"lazy\" decoding=\"async\" width=\"80\" height=\"80\" src=\"https:\/\/murena.com\/wp-content\/uploads\/2025\/12\/Environment-icon.png\" alt=\"Feuille verte\" class=\"wp-image-141425\" srcset=\"https:\/\/murena.com\/wp-content\/uploads\/2025\/12\/Environment-icon.png 80w, https:\/\/murena.com\/wp-content\/uploads\/2025\/12\/Environment-icon-60x60.png 60w, https:\/\/murena.com\/wp-content\/uploads\/2025\/12\/Environment-icon-50x50.png 50w\" sizes=\"auto, (max-width: 80px) 100vw, 80px\" \/><\/figure>\n\n\n\n<h2 class=\"wp-block-heading\">Avantages pour l&rsquo;environnement<\/h2>\n\n\n\n<hr\/>\n\n\n\n<p>\/e\/OS a fait des progr\u00e8s consid\u00e9rables pour devenir le syst\u00e8me d&rsquo;exploitation Android le plus durable du march\u00e9. Par exemple, nous nous effor\u00e7ons de continuer \u00e0 prendre en charge les t\u00e9l\u00e9phones plus anciens, tous nos serveurs fonctionnent \u00e0 l&rsquo;\u00e9nergie renouvelable, nous collaborons avec des fabricants de smartphones durables, et l&rsquo;importance que nous accordons \u00e0 la protection de la vie priv\u00e9e se traduit par une r\u00e9duction de la collecte, du stockage et de l&rsquo;analyse des donn\u00e9es, ce qui permet d&rsquo;\u00e9conomiser de l&rsquo;\u00e9nergie.   <\/p>\n<\/div>\n<\/div>\n\n\n\n<div class=\"wp-block-columns is-layout-flex wp-container-core-columns-is-layout-28f84493 wp-block-columns-is-layout-flex\">\n<div class=\"wp-block-column is-layout-flow wp-block-column-is-layout-flow\" style=\"flex-basis:25%\"><\/div>\n\n\n\n<div class=\"wp-block-column is-layout-flow wp-block-column-is-layout-flow\" style=\"flex-basis:50%\">\n<div class=\"wp-block-buttons is-content-justification-center is-layout-flex wp-container-core-buttons-is-layout-a89b3969 wp-block-buttons-is-layout-flex\">\n<div class=\"wp-block-button has-custom-width wp-block-button__width-75 button-50-mobile\"><a class=\"wp-block-button__link wp-element-button\" href=\"https:\/\/e.foundation\/fr\/about-e\/\" style=\"font-style:normal;font-weight:600\">En savoir plus sur \/e\/OS<\/a><\/div>\n<\/div>\n<\/div>\n\n\n\n<div class=\"wp-block-column is-layout-flow wp-block-column-is-layout-flow\" style=\"flex-basis:25%\"><\/div>\n<\/div>\n<\/div>\n<\/div>\n\n<div class=\"wp-block-columns are-vertically-aligned-center is-layout-flex wp-container-core-columns-is-layout-28f84493 wp-block-columns-is-layout-flex\">\n<div class=\"wp-block-column is-layout-flow wp-block-column-is-layout-flow\">\n<div style=\"height:30px\" aria-hidden=\"true\" class=\"wp-block-spacer\"><\/div>\n\n\n\n<div class=\"wp-block-columns is-layout-flex wp-container-core-columns-is-layout-28f84493 wp-block-columns-is-layout-flex\">\n<div class=\"wp-block-column is-vertically-aligned-center smartphones-sec4-txt is-layout-flow wp-block-column-is-layout-flow\" style=\"flex-basis:40%\">\n<h2 class=\"wp-block-heading\">Nos smartphones pour les entreprises : Un mat\u00e9riel \u00e9thique pour un logiciel \u00e9thique<\/h2>\n\n\n\n<hr\/>\n\n\n\n<p style=\"line-height:1.5\">Our ethical operating system \/e\/OS can be provided on a large number of smartphones (for an overview, <a href=\"\/fr\/shop\/\">see our shop<\/a>). We focus on working with ethical hardware brands like Fairphone, Teracube and SHIFTphone. Devices from these brands are perfect for businesses committed to environmental, social, and governance (ESG) principles and who have to comply with sustainability regulations like the CSRD (and in the future the CSDDD). This is because these brands commonly are:<\/p>\n<\/div>\n\n\n\n<div class=\"wp-block-column is-vertically-aligned-center smartphones-sec5-img is-layout-flow wp-block-column-is-layout-flow\">\n<figure class=\"wp-block-image aligncenter size-full\"><img loading=\"lazy\" decoding=\"async\" width=\"664\" height=\"200\" src=\"https:\/\/murena.com\/wp-content\/uploads\/2025\/12\/ethical.png\" alt=\"Logos des partenaires : Fairphone ; Teracube et logo SHIFT\" class=\"wp-image-141426\" srcset=\"https:\/\/murena.com\/wp-content\/uploads\/2025\/12\/ethical.png 664w, https:\/\/murena.com\/wp-content\/uploads\/2025\/12\/ethical-300x90.png 300w, https:\/\/murena.com\/wp-content\/uploads\/2025\/12\/ethical-150x45.png 150w, https:\/\/murena.com\/wp-content\/uploads\/2025\/12\/ethical-60x18.png 60w\" sizes=\"auto, (max-width: 664px) 100vw, 664px\" \/><\/figure>\n<\/div>\n<\/div>\n<\/div>\n<\/div>\n\n<div style=\"height:30px\" aria-hidden=\"true\" class=\"wp-block-spacer\"><\/div>\n\n<div style=\"height:30px\" aria-hidden=\"true\" class=\"wp-block-spacer\"><\/div>\n\n<div class=\"wp-block-columns is-layout-flex wp-container-core-columns-is-layout-28f84493 wp-block-columns-is-layout-flex\">\n<div class=\"wp-block-column is-layout-flow wp-block-column-is-layout-flow\">\n<figure class=\"wp-block-image aligncenter size-full\"><img loading=\"lazy\" decoding=\"async\" width=\"256\" height=\"256\" src=\"https:\/\/murena.com\/wp-content\/uploads\/2025\/12\/ecofriendly.png\" alt=\"Smartphone sur fond vert &#xE0; c&#xF4;t&#xE9; d'une feuille\" class=\"wp-image-141427\" srcset=\"https:\/\/murena.com\/wp-content\/uploads\/2025\/12\/ecofriendly.png 256w, https:\/\/murena.com\/wp-content\/uploads\/2025\/12\/ecofriendly-150x150.png 150w, https:\/\/murena.com\/wp-content\/uploads\/2025\/12\/ecofriendly-60x60.png 60w, https:\/\/murena.com\/wp-content\/uploads\/2025\/12\/ecofriendly-50x50.png 50w, https:\/\/murena.com\/wp-content\/uploads\/2025\/12\/ecofriendly-100x100.png 100w\" sizes=\"auto, (max-width: 256px) 100vw, 256px\" \/><\/figure>\n\n\n\n<h3 class=\"wp-block-heading has-text-align-center\">Respectueux de l&rsquo;environnement :<\/h3>\n\n\n\n<p class=\"has-text-align-center\">Engag\u00e9 dans une production respectueuse de l&rsquo;environnement, il utilise des mat\u00e9riaux recycl\u00e9s qui sont recyclables et a une conception modulaire qui est facile \u00e0 r\u00e9parer et \u00e0 mettre \u00e0 niveau, ce qui prolonge la dur\u00e9e de vie du t\u00e9l\u00e9phone et r\u00e9duit les d\u00e9chets \u00e9lectroniques.  <\/p>\n<\/div>\n\n\n\n<div class=\"wp-block-column is-layout-flow wp-block-column-is-layout-flow\">\n<figure class=\"wp-block-image aligncenter size-full\"><img loading=\"lazy\" decoding=\"async\" width=\"256\" height=\"256\" src=\"https:\/\/murena.com\/wp-content\/uploads\/2025\/12\/respectful.png\" alt=\"Heureux une personne accoupl&#xE9;e avec un smartphone entour&#xE9; d'engrenages\" class=\"wp-image-141428\" srcset=\"https:\/\/murena.com\/wp-content\/uploads\/2025\/12\/respectful.png 256w, https:\/\/murena.com\/wp-content\/uploads\/2025\/12\/respectful-150x150.png 150w, https:\/\/murena.com\/wp-content\/uploads\/2025\/12\/respectful-60x60.png 60w, https:\/\/murena.com\/wp-content\/uploads\/2025\/12\/respectful-50x50.png 50w, https:\/\/murena.com\/wp-content\/uploads\/2025\/12\/respectful-100x100.png 100w\" sizes=\"auto, (max-width: 256px) 100vw, 256px\" \/><\/figure>\n\n\n\n<h3 class=\"wp-block-heading has-text-align-center\">Respect des conditions de travail :<\/h3>\n\n\n\n<p class=\"has-text-align-center\">Fairphone a notamment travaill\u00e9 dur pour cr\u00e9er des cha\u00eenes de production qui garantissent des conditions de travail \u00e9quitables.  <\/p>\n<\/div>\n\n\n\n<div class=\"wp-block-column is-layout-flow wp-block-column-is-layout-flow\">\n<figure class=\"wp-block-image aligncenter size-full\"><img loading=\"lazy\" decoding=\"async\" width=\"256\" height=\"256\" src=\"https:\/\/murena.com\/wp-content\/uploads\/2025\/12\/transparent.png\" alt=\"Smartphone anim&#xE9; montrant des engrenages et une coche\" class=\"wp-image-141429\" srcset=\"https:\/\/murena.com\/wp-content\/uploads\/2025\/12\/transparent.png 256w, https:\/\/murena.com\/wp-content\/uploads\/2025\/12\/transparent-150x150.png 150w, https:\/\/murena.com\/wp-content\/uploads\/2025\/12\/transparent-60x60.png 60w, https:\/\/murena.com\/wp-content\/uploads\/2025\/12\/transparent-50x50.png 50w, https:\/\/murena.com\/wp-content\/uploads\/2025\/12\/transparent-100x100.png 100w\" sizes=\"auto, (max-width: 256px) 100vw, 256px\" \/><\/figure>\n\n\n\n<h3 class=\"wp-block-heading has-text-align-center\">Transparent :<\/h3>\n\n\n\n<p class=\"has-text-align-center\">Ces marques sont plus ouvertes sur leur cha\u00eene d&rsquo;approvisionnement et fournissent des informations sur la provenance des mat\u00e9riaux et le processus de fabrication.<\/p>\n<\/div>\n<\/div>\n\n<div class=\"wp-block-columns alignfull has-background is-layout-flex wp-container-core-columns-is-layout-7d874bf9 wp-block-columns-is-layout-flex\" style=\"background:linear-gradient(180deg,rgba(242,244,252,0) 0%,rgb(230,233,245) 100%);margin-top:0;margin-bottom:0;padding-top:0;padding-bottom:0\">\n<div class=\"wp-block-column is-layout-constrained wp-block-column-is-layout-constrained\">\n<div style=\"height:100px\" aria-hidden=\"true\" class=\"wp-block-spacer\"><\/div>\n\n\n\n<div class=\"wp-block-columns are-vertically-aligned-center is-layout-flex wp-container-core-columns-is-layout-28f84493 wp-block-columns-is-layout-flex\">\n<div class=\"wp-block-column is-vertically-aligned-center smartphones-sec6-txt is-layout-flow wp-block-column-is-layout-flow\">\n<h2 class=\"wp-block-heading\">Pr\u00eat pour une solution d&rsquo;entreprise plus priv\u00e9e et durable ?<br\/>Choisissez les smartphones \u00e9thiques de Murena pour les entreprises !<\/h2>\n\n\n\n<hr\/>\n\n\n\n<p>Transformez l&rsquo;exp\u00e9rience num\u00e9rique de votre entreprise avec les smartphones Murena pour les entreprises avec \/e\/OS, con\u00e7us pour garantir la confidentialit\u00e9, bloquer les publicit\u00e9s et promouvoir le d\u00e9veloppement durable. En choisissant Murena, vous investissez dans des smartphones (et des tablettes) \u00e9thiques et respectueux de la vie priv\u00e9e qui soutiennent les valeurs ESG de votre entreprise et votre conformit\u00e9 en mati\u00e8re de d\u00e9veloppement durable. De plus, nous offrons des remises sp\u00e9ciales pour les commandes en gros ! Notre \u00e9quipe est pr\u00eate \u00e0 vous proposer des offres personnalis\u00e9es adapt\u00e9es \u00e0 votre organisation sp\u00e9cifique, qu&rsquo;il s&rsquo;agisse d&rsquo;une entreprise, d&rsquo;une organisation gouvernementale ou semi-publique, ou d&rsquo;une organisation \u00e0 but non lucratif. Contactez-nous via notre formulaire de contact pour en savoir plus et profiter de ces offres exclusives.      <\/p>\n<\/div>\n\n\n\n<div class=\"wp-block-column is-vertically-aligned-center smartphones-sec6-img is-layout-flow wp-block-column-is-layout-flow\">\n<figure class=\"wp-block-image aligncenter size-full\"><img loading=\"lazy\" decoding=\"async\" width=\"858\" height=\"554\" src=\"https:\/\/murena.com\/wp-content\/uploads\/2025\/12\/murena-phone-perspective.png\" alt=\"Deux Fairphones Murena noirs : Un &#xE0; l'avant qui fonctionne avec \/e\/OS et un &#xE0; l'arri&#xE8;re.\" class=\"wp-image-141430\" srcset=\"https:\/\/murena.com\/wp-content\/uploads\/2025\/12\/murena-phone-perspective.png 858w, https:\/\/murena.com\/wp-content\/uploads\/2025\/12\/murena-phone-perspective-300x194.png 300w, https:\/\/murena.com\/wp-content\/uploads\/2025\/12\/murena-phone-perspective-150x97.png 150w, https:\/\/murena.com\/wp-content\/uploads\/2025\/12\/murena-phone-perspective-768x496.png 768w, https:\/\/murena.com\/wp-content\/uploads\/2025\/12\/murena-phone-perspective-60x39.png 60w, https:\/\/murena.com\/wp-content\/uploads\/2025\/12\/murena-phone-perspective-800x517.png 800w\" sizes=\"auto, (max-width: 858px) 100vw, 858px\" \/><\/figure>\n<\/div>\n<\/div>\n\n\n\n<div style=\"height:50px\" aria-hidden=\"true\" class=\"wp-block-spacer\"><\/div>\n\n\n\n<div class=\"wp-block-buttons is-content-justification-center is-layout-flex wp-container-core-buttons-is-layout-a89b3969 wp-block-buttons-is-layout-flex\">\n<div class=\"wp-block-button has-custom-width wp-block-button__width-50 button-50-mobile\"><a class=\"wp-block-button__link wp-element-button\" href=\"https:\/\/murena.com\/fr\/contact-for-businesses\/\" style=\"font-style:normal;font-weight:600\">D\u00e9couvrez l&rsquo;offre compl\u00e8te<\/a><\/div>\n<\/div>\n\n\n\n<div style=\"height:50px\" aria-hidden=\"true\" class=\"wp-block-spacer\"><\/div>\n<\/div>\n<\/div>\n\n<div class=\"wp-block-columns alignfull has-background is-layout-flex wp-container-core-columns-is-layout-987ccd2c wp-block-columns-is-layout-flex\" style=\"background-color:#77d538;margin-top:0;margin-bottom:-40px\">\n<div class=\"wp-block-column is-layout-constrained wp-block-column-is-layout-constrained\">\n<div class=\"wp-block-columns are-vertically-aligned-center is-layout-flex wp-container-core-columns-is-layout-28f84493 wp-block-columns-is-layout-flex\">\n<div class=\"wp-block-column is-vertically-aligned-center is-layout-flow wp-block-column-is-layout-flow\" style=\"flex-basis:10%\">\n<figure class=\"wp-block-image aligncenter size-full\"><img loading=\"lazy\" decoding=\"async\" width=\"36\" height=\"36\" src=\"https:\/\/murena.com\/wp-content\/uploads\/2025\/12\/news.png\" alt=\"Nouvelles de Murena\" class=\"wp-image-141431\"\/><\/figure>\n<\/div>\n\n\n\n<div class=\"wp-block-column is-vertically-aligned-center is-layout-flow wp-block-column-is-layout-flow\">\n<h3 class=\"wp-block-heading has-text-align-center mb-0 has-white-color has-text-color has-link-color wp-elements-8188d64e65703ce7d35788f720ce9d7a\" style=\"font-size:28px;font-style:normal;font-weight:600\">Suivez notre lettre d&rsquo;information<\/h3>\n<\/div>\n\n\n\n<div class=\"wp-block-column is-vertically-aligned-center is-layout-flow wp-block-column-is-layout-flow\" style=\"flex-basis:30%\">\n<div class=\"wp-block-buttons is-content-justification-center is-layout-flex wp-container-core-buttons-is-layout-a89b3969 wp-block-buttons-is-layout-flex\">\n<div class=\"wp-block-button\"><a class=\"wp-block-button__link wp-element-button\" href=\"https:\/\/newsletter.murena.io\/?lang=fr\" style=\"font-style:normal;font-weight:600\">S&rsquo;abonner<\/a><\/div>\n<\/div>\n<\/div>\n<\/div>\n<\/div>\n<\/div>\n","protected":false},"excerpt":{"rendered":"<p>Priv\u00e9 et durable Smartphones pour les entreprises Chez Murena, nous comprenons l&rsquo;importance de la vie&#8230;<\/p>\n","protected":false},"author":5167,"featured_media":0,"parent":0,"menu_order":0,"comment_status":"closed","ping_status":"closed","template":"","meta":{"_seopress_robots_primary_cat":"","_seopress_titles_title":"Murena Smartphones pour les entreprises","_seopress_titles_desc":"Chez Murena, nous comprenons l'importance de la confidentialit\u00e9, de la propri\u00e9t\u00e9 des donn\u00e9es et de la durabilit\u00e9 pour votre organisation.","_seopress_robots_index":"","footnotes":""},"class_list":["post-141451","page","type-page","status-publish","hentry","wpbf-post"],"_links":{"self":[{"href":"https:\/\/murena.com\/fr\/wp-json\/wp\/v2\/pages\/141451","targetHints":{"allow":["GET"]}}],"collection":[{"href":"https:\/\/murena.com\/fr\/wp-json\/wp\/v2\/pages"}],"about":[{"href":"https:\/\/murena.com\/fr\/wp-json\/wp\/v2\/types\/page"}],"author":[{"embeddable":true,"href":"https:\/\/murena.com\/fr\/wp-json\/wp\/v2\/users\/5167"}],"replies":[{"embeddable":true,"href":"https:\/\/murena.com\/fr\/wp-json\/wp\/v2\/comments?post=141451"}],"version-history":[{"count":8,"href":"https:\/\/murena.com\/fr\/wp-json\/wp\/v2\/pages\/141451\/revisions"}],"predecessor-version":[{"id":142185,"href":"https:\/\/murena.com\/fr\/wp-json\/wp\/v2\/pages\/141451\/revisions\/142185"}],"wp:attachment":[{"href":"https:\/\/murena.com\/fr\/wp-json\/wp\/v2\/media?parent=141451"}],"curies":[{"name":"wp","href":"https:\/\/api.w.org\/{rel}","templated":true}]}}