{"id":130773,"date":"2025-08-25T12:06:41","date_gmt":"2025-08-25T10:06:41","guid":{"rendered":"https:\/\/murena.com\/?page_id=130773"},"modified":"2026-02-09T08:20:48","modified_gmt":"2026-02-09T07:20:48","slug":"enfants","status":"publish","type":"page","link":"https:\/\/murena.com\/fr\/enfants\/","title":{"rendered":"Enfants"},"content":{"rendered":"\n<div class=\"wp-block-columns alignwide is-layout-flex wp-container-core-columns-is-layout-390ed6e7 wp-block-columns-is-layout-flex\" style=\"margin-top:-40px\">\n<div class=\"wp-block-column is-layout-flow wp-block-column-is-layout-flow\" style=\"flex-basis:100%\">\n<div class=\"wp-block-columns is-layout-flex wp-container-core-columns-is-layout-28f84493 wp-block-columns-is-layout-flex\">\n<div class=\"wp-block-column is-layout-flow wp-block-column-is-layout-flow\" style=\"flex-basis:100%\">\n<div class=\"wp-block-columns is-layout-flex wp-container-core-columns-is-layout-28f84493 wp-block-columns-is-layout-flex\">\n<div class=\"wp-block-column is-layout-flow wp-block-column-is-layout-flow\" style=\"flex-basis:100%\">\n<div class=\"wp-block-cover alignfull kids-background has-white-color has-text-color has-link-color wp-elements-82229e9086f3e3040eb809603db854b0\" style=\"margin-top:0px;margin-bottom:0px;padding-top:0px;padding-right:0;padding-bottom:0px;padding-left:0\"><img loading=\"lazy\" decoding=\"async\" width=\"2550\" height=\"758\" class=\"wp-block-cover__image-background wp-image-129856\" alt=\"Girl sitting on a coach looking at her smartphone\" src=\"https:\/\/murena.com\/wp-content\/uploads\/2025\/08\/GIRL-IMG-Left-Aligned-new.jpg\" data-object-fit=\"cover\" srcset=\"https:\/\/murena.com\/wp-content\/uploads\/2025\/08\/GIRL-IMG-Left-Aligned-new.jpg 2550w, https:\/\/murena.com\/wp-content\/uploads\/2025\/08\/GIRL-IMG-Left-Aligned-new-300x89.jpg 300w, https:\/\/murena.com\/wp-content\/uploads\/2025\/08\/GIRL-IMG-Left-Aligned-new-1024x304.jpg 1024w, https:\/\/murena.com\/wp-content\/uploads\/2025\/08\/GIRL-IMG-Left-Aligned-new-150x45.jpg 150w, https:\/\/murena.com\/wp-content\/uploads\/2025\/08\/GIRL-IMG-Left-Aligned-new-768x228.jpg 768w, https:\/\/murena.com\/wp-content\/uploads\/2025\/08\/GIRL-IMG-Left-Aligned-new-1536x457.jpg 1536w, https:\/\/murena.com\/wp-content\/uploads\/2025\/08\/GIRL-IMG-Left-Aligned-new-2048x609.jpg 2048w, https:\/\/murena.com\/wp-content\/uploads\/2025\/08\/GIRL-IMG-Left-Aligned-new-60x18.jpg 60w, https:\/\/murena.com\/wp-content\/uploads\/2025\/08\/GIRL-IMG-Left-Aligned-new-110x33.jpg 110w, https:\/\/murena.com\/wp-content\/uploads\/2025\/08\/GIRL-IMG-Left-Aligned-new-800x238.jpg 800w\" sizes=\"auto, (max-width: 2550px) 100vw, 2550px\" \/><span aria-hidden=\"true\" class=\"wp-block-cover__background has-background-dim-100 has-background-dim wp-block-cover__gradient-background has-background-gradient\" style=\"background:linear-gradient(90deg,rgba(7,146,227,0) 0%,rgba(255,255,255,0) 66%,rgb(235,50,144) 74%,rgb(235,50,144) 100%)\"><\/span><div class=\"wp-block-cover__inner-container is-layout-flow wp-container-core-cover-is-layout-da74679a wp-block-cover-is-layout-flow\">\n<div class=\"wp-block-columns is-not-stacked-on-mobile is-layout-flex wp-container-core-columns-is-layout-28f84493 wp-block-columns-is-layout-flex\">\n<div class=\"wp-block-column is-vertically-aligned-center is-layout-flow wp-block-column-is-layout-flow\"><\/div>\n\n\n\n<div class=\"wp-block-column is-vertically-aligned-center murena-header-text-kids has-background is-layout-flow wp-container-core-column-is-layout-a77db08e wp-block-column-is-layout-flow\" style=\"background-color:#eb3290\">\n<h1 class=\"wp-block-heading has-text-align-right has-white-color has-text-color has-link-color wp-elements-0d5c7f6526144628ff56a6f23204179f\" style=\"margin-top:0;margin-right:0;margin-bottom:0;margin-left:0;padding-top:var(--wp--preset--spacing--30);padding-right:var(--wp--preset--spacing--30);padding-bottom:var(--wp--preset--spacing--30);padding-left:var(--wp--preset--spacing--30);font-size:50px\">Murena Kids :<\/h1>\n\n\n\n<p class=\"has-text-align-right\" style=\"margin-right:0;padding-top:var(--wp--preset--spacing--30);padding-right:var(--wp--preset--spacing--30);padding-bottom:var(--wp--preset--spacing--30);padding-left:var(--wp--preset--spacing--80);font-size:28px;line-height:1.7\">Cr\u00e9er un espace num\u00e9rique s\u00fbr pour votre famille<\/p>\n<\/div>\n<\/div>\n<\/div><\/div>\n<\/div>\n<\/div>\n<\/div>\n<\/div>\n<\/div>\n<\/div>\n\n<div style=\"height:50px\" aria-hidden=\"true\" class=\"wp-block-spacer\"><\/div>\n\n<div class=\"wp-block-columns are-vertically-aligned-center family-block is-layout-flex wp-container-core-columns-is-layout-cf05694f wp-block-columns-is-layout-flex\">\n<div class=\"wp-block-column is-vertically-aligned-center family-block-text is-layout-flow wp-block-column-is-layout-flow\" style=\"padding-right:0\">\n<h2 class=\"wp-block-heading\">La parentalit\u00e9 connect\u00e9e commence avec Murena<\/h2>\n\n\n\n<p>Nous comprenons l&rsquo;importance de garantir un environnement num\u00e9rique s\u00fbr et \u00e9quilibr\u00e9 \u00e0 vos enfants. C&rsquo;est pourquoi nos appareils Murena, aliment\u00e9s par \/e\/OS, sont \u00e9quip\u00e9s du contr\u00f4le parental Paco &#8211; un outil puissant con\u00e7u pour prot\u00e9ger vos enfants des contenus inappropri\u00e9s et les aider \u00e0 d\u00e9velopper des habitudes en ligne saines. <\/p>\n\n\n\n<div class=\"wp-block-buttons is-content-justification-center is-layout-flex wp-container-core-buttons-is-layout-a89b3969 wp-block-buttons-is-layout-flex\">\n<div class=\"wp-block-button has-custom-width wp-block-button__width-100\"><a class=\"wp-block-button__link wp-element-button\" href=\"\/shop\/\"><strong>Achetez un appareil Murena pour votre enfant<\/strong><\/a><\/div>\n<\/div>\n<\/div>\n\n\n\n<div class=\"wp-block-column is-vertically-aligned-center family-block-img is-layout-flow wp-block-column-is-layout-flow\">\n<figure class=\"wp-block-image size-full\"><img loading=\"lazy\" decoding=\"async\" width=\"600\" height=\"512\" src=\"https:\/\/murena.com\/wp-content\/uploads\/2025\/08\/Family.png\" alt=\"Gar&#xE7;on souriant, regardant son smartphone avec deux autres personnes &#xE0; l'arri&#xE8;re\" class=\"wp-image-129875\" srcset=\"https:\/\/murena.com\/wp-content\/uploads\/2025\/08\/Family.png 600w, https:\/\/murena.com\/wp-content\/uploads\/2025\/08\/Family-300x256.png 300w, https:\/\/murena.com\/wp-content\/uploads\/2025\/08\/Family-150x128.png 150w, https:\/\/murena.com\/wp-content\/uploads\/2025\/08\/Family-60x51.png 60w, https:\/\/murena.com\/wp-content\/uploads\/2025\/08\/Family-110x94.png 110w\" sizes=\"auto, (max-width: 600px) 100vw, 600px\" \/><\/figure>\n<\/div>\n<\/div>\n\n<div style=\"height:100px\" aria-hidden=\"true\" class=\"wp-block-spacer\"><\/div>\n\n<h2 class=\"wp-block-heading has-text-align-center\">Qu&rsquo;est-ce que <mark style=\"background-color:rgba(0, 0, 0, 0);color:#ff7303\" class=\"has-inline-color\">Paco<\/mark> ?<\/h2>\n\n<div class=\"wp-block-columns is-layout-flex wp-container-core-columns-is-layout-28f84493 wp-block-columns-is-layout-flex\">\n<div class=\"wp-block-column is-layout-flow wp-block-column-is-layout-flow\"><\/div>\n\n\n\n<div class=\"wp-block-column is-content-justification-center is-layout-constrained wp-block-column-is-layout-constrained\">\n<hr\/>\n<\/div>\n\n\n\n<div class=\"wp-block-column is-layout-flow wp-block-column-is-layout-flow\"><\/div>\n<\/div>\n\n<div class=\"wp-block-columns alignwide mascot has-background is-layout-flex wp-container-core-columns-is-layout-28f84493 wp-block-columns-is-layout-flex\" style=\"background:linear-gradient(0deg,rgb(231,248,248) 0%,rgba(255,255,255,0) 61%)\">\n<div class=\"wp-block-column is-layout-flow wp-block-column-is-layout-flow\">\n<figure class=\"wp-block-image aligncenter size-full\"><img loading=\"lazy\" decoding=\"async\" width=\"853\" height=\"619\" src=\"https:\/\/murena.com\/wp-content\/uploads\/2025\/08\/Mascot-1.png\" alt=\"PACO un petit poisson de dessin anim&#xE9; avec une ic&#xF4;ne de bouclier vert &#xE0; c&#xF4;t&#xE9; d'un smartphone Murena montrant le contr&#xF4;le parental\" class=\"wp-image-129879\" srcset=\"https:\/\/murena.com\/wp-content\/uploads\/2025\/08\/Mascot-1.png 853w, https:\/\/murena.com\/wp-content\/uploads\/2025\/08\/Mascot-1-300x218.png 300w, https:\/\/murena.com\/wp-content\/uploads\/2025\/08\/Mascot-1-150x109.png 150w, https:\/\/murena.com\/wp-content\/uploads\/2025\/08\/Mascot-1-768x557.png 768w, https:\/\/murena.com\/wp-content\/uploads\/2025\/08\/Mascot-1-60x44.png 60w, https:\/\/murena.com\/wp-content\/uploads\/2025\/08\/Mascot-1-110x80.png 110w, https:\/\/murena.com\/wp-content\/uploads\/2025\/08\/Mascot-1-800x581.png 800w\" sizes=\"auto, (max-width: 853px) 100vw, 853px\" \/><\/figure>\n<\/div>\n<\/div>\n\n<div class=\"wp-block-group alignwide has-background is-layout-constrained wp-container-core-group-is-layout-36abf0de wp-block-group-is-layout-constrained\" style=\"border-top-left-radius:0px;border-top-right-radius:0px;border-bottom-left-radius:50px;border-bottom-right-radius:50px;background-color:#e7f8f8;margin-top:-40px;margin-bottom:0px;padding-top:var(--wp--preset--spacing--80);padding-right:var(--wp--preset--spacing--50);padding-bottom:var(--wp--preset--spacing--80);padding-left:var(--wp--preset--spacing--50)\">\n<div class=\"wp-block-columns is-layout-flex wp-container-core-columns-is-layout-28f84493 wp-block-columns-is-layout-flex\">\n<div class=\"wp-block-column is-layout-flow wp-block-column-is-layout-flow\" style=\"flex-basis:25%\"><\/div>\n\n\n\n<div class=\"wp-block-column is-layout-flow wp-block-column-is-layout-flow\" style=\"flex-basis:60%\">\n<p>Paco est la solution de <strong>contr\u00f4le parental<\/strong> dans \/e\/OS qui vous aide \u00e0 cr\u00e9er une exp\u00e9rience s\u00fbre et facile, adapt\u00e9e \u00e0 l&rsquo;\u00e2ge et aux besoins de votre enfant. Avec des fonctionnalit\u00e9s telles que les restrictions d&rsquo;applications, les limites de temps d&rsquo;\u00e9cran et la nouvelle option <strong>Trouver mon appareil<\/strong> &#8211; qui vous permet de localiser le t\u00e9l\u00e9phone de votre enfant \u00e0 distance en envoyant un code SMS secret et en recevant ses coordonn\u00e9es GPS &#8211; Paco vous permet d&rsquo;avoir l&rsquo;esprit tranquille, m\u00eame lorsque vous n&rsquo;\u00eates pas \u00e0 proximit\u00e9. <\/p>\n\n\n\n<div class=\"wp-block-buttons is-content-justification-center is-layout-flex wp-container-core-buttons-is-layout-a89b3969 wp-block-buttons-is-layout-flex\">\n<div class=\"wp-block-button has-custom-width wp-block-button__width-100\"><a class=\"wp-block-button__link wp-element-button\" href=\"\/shop\/\"><strong><strong><strong>Achetez un appareil Murena pour votre enfant<\/strong><\/strong><\/strong><\/a><\/div>\n<\/div>\n<\/div>\n\n\n\n<div class=\"wp-block-column is-layout-flow wp-block-column-is-layout-flow\" style=\"flex-basis:25%\"><\/div>\n<\/div>\n\n\n\n<div style=\"height:30px\" aria-hidden=\"true\" class=\"wp-block-spacer\"><\/div>\n\n\n\n<h2 class=\"wp-block-heading has-text-align-center has-text-color has-link-color wp-elements-7e518c50bd1679c8835afa64dffdaf3e\" style=\"color:#2a2e57\">Voici comment Paco aide les parents :<\/h2>\n\n\n\n<div style=\"height:30px\" aria-hidden=\"true\" class=\"wp-block-spacer\"><\/div>\n<\/div>\n\n<div class=\"wp-block-columns section-z-index is-layout-flex wp-container-core-columns-is-layout-bdadb24c wp-block-columns-is-layout-flex\" style=\"margin-top:-90px\">\n<div class=\"wp-block-column is-layout-flow wp-container-core-column-is-layout-0d51d878 wp-block-column-is-layout-flow\" style=\"padding-right:0;padding-bottom:var(--wp--preset--spacing--50);padding-left:0\">\n<figure class=\"wp-block-image aligncenter size-full\"><img loading=\"lazy\" decoding=\"async\" width=\"256\" height=\"257\" src=\"https:\/\/murena.com\/wp-content\/uploads\/2025\/08\/hand-no.png\" alt=\"main barr&#xE9;e\" class=\"wp-image-129883\" srcset=\"https:\/\/murena.com\/wp-content\/uploads\/2025\/08\/hand-no.png 256w, https:\/\/murena.com\/wp-content\/uploads\/2025\/08\/hand-no-150x150.png 150w, https:\/\/murena.com\/wp-content\/uploads\/2025\/08\/hand-no-60x60.png 60w, https:\/\/murena.com\/wp-content\/uploads\/2025\/08\/hand-no-110x110.png 110w, https:\/\/murena.com\/wp-content\/uploads\/2025\/08\/hand-no-50x50.png 50w, https:\/\/murena.com\/wp-content\/uploads\/2025\/08\/hand-no-100x100.png 100w\" sizes=\"auto, (max-width: 256px) 100vw, 256px\" \/><\/figure>\n\n\n\n<h3 class=\"wp-block-heading has-text-align-center\" style=\"line-height:1.6\">Acc\u00e8s restreint aux applis et aux sites web<\/h3>\n\n\n\n<p class=\"has-text-align-center\">En fonction de l&rsquo;\u00e2ge de votre enfant, limitez l&rsquo;acc\u00e8s aux applications et aux sites web susceptibles d&rsquo;avoir des contenus inappropri\u00e9s. Vous gardez le contr\u00f4le sur ce que vos enfants voient et avec quoi ils interagissent en ligne. <\/p>\n<\/div>\n\n\n\n<div class=\"wp-block-column is-layout-flow wp-container-core-column-is-layout-0d51d878 wp-block-column-is-layout-flow\" style=\"padding-right:0;padding-bottom:var(--wp--preset--spacing--50);padding-left:0\">\n<figure class=\"wp-block-image aligncenter size-full\"><img loading=\"lazy\" decoding=\"async\" width=\"256\" height=\"257\" src=\"https:\/\/murena.com\/wp-content\/uploads\/2025\/08\/doll-mobile.png\" alt=\"monstre de dessin anim&#xE9; souriant tenant un smartphone Murena fonctionnant sous \/e\/OS\" class=\"wp-image-129893\" srcset=\"https:\/\/murena.com\/wp-content\/uploads\/2025\/08\/doll-mobile.png 256w, https:\/\/murena.com\/wp-content\/uploads\/2025\/08\/doll-mobile-150x150.png 150w, https:\/\/murena.com\/wp-content\/uploads\/2025\/08\/doll-mobile-60x60.png 60w, https:\/\/murena.com\/wp-content\/uploads\/2025\/08\/doll-mobile-110x110.png 110w, https:\/\/murena.com\/wp-content\/uploads\/2025\/08\/doll-mobile-50x50.png 50w, https:\/\/murena.com\/wp-content\/uploads\/2025\/08\/doll-mobile-100x100.png 100w\" sizes=\"auto, (max-width: 256px) 100vw, 256px\" \/><\/figure>\n\n\n\n<h3 class=\"wp-block-heading has-text-align-center\" style=\"line-height:1.6\">Approche ax\u00e9e sur la protection de la vie priv\u00e9e<\/h3>\n\n\n\n<p class=\"has-text-align-center\">Nous accordons une grande importance \u00e0 la protection de la vie priv\u00e9e en ligne de vos enfants. Nos contr\u00f4les parentaux vous permettent de guider leur comportement en ligne sans compromettre leurs donn\u00e9es personnelles gr\u00e2ce au syst\u00e8me d&rsquo;exploitation mobile <strong><span>\/e\/OS<\/span><\/strong>, open-source et favorable \u00e0 la protection des donn\u00e9es. <\/p>\n<\/div>\n\n\n\n<div class=\"wp-block-column is-layout-flow wp-container-core-column-is-layout-0d51d878 wp-block-column-is-layout-flow\" style=\"padding-right:0;padding-bottom:var(--wp--preset--spacing--50);padding-left:0\">\n<figure class=\"wp-block-image aligncenter size-full\"><img loading=\"lazy\" decoding=\"async\" width=\"256\" height=\"257\" src=\"https:\/\/murena.com\/wp-content\/uploads\/2025\/08\/number-blocks.png\" alt=\"un mur de cubes avec des lettres\" class=\"wp-image-129899\" srcset=\"https:\/\/murena.com\/wp-content\/uploads\/2025\/08\/number-blocks.png 256w, https:\/\/murena.com\/wp-content\/uploads\/2025\/08\/number-blocks-150x150.png 150w, https:\/\/murena.com\/wp-content\/uploads\/2025\/08\/number-blocks-60x60.png 60w, https:\/\/murena.com\/wp-content\/uploads\/2025\/08\/number-blocks-110x110.png 110w, https:\/\/murena.com\/wp-content\/uploads\/2025\/08\/number-blocks-50x50.png 50w, https:\/\/murena.com\/wp-content\/uploads\/2025\/08\/number-blocks-100x100.png 100w\" sizes=\"auto, (max-width: 256px) 100vw, 256px\" \/><\/figure>\n\n\n\n<h3 class=\"wp-block-heading has-text-align-center\" style=\"line-height:1.6\">Priorit\u00e9 \u00e0 l&rsquo;\u00e9ducation et \u00e0 la croissance<\/h3>\n\n\n\n<p class=\"has-text-align-center\">Paco aide votre enfant \u00e0 rester concentr\u00e9 sur l&rsquo;apprentissage et les activit\u00e9s cr\u00e9atives tout en veillant \u00e0 ce qu&rsquo;il ait une relation \u00e9quilibr\u00e9e avec la technologie.<\/p>\n<\/div>\n<\/div>\n\n<div style=\"height:50px\" aria-hidden=\"true\" class=\"wp-block-spacer\"><\/div>\n\n<div class=\"wp-block-columns is-layout-flex wp-container-core-columns-is-layout-28f84493 wp-block-columns-is-layout-flex\">\n<div class=\"wp-block-column is-layout-flow wp-block-column-is-layout-flow\" style=\"flex-basis:25%\"><\/div>\n\n\n\n<div class=\"wp-block-column has-regular-font-size is-layout-flow wp-block-column-is-layout-flow\" style=\"flex-basis:800px\">\n<pre class=\"wp-block-verse has-text-align-center has-background\" style=\"border-radius:50px;background-color:#d5f9d2\">Pour en savoir plus sur Paco et son fonctionnement, consultez la documentation de \/e\/OS <a href=\"https:\/\/doc.e.foundation\/support-topics\/parental-control\" target=\"_blank\" rel=\"noreferrer noopener\">en cliquant ici.<\/a><\/pre>\n<\/div>\n\n\n\n<div class=\"wp-block-column is-layout-flow wp-block-column-is-layout-flow\" style=\"flex-basis:25%\"><\/div>\n<\/div>\n\n<div style=\"height:100px\" aria-hidden=\"true\" class=\"wp-block-spacer\"><\/div>\n\n<div class=\"wp-block-columns are-vertically-aligned-center is-layout-flex wp-container-core-columns-is-layout-cf05694f wp-block-columns-is-layout-flex\">\n<div class=\"wp-block-column is-vertically-aligned-center is-layout-flow wp-block-column-is-layout-flow\">\n<figure class=\"wp-block-image size-full\"><img loading=\"lazy\" decoding=\"async\" width=\"661\" height=\"508\" src=\"https:\/\/murena.com\/wp-content\/uploads\/2025\/08\/Girl.png\" alt=\"Fille avec des lunettes de soleil souriant en regardant son smartphone\" class=\"wp-image-129908\" srcset=\"https:\/\/murena.com\/wp-content\/uploads\/2025\/08\/Girl.png 661w, https:\/\/murena.com\/wp-content\/uploads\/2025\/08\/Girl-300x231.png 300w, https:\/\/murena.com\/wp-content\/uploads\/2025\/08\/Girl-150x115.png 150w, https:\/\/murena.com\/wp-content\/uploads\/2025\/08\/Girl-60x46.png 60w, https:\/\/murena.com\/wp-content\/uploads\/2025\/08\/Girl-110x85.png 110w\" sizes=\"auto, (max-width: 661px) 100vw, 661px\" \/><\/figure>\n<\/div>\n\n\n\n<div class=\"wp-block-column is-vertically-aligned-center is-layout-flow wp-block-column-is-layout-flow\" style=\"padding-right:var(--wp--preset--spacing--50);padding-left:var(--wp--preset--spacing--50)\">\n<h2 class=\"wp-block-heading\">Aidez votre enfant \u00e0 acqu\u00e9rir des habitudes num\u00e9riques saines<\/h2>\n\n\n\n<p>En utilisant les smartphones Murena et les fonctions de contr\u00f4le parental de \/e\/OS, vous pouvez cr\u00e9er un espace num\u00e9rique plus s\u00fbr et plus productif pour votre enfant, en encourageant une utilisation responsable tout en prot\u00e9geant sa vie priv\u00e9e.<\/p>\n<\/div>\n<\/div>\n\n<div style=\"height:50px\" aria-hidden=\"true\" class=\"wp-block-spacer\"><\/div>\n\n<div class=\"wp-block-columns alignfull are-vertically-aligned-center has-background is-layout-flex wp-container-core-columns-is-layout-e43ebfff wp-block-columns-is-layout-flex\" style=\"background:linear-gradient(180deg,rgb(254,254,254) 0%,rgb(235,255,181) 100%);margin-bottom:-40px\">\n<div class=\"wp-block-column is-vertically-aligned-center kids-bottom is-layout-constrained wp-container-core-column-is-layout-fc57a9dc wp-block-column-is-layout-constrained\" style=\"padding-bottom:var(--wp--preset--spacing--70)\">\n<div class=\"wp-block-columns are-vertically-aligned-center is-layout-flex wp-container-core-columns-is-layout-5a66c75b wp-block-columns-is-layout-flex\" style=\"padding-right:0;padding-left:0\">\n<div class=\"wp-block-column is-vertically-aligned-center kids-bottom-txt is-layout-flow wp-block-column-is-layout-flow\" style=\"padding-right:0;padding-left:0\">\n<h2 class=\"wp-block-heading\">Offrez d\u00e8s aujourd&rsquo;hui un smartphone Murena \u00e0 votre enfant ! \ud83d\ude80<\/h2>\n\n\n\n<p>Garantissez de bonnes habitudes en ligne \u00e0 votre enfant gr\u00e2ce aux fonctionnalit\u00e9s de contr\u00f4le parental de Murena.<\/p>\n\n\n\n<div class=\"wp-block-buttons is-content-justification-left is-layout-flex wp-container-core-buttons-is-layout-fc4fd283 wp-block-buttons-is-layout-flex\">\n<div class=\"wp-block-button has-custom-width wp-block-button__width-100\"><a class=\"wp-block-button__link wp-element-button\" href=\"\/shop\/\"><strong><strong><strong>Achetez un appareil Murena pour votre enfant<\/strong><\/strong><\/strong><\/a><\/div>\n<\/div>\n<\/div>\n\n\n\n<div class=\"wp-block-column is-vertically-aligned-center kids-bottom-img is-layout-flow wp-block-column-is-layout-flow\">\n<figure class=\"wp-block-image size-full\"><img loading=\"lazy\" decoding=\"async\" width=\"754\" height=\"763\" src=\"https:\/\/murena.com\/wp-content\/uploads\/2025\/08\/Mascot-3.png\" alt=\"PACO le poisson de dessin anim&#xE9; &#xE0; c&#xF4;t&#xE9; d'un smartphone Murena fonctionnant sous \/e\/OS\" class=\"wp-image-129916\" srcset=\"https:\/\/murena.com\/wp-content\/uploads\/2025\/08\/Mascot-3.png 754w, https:\/\/murena.com\/wp-content\/uploads\/2025\/08\/Mascot-3-296x300.png 296w, https:\/\/murena.com\/wp-content\/uploads\/2025\/08\/Mascot-3-148x150.png 148w, https:\/\/murena.com\/wp-content\/uploads\/2025\/08\/Mascot-3-60x61.png 60w, https:\/\/murena.com\/wp-content\/uploads\/2025\/08\/Mascot-3-110x111.png 110w, https:\/\/murena.com\/wp-content\/uploads\/2025\/08\/Mascot-3-50x50.png 50w, https:\/\/murena.com\/wp-content\/uploads\/2025\/08\/Mascot-3-100x100.png 100w\" sizes=\"auto, (max-width: 754px) 100vw, 754px\" \/><\/figure>\n<\/div>\n<\/div>\n<\/div>\n<\/div>\n","protected":false},"excerpt":{"rendered":"<p>La parentalit\u00e9 connect\u00e9e commence avec Murena Nous comprenons l&rsquo;importance de garantir un environnement num\u00e9rique s\u00fbr&#8230;<\/p>\n","protected":false},"author":60455,"featured_media":0,"parent":0,"menu_order":0,"comment_status":"closed","ping_status":"closed","template":"","meta":{"_seopress_robots_primary_cat":"","_seopress_titles_title":"Murena pour les enfants","_seopress_titles_desc":"Imaginez un smartphone qui donne la priorit\u00e9 \u00e0 la sant\u00e9, \u00e0 la s\u00e9curit\u00e9 et \u00e0 la vie priv\u00e9e de vos enfants, vous permettant de d\u00e9cider ce que vos enfants peuvent voir, quelles applications ils peuvent utiliser et pendant combien de temps. C'est Murena pour les enfants ! ","_seopress_robots_index":"","footnotes":""},"class_list":["post-130773","page","type-page","status-publish","hentry","wpbf-post"],"_links":{"self":[{"href":"https:\/\/murena.com\/fr\/wp-json\/wp\/v2\/pages\/130773","targetHints":{"allow":["GET"]}}],"collection":[{"href":"https:\/\/murena.com\/fr\/wp-json\/wp\/v2\/pages"}],"about":[{"href":"https:\/\/murena.com\/fr\/wp-json\/wp\/v2\/types\/page"}],"author":[{"embeddable":true,"href":"https:\/\/murena.com\/fr\/wp-json\/wp\/v2\/users\/60455"}],"replies":[{"embeddable":true,"href":"https:\/\/murena.com\/fr\/wp-json\/wp\/v2\/comments?post=130773"}],"version-history":[{"count":3,"href":"https:\/\/murena.com\/fr\/wp-json\/wp\/v2\/pages\/130773\/revisions"}],"predecessor-version":[{"id":146036,"href":"https:\/\/murena.com\/fr\/wp-json\/wp\/v2\/pages\/130773\/revisions\/146036"}],"wp:attachment":[{"href":"https:\/\/murena.com\/fr\/wp-json\/wp\/v2\/media?parent=130773"}],"curies":[{"name":"wp","href":"https:\/\/api.w.org\/{rel}","templated":true}]}}