{"id":125788,"date":"2025-06-30T12:58:06","date_gmt":"2025-06-30T10:58:06","guid":{"rendered":"https:\/\/murena.com\/?page_id=125788"},"modified":"2025-12-28T15:43:26","modified_gmt":"2025-12-28T14:43:26","slug":"energy-label","status":"publish","type":"page","link":"https:\/\/murena.com\/fr\/energy-label\/","title":{"rendered":"\u00c9tiquette \u00e9nerg\u00e9tique"},"content":{"rendered":"\n<p><\/p>\n\n<h2 class=\"wp-block-heading\"><strong>R\u00e8glement sur l&rsquo;\u00e9tiquetage \u00e9nerg\u00e9tique<\/strong><\/h2>\n\n<p>Conform\u00e9ment \u00e0 la l\u00e9gislation europ\u00e9enne, la <em>directive 2009\/125\/CE<\/em> et le <em>r\u00e8glement (UE) 2017\/1369<\/em>, tous les repr\u00e9sentants autoris\u00e9s, fabricants, importateurs, distributeurs, fournisseurs ou revendeurs qui placent des biens \u00e9lectroniques sur le march\u00e9 europ\u00e9en, doivent fournir des \u00e9tiquettes \u00e9nerg\u00e9tiques claires et des informations sur le produit pour chaque smartphone et tablette.<\/p>\n\n<p>Ce r\u00e8glement vise \u00e0 am\u00e9liorer la performance environnementale des produits en vue d&rsquo;une plus grande efficacit\u00e9 \u00e9nerg\u00e9tique et d&rsquo;une plus grande durabilit\u00e9. Il permet \u00e9galement aux clients finaux d&rsquo;avoir une vision claire de l&rsquo;impact \u00e9nerg\u00e9tique du produit et leur donne la possibilit\u00e9 de comparer et de choisir facilement des appareils plus efficaces sur le plan \u00e9nerg\u00e9tique et plus durables. <\/p>\n\n<p><\/p>\n\n<h2 class=\"wp-block-heading\"><strong>\u00c9coconception et \u00e9tiquetage \u00e9nerg\u00e9tique pour \/e\/OS<\/strong><\/h2>\n\n<p>\/e\/OS fournit aux utilisateurs un syst\u00e8me d&rsquo;exploitation qui les aide \u00e0 prot\u00e9ger leur vie priv\u00e9e et leur donne le contr\u00f4le de leurs donn\u00e9es. \/e\/OS vise \u00e9galement \u00e0 offrir une solution respectueuse de l&rsquo;environnement qui limite son impact \u00e9cologique. Pour ce faire, \/e\/OS limite la collecte de donn\u00e9es sur les personnes, r\u00e9duisant ainsi l&rsquo;\u00e9nergie associ\u00e9e au stockage, \u00e0 l&rsquo;analyse et au transfert des donn\u00e9es, en travaillant avec des fabricants de mat\u00e9riel durable tels que Fairphone et Teracube, et en soutenant les smartphones et les tablettes aussi longtemps que possible. Pour en savoir plus sur ces actions, consultez le site <a href=\"https:\/\/murena.com\/fr\/impact\/\">www.murena.com\/impact<\/a>.     <\/p>\n\n<p>En termes de consommation d&rsquo;\u00e9nergie sur l&rsquo;appareil, nos tests montrent jusqu&rsquo;\u00e0 pr\u00e9sent que \/e\/OS est comparable \u00e0 Android de Google. Par cons\u00e9quent, les m\u00eames \u00e9tiquettes \u00e9nerg\u00e9tiques que celles fournies par les fabricants en combinaison avec Android s&rsquo;appliquent. Ces \u00e9tiquettes \u00e9nerg\u00e9tiques et les sp\u00e9cifications des appareils peuvent \u00eatre consult\u00e9es \u00e0 l&rsquo;aide des liens figurant dans le tableau ci-dessous.  <\/p>\n\n<p><\/p>\n\n<div class=\"wp-block-columns is-layout-flex wp-container-core-columns-is-layout-28f84493 wp-block-columns-is-layout-flex\">\n<div class=\"wp-block-column is-layout-flow wp-block-column-is-layout-flow\" style=\"flex-basis:100%\">\n<figure class=\"wp-block-table\"><table class=\"has-fixed-layout\"><thead><tr><th><strong>T\u00e9l\u00e9phones<\/strong><\/th><th><strong>\u00c9tiquette \u00e9nerg\u00e9tique<\/strong><\/th><th>Fiche d&rsquo;information sur le produit<\/th><\/tr><\/thead><tbody><tr><td>Murena Fairphone 5<\/td><td><a href=\"https:\/\/murena.com\/wp-content\/uploads\/2023\/08\/Energy-Label_FP5.png\" data-type=\"link\" data-id=\"https:\/\/murena.com\/wp-content\/uploads\/2023\/08\/Energy-Label_FP5.png\">\u00c9tiquette \u00e9nerg\u00e9tique Fairphone 5 avec \/e\/OS<\/a><\/td><td><a href=\"https:\/\/eprel.ec.europa.eu\/screen\/product\/smartphonestablets20231669\/2400464\">https:\/\/eprel.ec.europa.eu\/screen\/product\/smartphonestablets20231669\/2400464<\/a><\/td><\/tr><tr><td>Murena Fairphone (Gen. 6)<\/td><td><a href=\"https:\/\/murena.com\/wp-content\/uploads\/2025\/05\/Energy-Label_FP6.png\" data-type=\"link\" data-id=\"https:\/\/murena.com\/wp-content\/uploads\/2025\/05\/Energy-Label_FP6.png\">\u00c9tiquette \u00e9nerg\u00e9tique Fairphone (g\u00e9n\u00e9ration 6) avec \/e\/OS<\/a><\/td><td><a href=\"https:\/\/eprel.ec.europa.eu\/screen\/product\/smartphonestablets20231669\/2400231\">https:\/\/eprel.ec.europa.eu\/screen\/product\/smartphonestablets20231669\/2400231<\/a><\/td><\/tr><tr><td>Murena Shiftphone 8<\/td><td>PROCHAINEMENT<\/td><td>PROCHAINEMENT<\/td><\/tr><tr><td>Murena Volla Tablette<\/td><td>PROCHAINEMENT<\/td><td>PROCHAINEMENT<\/td><\/tr><\/tbody><\/table><\/figure>\n<\/div>\n<\/div>\n\n<p><\/p>\n","protected":false},"excerpt":{"rendered":"<p>R\u00e8glement sur l&rsquo;\u00e9tiquetage \u00e9nerg\u00e9tique Conform\u00e9ment \u00e0 la l\u00e9gislation europ\u00e9enne, la directive 2009\/125\/CE et le r\u00e8glement&#8230;<\/p>\n","protected":false},"author":5167,"featured_media":0,"parent":0,"menu_order":0,"comment_status":"closed","ping_status":"closed","template":"","meta":{"_seopress_robots_primary_cat":"","_seopress_titles_title":"","_seopress_titles_desc":"","_seopress_robots_index":"","footnotes":""},"class_list":["post-125788","page","type-page","status-publish","hentry","wpbf-post"],"_links":{"self":[{"href":"https:\/\/murena.com\/fr\/wp-json\/wp\/v2\/pages\/125788","targetHints":{"allow":["GET"]}}],"collection":[{"href":"https:\/\/murena.com\/fr\/wp-json\/wp\/v2\/pages"}],"about":[{"href":"https:\/\/murena.com\/fr\/wp-json\/wp\/v2\/types\/page"}],"author":[{"embeddable":true,"href":"https:\/\/murena.com\/fr\/wp-json\/wp\/v2\/users\/5167"}],"replies":[{"embeddable":true,"href":"https:\/\/murena.com\/fr\/wp-json\/wp\/v2\/comments?post=125788"}],"version-history":[{"count":6,"href":"https:\/\/murena.com\/fr\/wp-json\/wp\/v2\/pages\/125788\/revisions"}],"predecessor-version":[{"id":142791,"href":"https:\/\/murena.com\/fr\/wp-json\/wp\/v2\/pages\/125788\/revisions\/142791"}],"wp:attachment":[{"href":"https:\/\/murena.com\/fr\/wp-json\/wp\/v2\/media?parent=125788"}],"curies":[{"name":"wp","href":"https:\/\/api.w.org\/{rel}","templated":true}]}}