{"id":122312,"date":"2025-05-21T13:48:57","date_gmt":"2025-05-21T11:48:57","guid":{"rendered":"https:\/\/murena.com\/e-os-v3-lancement-en-direct\/"},"modified":"2025-05-23T04:40:45","modified_gmt":"2025-05-23T02:40:45","slug":"v3-event","status":"publish","type":"page","link":"https:\/\/murena.com\/fr\/v3-event\/","title":{"rendered":"\/e\/OS V3 lancement en direct"},"content":{"rendered":"\n<figure class=\"wp-block-image size-full is-style-default\"><img decoding=\"async\" src=\"https:\/\/murena.com\/wp-content\/uploads\/2025\/05\/BANNER_FR.png\" alt=\"\" class=\"wp-image-122108\"\/><\/figure>\n\n<h1 class=\"wp-block-heading\">\/e\/OS 3.0 lancement en direct<\/h1>\n\n<p style=\"line-height:1.5\">Le mardi 3 juin 2025 de 16h00 \u00e0 17h00 (CEST)<br\/><br\/>O\u00f9 :<br\/><a href=\"http:\/\/www.youtube.com\/@murenacorp\" data-type=\"link\" data-id=\"www.youtube.com\/@murenacorp\">www.youtube.com\/@murenacorp<\/a><br\/><a href=\"https:\/\/peer.tube\/a\/efoundation\/video-channels\">https:\/\/peer.tube\/a\/efoundation\/video-channels <\/a><br\/><a href=\"https:\/\/t.me\/mydataismydata\">https:\/\/t.me\/mydataismydata<\/a> <\/p>\n\n<div class=\"wp-block-buttons is-layout-flex wp-block-buttons-is-layout-flex\">\n<div class=\"wp-block-button\" style=\"text-transform:uppercase\"><a class=\"wp-block-button__link wp-element-button\" href=\"https:\/\/murena.com\/wp-content\/uploads\/2025\/05\/e_OS-3.0-live-launch.ics\">Ajouter au calendrier<\/a><\/div>\n<\/div>\n\n<div class=\"wp-block-group has-background is-layout-flow wp-block-group-is-layout-flow\" style=\"border-radius:15px;background-color:#f7f7f7;padding-top:var(--wp--preset--spacing--40);padding-right:var(--wp--preset--spacing--40);padding-bottom:var(--wp--preset--spacing--40);padding-left:var(--wp--preset--spacing--40)\">\n<h2 class=\"wp-block-heading has-text-align-left\" style=\"padding-top:0;padding-bottom:0\">A propos de<\/h2>\n\n\n\n<p class=\"has-text-align-left\" style=\"line-height:1.5\">Nous sommes ravis de vous inviter au lancement en direct de \/e\/OS 3.0, la prochaine \u00e9tape dans la construction d&rsquo;un monde num\u00e9rique plus \u00e9thique, plus ouvert et mieux adapt\u00e9 aux besoins des utilisateurs. Cet \u00e9v\u00e9nement sp\u00e9cial sera diffus\u00e9 en direct et suivi d&rsquo;une session de questions-r\u00e9ponses, vous donnant la possibilit\u00e9 de dialoguer directement avec l&rsquo;\u00e9quipe \u00e0 l&rsquo;origine de \/e\/OS. <br\/><br\/>Dans le monde hyperconnect\u00e9 d&rsquo;aujourd&rsquo;hui, nos smartphones en savent souvent plus sur nous que nous-m\u00eames. Chaque toucher, glissement, localisation, recherche ou activation du micro peut \u00eatre suivi et stock\u00e9 en toute discr\u00e9tion &#8211; puis vendu par les \u00e9diteurs d&rsquo;applications et les g\u00e9ants de la tech. Les menaces qui p\u00e8sent sur notre vie priv\u00e9e augmentent au fur et \u00e0 mesure que nos vies num\u00e9riques se d\u00e9veloppent.  <br\/><br\/>Chez Murena, nous pensons qu&rsquo;il existe une meilleure solution. C&rsquo;est pourquoi nous avons cr\u00e9\u00e9 \/e\/OS : un syst\u00e8me d&rsquo;exploitation mobile d\u00e9googlis\u00e9 qui est aussi incroyablement facile \u00e0 utiliser &#8211; pour tout le monde. \/e\/OS ne contient aucune publicit\u00e9 cibl\u00e9e sur l&rsquo;utilisateur, aucun traceur et une interface utilisateur intuitive et conviviale. Construit par une \u00e9quipe internationale et con\u00e7u d\u00e8s le d\u00e9part dans une optique de convivialit\u00e9, de respect de la vie priv\u00e9e et d&rsquo;open source, \/e\/OS vous redonne le contr\u00f4le de votre vie num\u00e9rique.   <br\/><br\/>Avec l&rsquo;espace de travail Murena, nous allons encore plus loin : nous proposons un \u00e9cosyst\u00e8me complet comprenant le cloud, le courrier \u00e9lectronique, le calendrier et bien plus encore &#8211; le tout con\u00e7u dans le respect de la vie priv\u00e9e et de la libert\u00e9 num\u00e9rique, ainsi que dans un souci de durabilit\u00e9 (il fonctionne \u00e0 100 % avec de l&rsquo;\u00e9nergie renouvelable !).<br\/><br\/>Le 3 juin, nous sommes fiers de d\u00e9voiler la derni\u00e8re \u00e9tape de ce voyage : \/e\/OS 3.0. Cette version apporte de nouvelles fonctionnalit\u00e9s, une exp\u00e9rience plus fluide et plus puissante que jamais, davantage de contr\u00f4le et une confidentialit\u00e9 et une s\u00e9curit\u00e9 encore am\u00e9lior\u00e9es. <br\/><br\/><strong>Ne manquez pas le lancement en direct &#8211; le 3 juin \u00e0 16 heures CEST<br\/>Rejoignez-nous pour d\u00e9couvrir les nouveaut\u00e9s de \/e\/OS 3.0 et restez avec nous pour une s\u00e9ance de questions-r\u00e9ponses en direct avec l&rsquo;\u00e9quipe.<br\/>Reprenons le contr\u00f4le de nos vies num\u00e9riques &#8211; ensemble. <\/strong><\/p>\n\n\n\n<p style=\"line-height:1.5\">L&rsquo;\u00e9v\u00e9nement se d\u00e9roulera sur notre cha\u00eene YouTube <a href=\"http:\/\/www.youtube.com\/@murenacorp\" data-type=\"link\" data-id=\"www.youtube.com\/@murenacorp\">www.youtube.com\/@murenacorp<\/a> et PeerTube <a href=\"https:\/\/peer.tube\/a\/efoundation\/video-channels\">https:\/\/peer.tube\/a\/efoundation\/video-channels ;<\/a> vous pouvez \u00e9galement le regarder sur Telegram.<br\/><br\/>Le groupe Telegram pour rejoindre la diffusion en direct sera partag\u00e9 dans cette cha\u00eene <a href=\"https:\/\/t.me\/mydataismydata\">:<\/a> https:\/\/t.me\/mydataismydata<br\/>Le replay sera disponible sur YouTube <a href=\"http:\/\/www.youtube.com\/@murenacorp\" data-type=\"link\" data-id=\"www.youtube.com\/@murenacorp\">www.youtube.com\/@murenacorp<\/a> et PeerTube <a href=\"https:\/\/peer.tube\/a\/efoundation\/video-channels\">https:\/\/peer.tube\/a\/efoundation\/video-channels<\/a> <\/p>\n<\/div>\n","protected":false},"excerpt":{"rendered":"<p>\/e\/OS 3.0 lancement en direct Le mardi 3 juin 2025 de 16h00 \u00e0 17h00 (CEST)&#8230;<\/p>\n","protected":false},"author":5167,"featured_media":122109,"parent":0,"menu_order":0,"comment_status":"closed","ping_status":"closed","template":"","meta":{"_seopress_robots_primary_cat":"","_seopress_titles_title":"","_seopress_titles_desc":"","_seopress_robots_index":"","footnotes":""},"class_list":["post-122312","page","type-page","status-publish","has-post-thumbnail","hentry","wpbf-post"],"_links":{"self":[{"href":"https:\/\/murena.com\/fr\/wp-json\/wp\/v2\/pages\/122312","targetHints":{"allow":["GET"]}}],"collection":[{"href":"https:\/\/murena.com\/fr\/wp-json\/wp\/v2\/pages"}],"about":[{"href":"https:\/\/murena.com\/fr\/wp-json\/wp\/v2\/types\/page"}],"author":[{"embeddable":true,"href":"https:\/\/murena.com\/fr\/wp-json\/wp\/v2\/users\/5167"}],"replies":[{"embeddable":true,"href":"https:\/\/murena.com\/fr\/wp-json\/wp\/v2\/comments?post=122312"}],"version-history":[{"count":3,"href":"https:\/\/murena.com\/fr\/wp-json\/wp\/v2\/pages\/122312\/revisions"}],"predecessor-version":[{"id":122355,"href":"https:\/\/murena.com\/fr\/wp-json\/wp\/v2\/pages\/122312\/revisions\/122355"}],"wp:featuredmedia":[{"embeddable":true,"href":"https:\/\/murena.com\/fr\/wp-json\/wp\/v2\/media\/122109"}],"wp:attachment":[{"href":"https:\/\/murena.com\/fr\/wp-json\/wp\/v2\/media?parent=122312"}],"curies":[{"name":"wp","href":"https:\/\/api.w.org\/{rel}","templated":true}]}}