{"id":68594,"date":"2022-08-25T15:02:45","date_gmt":"2022-08-25T13:02:45","guid":{"rendered":"https:\/\/murena.com\/shop\/sin%20categor\u00eda\/68594\/"},"modified":"2026-01-27T14:01:15","modified_gmt":"2026-01-27T13:01:15","slug":"bateria-de-fairphone-4","status":"publish","type":"product","link":"https:\/\/murena.com\/es\/tienda\/recambios\/bateria-de-fairphone-4\/","title":{"rendered":"Bater\u00eda Fairphone 4"},"content":{"rendered":"","protected":false},"excerpt":{"rendered":"<p>\u00bfSu Murena Fairphone 4 necesita una bater\u00eda nueva?<br \/>\nSustit\u00fayala por la bater\u00eda original Fairphone 4, que le proporcionar\u00e1 toda la potencia de carga r\u00e1pida que necesita.<br \/>\nFabricada con cobalto justo y litio responsable, esta bater\u00eda tiene una capacidad de 3905mAh.<\/p>\n<p>Compatible con Murena Fairphone 4. <strong>Incompatible<\/strong> con Murena Fairphone 3+, Murena Fairphone 3 y Murena Teracube.<\/p>\n","protected":false},"featured_media":68587,"comment_status":"open","ping_status":"closed","template":"","meta":{"_seopress_robots_primary_cat":"none","_seopress_titles_title":"","_seopress_titles_desc":"","_seopress_robots_index":""},"product_brand":[],"product_cat":[942],"product_tag":[],"class_list":{"0":"post-68594","1":"product","2":"type-product","3":"status-publish","4":"has-post-thumbnail","6":"product_cat-recambios","7":"wpbf-post","10":"instock","11":"taxable","12":"shipping-taxable","13":"purchasable","14":"product-type-simple"},"bundled_by":[],"bundle_stock_status":"instock","bundle_stock_quantity":26,"bundle_virtual":false,"bundle_layout":"","bundle_add_to_cart_form_location":"","bundle_editable_in_cart":false,"bundle_sold_individually_context":"","bundle_item_grouping":"","bundle_min_size":"","bundle_max_size":"","bundle_price":[],"bundled_items":[],"bundle_sell_ids":[],"supplier_id":28948,"supplier_sku":"F4BATT-1ZW-WW1","barcode":null,"atum_controlled":true,"out_stock_date":null,"out_stock_threshold":null,"inheritable":false,"inbound_stock":15,"stock_on_hold":0,"sold_today":0,"sales_last_days":0,"reserved_stock":54,"customer_returns":0,"warehouse_damage":0,"lost_in_post":0,"other_logs":10,"out_stock_days":0,"lost_sales":0,"has_location":false,"update_date":"2026-04-21T12:16:18","atum_locations":[],"atum_stock_status":"instock","restock_status":false,"low_stock_amount":"","sales_update_date":"2026-04-21T12:16:18","calc_backorders":null,"linked_bom":[],"sync_purchase_price":false,"bom_sellable":null,"minimum_threshold":null,"available_to_purchase":null,"selling_priority":null,"calculated_stock":null,"is_bom":false,"mi_inventories":[],"multi_inventory":"global","inventory_sorting_mode":"global","inventory_iteration":"global","expirable_inventories":"global","price_per_inventory":"global","show_write_off_inventories":"global","selectable_inventories":"global","selectable_inventories_mode":"global","_links":{"self":[{"href":"https:\/\/murena.com\/es\/wp-json\/wp\/v2\/product\/68594","targetHints":{"allow":["GET"]}}],"collection":[{"href":"https:\/\/murena.com\/es\/wp-json\/wp\/v2\/product"}],"about":[{"href":"https:\/\/murena.com\/es\/wp-json\/wp\/v2\/types\/product"}],"replies":[{"embeddable":true,"href":"https:\/\/murena.com\/es\/wp-json\/wp\/v2\/comments?post=68594"}],"wp:featuredmedia":[{"embeddable":true,"href":"https:\/\/murena.com\/es\/wp-json\/wp\/v2\/media\/68587"}],"wp:attachment":[{"href":"https:\/\/murena.com\/es\/wp-json\/wp\/v2\/media?parent=68594"}],"wp:term":[{"taxonomy":"product_brand","embeddable":true,"href":"https:\/\/murena.com\/es\/wp-json\/wp\/v2\/product_brand?post=68594"},{"taxonomy":"product_cat","embeddable":true,"href":"https:\/\/murena.com\/es\/wp-json\/wp\/v2\/product_cat?post=68594"},{"taxonomy":"product_tag","embeddable":true,"href":"https:\/\/murena.com\/es\/wp-json\/wp\/v2\/product_tag?post=68594"}],"curies":[{"name":"wp","href":"https:\/\/api.w.org\/{rel}","templated":true}]}}