{"id":56514,"date":"2021-12-14T16:12:43","date_gmt":"2021-12-14T15:12:43","guid":{"rendered":"https:\/\/murena.com\/shop\/murena-fairphone-4-funda-protectora-roja\/"},"modified":"2026-01-02T14:44:18","modified_gmt":"2026-01-02T13:44:18","slug":"fairphone-4-funda-protectora","status":"publish","type":"product","link":"https:\/\/murena.com\/es\/tienda\/accesorios\/fairphone-4-funda-protectora\/","title":{"rendered":"Funda blanda protectora Fairphone 4"},"content":{"rendered":"<p>Esta funda protectora con forma est\u00e1 fabricada con material 100% reciclado y proporciona una mayor comodidad, durabilidad y estilo a su Murena Fairphone 4.<\/p>\n<p>Es delgada, ligera y suave, pero lo suficientemente resistente como para sobrevivir a ca\u00eddas inesperadas. Fabricado con material reciclado 100% y no t\u00f3xico, envuelve cuidadosamente los bordes de la pantalla, absorbiendo los impactos para una m\u00e1xima protecci\u00f3n.<\/p>\n<p>Con recortes precisos y cubiertas de botones que responden, esta funda de dise\u00f1o sutil est\u00e1 dise\u00f1ada para ayudar a que su Murena Fairphone 4 dure a\u00fan m\u00e1s.<\/p>\n<p>Compatible con Murena Fairphone 4 | Incompatible con Murena Fairphone 3+, Murena Fairphone 3<\/p>\n","protected":false},"excerpt":{"rendered":"<p>Esta funda protectora de forma ajustada est\u00e1 fabricada con material 100% reciclado y proporciona comodidad, durabilidad y estilo adicionales a su Fairphone 4 de Murena.<\/p>\n<p>Es delgada, ligera y suave, pero lo suficientemente resistente como para soportar ca\u00eddas inesperadas. Fabricada con material reciclado 100% preconsumo no t\u00f3xico, envuelve cuidadosamente los bordes de la pantalla y absorbe los impactos para ofrecer la m\u00e1xima protecci\u00f3n. <\/p>\n<p>Con recortes precisos y cubiertas de botones sensibles, esta funda de dise\u00f1o sutil est\u00e1 especialmente dise\u00f1ada para que tu Fairphone 4 de Murena dure a\u00fan m\u00e1s.<\/p>\n<p>Compatible con Murena Fairphone 4 | <strong>Incompatible<\/strong> con Murena Fairphone 3+, Murena Fairphone 3<\/p>\n","protected":false},"featured_media":56592,"comment_status":"open","ping_status":"closed","template":"","meta":{"_seopress_robots_primary_cat":"none","_seopress_titles_title":"Funda blanda protectora Fairphone 4","_seopress_titles_desc":"sta funda protectora de forma ajustada est\u00e1 fabricada con material 100% reciclado y proporciona comodidad, durabilidad y estilo adicionales a su Fairphone 4 de Murena.","_seopress_robots_index":""},"product_brand":[],"product_cat":[637],"product_tag":[820],"class_list":{"0":"post-56514","1":"product","2":"type-product","3":"status-publish","4":"has-post-thumbnail","6":"product_cat-accesorios","7":"product_tag-accesorios","8":"wpbf-post","11":"instock","12":"taxable","13":"shipping-taxable","14":"purchasable","15":"product-type-variable"},"bundled_by":[],"bundle_stock_status":"instock","bundle_stock_quantity":null,"bundle_virtual":false,"bundle_layout":"","bundle_add_to_cart_form_location":"","bundle_editable_in_cart":false,"bundle_sold_individually_context":"","bundle_item_grouping":"","bundle_min_size":"","bundle_max_size":"","bundle_price":[],"bundled_items":[],"bundle_sell_ids":[],"supplier_id":28948,"supplier_sku":"F4CASE-1RD-WW1","barcode":null,"atum_controlled":true,"out_stock_date":null,"out_stock_threshold":null,"inheritable":true,"inbound_stock":0,"stock_on_hold":1,"sold_today":0,"sales_last_days":1,"reserved_stock":300,"customer_returns":0,"warehouse_damage":0,"lost_in_post":0,"other_logs":40,"out_stock_days":0,"lost_sales":0,"has_location":false,"update_date":"2026-04-23T12:23:35","atum_locations":[],"atum_stock_status":"instock","restock_status":false,"low_stock_amount":"","sales_update_date":"2026-04-23T12:16:38","calc_backorders":null,"linked_bom":[],"sync_purchase_price":false,"bom_sellable":null,"minimum_threshold":null,"available_to_purchase":null,"selling_priority":null,"calculated_stock":null,"is_bom":false,"mi_inventories":[],"multi_inventory":"no","inventory_sorting_mode":"global","inventory_iteration":"global","expirable_inventories":"global","price_per_inventory":"global","show_write_off_inventories":"global","selectable_inventories":"global","selectable_inventories_mode":"global","_links":{"self":[{"href":"https:\/\/murena.com\/es\/wp-json\/wp\/v2\/product\/56514","targetHints":{"allow":["GET"]}}],"collection":[{"href":"https:\/\/murena.com\/es\/wp-json\/wp\/v2\/product"}],"about":[{"href":"https:\/\/murena.com\/es\/wp-json\/wp\/v2\/types\/product"}],"replies":[{"embeddable":true,"href":"https:\/\/murena.com\/es\/wp-json\/wp\/v2\/comments?post=56514"}],"wp:featuredmedia":[{"embeddable":true,"href":"https:\/\/murena.com\/es\/wp-json\/wp\/v2\/media\/56592"}],"wp:attachment":[{"href":"https:\/\/murena.com\/es\/wp-json\/wp\/v2\/media?parent=56514"}],"wp:term":[{"taxonomy":"product_brand","embeddable":true,"href":"https:\/\/murena.com\/es\/wp-json\/wp\/v2\/product_brand?post=56514"},{"taxonomy":"product_cat","embeddable":true,"href":"https:\/\/murena.com\/es\/wp-json\/wp\/v2\/product_cat?post=56514"},{"taxonomy":"product_tag","embeddable":true,"href":"https:\/\/murena.com\/es\/wp-json\/wp\/v2\/product_tag?post=56514"}],"curies":[{"name":"wp","href":"https:\/\/api.w.org\/{rel}","templated":true}]}}