{"id":54489,"date":"2020-07-09T14:42:27","date_gmt":"2020-07-09T12:42:27","guid":{"rendered":"https:\/\/murena.com\/shop\/cargador-usb-para-fairphone-3-reino-unido\/"},"modified":"2025-12-08T12:26:33","modified_gmt":"2025-12-08T11:26:33","slug":"cargador-usb-para-fairphone-3-reino-unido","status":"publish","type":"product","link":"https:\/\/murena.com\/es\/tienda\/accesorios\/cargador-usb-para-fairphone-3-reino-unido\/","title":{"rendered":"Cargador r\u00e1pido USB Fairphone: Puerto \u00fanico"},"content":{"rendered":"","protected":false},"excerpt":{"rendered":"<p>Cargador r\u00e1pido USB para el Fairphone 3. Este cargador es compatible con Qualcomm \u00abQuick Charge\u00bb, una tecnolog\u00eda presente en los chipsets Qualcomm Snapdragon que permite tiempos de carga mucho m\u00e1s r\u00e1pidos en comparaci\u00f3n con un cargador USB est\u00e1ndar. Para que funcione correctamente, deber\u00e1 combinarlo con un cable con conector USB-C y fabricado por una marca con certificaci\u00f3n USB.<br \/>\nRecomendamos utilizarlo con el cable USB Fairphone.  <\/p>\n<p><strong>Especificaciones t\u00e9cnicas<\/strong><\/p>\n<ul>\n<li>Modelo: DBS15QB<\/li>\n<li>Carga r\u00e1pida 3.0 de Qualcomm<\/li>\n<li>Entrada: 100-240V~50\/60Hz 0,5A<\/li>\n<li>Salida: 5,0V \ud834\udf02 3,0A\/9,0V \ud834\udf02 2,0A\/12,0V \ud834\udf02 1,5A 18,0W M\u00c1X.<\/li>\n<li>Eficiencia activa media: 82,6%.<\/li>\n<li>Eficiencia a baja carga (10%): 78.8%<\/li>\n<li>Consumo en vac\u00edo: 0.04W<\/li>\n<li>Nivel de eficacia: VI<\/li>\n<li>Color: negro<\/li>\n<\/ul>\n<p>Compatible con Fairphone 5, Fairphone 4, Fairphone 3+, Fairphone 3.<br \/>\nCable de carga <strong>no<\/strong> incluido.<\/p>\n","protected":false},"featured_media":40914,"comment_status":"open","ping_status":"closed","template":"","meta":{"_seopress_robots_primary_cat":"none","_seopress_titles_title":"","_seopress_titles_desc":"","_seopress_robots_index":""},"product_brand":[],"product_cat":[637],"product_tag":[820],"class_list":{"0":"post-54489","1":"product","2":"type-product","3":"status-publish","4":"has-post-thumbnail","6":"product_cat-accesorios","7":"product_tag-accesorios","8":"wpbf-post","11":"instock","12":"taxable","13":"shipping-taxable","14":"purchasable","15":"product-type-simple"},"bundled_by":[],"bundle_stock_status":"instock","bundle_stock_quantity":4,"bundle_virtual":false,"bundle_layout":"","bundle_add_to_cart_form_location":"","bundle_editable_in_cart":false,"bundle_sold_individually_context":"","bundle_item_grouping":"","bundle_min_size":"","bundle_max_size":"","bundle_price":[],"bundled_items":[],"bundle_sell_ids":[],"supplier_id":28948,"supplier_sku":"000-0021-000000-0003","barcode":null,"atum_controlled":true,"out_stock_date":null,"out_stock_threshold":null,"inheritable":false,"inbound_stock":0,"stock_on_hold":0,"sold_today":0,"sales_last_days":0,"reserved_stock":0,"customer_returns":0,"warehouse_damage":0,"lost_in_post":0,"other_logs":0,"out_stock_days":0,"lost_sales":0,"has_location":false,"update_date":"2026-04-13T12:14:21","atum_locations":[],"atum_stock_status":"instock","restock_status":false,"low_stock_amount":"","sales_update_date":"2026-04-13T12:14:21","calc_backorders":null,"linked_bom":[],"sync_purchase_price":false,"bom_sellable":null,"minimum_threshold":null,"available_to_purchase":null,"selling_priority":null,"calculated_stock":null,"is_bom":false,"mi_inventories":[],"multi_inventory":"global","inventory_sorting_mode":"global","inventory_iteration":"global","expirable_inventories":"global","price_per_inventory":"global","show_write_off_inventories":"global","selectable_inventories":"global","selectable_inventories_mode":"global","_links":{"self":[{"href":"https:\/\/murena.com\/es\/wp-json\/wp\/v2\/product\/54489","targetHints":{"allow":["GET"]}}],"collection":[{"href":"https:\/\/murena.com\/es\/wp-json\/wp\/v2\/product"}],"about":[{"href":"https:\/\/murena.com\/es\/wp-json\/wp\/v2\/types\/product"}],"replies":[{"embeddable":true,"href":"https:\/\/murena.com\/es\/wp-json\/wp\/v2\/comments?post=54489"}],"wp:featuredmedia":[{"embeddable":true,"href":"https:\/\/murena.com\/es\/wp-json\/wp\/v2\/media\/40914"}],"wp:attachment":[{"href":"https:\/\/murena.com\/es\/wp-json\/wp\/v2\/media?parent=54489"}],"wp:term":[{"taxonomy":"product_brand","embeddable":true,"href":"https:\/\/murena.com\/es\/wp-json\/wp\/v2\/product_brand?post=54489"},{"taxonomy":"product_cat","embeddable":true,"href":"https:\/\/murena.com\/es\/wp-json\/wp\/v2\/product_cat?post=54489"},{"taxonomy":"product_tag","embeddable":true,"href":"https:\/\/murena.com\/es\/wp-json\/wp\/v2\/product_tag?post=54489"}],"curies":[{"name":"wp","href":"https:\/\/api.w.org\/{rel}","templated":true}]}}