{"id":54458,"date":"2020-12-09T14:34:40","date_gmt":"2020-12-09T13:34:40","guid":{"rendered":"https:\/\/murena.com\/shop\/funda-protectora-fairphone-3-verde\/"},"modified":"2025-08-14T11:58:31","modified_gmt":"2025-08-14T09:58:31","slug":"funda-protectora-fairphone-3-verde","status":"publish","type":"product","link":"https:\/\/murena.com\/es\/tienda\/accesorios\/funda-protectora-fairphone-3-verde\/","title":{"rendered":"Funda protectora Fairphone 3 Verde"},"content":{"rendered":"<p>La funda protectora del Fairphone 3 es delgada, ligera y suave, pero lo suficientemente resistente como para resistir golpes y ca\u00eddas inesperadas. Fabricada con un 37% de biomateriales y pl\u00e1stico no t\u00f3xico, envuelve cuidadosamente los bordes de tu pantalla, creando efecto airbag para una m\u00e1xima protecci\u00f3n. Sus huecos y cubiertas de botones se adaptan a la forma del tel\u00e9fono respondiendo a la perfecci\u00f3n. Esta funda de dise\u00f1o minimalista est\u00e1 pensada para que tu Fairphone 3 dure el m\u00e1ximo tiempo posible.<\/p>\n<p>Compatible con Fairphone 3 y Fairphone 3+.<\/p>\n","protected":false},"excerpt":{"rendered":"<p>La funda protectora Fairphone 3 es fina, ligera y suave, pero lo suficientemente resistente como para soportar golpes y ca\u00eddas inesperadas. Fabricada con un 37% de biomateriales y pl\u00e1stico no t\u00f3xico, envuelve cuidadosamente los bordes de la pantalla, creando un efecto airbag para una m\u00e1xima protecci\u00f3n. Con recortes precisos y cubiertas de botones sensibles, esta funda sutilmente dise\u00f1ada est\u00e1 dise\u00f1ada para ayudar a que su Fairphone 3 dure el mayor tiempo posible.  <\/p>\n<p>Compatible con Fairphone 3 y Fairphone 3+.<\/p>\n","protected":false},"featured_media":54462,"comment_status":"open","ping_status":"closed","template":"","meta":{"_seopress_robots_primary_cat":"none","_seopress_titles_title":"","_seopress_titles_desc":"","_seopress_robots_index":""},"product_brand":[],"product_cat":[637],"product_tag":[820],"class_list":{"0":"post-54458","1":"product","2":"type-product","3":"status-publish","4":"has-post-thumbnail","6":"product_cat-accesorios","7":"product_tag-accesorios","8":"wpbf-post","11":"instock","12":"taxable","13":"shipping-taxable","14":"purchasable","15":"product-type-simple"},"bundled_by":[],"bundle_stock_status":"instock","bundle_stock_quantity":17,"bundle_virtual":false,"bundle_layout":"","bundle_add_to_cart_form_location":"","bundle_editable_in_cart":false,"bundle_sold_individually_context":"","bundle_item_grouping":"","bundle_min_size":"","bundle_max_size":"","bundle_price":[],"bundled_items":[],"bundle_sell_ids":[],"supplier_id":28948,"supplier_sku":"000-0052-000000-0003","barcode":null,"atum_controlled":true,"out_stock_date":null,"out_stock_threshold":null,"inheritable":false,"inbound_stock":0,"stock_on_hold":0,"sold_today":0,"sales_last_days":0,"reserved_stock":0,"customer_returns":0,"warehouse_damage":0,"lost_in_post":0,"other_logs":0,"out_stock_days":0,"lost_sales":0,"has_location":false,"update_date":"2026-04-18T12:21:12","atum_locations":[],"atum_stock_status":"instock","restock_status":false,"low_stock_amount":"","sales_update_date":"2026-04-18T12:21:12","calc_backorders":null,"linked_bom":[],"sync_purchase_price":false,"bom_sellable":null,"minimum_threshold":null,"available_to_purchase":null,"selling_priority":null,"calculated_stock":null,"is_bom":false,"mi_inventories":[],"multi_inventory":"global","inventory_sorting_mode":"global","inventory_iteration":"global","expirable_inventories":"global","price_per_inventory":"global","show_write_off_inventories":"global","selectable_inventories":"global","selectable_inventories_mode":"global","_links":{"self":[{"href":"https:\/\/murena.com\/es\/wp-json\/wp\/v2\/product\/54458","targetHints":{"allow":["GET"]}}],"collection":[{"href":"https:\/\/murena.com\/es\/wp-json\/wp\/v2\/product"}],"about":[{"href":"https:\/\/murena.com\/es\/wp-json\/wp\/v2\/types\/product"}],"replies":[{"embeddable":true,"href":"https:\/\/murena.com\/es\/wp-json\/wp\/v2\/comments?post=54458"}],"wp:featuredmedia":[{"embeddable":true,"href":"https:\/\/murena.com\/es\/wp-json\/wp\/v2\/media\/54462"}],"wp:attachment":[{"href":"https:\/\/murena.com\/es\/wp-json\/wp\/v2\/media?parent=54458"}],"wp:term":[{"taxonomy":"product_brand","embeddable":true,"href":"https:\/\/murena.com\/es\/wp-json\/wp\/v2\/product_brand?post=54458"},{"taxonomy":"product_cat","embeddable":true,"href":"https:\/\/murena.com\/es\/wp-json\/wp\/v2\/product_cat?post=54458"},{"taxonomy":"product_tag","embeddable":true,"href":"https:\/\/murena.com\/es\/wp-json\/wp\/v2\/product_tag?post=54458"}],"curies":[{"name":"wp","href":"https:\/\/api.w.org\/{rel}","templated":true}]}}