{"id":149408,"date":"2026-03-12T09:57:17","date_gmt":"2026-03-12T08:57:17","guid":{"rendered":"https:\/\/murena.com\/shop\/sin categor\u00eda\/teracube-2e-2s-replacement-screen\/"},"modified":"2026-03-26T11:40:44","modified_gmt":"2026-03-26T10:40:44","slug":"teracube-2e-2s-replacement-screen","status":"publish","type":"product","link":"https:\/\/murena.com\/es\/tienda\/brand-es\/teracube-2e-2s-replacement-screen\/","title":{"rendered":"Pantalla de repuesto Teracube 2e\/2s"},"content":{"rendered":"","protected":false},"excerpt":{"rendered":"<p>Restaure su <strong data-start=\"13\" data-end=\"33\">Teracube 2e \/ 2s<\/strong> con esta pantalla de repuesto, dise\u00f1ada para reparar pantallas agrietadas o que no responden y devolverle unas im\u00e1genes claras y una funcionalidad t\u00e1ctil suave.<\/p>\n","protected":false},"featured_media":149406,"comment_status":"open","ping_status":"closed","template":"","meta":{"_seopress_robots_primary_cat":"none","_seopress_titles_title":"Pantalla de repuesto Teracube 2e\/2s - Murena - deGoogled phones","_seopress_titles_desc":"Compatible con Teracube 2e y Teracube 2s. Apoya la longevidad del dispositivo a trav\u00e9s de la reparaci\u00f3n. Reemplazo ideal para pantallas agrietadas o da\u00f1adas.  ","_seopress_robots_index":""},"product_brand":[],"product_cat":[942,639],"product_tag":[],"class_list":{"0":"post-149408","1":"product","2":"type-product","3":"status-publish","4":"has-post-thumbnail","6":"product_cat-recambios","7":"product_cat-brand-es","8":"wpbf-post","11":"instock","12":"taxable","13":"shipping-taxable","14":"purchasable","15":"product-type-simple"},"bundled_by":[],"bundle_stock_status":"instock","bundle_stock_quantity":1,"bundle_virtual":false,"bundle_layout":"","bundle_add_to_cart_form_location":"","bundle_editable_in_cart":false,"bundle_sold_individually_context":"","bundle_item_grouping":"","bundle_min_size":"","bundle_max_size":"","bundle_price":[],"bundled_items":[],"bundle_sell_ids":[],"supplier_id":50924,"supplier_sku":"","barcode":null,"atum_controlled":true,"out_stock_date":null,"out_stock_threshold":null,"inheritable":false,"inbound_stock":0,"stock_on_hold":0,"sold_today":0,"sales_last_days":0,"reserved_stock":0,"customer_returns":0,"warehouse_damage":0,"lost_in_post":0,"other_logs":0,"out_stock_days":0,"lost_sales":0,"has_location":false,"update_date":"2026-04-16T12:20:06","atum_locations":[],"atum_stock_status":"instock","restock_status":false,"low_stock_amount":"","sales_update_date":"2026-04-16T12:20:06","calc_backorders":null,"linked_bom":[],"sync_purchase_price":false,"bom_sellable":null,"minimum_threshold":null,"available_to_purchase":null,"selling_priority":null,"calculated_stock":null,"is_bom":false,"mi_inventories":[],"multi_inventory":"global","inventory_sorting_mode":"global","inventory_iteration":"global","expirable_inventories":"global","price_per_inventory":"global","show_write_off_inventories":"global","selectable_inventories":"global","selectable_inventories_mode":"global","_links":{"self":[{"href":"https:\/\/murena.com\/es\/wp-json\/wp\/v2\/product\/149408","targetHints":{"allow":["GET"]}}],"collection":[{"href":"https:\/\/murena.com\/es\/wp-json\/wp\/v2\/product"}],"about":[{"href":"https:\/\/murena.com\/es\/wp-json\/wp\/v2\/types\/product"}],"replies":[{"embeddable":true,"href":"https:\/\/murena.com\/es\/wp-json\/wp\/v2\/comments?post=149408"}],"wp:featuredmedia":[{"embeddable":true,"href":"https:\/\/murena.com\/es\/wp-json\/wp\/v2\/media\/149406"}],"wp:attachment":[{"href":"https:\/\/murena.com\/es\/wp-json\/wp\/v2\/media?parent=149408"}],"wp:term":[{"taxonomy":"product_brand","embeddable":true,"href":"https:\/\/murena.com\/es\/wp-json\/wp\/v2\/product_brand?post=149408"},{"taxonomy":"product_cat","embeddable":true,"href":"https:\/\/murena.com\/es\/wp-json\/wp\/v2\/product_cat?post=149408"},{"taxonomy":"product_tag","embeddable":true,"href":"https:\/\/murena.com\/es\/wp-json\/wp\/v2\/product_tag?post=149408"}],"curies":[{"name":"wp","href":"https:\/\/api.w.org\/{rel}","templated":true}]}}