{"id":146690,"date":"2026-02-10T15:42:54","date_gmt":"2026-02-10T14:42:54","guid":{"rendered":"https:\/\/murena.com\/shop\/sin categor\u00eda\/volla-keyboard\/"},"modified":"2026-02-18T09:28:03","modified_gmt":"2026-02-18T08:28:03","slug":"volla-keyboard","status":"publish","type":"product","link":"https:\/\/murena.com\/es\/tienda\/accesorios\/volla-keyboard\/","title":{"rendered":"Teclado Volla"},"content":{"rendered":"","protected":false},"excerpt":{"rendered":"<p data-start=\"0\" data-end=\"208\">Conecte la <strong>tableta Volla<\/strong> y empiece a trabajar de inmediato. El teclado ofrece una<strong>pulsaci\u00f3n n\u00edtida y c\u00f3moda<\/strong> con <strong>retroiluminaci\u00f3n<\/strong> ajustable, lo que hace que las largas sesiones de escritura sean precisas y sin esfuerzo, incluso en movimiento. <\/p>\n<p data-start=\"210\" data-end=\"410\" data-is-last-node=\"\" data-is-only-node=\"\">Un panel t\u00e1ctil extragrande proporciona un control de nivel de cuaderno para un trabajo profesional y concentrado. Un <strong>puerto USB-C integrado<\/strong> te permite conectar accesorios adicionales para que tu configuraci\u00f3n sea flexible sin a\u00f1adir desorden. <\/p>\n","protected":false},"featured_media":146688,"comment_status":"open","ping_status":"closed","template":"","meta":{"_seopress_robots_primary_cat":"none","_seopress_titles_title":"Volla KeyBoard - Murena deGoogled Tel\u00e9fono y servicios","_seopress_titles_desc":"Teclado Volla Tablet con pulsaci\u00f3n precisa, retroiluminaci\u00f3n ajustable, touchpad de gran tama\u00f1o y compatibilidad con USB-C para un trabajo diario eficiente.","_seopress_robots_index":""},"product_brand":[],"product_cat":[637,639],"product_tag":[],"class_list":{"0":"post-146690","1":"product","2":"type-product","3":"status-publish","4":"has-post-thumbnail","6":"product_cat-accesorios","7":"product_cat-brand-es","8":"wpbf-post","11":"instock","12":"taxable","13":"shipping-taxable","14":"purchasable","15":"product-type-variable"},"bundled_by":[],"bundle_stock_status":"instock","bundle_stock_quantity":null,"bundle_virtual":false,"bundle_layout":"","bundle_add_to_cart_form_location":"","bundle_editable_in_cart":false,"bundle_sold_individually_context":"","bundle_item_grouping":"","bundle_min_size":"","bundle_max_size":"","bundle_price":[],"bundled_items":[],"bundle_sell_ids":[],"supplier_id":null,"supplier_sku":"","barcode":null,"atum_controlled":true,"out_stock_date":null,"out_stock_threshold":null,"inheritable":true,"inbound_stock":0,"stock_on_hold":0,"sold_today":0,"sales_last_days":0,"reserved_stock":0,"customer_returns":0,"warehouse_damage":0,"lost_in_post":0,"other_logs":0,"out_stock_days":0,"lost_sales":0,"has_location":false,"update_date":"2026-04-03T12:15:44","atum_locations":[],"atum_stock_status":"instock","restock_status":false,"low_stock_amount":"","sales_update_date":"2026-04-03T12:15:44","calc_backorders":null,"linked_bom":[],"sync_purchase_price":false,"bom_sellable":null,"minimum_threshold":null,"available_to_purchase":null,"selling_priority":null,"calculated_stock":null,"is_bom":false,"mi_inventories":[],"multi_inventory":"no","inventory_sorting_mode":"global","inventory_iteration":"global","expirable_inventories":"global","price_per_inventory":"global","show_write_off_inventories":"global","selectable_inventories":"global","selectable_inventories_mode":"global","_links":{"self":[{"href":"https:\/\/murena.com\/es\/wp-json\/wp\/v2\/product\/146690","targetHints":{"allow":["GET"]}}],"collection":[{"href":"https:\/\/murena.com\/es\/wp-json\/wp\/v2\/product"}],"about":[{"href":"https:\/\/murena.com\/es\/wp-json\/wp\/v2\/types\/product"}],"replies":[{"embeddable":true,"href":"https:\/\/murena.com\/es\/wp-json\/wp\/v2\/comments?post=146690"}],"wp:featuredmedia":[{"embeddable":true,"href":"https:\/\/murena.com\/es\/wp-json\/wp\/v2\/media\/146688"}],"wp:attachment":[{"href":"https:\/\/murena.com\/es\/wp-json\/wp\/v2\/media?parent=146690"}],"wp:term":[{"taxonomy":"product_brand","embeddable":true,"href":"https:\/\/murena.com\/es\/wp-json\/wp\/v2\/product_brand?post=146690"},{"taxonomy":"product_cat","embeddable":true,"href":"https:\/\/murena.com\/es\/wp-json\/wp\/v2\/product_cat?post=146690"},{"taxonomy":"product_tag","embeddable":true,"href":"https:\/\/murena.com\/es\/wp-json\/wp\/v2\/product_tag?post=146690"}],"curies":[{"name":"wp","href":"https:\/\/api.w.org\/{rel}","templated":true}]}}