{"id":145588,"date":"2025-12-24T10:23:07","date_gmt":"2025-12-24T09:23:07","guid":{"rendered":"https:\/\/murena.com\/shop\/sin categor\u00eda\/new-fairbuds-xl-headphones\/"},"modified":"2026-03-10T01:32:42","modified_gmt":"2026-03-10T00:32:42","slug":"new-fairbuds-xl-headphones","status":"publish","type":"product","link":"https:\/\/murena.com\/es\/tienda\/audio-es\/new-fairbuds-xl-headphones\/","title":{"rendered":"Nuevos auriculares Fairbuds XL"},"content":{"rendered":"<table class=\" alignleft\" style=\"border-collapse: collapse;width: 79.7347%;height: 120px\">\n<tbody>\n<tr style=\"height: 24px\">\n<td style=\"width: 22.2918%;height: 120px\" rowspan=\"5\"><span style=\"font-size: 14pt\"><strong>Rendimiento de audio<\/strong><\/span><\/td>\n<td style=\"width: 57.4429%;height: 24px\">Transductores din\u00e1micos de 40 mm<\/td>\n<\/tr>\n<tr style=\"height: 24px\">\n<td style=\"width: 57.4429%;height: 24px\">Respuesta en frecuencia: 20 Hz &#8211; 20 kHz (cubre toda la gama de audici\u00f3n humana)<\/td>\n<\/tr>\n<tr style=\"height: 24px\">\n<td style=\"width: 57.4429%;height: 24px\">Impedancia del controlador: 32 ohmios (compatible con la mayor\u00eda de los dispositivos)<\/td>\n<\/tr>\n<tr style=\"height: 24px\">\n<td style=\"width: 57.4429%;height: 24px\">Sensibilidad: 99\u00b12dB a 1KHZ (Nivel de m\u00e1xima sonoridad con m\u00ednima potencia)<\/td>\n<\/tr>\n<tr style=\"height: 24px\">\n<td style=\"width: 57.4429%;height: 24px\">Compatible con c\u00f3decs: SBC, AAC, aptX HD<\/td>\n<\/tr>\n<\/tbody>\n<\/table>\n<p>&nbsp;<\/p>\n<table style=\"border-collapse: collapse;width: 79.661%;height: 72px\">\n<tbody>\n<tr style=\"height: 24px\">\n<td style=\"width: 22.3655%;height: 72px;text-align: left\" rowspan=\"3\"><span style=\"font-size: 14pt\"><strong>Anulaci\u00f3n del ruido<\/strong><\/span><\/td>\n<td style=\"width: 57.2955%;height: 24px\">Cancelaci\u00f3n activa del ruido<\/td>\n<\/tr>\n<tr style=\"height: 24px\">\n<td style=\"width: 57.2955%;height: 24px\">Modo de sonido ambiente disponible<\/td>\n<\/tr>\n<tr style=\"height: 24px\">\n<td style=\"width: 57.2955%;height: 24px\">Micr\u00f3fono: Seis micr\u00f3fonos (2 izquierdos y 4 derechos)<\/td>\n<\/tr>\n<\/tbody>\n<\/table>\n<p>&nbsp;<\/p>\n<table style=\"border-collapse: collapse;width: 79.5861%\">\n<tbody>\n<tr>\n<td style=\"width: 22.2918%;text-align: left\" rowspan=\"6\"><span style=\"font-size: 14pt\"><strong>Bater\u00eda y carga<\/strong><\/span><\/td>\n<td style=\"width: 57.2955%\">Hasta 30 horas de reproducci\u00f3n (ANC desactivado)<\/td>\n<\/tr>\n<tr>\n<td style=\"width: 57.2955%\">Hasta 26 horas de reproducci\u00f3n (ANC activado)<\/td>\n<\/tr>\n<tr>\n<td style=\"width: 57.2955%\">50% de carga en 15 minutos (carga r\u00e1pida para 15 horas de reproducci\u00f3n)<\/td>\n<\/tr>\n<tr>\n<td style=\"width: 57.2955%\">Puerto de carga USB-C<\/td>\n<\/tr>\n<tr>\n<td style=\"width: 57.2955%\">Duraci\u00f3n de la bater\u00eda: m\u00e1s de 500 ciclos de carga (mantiene el 80% de su capacidad tras 500 cargas completas)<\/td>\n<\/tr>\n<tr>\n<td style=\"width: 57.2955%\">Bater\u00eda reemplazable<\/td>\n<\/tr>\n<\/tbody>\n<\/table>\n<p>&nbsp;<\/p>\n<table style=\"border-collapse: collapse;width: 79.661%;height: 97px\">\n<tbody>\n<tr style=\"height: 24px\">\n<td style=\"width: 22.5866%;height: 97px;text-align: left\" rowspan=\"4\"><span style=\"font-size: 14pt\"><strong>Conectividad<\/strong><\/span><\/td>\n<td style=\"width: 57.0744%;height: 24px\">Bluetooth 5.1 con conectividad multipunto dual (con\u00e9ctate a dos dispositivos simult\u00e1neamente)<\/td>\n<\/tr>\n<tr style=\"height: 25px\">\n<td style=\"width: 57.0744%;height: 25px\">Puerto USB-C para escuchar por cable<\/td>\n<\/tr>\n<tr style=\"height: 24px\">\n<td style=\"width: 57.0744%;height: 24px\">Alcance inal\u00e1mbrico: Hasta 10 metros<\/td>\n<\/tr>\n<tr style=\"height: 24px\">\n<td style=\"width: 57.0744%;height: 24px\">Asistentes inteligentes compatibles: Asistente de Google, Amazon Alexa y Siri de Apple.<\/td>\n<\/tr>\n<\/tbody>\n<\/table>\n<p>&nbsp;<\/p>\n<table style=\"border-collapse: collapse;width: 79.5861%\">\n<tbody>\n<tr>\n<td style=\"width: 22.6603%;text-align: left\" rowspan=\"3\"><span style=\"font-size: 14pt\"><strong>Controles y funciones<\/strong><\/span><\/td>\n<td style=\"width: 56.927%\">Joystick y bot\u00f3n ANC<\/td>\n<\/tr>\n<tr>\n<td style=\"width: 56.927%\">Apagado autom\u00e1tico (30 minutos)<\/td>\n<\/tr>\n<tr>\n<td style=\"width: 56.927%\">Ecualizador personalizable mediante la aplicaci\u00f3n Fairbuds<\/td>\n<\/tr>\n<\/tbody>\n<\/table>\n<p>&nbsp;<\/p>\n<table style=\"border-collapse: collapse;width: 79.7347%;height: 144px\">\n<tbody>\n<tr style=\"height: 24px\">\n<td style=\"width: 22.8077%;height: 144px;text-align: left\" rowspan=\"6\"><span style=\"font-size: 14pt\"><strong>Materiales y durabilidad<\/strong><\/span><\/td>\n<td style=\"width: 56.927%;height: 24px\">100% de elementos de tierras raras reciclados en los imanes<\/td>\n<\/tr>\n<tr style=\"height: 24px\">\n<td style=\"width: 56.927%;height: 24px\">100% de esta\u00f1o reciclado en la pasta de soldadura<\/td>\n<\/tr>\n<tr style=\"height: 24px\">\n<td style=\"width: 56.927%;height: 24px\">Tejido de red en la diadema<\/td>\n<\/tr>\n<tr style=\"height: 24px\">\n<td style=\"width: 56.927%;height: 24px\">Tejido de malla de p\u00e1jaro en las almohadillas de las orejas<\/td>\n<\/tr>\n<tr style=\"height: 24px\">\n<td style=\"width: 56.927%;height: 24px\">Cuero PU en diadema y almohadillas<\/td>\n<\/tr>\n<tr style=\"height: 24px\">\n<td style=\"width: 56.927%;height: 24px\">Bolsa de viaje fabricada con tejidos reciclados<\/td>\n<\/tr>\n<\/tbody>\n<\/table>\n","protected":false},"excerpt":{"rendered":"<p data-start=\"130\" data-end=\"184\"><strong>Nuevos y mejorados auriculares Fairbud XL  <\/strong><\/p>\n<p data-start=\"130\" data-end=\"184\"><strong data-start=\"130\" data-end=\"184\">Sonido de primera. Fabricado para durar. Dise\u00f1ado para el cambio.  <\/strong><\/p>\n<p data-start=\"186\" data-end=\"437\">Disfrute de un sonido rico y envolvente con potentes transductores de 40 mm, cancelaci\u00f3n activa del ruido y una calidad de llamada n\u00edtida. Los nuevos Fairbuds XL combinan comodidad durante todo el d\u00eda con hasta <strong data-start=\"345\" data-end=\"373\">30 horas de autonom\u00eda<\/strong>, carga r\u00e1pida y conectividad Bluetooth multipunto sin interrupciones. <\/p>\n<p data-start=\"439\" data-end=\"769\">Dise\u00f1ados pensando en la sostenibilidad, cuentan con un <strong data-start=\"493\" data-end=\"523\">dise\u00f1o modular y reparable<\/strong> fabricado con materiales reciclados y de origen justo para que pueda sustituir las piezas clave y conservarlos durante m\u00e1s tiempo. Acabados con un elegante ajuste sobre la oreja y controles intuitivos, estos auriculares son perfectos para llevarlos todos los d\u00edas.   <a href=\"https:\/\/longtimelabel.com\/en\/lab_product\/fairbuds-xl\/\">Certificado por la etiqueta LONGTIME<\/a><\/p>\n<p data-start=\"771\" data-end=\"814\"><strong data-start=\"771\" data-end=\"814\">Gran sonido. Dise\u00f1o inteligente. Impacto justo.  <\/strong><\/p>\n","protected":false},"featured_media":145576,"comment_status":"open","ping_status":"closed","template":"","meta":{"_seopress_robots_primary_cat":"none","_seopress_titles_title":"Nuevos auriculares Fairbuds XL - Murena - DeGoogled Phones","_seopress_titles_desc":"NUEVOS auriculares sobre la oreja Fairbuds XL con sonido intenso, ANC, 30 h de bater\u00eda, carga r\u00e1pida, Bluetooth multipunto y un dise\u00f1o reparable y sostenible.","_seopress_robots_index":""},"product_brand":[],"product_cat":[984],"product_tag":[],"class_list":{"0":"post-145588","1":"product","2":"type-product","3":"status-publish","4":"has-post-thumbnail","6":"product_cat-audio-es","7":"wpbf-post","10":"instock","11":"taxable","12":"shipping-taxable","13":"purchasable","14":"product-type-variable"},"bundled_by":[],"bundle_stock_status":"instock","bundle_stock_quantity":null,"bundle_virtual":false,"bundle_layout":"","bundle_add_to_cart_form_location":"","bundle_editable_in_cart":false,"bundle_sold_individually_context":"","bundle_item_grouping":"","bundle_min_size":"","bundle_max_size":"","bundle_price":[],"bundled_items":[],"bundle_sell_ids":[],"supplier_id":null,"supplier_sku":"","barcode":null,"atum_controlled":true,"out_stock_date":null,"out_stock_threshold":null,"inheritable":true,"inbound_stock":40,"stock_on_hold":0,"sold_today":0,"sales_last_days":0,"reserved_stock":0,"customer_returns":0,"warehouse_damage":0,"lost_in_post":0,"other_logs":0,"out_stock_days":0,"lost_sales":0,"has_location":false,"update_date":"2026-04-14T12:18:32","atum_locations":[],"atum_stock_status":"instock","restock_status":false,"low_stock_amount":"","sales_update_date":"2026-04-14T12:18:32","calc_backorders":null,"linked_bom":[],"sync_purchase_price":false,"bom_sellable":null,"minimum_threshold":null,"available_to_purchase":null,"selling_priority":null,"calculated_stock":null,"is_bom":false,"mi_inventories":[],"multi_inventory":"no","inventory_sorting_mode":"global","inventory_iteration":"global","expirable_inventories":"global","price_per_inventory":"global","show_write_off_inventories":"global","selectable_inventories":"global","selectable_inventories_mode":"global","_links":{"self":[{"href":"https:\/\/murena.com\/es\/wp-json\/wp\/v2\/product\/145588","targetHints":{"allow":["GET"]}}],"collection":[{"href":"https:\/\/murena.com\/es\/wp-json\/wp\/v2\/product"}],"about":[{"href":"https:\/\/murena.com\/es\/wp-json\/wp\/v2\/types\/product"}],"replies":[{"embeddable":true,"href":"https:\/\/murena.com\/es\/wp-json\/wp\/v2\/comments?post=145588"}],"wp:featuredmedia":[{"embeddable":true,"href":"https:\/\/murena.com\/es\/wp-json\/wp\/v2\/media\/145576"}],"wp:attachment":[{"href":"https:\/\/murena.com\/es\/wp-json\/wp\/v2\/media?parent=145588"}],"wp:term":[{"taxonomy":"product_brand","embeddable":true,"href":"https:\/\/murena.com\/es\/wp-json\/wp\/v2\/product_brand?post=145588"},{"taxonomy":"product_cat","embeddable":true,"href":"https:\/\/murena.com\/es\/wp-json\/wp\/v2\/product_cat?post=145588"},{"taxonomy":"product_tag","embeddable":true,"href":"https:\/\/murena.com\/es\/wp-json\/wp\/v2\/product_tag?post=145588"}],"curies":[{"name":"wp","href":"https:\/\/api.w.org\/{rel}","templated":true}]}}