{"id":140999,"date":"2025-08-29T16:24:11","date_gmt":"2025-08-29T14:24:11","guid":{"rendered":"https:\/\/murena.com\/shop\/sin%20categor\u00eda\/shiftsound-sp\/"},"modified":"2026-02-23T13:37:39","modified_gmt":"2026-02-23T12:37:39","slug":"shiftsound-sp","status":"publish","type":"product","link":"https:\/\/murena.com\/es\/tienda\/audio-es\/shiftsound-sp\/","title":{"rendered":"SHIFTsound SP"},"content":{"rendered":"<p><strong>M\u00e1s informaci\u00f3n y especificaciones:<\/strong><\/p>\n<p><strong>Ranura para tarjetas:<\/strong><br \/>\nMicroSD.<\/p>\n<p><strong>Luz:<\/strong><br \/>\nLa luz se puede apagar. Actualmente, est\u00e1 prevista una implementaci\u00f3n en cuatro etapas, que puede ajustarse a sus preferencias: 1. Luz RGB que cambia continuamente, 2. Luz blanca c\u00e1lida constante, 3. Luz blanca c\u00e1lida pulsante al comp\u00e1s, 4. Sin luz.     <\/p>\n<p><strong>\u00bfC\u00f3mo funciona el SHIFTsound SP?<\/strong><br \/>\nA trav\u00e9s de los botones del dispositivo o por Bluetooth (actualmente no est\u00e1 prevista una aplicaci\u00f3n).<\/p>\n<p><strong>\u00bfTendr\u00e1 el SHIFTsound SP conectividad Wi-Fi?<\/strong><br \/>\nLa conectividad Wi-Fi no est\u00e1 prevista en este momento.<\/p>\n<p><strong>\u00bfSe puede ajustar el sonido?<\/strong><br \/>\nHay varios modos (EQ, Bass, Standard).<\/p>\n<p><strong>\u00bfQu\u00e9 m\u00f3dulos son intercambiables?<\/strong><br \/>\nBater\u00eda, altavoz, anillo LED ambiental, cubierta textil exterior, membrana pasiva superior e inferior, lazo para la correa y la propia correa, cubierta interior de goma para los botones de volumen y los LED de la bater\u00eda .<\/p>\n<p><strong>Potencia:<\/strong><br \/>\n2x 10 W de salida.<\/p>\n<p>Puerto <strong>USB<\/strong><br \/>\n-C (s\u00f3lo) para carga.<\/p>\n<p><strong>Opciones de conexi\u00f3n:<\/strong><br \/>\ntoma de 3,5 mm o Bluetooth.<\/p>\n<p><strong>\u00bfEs posible el sonido est\u00e9reo con un solo altavoz?<\/strong><br \/>\nS\u00ed (canales L y R posibles con un solo SHIFTsound SP).<\/p>\n<p><strong>Bluetooth versi\u00f3n<\/strong><br \/>\n5.0<\/p>\n<p><strong>\u00bfSe pueden emparejar dos altavoces?<\/strong><br \/>\nS\u00ed, el SHIFTsound SP es un aut\u00e9ntico altavoz inal\u00e1mbrico. Se pueden conectar dos altavoces.  <\/p>\n<p><strong>\u00bfQu\u00e9 perfiles BT son compatibles?<\/strong><br \/>\nA2DP \/ AVRCP \/ HFP \/ HSP \/ OPP \/ HID \/ SPPIPBAP \/ GATT \/ SM.<\/p>\n<p><strong>\u00bfHay micr\u00f3fono para llamadas manos libres?<\/strong><br \/>\nS\u00ed.<\/p>\n<p><strong>Respuesta en frecuencia medida<\/strong><br \/>\nAUX: 62 &#8211; 20 kHz,<br \/>\nBT: 60 &#8211; 20 kHz<\/p>\n<p>&nbsp;<\/p>\n","protected":false},"excerpt":{"rendered":"<p data-start=\"161\" data-end=\"229\"><strong data-start=\"161\" data-end=\"227\">SHIFTsound SP &#8211; Dise\u00f1ado para durar, construido para un sonido puro.<\/strong><\/p>\n<p data-start=\"231\" data-end=\"499\">Dise\u00f1ado para rendir dondequiera que lo lleve, el SHIFTsound SP combina un dise\u00f1o modular con una potente ac\u00fastica en un cuerpo compacto y resistente al agua. Ya se trate de m\u00fasica en casa, en movimiento o al aire libre, este altavoz est\u00e1 hecho para adaptarse, durar y seguir el ritmo de su estilo de vida. <\/p>\n<p data-start=\"721\" data-end=\"740\"><strong data-start=\"721\" data-end=\"738\">Caracter\u00edsticas principales:<\/strong><\/p>\n<ul>\n<li data-start=\"743\" data-end=\"799\"><span style=\"font-size: 10pt\">Construcci\u00f3n modular para facilitar la reparaci\u00f3n y el uso a largo plazo<\/span><\/li>\n<li data-start=\"802\" data-end=\"859\"><span style=\"font-size: 10pt\">\u00cdndice de impermeabilidad IPX7 para un rendimiento fiable en exteriores<\/span><\/li>\n<li data-start=\"862\" data-end=\"923\"><span style=\"font-size: 10pt\">Conectividad inal\u00e1mbrica Bluetooth (10 m de alcance) y entrada AUX<\/span><\/li>\n<li data-start=\"926\" data-end=\"965\"><span style=\"font-size: 10pt\">Hasta 10 horas de reproducci\u00f3n continua<\/span><\/li>\n<li data-start=\"968\" data-end=\"1030\"><span style=\"font-size: 10pt\">Compacto y ligero: 191 mm de alto, 78 mm de ancho, s\u00f3lo 550 g<\/span><\/li>\n<\/ul>\n<p><span style=\"font-size: 10pt\"><strong>**Nuestro precio incluye un dep\u00f3sito de reciclaje de 11 euros, que los clientes pueden reclamar cuando devuelvan el aparato a SHIFT para su reciclaje.<\/strong><\/span><\/p>\n","protected":false},"featured_media":132812,"comment_status":"open","ping_status":"closed","template":"","meta":{"_seopress_robots_primary_cat":"none","_seopress_titles_title":"SHIFTsound SP - Murena -deGoogled Tel\u00e9fonos y Servicios","_seopress_titles_desc":"SHIFTsound SP ofrece un sonido rico y claro en un robusto dise\u00f1o modular. Resistente al agua, port\u00e1til y dise\u00f1ado para durar. Un altavoz para el hogar, los viajes y m\u00e1s all\u00e1.  ","_seopress_robots_index":""},"product_brand":[],"product_cat":[984],"product_tag":[1196,1195],"class_list":{"0":"post-140999","1":"product","2":"type-product","3":"status-publish","4":"has-post-thumbnail","6":"product_cat-audio-es","7":"product_tag-bateria-de-hasta-10-horas-de-duracion","8":"product_tag-resistente-al-agua-con-certificacion-ip","9":"wpbf-post","12":"instock","13":"taxable","14":"shipping-taxable","15":"purchasable","16":"product-type-simple"},"bundled_by":[],"bundle_stock_status":"instock","bundle_stock_quantity":6,"bundle_virtual":false,"bundle_layout":"","bundle_add_to_cart_form_location":"","bundle_editable_in_cart":false,"bundle_sold_individually_context":"","bundle_item_grouping":"","bundle_min_size":"","bundle_max_size":"","bundle_price":[],"bundled_items":[],"bundle_sell_ids":[],"supplier_id":122429,"supplier_sku":"","barcode":null,"atum_controlled":true,"out_stock_date":null,"out_stock_threshold":null,"inheritable":false,"inbound_stock":0,"stock_on_hold":0,"sold_today":0,"sales_last_days":0,"reserved_stock":0,"customer_returns":0,"warehouse_damage":0,"lost_in_post":0,"other_logs":0,"out_stock_days":0,"lost_sales":0,"has_location":false,"update_date":"2026-04-27T12:22:28","atum_locations":[],"atum_stock_status":"instock","restock_status":false,"low_stock_amount":"","sales_update_date":"2026-04-27T12:22:27","calc_backorders":null,"linked_bom":[],"sync_purchase_price":false,"bom_sellable":null,"minimum_threshold":null,"available_to_purchase":null,"selling_priority":null,"calculated_stock":null,"is_bom":false,"mi_inventories":[],"multi_inventory":"global","inventory_sorting_mode":"global","inventory_iteration":"global","expirable_inventories":"global","price_per_inventory":"global","show_write_off_inventories":"global","selectable_inventories":"global","selectable_inventories_mode":"global","_links":{"self":[{"href":"https:\/\/murena.com\/es\/wp-json\/wp\/v2\/product\/140999","targetHints":{"allow":["GET"]}}],"collection":[{"href":"https:\/\/murena.com\/es\/wp-json\/wp\/v2\/product"}],"about":[{"href":"https:\/\/murena.com\/es\/wp-json\/wp\/v2\/types\/product"}],"replies":[{"embeddable":true,"href":"https:\/\/murena.com\/es\/wp-json\/wp\/v2\/comments?post=140999"}],"wp:featuredmedia":[{"embeddable":true,"href":"https:\/\/murena.com\/es\/wp-json\/wp\/v2\/media\/132812"}],"wp:attachment":[{"href":"https:\/\/murena.com\/es\/wp-json\/wp\/v2\/media?parent=140999"}],"wp:term":[{"taxonomy":"product_brand","embeddable":true,"href":"https:\/\/murena.com\/es\/wp-json\/wp\/v2\/product_brand?post=140999"},{"taxonomy":"product_cat","embeddable":true,"href":"https:\/\/murena.com\/es\/wp-json\/wp\/v2\/product_cat?post=140999"},{"taxonomy":"product_tag","embeddable":true,"href":"https:\/\/murena.com\/es\/wp-json\/wp\/v2\/product_tag?post=140999"}],"curies":[{"name":"wp","href":"https:\/\/api.w.org\/{rel}","templated":true}]}}