{"id":135129,"date":"2025-09-18T12:28:01","date_gmt":"2025-09-18T10:28:01","guid":{"rendered":"https:\/\/murena.com\/?post_type=product&#038;p=135129"},"modified":"2026-03-19T17:48:58","modified_gmt":"2026-03-19T16:48:58","slug":"hiroh-phone-powered-by-murena-pre-sale","status":"publish","type":"product","link":"https:\/\/murena.com\/es\/tienda\/moviles\/nuevo\/hiroh-phone-powered-by-murena-pre-sale\/","title":{"rendered":"HIROH phone powered by Murena &#8211; Dep\u00f3sito de preventa"},"content":{"rendered":"","protected":false},"excerpt":{"rendered":"<p>HIROH phone powered by Murena con privacidad matar botones del interruptor.<br \/>\n<span style=\"color: #000000;font-size: 12pt\">Privacidad por dise\u00f1o. Seguridad por defecto. <\/span><\/p>\n<p><span style=\"color: #000000;font-size: 12pt\"><strong>PREP\u00c1RALO AHORA y ahorra 3<\/strong><strong>00<\/strong><strong>\u20ac<\/strong><strong> \u00a1!<\/strong><\/span><\/p>\n<p><span style=\"color: #000000;font-size: 12pt\">Oferta limitada: <strong>Pague <\/strong><strong>99\u20ac<\/strong><strong> ahora y reciba <\/strong><strong>un vale <\/strong><strong>para comprar su tel\u00e9fono HIROH powered by Murena por un total de \u00a1s\u00f3lo<\/strong><strong>899\u20ac<\/strong><strong>!<\/strong><\/span><\/p>\n<p><span style=\"color: #000000;font-size: 12pt\"><strong>C\u00f3mo funciona la PRE VENTA para ti:<br \/>\n<\/strong>&#8211; Paga 99\u20ac hoy para reservar tu dispositivo.<br \/>\n&#8211; Recibir\u00e1s un cup\u00f3n de 300\u20ac (99\u20ac de prepago + 201\u20ac de descuento) por correo electr\u00f3nico.<br \/>\n<\/span><span style=\"font-size: 12pt\">&#8211; Utiliza el cup\u00f3n <\/span><span style=\"font-size: 12pt\">para comprar el de<\/span><span style=\"color: #000000\"><span style=\"font-size: 12pt\">por 899\u20ac en lugar de los 1199\u20ac que costar\u00e1 el dispositivo cuando salga a la venta en 2026.<\/span><\/span><\/p>\n<p><span style=\"color: #000000;font-size: 12pt\">El tel\u00e9fono HIROH phone powered by Murena est\u00e1 dise\u00f1ado para protegerte. Este smartphone, que funciona con \/e\/OS, est\u00e1 dise\u00f1ado para mantener tu huella digital invisible por defecto.  <a href=\"https:\/\/murena.com\/es\/tienda\/moviles\/nuevo\/hiroh-phone-powered-by-murena-pre-sale\/#android-without-google\"><span style=\"color: #0000ff\">M\u00e1s informaci\u00f3n<\/span><\/a><\/span><\/p>\n<p><span style=\"color: #000000;font-size: 12pt\">Calidad y rendimiento sin concesiones.<strong><br \/>\n<\/strong>El tel\u00e9fono HIROH phone powered by Murena est\u00e1 dise\u00f1ado sin concesiones.<\/span><\/p>\n<p><span style=\"color: #000000;font-size: 12pt\">&#8211;<strong> 16 GB de RAM<\/strong> y <strong>512 GB de almacenamiento<\/strong> <strong>ampliable hasta 2 TB,<\/strong> para que tengas espacio para todo lo que importa.<br \/>\n<\/span><span style=\"color: #000000;font-size: 12pt\">&#8211; Una pantalla <strong>AMOLED de 6,67 pulgadas<\/strong> y un sistema de c\u00e1mara que combina un <strong>sensor Samsung de 108 MP<\/strong> con una lente frontal <strong>Sony de 32 MP<\/strong> para obtener detalles n\u00edtidos y sorprendentes en cada toma.<br \/>\n&#8211; <\/span><span style=\"color: #000000;font-size: 12pt\">Un <strong>interruptor de hardware <\/strong>que desconecta el micr\u00f3fono y las c\u00e1maras a nivel de circuito, sin dejar nada abierto a intrusiones.<br \/>\n<\/span><span style=\"color: #000000;font-size: 12pt\">&#8211; Un <strong>interruptor basado en software<\/strong>, para apagar f\u00e1cilmente todas las se\u00f1ales de radio, Wi-Fi, Bluetooth y NFC.<\/span><br \/>\n<a href=\"https:\/\/murena.com\/es\/tienda\/moviles\/nuevo\/hiroh-phone-powered-by-murena-pre-sale\/#tech-spec\"><span style=\"color: #0000ff;font-size: 12pt\">M\u00e1s informaci\u00f3n<\/span><\/a><\/p>\n<p><span style=\"color: #000000;font-size: 12pt\">El <strong>tel\u00e9fono HIROH phone powered by Murena<\/strong> no es un terminal m\u00e1s en un mercado saturado. Es un rechazo, una negativa a aceptar que la vigilancia es el precio de la tecnolog\u00eda moderna. La privacidad no es un parche. Est\u00e1 integrada.   <\/span><\/p>\n","protected":false},"featured_media":148970,"comment_status":"open","ping_status":"closed","template":"","meta":{"_seopress_robots_primary_cat":"none","_seopress_titles_title":"HIROH phone powered by Murena - Preventa","_seopress_titles_desc":"\u00a1HIROH tel\u00e9fono impulsado por Murena con botones de privacidad kill switch.\nPRE-ORDER AHORA y ahorrar 200 \u20ac! \u00a1Pague 99\u20ac ahora y compre su tel\u00e9fono por s\u00f3lo 999\u20ac! ","_seopress_robots_index":""},"product_brand":[],"product_cat":[618],"product_tag":[1109,1110,1108],"class_list":{"0":"post-135129","1":"product","2":"type-product","3":"status-publish","4":"has-post-thumbnail","6":"product_cat-nuevo","7":"product_tag-hiroh-impulsado-por-murena","8":"product_tag-oferta-por-reserva-anticipada","9":"product_tag-preventa","10":"wpbf-post","13":"outofstock","14":"taxable","15":"shipping-taxable","16":"purchasable","17":"product-type-variable"},"bundled_by":[],"bundle_stock_status":"outofstock","bundle_stock_quantity":0,"bundle_virtual":false,"bundle_layout":"","bundle_add_to_cart_form_location":"","bundle_editable_in_cart":false,"bundle_sold_individually_context":"","bundle_item_grouping":"","bundle_min_size":"","bundle_max_size":"","bundle_price":[],"bundled_items":[],"bundle_sell_ids":[],"supplier_id":null,"supplier_sku":"","barcode":null,"atum_controlled":true,"out_stock_date":null,"out_stock_threshold":null,"inheritable":true,"inbound_stock":0,"stock_on_hold":0,"sold_today":2,"sales_last_days":10,"reserved_stock":0,"customer_returns":0,"warehouse_damage":0,"lost_in_post":0,"other_logs":0,"out_stock_days":0,"lost_sales":0,"has_location":false,"update_date":"2026-04-23T00:03:18","atum_locations":[],"atum_stock_status":"outofstock","restock_status":false,"low_stock_amount":"","sales_update_date":"2026-04-22T07:48:50","calc_backorders":null,"linked_bom":[],"sync_purchase_price":false,"bom_sellable":null,"minimum_threshold":null,"available_to_purchase":null,"selling_priority":null,"calculated_stock":null,"is_bom":false,"mi_inventories":[],"multi_inventory":"no","inventory_sorting_mode":"global","inventory_iteration":"global","expirable_inventories":"global","price_per_inventory":"global","show_write_off_inventories":"global","selectable_inventories":"global","selectable_inventories_mode":"global","_links":{"self":[{"href":"https:\/\/murena.com\/es\/wp-json\/wp\/v2\/product\/135129","targetHints":{"allow":["GET"]}}],"collection":[{"href":"https:\/\/murena.com\/es\/wp-json\/wp\/v2\/product"}],"about":[{"href":"https:\/\/murena.com\/es\/wp-json\/wp\/v2\/types\/product"}],"replies":[{"embeddable":true,"href":"https:\/\/murena.com\/es\/wp-json\/wp\/v2\/comments?post=135129"}],"wp:featuredmedia":[{"embeddable":true,"href":"https:\/\/murena.com\/es\/wp-json\/wp\/v2\/media\/148970"}],"wp:attachment":[{"href":"https:\/\/murena.com\/es\/wp-json\/wp\/v2\/media?parent=135129"}],"wp:term":[{"taxonomy":"product_brand","embeddable":true,"href":"https:\/\/murena.com\/es\/wp-json\/wp\/v2\/product_brand?post=135129"},{"taxonomy":"product_cat","embeddable":true,"href":"https:\/\/murena.com\/es\/wp-json\/wp\/v2\/product_cat?post=135129"},{"taxonomy":"product_tag","embeddable":true,"href":"https:\/\/murena.com\/es\/wp-json\/wp\/v2\/product_tag?post=135129"}],"curies":[{"name":"wp","href":"https:\/\/api.w.org\/{rel}","templated":true}]}}