{"id":133838,"date":"2025-08-29T15:54:32","date_gmt":"2025-08-29T13:54:32","guid":{"rendered":"https:\/\/murena.com\/?post_type=product&#038;p=133838"},"modified":"2026-04-16T10:43:37","modified_gmt":"2026-04-16T08:43:37","slug":"murena-shiftphone-8","status":"publish","type":"product","link":"https:\/\/murena.com\/es\/tienda\/moviles\/nuevo\/murena-shiftphone-8\/","title":{"rendered":"Murena SHIFTphone 8"},"content":{"rendered":"","protected":false},"excerpt":{"rendered":"<p>El SHIFTphone 8 de Murena combina modularidad y privacidad. Al funcionar con nuestro sistema operativo \/e\/OS centrado en la privacidad, el SHIFTphone 8 de Murena ofrece protecci\u00f3n continua para usted y sus datos.<\/p>\n<p>Gestiona tu privacidad mientras utilizas un tel\u00e9fono potente y modular que durar\u00e1. <a href=\"https:\/\/murena.com\/es\/tienda\/moviles\/nuevo\/murena-shiftphone-8\/#android-without-google\">M\u00e1s informaci\u00f3n<\/a><\/p>\n<p>Este tel\u00e9fono incorpora un <strong>interruptor de desconexi\u00f3n<\/strong> <strong>por<\/strong> <strong>hardware* para las c\u00e1maras y los micr\u00f3fonos, que<\/strong> permite apagarlos por completo para mayor privacidad. (*Estos <strong>interruptores de corte <\/strong>se encuentran debajo de la tapa de la bater\u00eda y se pueden cambiar con un clip o una herramienta similar, por lo que no es f\u00e1cil cambiarlos regularmente, pero para apagar la c\u00e1mara y el micr\u00f3fono durante largos periodos de tiempo son muy adecuados).<\/p>\n<p>Tambi\u00e9n ofrece una estupenda y brillante <strong>pantalla AMOLED de 6,67&#8243;<\/strong>.<strong> Hasta 512 GB<\/strong> de almacenamiento ampliable para que tengas velocidad y espacio m\u00e1s que suficientes para guardar todo lo que necesites en tu tel\u00e9fono. Es <strong>totalmente modular y apto para reparaciones<\/strong>, por lo que podr\u00e1s sustituir piezas f\u00e1cilmente para que tu tel\u00e9fono dure m\u00e1s. <a href=\"https:\/\/murena.com\/es\/tienda\/moviles\/nuevo\/murena-shiftphone-8\/#tech-spec\">M\u00e1s informaci\u00f3n<\/a><\/p>\n<p>El <strong>SHIFTphone 8 de Murena<\/strong> destaca por su dise\u00f1o totalmente modular, que permite reparaciones y actualizaciones sencillas, combinado con un potente hardware, controles de privacidad avanzados y una producci\u00f3n sostenible, lo que lo convierte en la opci\u00f3n ideal para quienes buscan rendimiento, longevidad y responsabilidad medioambiental en un solo dispositivo.<\/p>\n<p><strong>**Nota: El Shiftphone que se vende como Shiftphone 8 es el modelo actualizado Shiftphone 8.1.<\/strong><\/p>\n","protected":false},"featured_media":141220,"comment_status":"open","ping_status":"closed","template":"","meta":{"_seopress_robots_primary_cat":"none","_seopress_titles_title":"SHIFTphone 8 - Murena - deGoogled Phones","_seopress_titles_desc":"Murena SHIFTphone 8: El smartphone sostenible y modular con \/e\/OS centrado en la privacidad y un interruptor de apagado por hardware. Disfruta de una pantalla AMOLED de 6,67\u2033 y almacenamiento ampliable hasta 512 GB.","_seopress_robots_index":""},"product_brand":[],"product_cat":[649,618],"product_tag":[1097,833,1082,1080,813,823,1083],"class_list":{"0":"post-133838","1":"product","2":"type-product","3":"status-publish","4":"has-post-thumbnail","6":"product_cat-moviles","7":"product_cat-nuevo","8":"product_tag-12-ram-es","9":"product_tag-2-anos-de-garantia","10":"product_tag-512-gb-ampliable","11":"product_tag-amoled-de-667-pulgadas","12":"product_tag-bateria-extraible","13":"product_tag-doble-sim","14":"product_tag-interruptor-de-corte-fisico","15":"wpbf-post","18":"instock","19":"taxable","20":"shipping-taxable","21":"purchasable","22":"product-type-simple"},"bundled_by":[],"bundle_stock_status":"instock","bundle_stock_quantity":24,"bundle_virtual":false,"bundle_layout":"","bundle_add_to_cart_form_location":"","bundle_editable_in_cart":false,"bundle_sold_individually_context":"","bundle_item_grouping":"","bundle_min_size":"","bundle_max_size":"","bundle_price":[],"bundled_items":[],"bundle_sell_ids":[],"supplier_id":122429,"supplier_sku":"","barcode":null,"atum_controlled":true,"out_stock_date":null,"out_stock_threshold":null,"inheritable":false,"inbound_stock":0,"stock_on_hold":5,"sold_today":2,"sales_last_days":15,"reserved_stock":0,"customer_returns":0,"warehouse_damage":0,"lost_in_post":0,"other_logs":0,"out_stock_days":0,"lost_sales":0,"has_location":false,"update_date":"2026-04-19T14:00:35","atum_locations":[],"atum_stock_status":"instock","restock_status":false,"low_stock_amount":"","sales_update_date":"2026-04-19T14:00:35","calc_backorders":null,"linked_bom":[],"sync_purchase_price":false,"bom_sellable":null,"minimum_threshold":null,"available_to_purchase":null,"selling_priority":null,"calculated_stock":null,"is_bom":false,"mi_inventories":[],"multi_inventory":"no","inventory_sorting_mode":"global","inventory_iteration":"global","expirable_inventories":"global","price_per_inventory":"global","show_write_off_inventories":"global","selectable_inventories":"global","selectable_inventories_mode":"global","_links":{"self":[{"href":"https:\/\/murena.com\/es\/wp-json\/wp\/v2\/product\/133838","targetHints":{"allow":["GET"]}}],"collection":[{"href":"https:\/\/murena.com\/es\/wp-json\/wp\/v2\/product"}],"about":[{"href":"https:\/\/murena.com\/es\/wp-json\/wp\/v2\/types\/product"}],"replies":[{"embeddable":true,"href":"https:\/\/murena.com\/es\/wp-json\/wp\/v2\/comments?post=133838"}],"wp:featuredmedia":[{"embeddable":true,"href":"https:\/\/murena.com\/es\/wp-json\/wp\/v2\/media\/141220"}],"wp:attachment":[{"href":"https:\/\/murena.com\/es\/wp-json\/wp\/v2\/media?parent=133838"}],"wp:term":[{"taxonomy":"product_brand","embeddable":true,"href":"https:\/\/murena.com\/es\/wp-json\/wp\/v2\/product_brand?post=133838"},{"taxonomy":"product_cat","embeddable":true,"href":"https:\/\/murena.com\/es\/wp-json\/wp\/v2\/product_cat?post=133838"},{"taxonomy":"product_tag","embeddable":true,"href":"https:\/\/murena.com\/es\/wp-json\/wp\/v2\/product_tag?post=133838"}],"curies":[{"name":"wp","href":"https:\/\/api.w.org\/{rel}","templated":true}]}}