{"id":124733,"date":"2025-06-16T17:46:37","date_gmt":"2025-06-16T15:46:37","guid":{"rendered":"https:\/\/murena.com\/?post_type=product&#038;p=124733"},"modified":"2026-03-08T18:00:56","modified_gmt":"2026-03-08T17:00:56","slug":"fairphone-gen-6-finger-loop","status":"publish","type":"product","link":"https:\/\/murena.com\/es\/tienda\/accesorios\/fairphone-gen-6-finger-loop\/","title":{"rendered":"Fairphone (Gen. 6) Finger Loop"},"content":{"rendered":"<p>Mant\u00e9n tu Murena Fairphone (Gen. 6) seguro y c\u00f3modo con el accesorio Fingerloop.<\/p>\n<p>Este innovador bucle para el dedo se enrosca f\u00e1cilmente en la parte posterior del tel\u00e9fono, proporcionando un agarre fiable que ayuda a evitar ca\u00eddas accidentales, especialmente cuando est\u00e1s en movimiento.<br \/>\nSu ingenioso dise\u00f1o permite que el bucle quede completamente plano cuando no se utiliza, por lo que el tel\u00e9fono se mantiene c\u00f3modo en el bolsillo y elegante. Cuando lo necesites, s\u00f3lo tienes que levantar el bucle para deslizar el dedo por \u00e9l y utilizarlo con una sola mano, para hacerte selfies o para aumentar la estabilidad durante las llamadas y la navegaci\u00f3n. <\/p>\n<p>Fabricado con materiales duraderos, el bucle para el dedo es ideal para los usuarios que buscan seguridad adicional sin a\u00f1adir volumen.<\/p>\n<p><strong>Compatible<\/strong> con Murena Fairphone (Gen. 6) | <strong>Incompatible<\/strong> con Murena Fairphone 5 y Murena Fairphone 4.<\/p>\n","protected":false},"excerpt":{"rendered":"<p>Mant\u00e9n tu Murena Fairphone (Gen. 6) seguro y c\u00f3modo con el accesorio Fingerloop.<\/p>\n<p>Este innovador bucle para el dedo se enrosca f\u00e1cilmente en la parte posterior del tel\u00e9fono, proporcionando un agarre fiable que ayuda a evitar ca\u00eddas accidentales, especialmente cuando est\u00e1s en movimiento.<br \/>\nSu ingenioso dise\u00f1o permite que el bucle quede completamente plano cuando no se utiliza, por lo que el tel\u00e9fono se mantiene c\u00f3modo en el bolsillo y elegante. Cuando lo necesites, s\u00f3lo tienes que levantar el bucle para deslizar el dedo por \u00e9l y utilizarlo con una sola mano, para hacerte selfies o para aumentar la estabilidad durante las llamadas y la navegaci\u00f3n. <\/p>\n<p>Fabricado con materiales duraderos, el bucle para el dedo es ideal para los usuarios que buscan seguridad adicional sin a\u00f1adir volumen.<\/p>\n<p><strong>Compatible<\/strong> con Murena Fairphone (Gen. 6) | <strong>Incompatible<\/strong> con Murena Fairphone 5 y Murena Fairphone 4.<\/p>\n","protected":false},"featured_media":124855,"comment_status":"open","ping_status":"closed","template":"","meta":{"_seopress_robots_primary_cat":"none","_seopress_titles_title":"Fairphone (Gen. 6) Finger Loop","_seopress_titles_desc":"Mant\u00e9n tu Murena Fairphone (Gen. 6) seguro y c\u00f3modo con el accesorio Fingerloop.","_seopress_robots_index":""},"product_brand":[],"product_cat":[637],"product_tag":[],"class_list":{"0":"post-124733","1":"product","2":"type-product","3":"status-publish","4":"has-post-thumbnail","6":"product_cat-accesorios","7":"wpbf-post","10":"instock","11":"taxable","12":"shipping-taxable","13":"purchasable","14":"product-type-variable"},"bundled_by":[],"bundle_stock_status":"instock","bundle_stock_quantity":null,"bundle_virtual":false,"bundle_layout":"","bundle_add_to_cart_form_location":"","bundle_editable_in_cart":false,"bundle_sold_individually_context":"","bundle_item_grouping":"","bundle_min_size":"","bundle_max_size":"","bundle_price":[],"bundled_items":[],"bundle_sell_ids":[],"supplier_id":null,"supplier_sku":"","barcode":null,"atum_controlled":true,"out_stock_date":null,"out_stock_threshold":null,"inheritable":true,"inbound_stock":0,"stock_on_hold":2,"sold_today":2,"sales_last_days":6,"reserved_stock":0,"customer_returns":0,"warehouse_damage":0,"lost_in_post":0,"other_logs":0,"out_stock_days":0,"lost_sales":0,"has_location":false,"update_date":"2026-04-09T08:17:51","atum_locations":[],"atum_stock_status":"instock","restock_status":false,"low_stock_amount":"","sales_update_date":"2026-04-08T12:17:16","calc_backorders":null,"linked_bom":[],"sync_purchase_price":false,"bom_sellable":null,"minimum_threshold":null,"available_to_purchase":null,"selling_priority":null,"calculated_stock":null,"is_bom":false,"mi_inventories":[],"multi_inventory":"no","inventory_sorting_mode":"global","inventory_iteration":"global","expirable_inventories":"global","price_per_inventory":"global","show_write_off_inventories":"global","selectable_inventories":"global","selectable_inventories_mode":"global","_links":{"self":[{"href":"https:\/\/murena.com\/es\/wp-json\/wp\/v2\/product\/124733","targetHints":{"allow":["GET"]}}],"collection":[{"href":"https:\/\/murena.com\/es\/wp-json\/wp\/v2\/product"}],"about":[{"href":"https:\/\/murena.com\/es\/wp-json\/wp\/v2\/types\/product"}],"replies":[{"embeddable":true,"href":"https:\/\/murena.com\/es\/wp-json\/wp\/v2\/comments?post=124733"}],"wp:featuredmedia":[{"embeddable":true,"href":"https:\/\/murena.com\/es\/wp-json\/wp\/v2\/media\/124855"}],"wp:attachment":[{"href":"https:\/\/murena.com\/es\/wp-json\/wp\/v2\/media?parent=124733"}],"wp:term":[{"taxonomy":"product_brand","embeddable":true,"href":"https:\/\/murena.com\/es\/wp-json\/wp\/v2\/product_brand?post=124733"},{"taxonomy":"product_cat","embeddable":true,"href":"https:\/\/murena.com\/es\/wp-json\/wp\/v2\/product_cat?post=124733"},{"taxonomy":"product_tag","embeddable":true,"href":"https:\/\/murena.com\/es\/wp-json\/wp\/v2\/product_tag?post=124733"}],"curies":[{"name":"wp","href":"https:\/\/api.w.org\/{rel}","templated":true}]}}