{"id":124697,"date":"2025-06-13T18:58:08","date_gmt":"2025-06-13T16:58:08","guid":{"rendered":"https:\/\/murena.com\/?post_type=product&p=124697"},"modified":"2026-01-02T14:54:17","modified_gmt":"2026-01-02T13:54:17","slug":"funda-abatible-fairphone-gen-6","status":"publish","type":"product","link":"https:\/\/murena.com\/es\/tienda\/accesorios\/funda-abatible-fairphone-gen-6\/","title":{"rendered":"Funda abatible Fairphone (Gen. 6)"},"content":{"rendered":"","protected":false},"excerpt":{"rendered":"<p>Consiga una protecci\u00f3n total para su Fairphone (Gen. 6) de Murena.<\/p>\n<p>M\u00e1s que una funda protectora normal, proteja la pantalla de su tel\u00e9fono de ara\u00f1azos y ca\u00eddas.<\/p>\n<p>La funda flip Fairphone (Gen. 6) envuelve los bordes de su pantalla, absorbiendo los golpes para una protecci\u00f3n m\u00e1xima desde la pantalla hasta las esquinas y la parte trasera.<br \/>\nAl igual que la funda Fairphone (Gen. 6) normal, sigue teniendo la m\u00e1xima protecci\u00f3n y la posibilidad de a\u00f1adir accesorios en la parte posterior del tel\u00e9fono.<\/p>\n<p><strong>Compatible<\/strong> con Murena Fairphone (Gen. 6) | <strong>Incompatible<\/strong> con Murena Fairphone 5 y Murena Fairphone 4.<\/p>\n","protected":false},"featured_media":124125,"comment_status":"open","ping_status":"closed","template":"","meta":{"_seopress_robots_primary_cat":"none","_seopress_titles_title":"Funda abatible Fairphone (Gen. 6)","_seopress_titles_desc":"Consigue una protecci\u00f3n completa para tu Murena Fairphone (Gen. 6).\nM\u00e1s que una funda protectora normal, protege la pantalla de tu tel\u00e9fono de ara\u00f1azos y ca\u00eddas.","_seopress_robots_index":""},"product_brand":[],"product_cat":[637],"product_tag":[],"class_list":{"0":"post-124697","1":"product","2":"type-product","3":"status-publish","4":"has-post-thumbnail","6":"product_cat-accesorios","7":"wpbf-post","10":"instock","11":"taxable","12":"shipping-taxable","13":"purchasable","14":"product-type-simple"},"bundled_by":[],"bundle_stock_status":"instock","bundle_stock_quantity":42,"bundle_virtual":false,"bundle_layout":"","bundle_add_to_cart_form_location":"","bundle_editable_in_cart":false,"bundle_sold_individually_context":"","bundle_item_grouping":"","bundle_min_size":"","bundle_max_size":"","bundle_price":[],"bundled_items":[],"bundle_sell_ids":[],"supplier_id":28948,"supplier_sku":"F6FLIP-1ZW-WW1","barcode":null,"atum_controlled":true,"out_stock_date":null,"out_stock_threshold":null,"inheritable":false,"inbound_stock":0,"stock_on_hold":2,"sold_today":0,"sales_last_days":0,"reserved_stock":0,"customer_returns":0,"warehouse_damage":0,"lost_in_post":0,"other_logs":0,"out_stock_days":0,"lost_sales":0,"has_location":false,"update_date":"2026-04-05T12:16:33","atum_locations":[],"atum_stock_status":"instock","restock_status":false,"low_stock_amount":"","sales_update_date":"2026-04-05T12:16:33","calc_backorders":null,"linked_bom":[],"sync_purchase_price":false,"bom_sellable":null,"minimum_threshold":null,"available_to_purchase":null,"selling_priority":null,"calculated_stock":null,"is_bom":false,"mi_inventories":[],"multi_inventory":"no","inventory_sorting_mode":"global","inventory_iteration":"global","expirable_inventories":"global","price_per_inventory":"global","show_write_off_inventories":"global","selectable_inventories":"global","selectable_inventories_mode":"global","_links":{"self":[{"href":"https:\/\/murena.com\/es\/wp-json\/wp\/v2\/product\/124697","targetHints":{"allow":["GET"]}}],"collection":[{"href":"https:\/\/murena.com\/es\/wp-json\/wp\/v2\/product"}],"about":[{"href":"https:\/\/murena.com\/es\/wp-json\/wp\/v2\/types\/product"}],"replies":[{"embeddable":true,"href":"https:\/\/murena.com\/es\/wp-json\/wp\/v2\/comments?post=124697"}],"wp:featuredmedia":[{"embeddable":true,"href":"https:\/\/murena.com\/es\/wp-json\/wp\/v2\/media\/124125"}],"wp:attachment":[{"href":"https:\/\/murena.com\/es\/wp-json\/wp\/v2\/media?parent=124697"}],"wp:term":[{"taxonomy":"product_brand","embeddable":true,"href":"https:\/\/murena.com\/es\/wp-json\/wp\/v2\/product_brand?post=124697"},{"taxonomy":"product_cat","embeddable":true,"href":"https:\/\/murena.com\/es\/wp-json\/wp\/v2\/product_cat?post=124697"},{"taxonomy":"product_tag","embeddable":true,"href":"https:\/\/murena.com\/es\/wp-json\/wp\/v2\/product_tag?post=124697"}],"curies":[{"name":"wp","href":"https:\/\/api.w.org\/{rel}","templated":true}]}}