{"id":124079,"date":"2025-06-13T18:27:44","date_gmt":"2025-06-13T16:27:44","guid":{"rendered":"https:\/\/murena.com\/?post_type=product&#038;p=124079"},"modified":"2026-04-20T13:03:23","modified_gmt":"2026-04-20T11:03:23","slug":"fairphone-6-funda-protectora","status":"publish","type":"product","link":"https:\/\/murena.com\/es\/tienda\/accesorios\/fairphone-6-funda-protectora\/","title":{"rendered":"Funda protectora Fairphone (Gen. 6)"},"content":{"rendered":"","protected":false},"excerpt":{"rendered":"<p>Proteja su Murena Fairphone (Gen. 6) donde m\u00e1s lo necesita.<\/p>\n<p>Esta funda protectora protege el tel\u00e9fono de las ca\u00eddas y, al mismo tiempo, te ofrece la posibilidad de a\u00f1adirle otros accesorios, como un tarjetero, un lazo para el dedo o un cord\u00f3n.<\/p>\n<p>Esta funda de dise\u00f1o est\u00e1 especialmente dise\u00f1ada para ayudar a tu Fairphone (Gen. 6) de Murena a durar a\u00fan m\u00e1s. Su dise\u00f1o eficiente protege las partes m\u00e1s sensibles de tu tel\u00e9fono como los laterales, las esquinas, la parte frontal o la c\u00e1mara.<\/p>\n<p><strong>Compatible<\/strong> con Murena Fairphone (Gen. 6) | <strong>Incompatible<\/strong> con Murena Fairphone 5 y Murena Fairphone 4.<\/p>\n","protected":false},"featured_media":124847,"comment_status":"open","ping_status":"closed","template":"","meta":{"_seopress_robots_primary_cat":"none","_seopress_titles_title":"Funda protectora Fairphone (Gen. 6)","_seopress_titles_desc":"Proteja su Murena Fairphone (Gen. 6) donde m\u00e1s lo necesita.\r\nEsta funda protectora protege el tel\u00e9fono de las ca\u00eddas y, al mismo tiempo, te ofrece la posibilidad de a\u00f1adirle otros accesorios, como un tarjetero, un lazo para el dedo o un cord\u00f3n.","_seopress_robots_index":""},"product_brand":[],"product_cat":[637],"product_tag":[820],"class_list":{"0":"post-124079","1":"product","2":"type-product","3":"status-publish","4":"has-post-thumbnail","6":"product_cat-accesorios","7":"product_tag-accesorios","8":"wpbf-post","11":"instock","12":"taxable","13":"shipping-taxable","14":"purchasable","15":"product-type-variable"},"bundled_by":["140601","150836"],"bundle_stock_status":"instock","bundle_stock_quantity":null,"bundle_virtual":false,"bundle_layout":"","bundle_add_to_cart_form_location":"","bundle_editable_in_cart":false,"bundle_sold_individually_context":"","bundle_item_grouping":"","bundle_min_size":"","bundle_max_size":"","bundle_price":[],"bundled_items":[],"bundle_sell_ids":[],"supplier_id":28948,"supplier_sku":"","barcode":null,"atum_controlled":true,"out_stock_date":null,"out_stock_threshold":null,"inheritable":true,"inbound_stock":0,"stock_on_hold":13,"sold_today":1,"sales_last_days":26,"reserved_stock":0,"customer_returns":0,"warehouse_damage":0,"lost_in_post":0,"other_logs":0,"out_stock_days":0,"lost_sales":0,"has_location":false,"update_date":"2026-04-24T07:06:03","atum_locations":[],"atum_stock_status":"instock","restock_status":false,"low_stock_amount":"","sales_update_date":"2026-04-24T07:06:03","calc_backorders":null,"linked_bom":[],"sync_purchase_price":false,"bom_sellable":null,"minimum_threshold":null,"available_to_purchase":null,"selling_priority":null,"calculated_stock":null,"is_bom":false,"mi_inventories":[],"multi_inventory":"no","inventory_sorting_mode":"global","inventory_iteration":"global","expirable_inventories":"global","price_per_inventory":"global","show_write_off_inventories":"global","selectable_inventories":"global","selectable_inventories_mode":"global","_links":{"self":[{"href":"https:\/\/murena.com\/es\/wp-json\/wp\/v2\/product\/124079","targetHints":{"allow":["GET"]}}],"collection":[{"href":"https:\/\/murena.com\/es\/wp-json\/wp\/v2\/product"}],"about":[{"href":"https:\/\/murena.com\/es\/wp-json\/wp\/v2\/types\/product"}],"replies":[{"embeddable":true,"href":"https:\/\/murena.com\/es\/wp-json\/wp\/v2\/comments?post=124079"}],"wp:featuredmedia":[{"embeddable":true,"href":"https:\/\/murena.com\/es\/wp-json\/wp\/v2\/media\/124847"}],"wp:attachment":[{"href":"https:\/\/murena.com\/es\/wp-json\/wp\/v2\/media?parent=124079"}],"wp:term":[{"taxonomy":"product_brand","embeddable":true,"href":"https:\/\/murena.com\/es\/wp-json\/wp\/v2\/product_brand?post=124079"},{"taxonomy":"product_cat","embeddable":true,"href":"https:\/\/murena.com\/es\/wp-json\/wp\/v2\/product_cat?post=124079"},{"taxonomy":"product_tag","embeddable":true,"href":"https:\/\/murena.com\/es\/wp-json\/wp\/v2\/product_tag?post=124079"}],"curies":[{"name":"wp","href":"https:\/\/api.w.org\/{rel}","templated":true}]}}