{"id":121635,"date":"2025-05-09T18:26:10","date_gmt":"2025-05-09T16:26:10","guid":{"rendered":"https:\/\/murena.com\/?post_type=product&#038;p=121635"},"modified":"2026-04-12T10:48:37","modified_gmt":"2026-04-12T08:48:37","slug":"murena-fairphone-6","status":"publish","type":"product","link":"https:\/\/murena.com\/es\/tienda\/moviles\/nuevo\/murena-fairphone-6\/","title":{"rendered":"Murena Fairphone (Gen. 6)"},"content":{"rendered":"","protected":false},"excerpt":{"rendered":"<p>\u00a1Nuevo Murena Fairphone (Gen. 6) desgoogleado!<\/p>\n<p>\u00a1El Murena Fairphone (Gen. 6) es la opci\u00f3n perfecta para aunar privacidad y sostenibilidad! Impulsado por el sistema operativo \/e\/OS, tu Fairphone Murena (Gen. 6) te protege a ti y a tus datos en todo momento, al tiempo que protege el planeta. <\/p>\n<p>Toma el control y protege tus datos personales mientras utilizas un tel\u00e9fono r\u00e1pido y atractivo que, adem\u00e1s, es sostenible.  <a href=\"https:\/\/murena.com\/es\/tienda\/moviles\/nuevo\/murena-fairphone-6\/#android-without-google\">M\u00e1s informaci\u00f3n  <\/a><\/p>\n<p>Fabricado con un 50% de materiales justos y reciclados, en condiciones justas y con una de las huellas de carbono m\u00e1s bajas del mercado.<\/p>\n<p>Conserva tu Fairphone Murena (Gen. 6) el mayor tiempo posible, gracias a su dise\u00f1o modular y reparable, \u00a1puedes repararlo f\u00e1cilmente t\u00fa mismo!<\/p>\n<p>Equipado con una bater\u00eda extra\u00edble de 4415 mAh, tu tel\u00e9fono puede acompa\u00f1arte todo el d\u00eda, vayas donde vayas. Haz fotos fant\u00e1sticas con su c\u00e1mara con objetivo Sony Lytia 700C de 50 MP. El Fairphone (gen.6) viene con un <strong>interruptor<\/strong> que permite realizar r\u00e1pidamente una funci\u00f3n. Puedes elegir entre una serie de pr\u00e1cticas funciones, como <strong>activar\/desactivar la c\u00e1mara <\/strong>y el<strong> micr\u00f3fono<\/strong> para mayor privacidad, cambiar a <strong>No molestar <\/strong>y<strong> encender la linterna<\/strong>. <a href=\"https:\/\/murena.com\/es\/tienda\/moviles\/nuevo\/murena-fairphone-6\/#tech-spec\">M\u00e1s informaci\u00f3n <\/a> <\/p>\n<p>Si quiere un tel\u00e9fono que proteja su intimidad y pueda durar mucho tiempo, el Murena Fairphone (Gen. 6) es la elecci\u00f3n perfecta para usted.<\/p>\n<p dir=\"auto\" data-sourcepos=\"9:1-9:29\"><strong>Dise\u00f1ado para ti. Hecho justo. <\/strong><\/p>\n<p dir=\"auto\" data-sourcepos=\"9:1-9:29\"><a href=\"https:\/\/murena.com\/es\/etiqueta-energetica\/\">Obtenga informaci\u00f3n sobre la etiqueta energ\u00e9tica de este dispositivo y la hoja de informaci\u00f3n del producto correspondiente.<\/a><\/p>\n","protected":false},"featured_media":144906,"comment_status":"open","ping_status":"closed","template":"","meta":{"_seopress_robots_primary_cat":"none","_seopress_titles_title":"Murena Fairphone (Gen. 6)","_seopress_titles_desc":"\u00a1Descubre el nuevo Murena Fairphone 5 deGoogled !\r\n\r\nM\u00e1s potente, m\u00e1s sostenible, \u00a1el Murena Fairphone 5 combina privacidad, eco-responsabilidad y velocidad! El Murena Fairphone 5 funciona con el sistema operativo \/e\/OS, lo que permite que tu tel\u00e9fono te proteja en todo momento contra la recopilaci\u00f3n constante de datos de Google.","_seopress_robots_index":""},"product_brand":[],"product_cat":[618],"product_tag":[965,841,813,823,827,822,818],"class_list":{"0":"post-121635","1":"product","2":"type-product","3":"status-publish","4":"has-post-thumbnail","6":"product_cat-nuevo","7":"product_tag-256gb-es","8":"product_tag-5g-es","9":"product_tag-bateria-extraible","10":"product_tag-doble-sim","11":"product_tag-garantia-ampliada","12":"product_tag-liberado","13":"product_tag-nuevo","14":"wpbf-post","17":"instock","18":"taxable","19":"shipping-taxable","20":"purchasable","21":"product-type-variable"},"bundled_by":["140601","150836"],"bundle_stock_status":"instock","bundle_stock_quantity":null,"bundle_virtual":false,"bundle_layout":"","bundle_add_to_cart_form_location":"","bundle_editable_in_cart":false,"bundle_sold_individually_context":"","bundle_item_grouping":"","bundle_min_size":"","bundle_max_size":"","bundle_price":[],"bundled_items":[],"bundle_sell_ids":[],"supplier_id":null,"supplier_sku":"","barcode":null,"atum_controlled":true,"out_stock_date":null,"out_stock_threshold":null,"inheritable":true,"inbound_stock":80,"stock_on_hold":33,"sold_today":5,"sales_last_days":81,"reserved_stock":0,"customer_returns":0,"warehouse_damage":0,"lost_in_post":0,"other_logs":0,"out_stock_days":0,"lost_sales":0,"has_location":false,"update_date":"2026-04-19T21:00:13","atum_locations":[],"atum_stock_status":"instock","restock_status":false,"low_stock_amount":"","sales_update_date":"2026-04-17T07:41:39","calc_backorders":null,"linked_bom":[],"sync_purchase_price":false,"bom_sellable":null,"minimum_threshold":null,"available_to_purchase":null,"selling_priority":null,"calculated_stock":null,"is_bom":false,"mi_inventories":[],"multi_inventory":"no","inventory_sorting_mode":"global","inventory_iteration":"global","expirable_inventories":"global","price_per_inventory":"global","show_write_off_inventories":"global","selectable_inventories":"global","selectable_inventories_mode":"global","_links":{"self":[{"href":"https:\/\/murena.com\/es\/wp-json\/wp\/v2\/product\/121635","targetHints":{"allow":["GET"]}}],"collection":[{"href":"https:\/\/murena.com\/es\/wp-json\/wp\/v2\/product"}],"about":[{"href":"https:\/\/murena.com\/es\/wp-json\/wp\/v2\/types\/product"}],"replies":[{"embeddable":true,"href":"https:\/\/murena.com\/es\/wp-json\/wp\/v2\/comments?post=121635"}],"wp:featuredmedia":[{"embeddable":true,"href":"https:\/\/murena.com\/es\/wp-json\/wp\/v2\/media\/144906"}],"wp:attachment":[{"href":"https:\/\/murena.com\/es\/wp-json\/wp\/v2\/media?parent=121635"}],"wp:term":[{"taxonomy":"product_brand","embeddable":true,"href":"https:\/\/murena.com\/es\/wp-json\/wp\/v2\/product_brand?post=121635"},{"taxonomy":"product_cat","embeddable":true,"href":"https:\/\/murena.com\/es\/wp-json\/wp\/v2\/product_cat?post=121635"},{"taxonomy":"product_tag","embeddable":true,"href":"https:\/\/murena.com\/es\/wp-json\/wp\/v2\/product_tag?post=121635"}],"curies":[{"name":"wp","href":"https:\/\/api.w.org\/{rel}","templated":true}]}}